{"id":12626,"date":"2022-01-22T10:07:14","date_gmt":"2022-01-22T09:07:14","guid":{"rendered":"https:\/\/demoweb.info\/sexshop001\/producto\/fetish-fantasy-tanga-vibrador-con-control-remoto-20-funciones\/"},"modified":"2022-01-22T10:07:22","modified_gmt":"2022-01-22T09:07:22","slug":"fetish-fantasy-tanga-vibrador-con-control-remoto-20-funciones","status":"publish","type":"product","link":"https:\/\/demoweb.info\/sexshop001\/producto\/fetish-fantasy-tanga-vibrador-con-control-remoto-20-funciones\/","title":{"rendered":"FETISH FANTASY TANGA VIBRADOR CON CONTROL REMOTO 20 FUNCIONES"},"content":{"rendered":"<p><strong>FETISH FANTASY 20 FUNCTION REMOTE CONTROL PANTY<\/strong>.<\/p>\n<p>Pon a tu amante a mil con solo tocar un bot\u00f3n de este tanga vibrador con 10 funciones con control remoto. Guardado discretamente dentro de este sexy tanga negro se encuentra una bala vibradora resistente al agua que se acciona mediante un mando con cobertura hasta 7 metros. Un peque\u00f1o estimulador texturizado permite insertar la bala vibradora y la mantiene en su sitio muy discretamente, que con sus 20 modos de vibraci\u00f3n, las posibilidades se convierten en infinitas! Podr\u00e1s cambiar de una suave y dulce pulsaci\u00f3n, a una apasionada e intensa vibraci\u00f3n con solo pulsar un bot\u00f3n. Se convertir\u00e1 en tu peque\u00f1o y sexy secreto!<\/p>\n<p>Ll\u00e9valo en tus citas, cuando est\u00e9s por casa, cuando salgas de fiesta o cuando quieras y creas que necesitas un peque\u00f1o zumbido \u00edntimo.<\/p>\n<p>Funciona con 3 pilas <strong>LR44<\/strong> (incluidas) y 2 pilas <strong>AAA<\/strong> para el mando (no incluidas).<\/p>\n<p>Incluye una mascara de regalo.<\/p>\n","protected":false},"excerpt":{"rendered":"<p>FETISH FANTASY 20 FUNCTION REMOTE CONTROL PANTY. Pon a tu amante a mil con solo tocar un bot\u00f3n de este<\/p>\n","protected":false},"featured_media":12627,"comment_status":"open","ping_status":"open","template":"","meta":[],"product_cat":[375],"product_tag":[260,259],"class_list":["post-12626","product","type-product","status-publish","has-post-thumbnail","hentry","product_cat-con-vibrador-para-ella","product_tag-fetish-fantasy-series","product_tag-pipedream"],"bundled_by":[],"bundle_stock_status":"instock","bundle_stock_quantity":2,"bundle_virtual":false,"bundle_layout":"","bundle_add_to_cart_form_location":"","bundle_editable_in_cart":false,"bundle_sold_individually_context":"","bundle_item_grouping":"","bundle_min_size":"","bundle_max_size":"","bundled_items":[],"yoast_head":"<!-- This site is optimized with the Yoast SEO plugin v20.6 - https:\/\/yoast.com\/wordpress\/plugins\/seo\/ -->\n<title>FETISH FANTASY TANGA VIBRADOR CON CONTROL REMOTO 20 FUNCIONES - Tienda Er\u00f3tica<\/title>\n<meta name=\"robots\" content=\"noindex, follow, max-snippet:-1, max-image-preview:large, max-video-preview:-1\" \/>\n<meta property=\"og:locale\" content=\"es_ES\" \/>\n<meta property=\"og:type\" content=\"article\" \/>\n<meta property=\"og:title\" content=\"FETISH FANTASY TANGA VIBRADOR CON CONTROL REMOTO 20 FUNCIONES - Tienda Er\u00f3tica\" \/>\n<meta property=\"og:description\" content=\"FETISH FANTASY 20 FUNCTION REMOTE CONTROL PANTY. Pon a tu amante a mil con solo tocar un bot\u00f3n de este\" \/>\n<meta property=\"og:url\" content=\"https:\/\/demoweb.info\/sexshop001\/producto\/fetish-fantasy-tanga-vibrador-con-control-remoto-20-funciones\/\" \/>\n<meta property=\"og:site_name\" content=\"Tienda Er\u00f3tica\" \/>\n<meta property=\"article:modified_time\" content=\"2022-01-22T09:07:22+00:00\" \/>\n<meta property=\"og:image\" content=\"https:\/\/demoweb.info\/sexshop001\/wp-content\/uploads\/2022\/01\/FETISH-FANTASY-TANGA-VIBRADOR-CON-CONTROL-REMOTO-20-FUNCIONES.jpg\" \/>\n\t<meta property=\"og:image:width\" content=\"550\" \/>\n\t<meta property=\"og:image:height\" content=\"550\" \/>\n\t<meta property=\"og:image:type\" content=\"image\/jpeg\" \/>\n<meta name=\"twitter:card\" content=\"summary_large_image\" \/>\n<meta name=\"twitter:label1\" content=\"Tiempo de lectura\" \/>\n\t<meta name=\"twitter:data1\" content=\"1 minuto\" \/>\n<script type=\"application\/ld+json\" class=\"yoast-schema-graph\">{\"@context\":\"https:\/\/schema.org\",\"@graph\":[{\"@type\":\"WebPage\",\"@id\":\"https:\/\/demoweb.info\/sexshop001\/producto\/fetish-fantasy-tanga-vibrador-con-control-remoto-20-funciones\/\",\"url\":\"https:\/\/demoweb.info\/sexshop001\/producto\/fetish-fantasy-tanga-vibrador-con-control-remoto-20-funciones\/\",\"name\":\"FETISH FANTASY TANGA VIBRADOR CON CONTROL REMOTO 20 FUNCIONES - Tienda Er\u00f3tica\",\"isPartOf\":{\"@id\":\"https:\/\/demoweb.info\/sexshop001\/#website\"},\"datePublished\":\"2022-01-22T09:07:14+00:00\",\"dateModified\":\"2022-01-22T09:07:22+00:00\",\"breadcrumb\":{\"@id\":\"https:\/\/demoweb.info\/sexshop001\/producto\/fetish-fantasy-tanga-vibrador-con-control-remoto-20-funciones\/#breadcrumb\"},\"inLanguage\":\"es\",\"potentialAction\":[{\"@type\":\"ReadAction\",\"target\":[\"https:\/\/demoweb.info\/sexshop001\/producto\/fetish-fantasy-tanga-vibrador-con-control-remoto-20-funciones\/\"]}]},{\"@type\":\"BreadcrumbList\",\"@id\":\"https:\/\/demoweb.info\/sexshop001\/producto\/fetish-fantasy-tanga-vibrador-con-control-remoto-20-funciones\/#breadcrumb\",\"itemListElement\":[{\"@type\":\"ListItem\",\"position\":1,\"name\":\"Portada\",\"item\":\"https:\/\/demoweb.info\/sexshop001\/\"},{\"@type\":\"ListItem\",\"position\":2,\"name\":\"Tienda\",\"item\":\"https:\/\/demoweb.info\/sexshop001\/tienda\/\"},{\"@type\":\"ListItem\",\"position\":3,\"name\":\"FETISH FANTASY TANGA VIBRADOR CON CONTROL REMOTO 20 FUNCIONES\"}]},{\"@type\":\"WebSite\",\"@id\":\"https:\/\/demoweb.info\/sexshop001\/#website\",\"url\":\"https:\/\/demoweb.info\/sexshop001\/\",\"name\":\"Tienda Er\u00f3tica\",\"description\":\"DEMOWEB SL\",\"potentialAction\":[{\"@type\":\"SearchAction\",\"target\":{\"@type\":\"EntryPoint\",\"urlTemplate\":\"https:\/\/demoweb.info\/sexshop001\/?s={search_term_string}\"},\"query-input\":\"required name=search_term_string\"}],\"inLanguage\":\"es\"}]}<\/script>\n<!-- \/ Yoast SEO plugin. -->","yoast_head_json":{"title":"FETISH FANTASY TANGA VIBRADOR CON CONTROL REMOTO 20 FUNCIONES - Tienda Er\u00f3tica","robots":{"index":"noindex","follow":"follow","max-snippet":"max-snippet:-1","max-image-preview":"max-image-preview:large","max-video-preview":"max-video-preview:-1"},"og_locale":"es_ES","og_type":"article","og_title":"FETISH FANTASY TANGA VIBRADOR CON CONTROL REMOTO 20 FUNCIONES - Tienda Er\u00f3tica","og_description":"FETISH FANTASY 20 FUNCTION REMOTE CONTROL PANTY. Pon a tu amante a mil con solo tocar un bot\u00f3n de este","og_url":"https:\/\/demoweb.info\/sexshop001\/producto\/fetish-fantasy-tanga-vibrador-con-control-remoto-20-funciones\/","og_site_name":"Tienda Er\u00f3tica","article_modified_time":"2022-01-22T09:07:22+00:00","og_image":[{"width":550,"height":550,"url":"https:\/\/demoweb.info\/sexshop001\/wp-content\/uploads\/2022\/01\/FETISH-FANTASY-TANGA-VIBRADOR-CON-CONTROL-REMOTO-20-FUNCIONES.jpg","type":"image\/jpeg"}],"twitter_card":"summary_large_image","twitter_misc":{"Tiempo de lectura":"1 minuto"},"schema":{"@context":"https:\/\/schema.org","@graph":[{"@type":"WebPage","@id":"https:\/\/demoweb.info\/sexshop001\/producto\/fetish-fantasy-tanga-vibrador-con-control-remoto-20-funciones\/","url":"https:\/\/demoweb.info\/sexshop001\/producto\/fetish-fantasy-tanga-vibrador-con-control-remoto-20-funciones\/","name":"FETISH FANTASY TANGA VIBRADOR CON CONTROL REMOTO 20 FUNCIONES - Tienda Er\u00f3tica","isPartOf":{"@id":"https:\/\/demoweb.info\/sexshop001\/#website"},"datePublished":"2022-01-22T09:07:14+00:00","dateModified":"2022-01-22T09:07:22+00:00","breadcrumb":{"@id":"https:\/\/demoweb.info\/sexshop001\/producto\/fetish-fantasy-tanga-vibrador-con-control-remoto-20-funciones\/#breadcrumb"},"inLanguage":"es","potentialAction":[{"@type":"ReadAction","target":["https:\/\/demoweb.info\/sexshop001\/producto\/fetish-fantasy-tanga-vibrador-con-control-remoto-20-funciones\/"]}]},{"@type":"BreadcrumbList","@id":"https:\/\/demoweb.info\/sexshop001\/producto\/fetish-fantasy-tanga-vibrador-con-control-remoto-20-funciones\/#breadcrumb","itemListElement":[{"@type":"ListItem","position":1,"name":"Portada","item":"https:\/\/demoweb.info\/sexshop001\/"},{"@type":"ListItem","position":2,"name":"Tienda","item":"https:\/\/demoweb.info\/sexshop001\/tienda\/"},{"@type":"ListItem","position":3,"name":"FETISH FANTASY TANGA VIBRADOR CON CONTROL REMOTO 20 FUNCIONES"}]},{"@type":"WebSite","@id":"https:\/\/demoweb.info\/sexshop001\/#website","url":"https:\/\/demoweb.info\/sexshop001\/","name":"Tienda Er\u00f3tica","description":"DEMOWEB SL","potentialAction":[{"@type":"SearchAction","target":{"@type":"EntryPoint","urlTemplate":"https:\/\/demoweb.info\/sexshop001\/?s={search_term_string}"},"query-input":"required name=search_term_string"}],"inLanguage":"es"}]}},"_links":{"self":[{"href":"https:\/\/demoweb.info\/sexshop001\/wp-json\/wp\/v3\/product\/12626","targetHints":{"allow":["GET"]}}],"collection":[{"href":"https:\/\/demoweb.info\/sexshop001\/wp-json\/wp\/v3\/product"}],"about":[{"href":"https:\/\/demoweb.info\/sexshop001\/wp-json\/wp\/v2\/types\/product"}],"replies":[{"embeddable":true,"href":"https:\/\/demoweb.info\/sexshop001\/wp-json\/wp\/v2\/comments?post=12626"}],"wp:featuredmedia":[{"embeddable":true,"href":"https:\/\/demoweb.info\/sexshop001\/wp-json\/wp\/v2\/media\/12627"}],"wp:attachment":[{"href":"https:\/\/demoweb.info\/sexshop001\/wp-json\/wp\/v2\/media?parent=12626"}],"wp:term":[{"taxonomy":"product_cat","embeddable":true,"href":"https:\/\/demoweb.info\/sexshop001\/wp-json\/wp\/v2\/product_cat?post=12626"},{"taxonomy":"product_tag","embeddable":true,"href":"https:\/\/demoweb.info\/sexshop001\/wp-json\/wp\/v2\/product_tag?post=12626"}],"curies":[{"name":"wp","href":"https:\/\/api.w.org\/{rel}","templated":true}]}}