{"id":12616,"date":"2022-01-22T10:07:14","date_gmt":"2022-01-22T09:07:14","guid":{"rendered":"https:\/\/demoweb.info\/sexshop001\/producto\/roto-bator-masturbador-masculino-vagina\/"},"modified":"2022-01-22T10:07:18","modified_gmt":"2022-01-22T09:07:18","slug":"roto-bator-masturbador-masculino-vagina","status":"publish","type":"product","link":"https:\/\/demoweb.info\/sexshop001\/producto\/roto-bator-masturbador-masculino-vagina\/","title":{"rendered":"ROTO BATOR MASTURBADOR MASCULINO VAGINA"},"content":{"rendered":"<p><strong>ROTO-BATOR PUSSY<\/strong>.<\/p>\n<p>\u00a1Prep\u00e1rate para el m\u00e1s incre\u00edble, m\u00e1s intenso y m\u00e1s avanzado masturbador masculino nunca antes imaginado! El vibrante <strong>Roto-Bator<\/strong> es el masturbador de potencia m\u00e1xima que hace todo el trabajo por ti! No m\u00e1s de sacudidas, caricias o apretones, basta con pulsar un bot\u00f3n y disfrutar de una alucinante estimulaci\u00f3n para hacerte llegar como nunca a tus orgasmos!<\/p>\n<p>A diferencia de los masturbadores ordinarios que apenas se mueven arriba y abajo, la vibraci\u00f3n y rotaci\u00f3n avanzada de <strong>Roto-Teazer<\/strong> y el mecanismo de vibraci\u00f3n le da un nuevo giro a la masturbaci\u00f3n masculina! Con cada movimiento circular del eje, la funda de silicona s\u00faper suave envuelve las \u00e1reas sensibles de tu pene mientras cientos de peque\u00f1as aletas estimulan el glande, ofreciendo sensaciones escalofriantes que ni tan siquiera el sexo oral podr\u00eda ofrecer! Combina el movimiento circular con 7 patrones de emocionante vibraci\u00f3n. Disfruta del sexo sin cables y con manos libres, siempre que quieras, donde quieras y todo el tiempo que quieras, sin ning\u00fan tipo de compromiso!.<\/p>\n<p>El masturbador se adapta a casi todos los tama\u00f1os y es resistente al agua. El tubo transparente te permite ver como tu pene crece y te sirve como entrenamiento para disfrutar de sesiones m\u00e1s duraderas. Funciona con 4 pilas <strong>AA<\/strong> que puedes encontrar en nuestra secci\u00f3n <strong>Pilas<\/strong>.<\/p>\n","protected":false},"excerpt":{"rendered":"<p>ROTO-BATOR PUSSY. \u00a1Prep\u00e1rate para el m\u00e1s incre\u00edble, m\u00e1s intenso y m\u00e1s avanzado masturbador masculino nunca antes imaginado! El vibrante Roto-Bator<\/p>\n","protected":false},"featured_media":12617,"comment_status":"open","ping_status":"open","template":"","meta":[],"product_cat":[541],"product_tag":[561,259],"class_list":["post-12616","product","type-product","status-publish","has-post-thumbnail","hentry","product_cat-vaginas","product_tag-extreme-toyz","product_tag-pipedream"],"bundled_by":[],"bundle_stock_status":"instock","bundle_stock_quantity":2,"bundle_virtual":false,"bundle_layout":"","bundle_add_to_cart_form_location":"","bundle_editable_in_cart":false,"bundle_sold_individually_context":"","bundle_item_grouping":"","bundle_min_size":"","bundle_max_size":"","bundled_items":[],"yoast_head":"<!-- This site is optimized with the Yoast SEO plugin v20.6 - https:\/\/yoast.com\/wordpress\/plugins\/seo\/ -->\n<title>ROTO BATOR MASTURBADOR MASCULINO VAGINA - Tienda Er\u00f3tica<\/title>\n<meta name=\"robots\" content=\"noindex, follow, max-snippet:-1, max-image-preview:large, max-video-preview:-1\" \/>\n<meta property=\"og:locale\" content=\"es_ES\" \/>\n<meta property=\"og:type\" content=\"article\" \/>\n<meta property=\"og:title\" content=\"ROTO BATOR MASTURBADOR MASCULINO VAGINA - Tienda Er\u00f3tica\" \/>\n<meta property=\"og:description\" content=\"ROTO-BATOR PUSSY. \u00a1Prep\u00e1rate para el m\u00e1s incre\u00edble, m\u00e1s intenso y m\u00e1s avanzado masturbador masculino nunca antes imaginado! El vibrante Roto-Bator\" \/>\n<meta property=\"og:url\" content=\"https:\/\/demoweb.info\/sexshop001\/producto\/roto-bator-masturbador-masculino-vagina\/\" \/>\n<meta property=\"og:site_name\" content=\"Tienda Er\u00f3tica\" \/>\n<meta property=\"article:modified_time\" content=\"2022-01-22T09:07:18+00:00\" \/>\n<meta property=\"og:image\" content=\"https:\/\/demoweb.info\/sexshop001\/wp-content\/uploads\/2022\/01\/ROTO-BATOR-MASTURBADOR-MASCULINO-VAGINA.jpg\" \/>\n\t<meta property=\"og:image:width\" content=\"550\" \/>\n\t<meta property=\"og:image:height\" content=\"550\" \/>\n\t<meta property=\"og:image:type\" content=\"image\/jpeg\" \/>\n<meta name=\"twitter:card\" content=\"summary_large_image\" \/>\n<meta name=\"twitter:label1\" content=\"Tiempo de lectura\" \/>\n\t<meta name=\"twitter:data1\" content=\"1 minuto\" \/>\n<script type=\"application\/ld+json\" class=\"yoast-schema-graph\">{\"@context\":\"https:\/\/schema.org\",\"@graph\":[{\"@type\":\"WebPage\",\"@id\":\"https:\/\/demoweb.info\/sexshop001\/producto\/roto-bator-masturbador-masculino-vagina\/\",\"url\":\"https:\/\/demoweb.info\/sexshop001\/producto\/roto-bator-masturbador-masculino-vagina\/\",\"name\":\"ROTO BATOR MASTURBADOR MASCULINO VAGINA - Tienda Er\u00f3tica\",\"isPartOf\":{\"@id\":\"https:\/\/demoweb.info\/sexshop001\/#website\"},\"datePublished\":\"2022-01-22T09:07:14+00:00\",\"dateModified\":\"2022-01-22T09:07:18+00:00\",\"breadcrumb\":{\"@id\":\"https:\/\/demoweb.info\/sexshop001\/producto\/roto-bator-masturbador-masculino-vagina\/#breadcrumb\"},\"inLanguage\":\"es\",\"potentialAction\":[{\"@type\":\"ReadAction\",\"target\":[\"https:\/\/demoweb.info\/sexshop001\/producto\/roto-bator-masturbador-masculino-vagina\/\"]}]},{\"@type\":\"BreadcrumbList\",\"@id\":\"https:\/\/demoweb.info\/sexshop001\/producto\/roto-bator-masturbador-masculino-vagina\/#breadcrumb\",\"itemListElement\":[{\"@type\":\"ListItem\",\"position\":1,\"name\":\"Portada\",\"item\":\"https:\/\/demoweb.info\/sexshop001\/\"},{\"@type\":\"ListItem\",\"position\":2,\"name\":\"Tienda\",\"item\":\"https:\/\/demoweb.info\/sexshop001\/tienda\/\"},{\"@type\":\"ListItem\",\"position\":3,\"name\":\"ROTO BATOR MASTURBADOR MASCULINO VAGINA\"}]},{\"@type\":\"WebSite\",\"@id\":\"https:\/\/demoweb.info\/sexshop001\/#website\",\"url\":\"https:\/\/demoweb.info\/sexshop001\/\",\"name\":\"Tienda Er\u00f3tica\",\"description\":\"DEMOWEB SL\",\"potentialAction\":[{\"@type\":\"SearchAction\",\"target\":{\"@type\":\"EntryPoint\",\"urlTemplate\":\"https:\/\/demoweb.info\/sexshop001\/?s={search_term_string}\"},\"query-input\":\"required name=search_term_string\"}],\"inLanguage\":\"es\"}]}<\/script>\n<!-- \/ Yoast SEO plugin. -->","yoast_head_json":{"title":"ROTO BATOR MASTURBADOR MASCULINO VAGINA - Tienda Er\u00f3tica","robots":{"index":"noindex","follow":"follow","max-snippet":"max-snippet:-1","max-image-preview":"max-image-preview:large","max-video-preview":"max-video-preview:-1"},"og_locale":"es_ES","og_type":"article","og_title":"ROTO BATOR MASTURBADOR MASCULINO VAGINA - Tienda Er\u00f3tica","og_description":"ROTO-BATOR PUSSY. \u00a1Prep\u00e1rate para el m\u00e1s incre\u00edble, m\u00e1s intenso y m\u00e1s avanzado masturbador masculino nunca antes imaginado! El vibrante Roto-Bator","og_url":"https:\/\/demoweb.info\/sexshop001\/producto\/roto-bator-masturbador-masculino-vagina\/","og_site_name":"Tienda Er\u00f3tica","article_modified_time":"2022-01-22T09:07:18+00:00","og_image":[{"width":550,"height":550,"url":"https:\/\/demoweb.info\/sexshop001\/wp-content\/uploads\/2022\/01\/ROTO-BATOR-MASTURBADOR-MASCULINO-VAGINA.jpg","type":"image\/jpeg"}],"twitter_card":"summary_large_image","twitter_misc":{"Tiempo de lectura":"1 minuto"},"schema":{"@context":"https:\/\/schema.org","@graph":[{"@type":"WebPage","@id":"https:\/\/demoweb.info\/sexshop001\/producto\/roto-bator-masturbador-masculino-vagina\/","url":"https:\/\/demoweb.info\/sexshop001\/producto\/roto-bator-masturbador-masculino-vagina\/","name":"ROTO BATOR MASTURBADOR MASCULINO VAGINA - Tienda Er\u00f3tica","isPartOf":{"@id":"https:\/\/demoweb.info\/sexshop001\/#website"},"datePublished":"2022-01-22T09:07:14+00:00","dateModified":"2022-01-22T09:07:18+00:00","breadcrumb":{"@id":"https:\/\/demoweb.info\/sexshop001\/producto\/roto-bator-masturbador-masculino-vagina\/#breadcrumb"},"inLanguage":"es","potentialAction":[{"@type":"ReadAction","target":["https:\/\/demoweb.info\/sexshop001\/producto\/roto-bator-masturbador-masculino-vagina\/"]}]},{"@type":"BreadcrumbList","@id":"https:\/\/demoweb.info\/sexshop001\/producto\/roto-bator-masturbador-masculino-vagina\/#breadcrumb","itemListElement":[{"@type":"ListItem","position":1,"name":"Portada","item":"https:\/\/demoweb.info\/sexshop001\/"},{"@type":"ListItem","position":2,"name":"Tienda","item":"https:\/\/demoweb.info\/sexshop001\/tienda\/"},{"@type":"ListItem","position":3,"name":"ROTO BATOR MASTURBADOR MASCULINO VAGINA"}]},{"@type":"WebSite","@id":"https:\/\/demoweb.info\/sexshop001\/#website","url":"https:\/\/demoweb.info\/sexshop001\/","name":"Tienda Er\u00f3tica","description":"DEMOWEB SL","potentialAction":[{"@type":"SearchAction","target":{"@type":"EntryPoint","urlTemplate":"https:\/\/demoweb.info\/sexshop001\/?s={search_term_string}"},"query-input":"required name=search_term_string"}],"inLanguage":"es"}]}},"_links":{"self":[{"href":"https:\/\/demoweb.info\/sexshop001\/wp-json\/wp\/v3\/product\/12616","targetHints":{"allow":["GET"]}}],"collection":[{"href":"https:\/\/demoweb.info\/sexshop001\/wp-json\/wp\/v3\/product"}],"about":[{"href":"https:\/\/demoweb.info\/sexshop001\/wp-json\/wp\/v2\/types\/product"}],"replies":[{"embeddable":true,"href":"https:\/\/demoweb.info\/sexshop001\/wp-json\/wp\/v2\/comments?post=12616"}],"wp:featuredmedia":[{"embeddable":true,"href":"https:\/\/demoweb.info\/sexshop001\/wp-json\/wp\/v2\/media\/12617"}],"wp:attachment":[{"href":"https:\/\/demoweb.info\/sexshop001\/wp-json\/wp\/v2\/media?parent=12616"}],"wp:term":[{"taxonomy":"product_cat","embeddable":true,"href":"https:\/\/demoweb.info\/sexshop001\/wp-json\/wp\/v2\/product_cat?post=12616"},{"taxonomy":"product_tag","embeddable":true,"href":"https:\/\/demoweb.info\/sexshop001\/wp-json\/wp\/v2\/product_tag?post=12616"}],"curies":[{"name":"wp","href":"https:\/\/api.w.org\/{rel}","templated":true}]}}