{"id":12562,"date":"2022-01-22T10:06:36","date_gmt":"2022-01-22T09:06:36","guid":{"rendered":"https:\/\/demoweb.info\/sexshop001\/producto\/fetish-fantasy-arnes-hueco-19-cm-con-vibrador\/"},"modified":"2022-01-22T10:06:53","modified_gmt":"2022-01-22T09:06:53","slug":"fetish-fantasy-arnes-hueco-19-cm-con-vibrador","status":"publish","type":"product","link":"https:\/\/demoweb.info\/sexshop001\/producto\/fetish-fantasy-arnes-hueco-19-cm-con-vibrador\/","title":{"rendered":"FETISH FANTASY ARNES HUECO 19 CM. CON VIBRADOR"},"content":{"rendered":"<p><strong>FETISH FANTASY 19 CM VIBRATING HOLLOW STRAP-ON<\/strong>, es un fant\u00e1stico arn\u00e9s hueco para hombre en color natural con vibrador. Fabricado con PVC de primera calidad, libre de Phalatos, pertenece a la colecci\u00f3n <strong>FETISH FANTASY SERIES<\/strong>.<\/p>\n<p>\u00bfSiempre ha querido tener un pene grande y sentirse m\u00e1s confiado con su tama\u00f1o? Su amante sabe que el tama\u00f1o s\u00ed importa, y nadie puede cumplir con sus fantas\u00edas y satisfacer a su pareja como un semental.<\/p>\n<p>Ahora usted puede tener la longitud y el grosor que siempre ha so\u00f1ado con este arn\u00e9s hueco con buena sujeci\u00f3n. Diga adi\u00f3s a la verg\u00fcenza de quedarse a mitad de camino y reciba una sonrisa satisfactoria de su amante.<\/p>\n<p>El arn\u00e9s el\u00e1stico y c\u00f3modo, se ajusta f\u00e1cilmente para adaptarse a la mayor\u00eda de los tama\u00f1os. Es perfecto para los hombre con disfunci\u00f3n er\u00e9ctil, para las mujeres, o para las parejas que fantasean acerca de sus deseos m\u00e1s oscuros.<br \/>\nElije la velocidad id\u00f3nea para ti, y deja que sus poderosas vibraciones de adue\u00f1en de tu cuerpo mientras tu amante est\u00e1 fuera.<\/p>\n<p>Para una mejor conservaci\u00f3n, recomendamos su limpieza despu\u00e9s de cada uso con <strong>Pipedream Toy Cleaner<\/strong> y agua tibia.<\/p>\n<p>Explore su lado dominante o sumiso.<\/p>\n<p>Este kit contiene:<\/p>\n<p>&#8211; Arn\u00e9s ajustable.<br \/>\n&#8211; Pene vibrador de 19 x 5,5 cm. (funciona con 2 pilas AA no incluidas).<\/p>\n","protected":false},"excerpt":{"rendered":"<p>FETISH FANTASY 19 CM VIBRATING HOLLOW STRAP-ON, es un fant\u00e1stico arn\u00e9s hueco para hombre en color natural con vibrador. Fabricado<\/p>\n","protected":false},"featured_media":12563,"comment_status":"open","ping_status":"open","template":"","meta":[],"product_cat":[483],"product_tag":[260,259],"class_list":["post-12562","product","type-product","status-publish","has-post-thumbnail","hentry","product_cat-vibradores-con-pene","product_tag-fetish-fantasy-series","product_tag-pipedream"],"bundled_by":[],"bundle_stock_status":"instock","bundle_stock_quantity":5,"bundle_virtual":false,"bundle_layout":"","bundle_add_to_cart_form_location":"","bundle_editable_in_cart":false,"bundle_sold_individually_context":"","bundle_item_grouping":"","bundle_min_size":"","bundle_max_size":"","bundled_items":[],"yoast_head":"<!-- This site is optimized with the Yoast SEO plugin v20.6 - https:\/\/yoast.com\/wordpress\/plugins\/seo\/ -->\n<title>FETISH FANTASY ARNES HUECO 19 CM. CON VIBRADOR - Tienda Er\u00f3tica<\/title>\n<meta name=\"robots\" content=\"noindex, follow, max-snippet:-1, max-image-preview:large, max-video-preview:-1\" \/>\n<meta property=\"og:locale\" content=\"es_ES\" \/>\n<meta property=\"og:type\" content=\"article\" \/>\n<meta property=\"og:title\" content=\"FETISH FANTASY ARNES HUECO 19 CM. CON VIBRADOR - Tienda Er\u00f3tica\" \/>\n<meta property=\"og:description\" content=\"FETISH FANTASY 19 CM VIBRATING HOLLOW STRAP-ON, es un fant\u00e1stico arn\u00e9s hueco para hombre en color natural con vibrador. Fabricado\" \/>\n<meta property=\"og:url\" content=\"https:\/\/demoweb.info\/sexshop001\/producto\/fetish-fantasy-arnes-hueco-19-cm-con-vibrador\/\" \/>\n<meta property=\"og:site_name\" content=\"Tienda Er\u00f3tica\" \/>\n<meta property=\"article:modified_time\" content=\"2022-01-22T09:06:53+00:00\" \/>\n<meta property=\"og:image\" content=\"https:\/\/demoweb.info\/sexshop001\/wp-content\/uploads\/2022\/01\/FETISH-FANTASY-ARNES-HUECO-19-CM.-CON-VIBRADOR.jpg\" \/>\n\t<meta property=\"og:image:width\" content=\"550\" \/>\n\t<meta property=\"og:image:height\" content=\"550\" \/>\n\t<meta property=\"og:image:type\" content=\"image\/jpeg\" \/>\n<meta name=\"twitter:card\" content=\"summary_large_image\" \/>\n<meta name=\"twitter:label1\" content=\"Tiempo de lectura\" \/>\n\t<meta name=\"twitter:data1\" content=\"1 minuto\" \/>\n<script type=\"application\/ld+json\" class=\"yoast-schema-graph\">{\"@context\":\"https:\/\/schema.org\",\"@graph\":[{\"@type\":\"WebPage\",\"@id\":\"https:\/\/demoweb.info\/sexshop001\/producto\/fetish-fantasy-arnes-hueco-19-cm-con-vibrador\/\",\"url\":\"https:\/\/demoweb.info\/sexshop001\/producto\/fetish-fantasy-arnes-hueco-19-cm-con-vibrador\/\",\"name\":\"FETISH FANTASY ARNES HUECO 19 CM. CON VIBRADOR - Tienda Er\u00f3tica\",\"isPartOf\":{\"@id\":\"https:\/\/demoweb.info\/sexshop001\/#website\"},\"datePublished\":\"2022-01-22T09:06:36+00:00\",\"dateModified\":\"2022-01-22T09:06:53+00:00\",\"breadcrumb\":{\"@id\":\"https:\/\/demoweb.info\/sexshop001\/producto\/fetish-fantasy-arnes-hueco-19-cm-con-vibrador\/#breadcrumb\"},\"inLanguage\":\"es\",\"potentialAction\":[{\"@type\":\"ReadAction\",\"target\":[\"https:\/\/demoweb.info\/sexshop001\/producto\/fetish-fantasy-arnes-hueco-19-cm-con-vibrador\/\"]}]},{\"@type\":\"BreadcrumbList\",\"@id\":\"https:\/\/demoweb.info\/sexshop001\/producto\/fetish-fantasy-arnes-hueco-19-cm-con-vibrador\/#breadcrumb\",\"itemListElement\":[{\"@type\":\"ListItem\",\"position\":1,\"name\":\"Portada\",\"item\":\"https:\/\/demoweb.info\/sexshop001\/\"},{\"@type\":\"ListItem\",\"position\":2,\"name\":\"Tienda\",\"item\":\"https:\/\/demoweb.info\/sexshop001\/tienda\/\"},{\"@type\":\"ListItem\",\"position\":3,\"name\":\"FETISH FANTASY ARNES HUECO 19 CM. CON VIBRADOR\"}]},{\"@type\":\"WebSite\",\"@id\":\"https:\/\/demoweb.info\/sexshop001\/#website\",\"url\":\"https:\/\/demoweb.info\/sexshop001\/\",\"name\":\"Tienda Er\u00f3tica\",\"description\":\"DEMOWEB SL\",\"potentialAction\":[{\"@type\":\"SearchAction\",\"target\":{\"@type\":\"EntryPoint\",\"urlTemplate\":\"https:\/\/demoweb.info\/sexshop001\/?s={search_term_string}\"},\"query-input\":\"required name=search_term_string\"}],\"inLanguage\":\"es\"}]}<\/script>\n<!-- \/ Yoast SEO plugin. -->","yoast_head_json":{"title":"FETISH FANTASY ARNES HUECO 19 CM. CON VIBRADOR - Tienda Er\u00f3tica","robots":{"index":"noindex","follow":"follow","max-snippet":"max-snippet:-1","max-image-preview":"max-image-preview:large","max-video-preview":"max-video-preview:-1"},"og_locale":"es_ES","og_type":"article","og_title":"FETISH FANTASY ARNES HUECO 19 CM. CON VIBRADOR - Tienda Er\u00f3tica","og_description":"FETISH FANTASY 19 CM VIBRATING HOLLOW STRAP-ON, es un fant\u00e1stico arn\u00e9s hueco para hombre en color natural con vibrador. Fabricado","og_url":"https:\/\/demoweb.info\/sexshop001\/producto\/fetish-fantasy-arnes-hueco-19-cm-con-vibrador\/","og_site_name":"Tienda Er\u00f3tica","article_modified_time":"2022-01-22T09:06:53+00:00","og_image":[{"width":550,"height":550,"url":"https:\/\/demoweb.info\/sexshop001\/wp-content\/uploads\/2022\/01\/FETISH-FANTASY-ARNES-HUECO-19-CM.-CON-VIBRADOR.jpg","type":"image\/jpeg"}],"twitter_card":"summary_large_image","twitter_misc":{"Tiempo de lectura":"1 minuto"},"schema":{"@context":"https:\/\/schema.org","@graph":[{"@type":"WebPage","@id":"https:\/\/demoweb.info\/sexshop001\/producto\/fetish-fantasy-arnes-hueco-19-cm-con-vibrador\/","url":"https:\/\/demoweb.info\/sexshop001\/producto\/fetish-fantasy-arnes-hueco-19-cm-con-vibrador\/","name":"FETISH FANTASY ARNES HUECO 19 CM. CON VIBRADOR - Tienda Er\u00f3tica","isPartOf":{"@id":"https:\/\/demoweb.info\/sexshop001\/#website"},"datePublished":"2022-01-22T09:06:36+00:00","dateModified":"2022-01-22T09:06:53+00:00","breadcrumb":{"@id":"https:\/\/demoweb.info\/sexshop001\/producto\/fetish-fantasy-arnes-hueco-19-cm-con-vibrador\/#breadcrumb"},"inLanguage":"es","potentialAction":[{"@type":"ReadAction","target":["https:\/\/demoweb.info\/sexshop001\/producto\/fetish-fantasy-arnes-hueco-19-cm-con-vibrador\/"]}]},{"@type":"BreadcrumbList","@id":"https:\/\/demoweb.info\/sexshop001\/producto\/fetish-fantasy-arnes-hueco-19-cm-con-vibrador\/#breadcrumb","itemListElement":[{"@type":"ListItem","position":1,"name":"Portada","item":"https:\/\/demoweb.info\/sexshop001\/"},{"@type":"ListItem","position":2,"name":"Tienda","item":"https:\/\/demoweb.info\/sexshop001\/tienda\/"},{"@type":"ListItem","position":3,"name":"FETISH FANTASY ARNES HUECO 19 CM. CON VIBRADOR"}]},{"@type":"WebSite","@id":"https:\/\/demoweb.info\/sexshop001\/#website","url":"https:\/\/demoweb.info\/sexshop001\/","name":"Tienda Er\u00f3tica","description":"DEMOWEB SL","potentialAction":[{"@type":"SearchAction","target":{"@type":"EntryPoint","urlTemplate":"https:\/\/demoweb.info\/sexshop001\/?s={search_term_string}"},"query-input":"required name=search_term_string"}],"inLanguage":"es"}]}},"_links":{"self":[{"href":"https:\/\/demoweb.info\/sexshop001\/wp-json\/wp\/v3\/product\/12562","targetHints":{"allow":["GET"]}}],"collection":[{"href":"https:\/\/demoweb.info\/sexshop001\/wp-json\/wp\/v3\/product"}],"about":[{"href":"https:\/\/demoweb.info\/sexshop001\/wp-json\/wp\/v2\/types\/product"}],"replies":[{"embeddable":true,"href":"https:\/\/demoweb.info\/sexshop001\/wp-json\/wp\/v2\/comments?post=12562"}],"wp:featuredmedia":[{"embeddable":true,"href":"https:\/\/demoweb.info\/sexshop001\/wp-json\/wp\/v2\/media\/12563"}],"wp:attachment":[{"href":"https:\/\/demoweb.info\/sexshop001\/wp-json\/wp\/v2\/media?parent=12562"}],"wp:term":[{"taxonomy":"product_cat","embeddable":true,"href":"https:\/\/demoweb.info\/sexshop001\/wp-json\/wp\/v2\/product_cat?post=12562"},{"taxonomy":"product_tag","embeddable":true,"href":"https:\/\/demoweb.info\/sexshop001\/wp-json\/wp\/v2\/product_tag?post=12562"}],"curies":[{"name":"wp","href":"https:\/\/api.w.org\/{rel}","templated":true}]}}