{"id":12537,"date":"2022-01-22T10:06:36","date_gmt":"2022-01-22T09:06:36","guid":{"rendered":"https:\/\/demoweb.info\/sexshop001\/producto\/fetish-fantasy-arnes-con-esposas-y-mordaza\/"},"modified":"2022-01-22T10:06:43","modified_gmt":"2022-01-22T09:06:43","slug":"fetish-fantasy-arnes-con-esposas-y-mordaza","status":"publish","type":"product","link":"https:\/\/demoweb.info\/sexshop001\/producto\/fetish-fantasy-arnes-con-esposas-y-mordaza\/","title":{"rendered":"FETISH FANTASY ARNES CON ESPOSAS Y MORDAZA"},"content":{"rendered":"<p><font size=&quot;1&quot;><b>FETISH FANTASY GAG AND WRIST RESTRAINT<\/b>.<\/p>\n<p>Si estas buscando lo \u00faltimo en tus juegos de servidumbre , no busques m\u00e1s! El <b>Gag and Wrist Restraint<\/b> mantendr\u00e1n a tu amante amordazado, atado, ciego y bajo control total. La c\u00f3moda mordaza se ajusta f\u00e1cilmente y cuenta con una correa de fijaci\u00f3n que va desde el cuello recorriendo la espalda y conectando las mu\u00f1ecas por detr\u00e1s.<\/p>\n<p>Los pu\u00f1os de neopreno se ajustan f\u00e1cilmente con velcro para adaptarse a la mayor\u00eda de los tama\u00f1os. La correa trasera tambi\u00e9n se puede ajustar para cambiar la ubicaci\u00f3n de las mu\u00f1ecas del sujeto. La mordaza compuesta por una pelota de goma, est\u00e1 fabricada con PVC libre de ptalatos. Este kit es perfecto para el juego BDSM de principiantes y lo suficientemente fuerte, incluso para los usuarios m\u00e1s experimentados!<\/p>\n<p>Incluye m\u00e1scara de regalo.<\/p>\n<p>100% Ajustable.<\/font><\/p>\n","protected":false},"excerpt":{"rendered":"<p>FETISH FANTASY GAG AND WRIST RESTRAINT. Si estas buscando lo \u00faltimo en tus juegos de servidumbre , no busques m\u00e1s!<\/p>\n","protected":false},"featured_media":12538,"comment_status":"open","ping_status":"open","template":"","meta":[],"product_cat":[603],"product_tag":[260,259],"class_list":["post-12537","product","type-product","status-publish","has-post-thumbnail","hentry","product_cat-arneses-ataduras","product_tag-fetish-fantasy-series","product_tag-pipedream"],"bundled_by":[],"bundle_stock_status":"instock","bundle_stock_quantity":1,"bundle_virtual":false,"bundle_layout":"","bundle_add_to_cart_form_location":"","bundle_editable_in_cart":false,"bundle_sold_individually_context":"","bundle_item_grouping":"","bundle_min_size":"","bundle_max_size":"","bundled_items":[],"yoast_head":"<!-- This site is optimized with the Yoast SEO plugin v20.6 - https:\/\/yoast.com\/wordpress\/plugins\/seo\/ -->\n<title>FETISH FANTASY ARNES CON ESPOSAS Y MORDAZA - Tienda Er\u00f3tica<\/title>\n<meta name=\"robots\" content=\"noindex, follow, max-snippet:-1, max-image-preview:large, max-video-preview:-1\" \/>\n<meta property=\"og:locale\" content=\"es_ES\" \/>\n<meta property=\"og:type\" content=\"article\" \/>\n<meta property=\"og:title\" content=\"FETISH FANTASY ARNES CON ESPOSAS Y MORDAZA - Tienda Er\u00f3tica\" \/>\n<meta property=\"og:description\" content=\"FETISH FANTASY GAG AND WRIST RESTRAINT. Si estas buscando lo \u00faltimo en tus juegos de servidumbre , no busques m\u00e1s!\" \/>\n<meta property=\"og:url\" content=\"https:\/\/demoweb.info\/sexshop001\/producto\/fetish-fantasy-arnes-con-esposas-y-mordaza\/\" \/>\n<meta property=\"og:site_name\" content=\"Tienda Er\u00f3tica\" \/>\n<meta property=\"article:modified_time\" content=\"2022-01-22T09:06:43+00:00\" \/>\n<meta property=\"og:image\" content=\"https:\/\/demoweb.info\/sexshop001\/wp-content\/uploads\/2022\/01\/FETISH-FANTASY-ARNES-CON-ESPOSAS-Y-MORDAZA.jpg\" \/>\n\t<meta property=\"og:image:width\" content=\"550\" \/>\n\t<meta property=\"og:image:height\" content=\"550\" \/>\n\t<meta property=\"og:image:type\" content=\"image\/jpeg\" \/>\n<meta name=\"twitter:card\" content=\"summary_large_image\" \/>\n<meta name=\"twitter:label1\" content=\"Tiempo de lectura\" \/>\n\t<meta name=\"twitter:data1\" content=\"1 minuto\" \/>\n<script type=\"application\/ld+json\" class=\"yoast-schema-graph\">{\"@context\":\"https:\/\/schema.org\",\"@graph\":[{\"@type\":\"WebPage\",\"@id\":\"https:\/\/demoweb.info\/sexshop001\/producto\/fetish-fantasy-arnes-con-esposas-y-mordaza\/\",\"url\":\"https:\/\/demoweb.info\/sexshop001\/producto\/fetish-fantasy-arnes-con-esposas-y-mordaza\/\",\"name\":\"FETISH FANTASY ARNES CON ESPOSAS Y MORDAZA - Tienda Er\u00f3tica\",\"isPartOf\":{\"@id\":\"https:\/\/demoweb.info\/sexshop001\/#website\"},\"datePublished\":\"2022-01-22T09:06:36+00:00\",\"dateModified\":\"2022-01-22T09:06:43+00:00\",\"breadcrumb\":{\"@id\":\"https:\/\/demoweb.info\/sexshop001\/producto\/fetish-fantasy-arnes-con-esposas-y-mordaza\/#breadcrumb\"},\"inLanguage\":\"es\",\"potentialAction\":[{\"@type\":\"ReadAction\",\"target\":[\"https:\/\/demoweb.info\/sexshop001\/producto\/fetish-fantasy-arnes-con-esposas-y-mordaza\/\"]}]},{\"@type\":\"BreadcrumbList\",\"@id\":\"https:\/\/demoweb.info\/sexshop001\/producto\/fetish-fantasy-arnes-con-esposas-y-mordaza\/#breadcrumb\",\"itemListElement\":[{\"@type\":\"ListItem\",\"position\":1,\"name\":\"Portada\",\"item\":\"https:\/\/demoweb.info\/sexshop001\/\"},{\"@type\":\"ListItem\",\"position\":2,\"name\":\"Tienda\",\"item\":\"https:\/\/demoweb.info\/sexshop001\/tienda\/\"},{\"@type\":\"ListItem\",\"position\":3,\"name\":\"FETISH FANTASY ARNES CON ESPOSAS Y MORDAZA\"}]},{\"@type\":\"WebSite\",\"@id\":\"https:\/\/demoweb.info\/sexshop001\/#website\",\"url\":\"https:\/\/demoweb.info\/sexshop001\/\",\"name\":\"Tienda Er\u00f3tica\",\"description\":\"DEMOWEB SL\",\"potentialAction\":[{\"@type\":\"SearchAction\",\"target\":{\"@type\":\"EntryPoint\",\"urlTemplate\":\"https:\/\/demoweb.info\/sexshop001\/?s={search_term_string}\"},\"query-input\":\"required name=search_term_string\"}],\"inLanguage\":\"es\"}]}<\/script>\n<!-- \/ Yoast SEO plugin. -->","yoast_head_json":{"title":"FETISH FANTASY ARNES CON ESPOSAS Y MORDAZA - Tienda Er\u00f3tica","robots":{"index":"noindex","follow":"follow","max-snippet":"max-snippet:-1","max-image-preview":"max-image-preview:large","max-video-preview":"max-video-preview:-1"},"og_locale":"es_ES","og_type":"article","og_title":"FETISH FANTASY ARNES CON ESPOSAS Y MORDAZA - Tienda Er\u00f3tica","og_description":"FETISH FANTASY GAG AND WRIST RESTRAINT. Si estas buscando lo \u00faltimo en tus juegos de servidumbre , no busques m\u00e1s!","og_url":"https:\/\/demoweb.info\/sexshop001\/producto\/fetish-fantasy-arnes-con-esposas-y-mordaza\/","og_site_name":"Tienda Er\u00f3tica","article_modified_time":"2022-01-22T09:06:43+00:00","og_image":[{"width":550,"height":550,"url":"https:\/\/demoweb.info\/sexshop001\/wp-content\/uploads\/2022\/01\/FETISH-FANTASY-ARNES-CON-ESPOSAS-Y-MORDAZA.jpg","type":"image\/jpeg"}],"twitter_card":"summary_large_image","twitter_misc":{"Tiempo de lectura":"1 minuto"},"schema":{"@context":"https:\/\/schema.org","@graph":[{"@type":"WebPage","@id":"https:\/\/demoweb.info\/sexshop001\/producto\/fetish-fantasy-arnes-con-esposas-y-mordaza\/","url":"https:\/\/demoweb.info\/sexshop001\/producto\/fetish-fantasy-arnes-con-esposas-y-mordaza\/","name":"FETISH FANTASY ARNES CON ESPOSAS Y MORDAZA - Tienda Er\u00f3tica","isPartOf":{"@id":"https:\/\/demoweb.info\/sexshop001\/#website"},"datePublished":"2022-01-22T09:06:36+00:00","dateModified":"2022-01-22T09:06:43+00:00","breadcrumb":{"@id":"https:\/\/demoweb.info\/sexshop001\/producto\/fetish-fantasy-arnes-con-esposas-y-mordaza\/#breadcrumb"},"inLanguage":"es","potentialAction":[{"@type":"ReadAction","target":["https:\/\/demoweb.info\/sexshop001\/producto\/fetish-fantasy-arnes-con-esposas-y-mordaza\/"]}]},{"@type":"BreadcrumbList","@id":"https:\/\/demoweb.info\/sexshop001\/producto\/fetish-fantasy-arnes-con-esposas-y-mordaza\/#breadcrumb","itemListElement":[{"@type":"ListItem","position":1,"name":"Portada","item":"https:\/\/demoweb.info\/sexshop001\/"},{"@type":"ListItem","position":2,"name":"Tienda","item":"https:\/\/demoweb.info\/sexshop001\/tienda\/"},{"@type":"ListItem","position":3,"name":"FETISH FANTASY ARNES CON ESPOSAS Y MORDAZA"}]},{"@type":"WebSite","@id":"https:\/\/demoweb.info\/sexshop001\/#website","url":"https:\/\/demoweb.info\/sexshop001\/","name":"Tienda Er\u00f3tica","description":"DEMOWEB SL","potentialAction":[{"@type":"SearchAction","target":{"@type":"EntryPoint","urlTemplate":"https:\/\/demoweb.info\/sexshop001\/?s={search_term_string}"},"query-input":"required name=search_term_string"}],"inLanguage":"es"}]}},"_links":{"self":[{"href":"https:\/\/demoweb.info\/sexshop001\/wp-json\/wp\/v3\/product\/12537","targetHints":{"allow":["GET"]}}],"collection":[{"href":"https:\/\/demoweb.info\/sexshop001\/wp-json\/wp\/v3\/product"}],"about":[{"href":"https:\/\/demoweb.info\/sexshop001\/wp-json\/wp\/v2\/types\/product"}],"replies":[{"embeddable":true,"href":"https:\/\/demoweb.info\/sexshop001\/wp-json\/wp\/v2\/comments?post=12537"}],"wp:featuredmedia":[{"embeddable":true,"href":"https:\/\/demoweb.info\/sexshop001\/wp-json\/wp\/v2\/media\/12538"}],"wp:attachment":[{"href":"https:\/\/demoweb.info\/sexshop001\/wp-json\/wp\/v2\/media?parent=12537"}],"wp:term":[{"taxonomy":"product_cat","embeddable":true,"href":"https:\/\/demoweb.info\/sexshop001\/wp-json\/wp\/v2\/product_cat?post=12537"},{"taxonomy":"product_tag","embeddable":true,"href":"https:\/\/demoweb.info\/sexshop001\/wp-json\/wp\/v2\/product_tag?post=12537"}],"curies":[{"name":"wp","href":"https:\/\/api.w.org\/{rel}","templated":true}]}}