{"id":12529,"date":"2022-01-22T10:06:36","date_gmt":"2022-01-22T09:06:36","guid":{"rendered":"https:\/\/demoweb.info\/sexshop001\/producto\/fetish-fantasy-posicion-master-trabajo-duro\/"},"modified":"2022-01-22T10:06:40","modified_gmt":"2022-01-22T09:06:40","slug":"fetish-fantasy-posicion-master-trabajo-duro","status":"publish","type":"product","link":"https:\/\/demoweb.info\/sexshop001\/producto\/fetish-fantasy-posicion-master-trabajo-duro\/","title":{"rendered":"FETISH FANTASY POSICION MASTER TRABAJO DURO"},"content":{"rendered":"<p><font size=&quot;1&quot;><b>FETISH FANTASY HEAVY DUTY POSITION MASTER<\/b>.<\/p>\n<p>Deje que tu imaginaci\u00f3n te lleve m\u00e1s all\u00e1 de los l\u00edmites f\u00edsicos con el <b>Heavy Duty Position Master<\/b>. Las resistentes cintas mantendr\u00e1n sus piernas firmemente en su lugar con el fin de que no se canse en el mejor momento, mientras que las esposas aseguran que tu sujeto no se escape en cualquier momento. Las cintas est\u00e1n afelpadas, permiti\u00e9ndote el mayor confort. Las cintas se ajustan muy f\u00e1cilmente con velcro, as\u00ed podr\u00e1s controlar donde se sit\u00faan las piernas en cualquier momento del juego. Asume el rango y se el maestro en tu pr\u00f3ximo encuentro.<\/p>\n<p>Incluye m\u00e1scara de regalo. <\/p>\n<p>100% Ajustable.<\/font><\/p>\n","protected":false},"excerpt":{"rendered":"<p>FETISH FANTASY HEAVY DUTY POSITION MASTER. Deje que tu imaginaci\u00f3n te lleve m\u00e1s all\u00e1 de los l\u00edmites f\u00edsicos con el<\/p>\n","protected":false},"featured_media":12530,"comment_status":"open","ping_status":"open","template":"","meta":[],"product_cat":[627],"product_tag":[260,259],"class_list":["post-12529","product","type-product","status-publish","has-post-thumbnail","hentry","product_cat-columpios","product_tag-fetish-fantasy-series","product_tag-pipedream"],"bundled_by":[],"bundle_stock_status":"instock","bundle_stock_quantity":2,"bundle_virtual":false,"bundle_layout":"","bundle_add_to_cart_form_location":"","bundle_editable_in_cart":false,"bundle_sold_individually_context":"","bundle_item_grouping":"","bundle_min_size":"","bundle_max_size":"","bundled_items":[],"yoast_head":"<!-- This site is optimized with the Yoast SEO plugin v20.6 - https:\/\/yoast.com\/wordpress\/plugins\/seo\/ -->\n<title>FETISH FANTASY POSICION MASTER TRABAJO DURO - Tienda Er\u00f3tica<\/title>\n<meta name=\"robots\" content=\"noindex, follow, max-snippet:-1, max-image-preview:large, max-video-preview:-1\" \/>\n<meta property=\"og:locale\" content=\"es_ES\" \/>\n<meta property=\"og:type\" content=\"article\" \/>\n<meta property=\"og:title\" content=\"FETISH FANTASY POSICION MASTER TRABAJO DURO - Tienda Er\u00f3tica\" \/>\n<meta property=\"og:description\" content=\"FETISH FANTASY HEAVY DUTY POSITION MASTER. Deje que tu imaginaci\u00f3n te lleve m\u00e1s all\u00e1 de los l\u00edmites f\u00edsicos con el\" \/>\n<meta property=\"og:url\" content=\"https:\/\/demoweb.info\/sexshop001\/producto\/fetish-fantasy-posicion-master-trabajo-duro\/\" \/>\n<meta property=\"og:site_name\" content=\"Tienda Er\u00f3tica\" \/>\n<meta property=\"article:modified_time\" content=\"2022-01-22T09:06:40+00:00\" \/>\n<meta property=\"og:image\" content=\"https:\/\/demoweb.info\/sexshop001\/wp-content\/uploads\/2022\/01\/FETISH-FANTASY-POSICION-MASTER-TRABAJO-DURO.jpg\" \/>\n\t<meta property=\"og:image:width\" content=\"550\" \/>\n\t<meta property=\"og:image:height\" content=\"550\" \/>\n\t<meta property=\"og:image:type\" content=\"image\/jpeg\" \/>\n<meta name=\"twitter:card\" content=\"summary_large_image\" \/>\n<meta name=\"twitter:label1\" content=\"Tiempo de lectura\" \/>\n\t<meta name=\"twitter:data1\" content=\"1 minuto\" \/>\n<script type=\"application\/ld+json\" class=\"yoast-schema-graph\">{\"@context\":\"https:\/\/schema.org\",\"@graph\":[{\"@type\":\"WebPage\",\"@id\":\"https:\/\/demoweb.info\/sexshop001\/producto\/fetish-fantasy-posicion-master-trabajo-duro\/\",\"url\":\"https:\/\/demoweb.info\/sexshop001\/producto\/fetish-fantasy-posicion-master-trabajo-duro\/\",\"name\":\"FETISH FANTASY POSICION MASTER TRABAJO DURO - Tienda Er\u00f3tica\",\"isPartOf\":{\"@id\":\"https:\/\/demoweb.info\/sexshop001\/#website\"},\"datePublished\":\"2022-01-22T09:06:36+00:00\",\"dateModified\":\"2022-01-22T09:06:40+00:00\",\"breadcrumb\":{\"@id\":\"https:\/\/demoweb.info\/sexshop001\/producto\/fetish-fantasy-posicion-master-trabajo-duro\/#breadcrumb\"},\"inLanguage\":\"es\",\"potentialAction\":[{\"@type\":\"ReadAction\",\"target\":[\"https:\/\/demoweb.info\/sexshop001\/producto\/fetish-fantasy-posicion-master-trabajo-duro\/\"]}]},{\"@type\":\"BreadcrumbList\",\"@id\":\"https:\/\/demoweb.info\/sexshop001\/producto\/fetish-fantasy-posicion-master-trabajo-duro\/#breadcrumb\",\"itemListElement\":[{\"@type\":\"ListItem\",\"position\":1,\"name\":\"Portada\",\"item\":\"https:\/\/demoweb.info\/sexshop001\/\"},{\"@type\":\"ListItem\",\"position\":2,\"name\":\"Tienda\",\"item\":\"https:\/\/demoweb.info\/sexshop001\/tienda\/\"},{\"@type\":\"ListItem\",\"position\":3,\"name\":\"FETISH FANTASY POSICION MASTER TRABAJO DURO\"}]},{\"@type\":\"WebSite\",\"@id\":\"https:\/\/demoweb.info\/sexshop001\/#website\",\"url\":\"https:\/\/demoweb.info\/sexshop001\/\",\"name\":\"Tienda Er\u00f3tica\",\"description\":\"DEMOWEB SL\",\"potentialAction\":[{\"@type\":\"SearchAction\",\"target\":{\"@type\":\"EntryPoint\",\"urlTemplate\":\"https:\/\/demoweb.info\/sexshop001\/?s={search_term_string}\"},\"query-input\":\"required name=search_term_string\"}],\"inLanguage\":\"es\"}]}<\/script>\n<!-- \/ Yoast SEO plugin. -->","yoast_head_json":{"title":"FETISH FANTASY POSICION MASTER TRABAJO DURO - Tienda Er\u00f3tica","robots":{"index":"noindex","follow":"follow","max-snippet":"max-snippet:-1","max-image-preview":"max-image-preview:large","max-video-preview":"max-video-preview:-1"},"og_locale":"es_ES","og_type":"article","og_title":"FETISH FANTASY POSICION MASTER TRABAJO DURO - Tienda Er\u00f3tica","og_description":"FETISH FANTASY HEAVY DUTY POSITION MASTER. Deje que tu imaginaci\u00f3n te lleve m\u00e1s all\u00e1 de los l\u00edmites f\u00edsicos con el","og_url":"https:\/\/demoweb.info\/sexshop001\/producto\/fetish-fantasy-posicion-master-trabajo-duro\/","og_site_name":"Tienda Er\u00f3tica","article_modified_time":"2022-01-22T09:06:40+00:00","og_image":[{"width":550,"height":550,"url":"https:\/\/demoweb.info\/sexshop001\/wp-content\/uploads\/2022\/01\/FETISH-FANTASY-POSICION-MASTER-TRABAJO-DURO.jpg","type":"image\/jpeg"}],"twitter_card":"summary_large_image","twitter_misc":{"Tiempo de lectura":"1 minuto"},"schema":{"@context":"https:\/\/schema.org","@graph":[{"@type":"WebPage","@id":"https:\/\/demoweb.info\/sexshop001\/producto\/fetish-fantasy-posicion-master-trabajo-duro\/","url":"https:\/\/demoweb.info\/sexshop001\/producto\/fetish-fantasy-posicion-master-trabajo-duro\/","name":"FETISH FANTASY POSICION MASTER TRABAJO DURO - Tienda Er\u00f3tica","isPartOf":{"@id":"https:\/\/demoweb.info\/sexshop001\/#website"},"datePublished":"2022-01-22T09:06:36+00:00","dateModified":"2022-01-22T09:06:40+00:00","breadcrumb":{"@id":"https:\/\/demoweb.info\/sexshop001\/producto\/fetish-fantasy-posicion-master-trabajo-duro\/#breadcrumb"},"inLanguage":"es","potentialAction":[{"@type":"ReadAction","target":["https:\/\/demoweb.info\/sexshop001\/producto\/fetish-fantasy-posicion-master-trabajo-duro\/"]}]},{"@type":"BreadcrumbList","@id":"https:\/\/demoweb.info\/sexshop001\/producto\/fetish-fantasy-posicion-master-trabajo-duro\/#breadcrumb","itemListElement":[{"@type":"ListItem","position":1,"name":"Portada","item":"https:\/\/demoweb.info\/sexshop001\/"},{"@type":"ListItem","position":2,"name":"Tienda","item":"https:\/\/demoweb.info\/sexshop001\/tienda\/"},{"@type":"ListItem","position":3,"name":"FETISH FANTASY POSICION MASTER TRABAJO DURO"}]},{"@type":"WebSite","@id":"https:\/\/demoweb.info\/sexshop001\/#website","url":"https:\/\/demoweb.info\/sexshop001\/","name":"Tienda Er\u00f3tica","description":"DEMOWEB SL","potentialAction":[{"@type":"SearchAction","target":{"@type":"EntryPoint","urlTemplate":"https:\/\/demoweb.info\/sexshop001\/?s={search_term_string}"},"query-input":"required name=search_term_string"}],"inLanguage":"es"}]}},"_links":{"self":[{"href":"https:\/\/demoweb.info\/sexshop001\/wp-json\/wp\/v3\/product\/12529","targetHints":{"allow":["GET"]}}],"collection":[{"href":"https:\/\/demoweb.info\/sexshop001\/wp-json\/wp\/v3\/product"}],"about":[{"href":"https:\/\/demoweb.info\/sexshop001\/wp-json\/wp\/v2\/types\/product"}],"replies":[{"embeddable":true,"href":"https:\/\/demoweb.info\/sexshop001\/wp-json\/wp\/v2\/comments?post=12529"}],"wp:featuredmedia":[{"embeddable":true,"href":"https:\/\/demoweb.info\/sexshop001\/wp-json\/wp\/v2\/media\/12530"}],"wp:attachment":[{"href":"https:\/\/demoweb.info\/sexshop001\/wp-json\/wp\/v2\/media?parent=12529"}],"wp:term":[{"taxonomy":"product_cat","embeddable":true,"href":"https:\/\/demoweb.info\/sexshop001\/wp-json\/wp\/v2\/product_cat?post=12529"},{"taxonomy":"product_tag","embeddable":true,"href":"https:\/\/demoweb.info\/sexshop001\/wp-json\/wp\/v2\/product_tag?post=12529"}],"curies":[{"name":"wp","href":"https:\/\/api.w.org\/{rel}","templated":true}]}}