{"id":12516,"date":"2022-01-22T10:06:14","date_gmt":"2022-01-22T09:06:14","guid":{"rendered":"https:\/\/demoweb.info\/sexshop001\/producto\/cincuenta-escenarios-para-desatar-tu-pasion\/"},"modified":"2022-01-22T10:06:32","modified_gmt":"2022-01-22T09:06:32","slug":"cincuenta-escenarios-para-desatar-tu-pasion","status":"publish","type":"product","link":"https:\/\/demoweb.info\/sexshop001\/producto\/cincuenta-escenarios-para-desatar-tu-pasion\/","title":{"rendered":"CINCUENTA ESCENARIOS PARA DESATAR TU PASION"},"content":{"rendered":"<p><strong>CINCUENTA ESCENARIOS PARA DESATAR TU PASION<\/strong>.<\/p>\n<p>Las historias que incluye el libro de esta caja contienen los ingredientes necesarios para desatar vuestra pasi\u00f3n. Vuestra vida de pareja se descubrir\u00e1 en los escenarios m\u00e1s atrevidos y originales donde saciar todas vuestras fantas\u00edas ser\u00e1 lo \u00fanico que importe.<\/p>\n<p>Y, por si no fuera suficiente, una sensual venda para los ojos y unas s\u00f3lidas esposas sazonar\u00e1n todas las sugerentes locuras que os atrev\u00e1is a hacer realidad.<\/p>\n<p>Un sinf\u00edn de apetecibles situaciones en los lugares m\u00e1s t\u00f3rridos ser\u00e1 la guinda de vuestras fantas\u00edas m\u00e1s deseadas.<\/p>\n","protected":false},"excerpt":{"rendered":"<p>CINCUENTA ESCENARIOS PARA DESATAR TU PASION. Las historias que incluye el libro de esta caja contienen los ingredientes necesarios para<\/p>\n","protected":false},"featured_media":12517,"comment_status":"open","ping_status":"open","template":"","meta":[],"product_cat":[367],"product_tag":[416,415],"class_list":["post-12516","product","type-product","status-publish","has-post-thumbnail","hentry","product_cat-juegos-pareja","product_tag-grijalbo","product_tag-random-house"],"bundled_by":[],"bundle_stock_status":"instock","bundle_stock_quantity":1,"bundle_virtual":false,"bundle_layout":"","bundle_add_to_cart_form_location":"","bundle_editable_in_cart":false,"bundle_sold_individually_context":"","bundle_item_grouping":"","bundle_min_size":"","bundle_max_size":"","bundled_items":[],"yoast_head":"<!-- This site is optimized with the Yoast SEO plugin v20.6 - https:\/\/yoast.com\/wordpress\/plugins\/seo\/ -->\n<title>CINCUENTA ESCENARIOS PARA DESATAR TU PASION - Tienda Er\u00f3tica<\/title>\n<meta name=\"robots\" content=\"noindex, follow, max-snippet:-1, max-image-preview:large, max-video-preview:-1\" \/>\n<meta property=\"og:locale\" content=\"es_ES\" \/>\n<meta property=\"og:type\" content=\"article\" \/>\n<meta property=\"og:title\" content=\"CINCUENTA ESCENARIOS PARA DESATAR TU PASION - Tienda Er\u00f3tica\" \/>\n<meta property=\"og:description\" content=\"CINCUENTA ESCENARIOS PARA DESATAR TU PASION. Las historias que incluye el libro de esta caja contienen los ingredientes necesarios para\" \/>\n<meta property=\"og:url\" content=\"https:\/\/demoweb.info\/sexshop001\/producto\/cincuenta-escenarios-para-desatar-tu-pasion\/\" \/>\n<meta property=\"og:site_name\" content=\"Tienda Er\u00f3tica\" \/>\n<meta property=\"article:modified_time\" content=\"2022-01-22T09:06:32+00:00\" \/>\n<meta property=\"og:image\" content=\"https:\/\/demoweb.info\/sexshop001\/wp-content\/uploads\/2022\/01\/CINCUENTA-ESCENARIOS-PARA-DESATAR-TU-PASION.jpg\" \/>\n\t<meta property=\"og:image:width\" content=\"550\" \/>\n\t<meta property=\"og:image:height\" content=\"550\" \/>\n\t<meta property=\"og:image:type\" content=\"image\/jpeg\" \/>\n<meta name=\"twitter:card\" content=\"summary_large_image\" \/>\n<meta name=\"twitter:label1\" content=\"Tiempo de lectura\" \/>\n\t<meta name=\"twitter:data1\" content=\"1 minuto\" \/>\n<script type=\"application\/ld+json\" class=\"yoast-schema-graph\">{\"@context\":\"https:\/\/schema.org\",\"@graph\":[{\"@type\":\"WebPage\",\"@id\":\"https:\/\/demoweb.info\/sexshop001\/producto\/cincuenta-escenarios-para-desatar-tu-pasion\/\",\"url\":\"https:\/\/demoweb.info\/sexshop001\/producto\/cincuenta-escenarios-para-desatar-tu-pasion\/\",\"name\":\"CINCUENTA ESCENARIOS PARA DESATAR TU PASION - Tienda Er\u00f3tica\",\"isPartOf\":{\"@id\":\"https:\/\/demoweb.info\/sexshop001\/#website\"},\"datePublished\":\"2022-01-22T09:06:14+00:00\",\"dateModified\":\"2022-01-22T09:06:32+00:00\",\"breadcrumb\":{\"@id\":\"https:\/\/demoweb.info\/sexshop001\/producto\/cincuenta-escenarios-para-desatar-tu-pasion\/#breadcrumb\"},\"inLanguage\":\"es\",\"potentialAction\":[{\"@type\":\"ReadAction\",\"target\":[\"https:\/\/demoweb.info\/sexshop001\/producto\/cincuenta-escenarios-para-desatar-tu-pasion\/\"]}]},{\"@type\":\"BreadcrumbList\",\"@id\":\"https:\/\/demoweb.info\/sexshop001\/producto\/cincuenta-escenarios-para-desatar-tu-pasion\/#breadcrumb\",\"itemListElement\":[{\"@type\":\"ListItem\",\"position\":1,\"name\":\"Portada\",\"item\":\"https:\/\/demoweb.info\/sexshop001\/\"},{\"@type\":\"ListItem\",\"position\":2,\"name\":\"Tienda\",\"item\":\"https:\/\/demoweb.info\/sexshop001\/tienda\/\"},{\"@type\":\"ListItem\",\"position\":3,\"name\":\"CINCUENTA ESCENARIOS PARA DESATAR TU PASION\"}]},{\"@type\":\"WebSite\",\"@id\":\"https:\/\/demoweb.info\/sexshop001\/#website\",\"url\":\"https:\/\/demoweb.info\/sexshop001\/\",\"name\":\"Tienda Er\u00f3tica\",\"description\":\"DEMOWEB SL\",\"potentialAction\":[{\"@type\":\"SearchAction\",\"target\":{\"@type\":\"EntryPoint\",\"urlTemplate\":\"https:\/\/demoweb.info\/sexshop001\/?s={search_term_string}\"},\"query-input\":\"required name=search_term_string\"}],\"inLanguage\":\"es\"}]}<\/script>\n<!-- \/ Yoast SEO plugin. -->","yoast_head_json":{"title":"CINCUENTA ESCENARIOS PARA DESATAR TU PASION - Tienda Er\u00f3tica","robots":{"index":"noindex","follow":"follow","max-snippet":"max-snippet:-1","max-image-preview":"max-image-preview:large","max-video-preview":"max-video-preview:-1"},"og_locale":"es_ES","og_type":"article","og_title":"CINCUENTA ESCENARIOS PARA DESATAR TU PASION - Tienda Er\u00f3tica","og_description":"CINCUENTA ESCENARIOS PARA DESATAR TU PASION. Las historias que incluye el libro de esta caja contienen los ingredientes necesarios para","og_url":"https:\/\/demoweb.info\/sexshop001\/producto\/cincuenta-escenarios-para-desatar-tu-pasion\/","og_site_name":"Tienda Er\u00f3tica","article_modified_time":"2022-01-22T09:06:32+00:00","og_image":[{"width":550,"height":550,"url":"https:\/\/demoweb.info\/sexshop001\/wp-content\/uploads\/2022\/01\/CINCUENTA-ESCENARIOS-PARA-DESATAR-TU-PASION.jpg","type":"image\/jpeg"}],"twitter_card":"summary_large_image","twitter_misc":{"Tiempo de lectura":"1 minuto"},"schema":{"@context":"https:\/\/schema.org","@graph":[{"@type":"WebPage","@id":"https:\/\/demoweb.info\/sexshop001\/producto\/cincuenta-escenarios-para-desatar-tu-pasion\/","url":"https:\/\/demoweb.info\/sexshop001\/producto\/cincuenta-escenarios-para-desatar-tu-pasion\/","name":"CINCUENTA ESCENARIOS PARA DESATAR TU PASION - Tienda Er\u00f3tica","isPartOf":{"@id":"https:\/\/demoweb.info\/sexshop001\/#website"},"datePublished":"2022-01-22T09:06:14+00:00","dateModified":"2022-01-22T09:06:32+00:00","breadcrumb":{"@id":"https:\/\/demoweb.info\/sexshop001\/producto\/cincuenta-escenarios-para-desatar-tu-pasion\/#breadcrumb"},"inLanguage":"es","potentialAction":[{"@type":"ReadAction","target":["https:\/\/demoweb.info\/sexshop001\/producto\/cincuenta-escenarios-para-desatar-tu-pasion\/"]}]},{"@type":"BreadcrumbList","@id":"https:\/\/demoweb.info\/sexshop001\/producto\/cincuenta-escenarios-para-desatar-tu-pasion\/#breadcrumb","itemListElement":[{"@type":"ListItem","position":1,"name":"Portada","item":"https:\/\/demoweb.info\/sexshop001\/"},{"@type":"ListItem","position":2,"name":"Tienda","item":"https:\/\/demoweb.info\/sexshop001\/tienda\/"},{"@type":"ListItem","position":3,"name":"CINCUENTA ESCENARIOS PARA DESATAR TU PASION"}]},{"@type":"WebSite","@id":"https:\/\/demoweb.info\/sexshop001\/#website","url":"https:\/\/demoweb.info\/sexshop001\/","name":"Tienda Er\u00f3tica","description":"DEMOWEB SL","potentialAction":[{"@type":"SearchAction","target":{"@type":"EntryPoint","urlTemplate":"https:\/\/demoweb.info\/sexshop001\/?s={search_term_string}"},"query-input":"required name=search_term_string"}],"inLanguage":"es"}]}},"_links":{"self":[{"href":"https:\/\/demoweb.info\/sexshop001\/wp-json\/wp\/v3\/product\/12516","targetHints":{"allow":["GET"]}}],"collection":[{"href":"https:\/\/demoweb.info\/sexshop001\/wp-json\/wp\/v3\/product"}],"about":[{"href":"https:\/\/demoweb.info\/sexshop001\/wp-json\/wp\/v2\/types\/product"}],"replies":[{"embeddable":true,"href":"https:\/\/demoweb.info\/sexshop001\/wp-json\/wp\/v2\/comments?post=12516"}],"wp:featuredmedia":[{"embeddable":true,"href":"https:\/\/demoweb.info\/sexshop001\/wp-json\/wp\/v2\/media\/12517"}],"wp:attachment":[{"href":"https:\/\/demoweb.info\/sexshop001\/wp-json\/wp\/v2\/media?parent=12516"}],"wp:term":[{"taxonomy":"product_cat","embeddable":true,"href":"https:\/\/demoweb.info\/sexshop001\/wp-json\/wp\/v2\/product_cat?post=12516"},{"taxonomy":"product_tag","embeddable":true,"href":"https:\/\/demoweb.info\/sexshop001\/wp-json\/wp\/v2\/product_tag?post=12516"}],"curies":[{"name":"wp","href":"https:\/\/api.w.org\/{rel}","templated":true}]}}