{"id":12443,"date":"2022-01-22T10:05:55","date_gmt":"2022-01-22T09:05:55","guid":{"rendered":"https:\/\/demoweb.info\/sexshop001\/producto\/s8-wb-lubricante-vegano-50ml\/"},"modified":"2022-01-22T10:06:03","modified_gmt":"2022-01-22T09:06:03","slug":"s8-wb-lubricante-vegano-50ml","status":"publish","type":"product","link":"https:\/\/demoweb.info\/sexshop001\/producto\/s8-wb-lubricante-vegano-50ml\/","title":{"rendered":"S8 WB &#8211; LUBRICANTE VEGANO &#8211; 50ML"},"content":{"rendered":"<p><strong>S8 WB VEGAN LUBE<\/strong><\/p>\n<p>El lubricante vegano premium a base de agua de S8 es una combinaci\u00f3n perfecta con los consumidores que buscan un lubricante de calidad seguro para el cuerpo para mejorar la intimidad y suavizar sus placenteras aventuras.<\/p>\n<p>Esta incre\u00edble y duradera f\u00f3rmula de S8 es completamente vegana, por lo que es una opci\u00f3n consciente de la salud y del medio ambiente en la lubricaci\u00f3n \u00edntima.<\/p>\n<p>La f\u00f3rmula tambi\u00e9n es sin parabenos, sin ftalatos, sin gluten, sin sulfatos, adem\u00e1s no contiene colores a\u00f1adidos ni conservantes \u00e1speros para un atractivo irresistible natural.<\/p>\n<p>Con la aprobaci\u00f3n de grado m\u00e9dico, el lubricante vegano a base de agua S8 tambi\u00e9n se adhiere a todas las regulaciones actuales de la UE con respecto a los productos para el cuidado \u00edntimo y constituye una alternativa confiable, de precio competitivo y transparente a otras opciones veganas.<\/p>\n","protected":false},"excerpt":{"rendered":"<p>S8 WB VEGAN LUBE El lubricante vegano premium a base de agua de S8 es una combinaci\u00f3n perfecta con los<\/p>\n","protected":false},"featured_media":12444,"comment_status":"open","ping_status":"open","template":"","meta":[],"product_cat":[516],"product_tag":[672],"class_list":["post-12443","product","type-product","status-publish","has-post-thumbnail","hentry","product_cat-linea-bio-aceites-y-lubricantes","product_tag-stimul8"],"bundled_by":[],"bundle_stock_status":"instock","bundle_stock_quantity":2,"bundle_virtual":false,"bundle_layout":"","bundle_add_to_cart_form_location":"","bundle_editable_in_cart":false,"bundle_sold_individually_context":"","bundle_item_grouping":"","bundle_min_size":"","bundle_max_size":"","bundled_items":[],"yoast_head":"<!-- This site is optimized with the Yoast SEO plugin v20.6 - https:\/\/yoast.com\/wordpress\/plugins\/seo\/ -->\n<title>S8 WB - LUBRICANTE VEGANO - 50ML - Tienda Er\u00f3tica<\/title>\n<meta name=\"robots\" content=\"noindex, follow, max-snippet:-1, max-image-preview:large, max-video-preview:-1\" \/>\n<meta property=\"og:locale\" content=\"es_ES\" \/>\n<meta property=\"og:type\" content=\"article\" \/>\n<meta property=\"og:title\" content=\"S8 WB - LUBRICANTE VEGANO - 50ML - Tienda Er\u00f3tica\" \/>\n<meta property=\"og:description\" content=\"S8 WB VEGAN LUBE El lubricante vegano premium a base de agua de S8 es una combinaci\u00f3n perfecta con los\" \/>\n<meta property=\"og:url\" content=\"https:\/\/demoweb.info\/sexshop001\/producto\/s8-wb-lubricante-vegano-50ml\/\" \/>\n<meta property=\"og:site_name\" content=\"Tienda Er\u00f3tica\" \/>\n<meta property=\"article:modified_time\" content=\"2022-01-22T09:06:03+00:00\" \/>\n<meta property=\"og:image\" content=\"https:\/\/demoweb.info\/sexshop001\/wp-content\/uploads\/2022\/01\/S8-WB-LUBRICANTE-VEGANO-50ML.jpg\" \/>\n\t<meta property=\"og:image:width\" content=\"550\" \/>\n\t<meta property=\"og:image:height\" content=\"550\" \/>\n\t<meta property=\"og:image:type\" content=\"image\/jpeg\" \/>\n<meta name=\"twitter:card\" content=\"summary_large_image\" \/>\n<meta name=\"twitter:label1\" content=\"Tiempo de lectura\" \/>\n\t<meta name=\"twitter:data1\" content=\"1 minuto\" \/>\n<script type=\"application\/ld+json\" class=\"yoast-schema-graph\">{\"@context\":\"https:\/\/schema.org\",\"@graph\":[{\"@type\":\"WebPage\",\"@id\":\"https:\/\/demoweb.info\/sexshop001\/producto\/s8-wb-lubricante-vegano-50ml\/\",\"url\":\"https:\/\/demoweb.info\/sexshop001\/producto\/s8-wb-lubricante-vegano-50ml\/\",\"name\":\"S8 WB - LUBRICANTE VEGANO - 50ML - Tienda Er\u00f3tica\",\"isPartOf\":{\"@id\":\"https:\/\/demoweb.info\/sexshop001\/#website\"},\"datePublished\":\"2022-01-22T09:05:55+00:00\",\"dateModified\":\"2022-01-22T09:06:03+00:00\",\"breadcrumb\":{\"@id\":\"https:\/\/demoweb.info\/sexshop001\/producto\/s8-wb-lubricante-vegano-50ml\/#breadcrumb\"},\"inLanguage\":\"es\",\"potentialAction\":[{\"@type\":\"ReadAction\",\"target\":[\"https:\/\/demoweb.info\/sexshop001\/producto\/s8-wb-lubricante-vegano-50ml\/\"]}]},{\"@type\":\"BreadcrumbList\",\"@id\":\"https:\/\/demoweb.info\/sexshop001\/producto\/s8-wb-lubricante-vegano-50ml\/#breadcrumb\",\"itemListElement\":[{\"@type\":\"ListItem\",\"position\":1,\"name\":\"Portada\",\"item\":\"https:\/\/demoweb.info\/sexshop001\/\"},{\"@type\":\"ListItem\",\"position\":2,\"name\":\"Tienda\",\"item\":\"https:\/\/demoweb.info\/sexshop001\/tienda\/\"},{\"@type\":\"ListItem\",\"position\":3,\"name\":\"S8 WB &#8211; LUBRICANTE VEGANO &#8211; 50ML\"}]},{\"@type\":\"WebSite\",\"@id\":\"https:\/\/demoweb.info\/sexshop001\/#website\",\"url\":\"https:\/\/demoweb.info\/sexshop001\/\",\"name\":\"Tienda Er\u00f3tica\",\"description\":\"DEMOWEB SL\",\"potentialAction\":[{\"@type\":\"SearchAction\",\"target\":{\"@type\":\"EntryPoint\",\"urlTemplate\":\"https:\/\/demoweb.info\/sexshop001\/?s={search_term_string}\"},\"query-input\":\"required name=search_term_string\"}],\"inLanguage\":\"es\"}]}<\/script>\n<!-- \/ Yoast SEO plugin. -->","yoast_head_json":{"title":"S8 WB - LUBRICANTE VEGANO - 50ML - Tienda Er\u00f3tica","robots":{"index":"noindex","follow":"follow","max-snippet":"max-snippet:-1","max-image-preview":"max-image-preview:large","max-video-preview":"max-video-preview:-1"},"og_locale":"es_ES","og_type":"article","og_title":"S8 WB - LUBRICANTE VEGANO - 50ML - Tienda Er\u00f3tica","og_description":"S8 WB VEGAN LUBE El lubricante vegano premium a base de agua de S8 es una combinaci\u00f3n perfecta con los","og_url":"https:\/\/demoweb.info\/sexshop001\/producto\/s8-wb-lubricante-vegano-50ml\/","og_site_name":"Tienda Er\u00f3tica","article_modified_time":"2022-01-22T09:06:03+00:00","og_image":[{"width":550,"height":550,"url":"https:\/\/demoweb.info\/sexshop001\/wp-content\/uploads\/2022\/01\/S8-WB-LUBRICANTE-VEGANO-50ML.jpg","type":"image\/jpeg"}],"twitter_card":"summary_large_image","twitter_misc":{"Tiempo de lectura":"1 minuto"},"schema":{"@context":"https:\/\/schema.org","@graph":[{"@type":"WebPage","@id":"https:\/\/demoweb.info\/sexshop001\/producto\/s8-wb-lubricante-vegano-50ml\/","url":"https:\/\/demoweb.info\/sexshop001\/producto\/s8-wb-lubricante-vegano-50ml\/","name":"S8 WB - LUBRICANTE VEGANO - 50ML - Tienda Er\u00f3tica","isPartOf":{"@id":"https:\/\/demoweb.info\/sexshop001\/#website"},"datePublished":"2022-01-22T09:05:55+00:00","dateModified":"2022-01-22T09:06:03+00:00","breadcrumb":{"@id":"https:\/\/demoweb.info\/sexshop001\/producto\/s8-wb-lubricante-vegano-50ml\/#breadcrumb"},"inLanguage":"es","potentialAction":[{"@type":"ReadAction","target":["https:\/\/demoweb.info\/sexshop001\/producto\/s8-wb-lubricante-vegano-50ml\/"]}]},{"@type":"BreadcrumbList","@id":"https:\/\/demoweb.info\/sexshop001\/producto\/s8-wb-lubricante-vegano-50ml\/#breadcrumb","itemListElement":[{"@type":"ListItem","position":1,"name":"Portada","item":"https:\/\/demoweb.info\/sexshop001\/"},{"@type":"ListItem","position":2,"name":"Tienda","item":"https:\/\/demoweb.info\/sexshop001\/tienda\/"},{"@type":"ListItem","position":3,"name":"S8 WB &#8211; LUBRICANTE VEGANO &#8211; 50ML"}]},{"@type":"WebSite","@id":"https:\/\/demoweb.info\/sexshop001\/#website","url":"https:\/\/demoweb.info\/sexshop001\/","name":"Tienda Er\u00f3tica","description":"DEMOWEB SL","potentialAction":[{"@type":"SearchAction","target":{"@type":"EntryPoint","urlTemplate":"https:\/\/demoweb.info\/sexshop001\/?s={search_term_string}"},"query-input":"required name=search_term_string"}],"inLanguage":"es"}]}},"_links":{"self":[{"href":"https:\/\/demoweb.info\/sexshop001\/wp-json\/wp\/v3\/product\/12443","targetHints":{"allow":["GET"]}}],"collection":[{"href":"https:\/\/demoweb.info\/sexshop001\/wp-json\/wp\/v3\/product"}],"about":[{"href":"https:\/\/demoweb.info\/sexshop001\/wp-json\/wp\/v2\/types\/product"}],"replies":[{"embeddable":true,"href":"https:\/\/demoweb.info\/sexshop001\/wp-json\/wp\/v2\/comments?post=12443"}],"wp:featuredmedia":[{"embeddable":true,"href":"https:\/\/demoweb.info\/sexshop001\/wp-json\/wp\/v2\/media\/12444"}],"wp:attachment":[{"href":"https:\/\/demoweb.info\/sexshop001\/wp-json\/wp\/v2\/media?parent=12443"}],"wp:term":[{"taxonomy":"product_cat","embeddable":true,"href":"https:\/\/demoweb.info\/sexshop001\/wp-json\/wp\/v2\/product_cat?post=12443"},{"taxonomy":"product_tag","embeddable":true,"href":"https:\/\/demoweb.info\/sexshop001\/wp-json\/wp\/v2\/product_tag?post=12443"}],"curies":[{"name":"wp","href":"https:\/\/api.w.org\/{rel}","templated":true}]}}