{"id":12346,"date":"2022-01-22T10:05:01","date_gmt":"2022-01-22T09:05:01","guid":{"rendered":"https:\/\/demoweb.info\/sexshop001\/producto\/ribbed-gripper-tight-masturbador-ano-marron\/"},"modified":"2022-01-22T10:05:24","modified_gmt":"2022-01-22T09:05:24","slug":"ribbed-gripper-tight-masturbador-ano-marron","status":"publish","type":"product","link":"https:\/\/demoweb.info\/sexshop001\/producto\/ribbed-gripper-tight-masturbador-ano-marron\/","title":{"rendered":"RIBBED GRIPPER TIGHT MASTURBADOR ANO &#8211; MARR\u00d3N"},"content":{"rendered":"<p><strong>RIBBED GRIPPER TIGHT ASS  <\/strong><\/p>\n<p>La colecci\u00f3n Ribbed Gripper te trae el masturbador Tight Ass Grip, hecho para emocionar con cada golpe extra apretado.<\/p>\n<p>Sum\u00e9rjete profundamente en m\u00e1s de 15 cm de placer con una apertura er\u00f3ticamente detallada y una c\u00e1mara nervada apretada.<\/p>\n<p>Nuestra manga regordeta Stroker es perfecta para cualquiera que quiera un poco de empuje extra en su juego en solitario; M\u00e1s de 15 cm de material de doble densidad lo convierte en el placer pesado y fuerte que has estado anhelando.<\/p>\n<p>El stroker indulgente tiene una c\u00e1mara acanalada ultra apretada para la estimulaci\u00f3n explosiva.<\/p>\n<p>Usa esta funda cerrada con una amplia lubricaci\u00f3n para una succi\u00f3n poderosa digna de tus fantas\u00edas m\u00e1s traviesas.<\/p>\n<p>El caucho termopl\u00e1stico de doble densidad es un material s\u00faper suave y ultra el\u00e1stico con una sensaci\u00f3n \u00fanica y realista que brinda satisfacci\u00f3n pura en cada golpe.<\/p>\n<p>Esta funda duradera es f\u00e1cil de usar, f\u00e1cil de limpiar y no requiere cuidados especiales. Antes y despu\u00e9s de cada uso, lava la funda interna y externamente con agua tibia y jab\u00f3n, luego desinf\u00e9ctala con un Universal Toy Cleaner.<\/p>\n<p>Caracter\u00edsticas:<\/p>\n<ul>\n<li>Material: TPR<\/li>\n<li>Longitud total: 15,25 cm<\/li>\n<li>Di\u00e1metro: 9 cm<\/li>\n<\/ul>\n","protected":false},"excerpt":{"rendered":"<p>RIBBED GRIPPER TIGHT ASS La colecci\u00f3n Ribbed Gripper te trae el masturbador Tight Ass Grip, hecho para emocionar con cada<\/p>\n","protected":false},"featured_media":12347,"comment_status":"open","ping_status":"open","template":"","meta":[],"product_cat":[468],"product_tag":[660,665],"class_list":["post-12346","product","type-product","status-publish","has-post-thumbnail","hentry","product_cat-anos","product_tag-calexotics","product_tag-the-gripper"],"bundled_by":[],"bundle_stock_status":"instock","bundle_stock_quantity":1,"bundle_virtual":false,"bundle_layout":"","bundle_add_to_cart_form_location":"","bundle_editable_in_cart":false,"bundle_sold_individually_context":"","bundle_item_grouping":"","bundle_min_size":"","bundle_max_size":"","bundled_items":[],"yoast_head":"<!-- This site is optimized with the Yoast SEO plugin v20.6 - https:\/\/yoast.com\/wordpress\/plugins\/seo\/ -->\n<title>RIBBED GRIPPER TIGHT MASTURBADOR ANO - MARR\u00d3N - Tienda Er\u00f3tica<\/title>\n<meta name=\"robots\" content=\"noindex, follow, max-snippet:-1, max-image-preview:large, max-video-preview:-1\" \/>\n<meta property=\"og:locale\" content=\"es_ES\" \/>\n<meta property=\"og:type\" content=\"article\" \/>\n<meta property=\"og:title\" content=\"RIBBED GRIPPER TIGHT MASTURBADOR ANO - MARR\u00d3N - Tienda Er\u00f3tica\" \/>\n<meta property=\"og:description\" content=\"RIBBED GRIPPER TIGHT ASS La colecci\u00f3n Ribbed Gripper te trae el masturbador Tight Ass Grip, hecho para emocionar con cada\" \/>\n<meta property=\"og:url\" content=\"https:\/\/demoweb.info\/sexshop001\/producto\/ribbed-gripper-tight-masturbador-ano-marron\/\" \/>\n<meta property=\"og:site_name\" content=\"Tienda Er\u00f3tica\" \/>\n<meta property=\"article:modified_time\" content=\"2022-01-22T09:05:24+00:00\" \/>\n<meta property=\"og:image\" content=\"https:\/\/demoweb.info\/sexshop001\/wp-content\/uploads\/2022\/01\/RIBBED-GRIPPER-TIGHT-MASTURBADOR-ANO-MARRON.jpg\" \/>\n\t<meta property=\"og:image:width\" content=\"550\" \/>\n\t<meta property=\"og:image:height\" content=\"550\" \/>\n\t<meta property=\"og:image:type\" content=\"image\/jpeg\" \/>\n<meta name=\"twitter:card\" content=\"summary_large_image\" \/>\n<meta name=\"twitter:label1\" content=\"Tiempo de lectura\" \/>\n\t<meta name=\"twitter:data1\" content=\"1 minuto\" \/>\n<script type=\"application\/ld+json\" class=\"yoast-schema-graph\">{\"@context\":\"https:\/\/schema.org\",\"@graph\":[{\"@type\":\"WebPage\",\"@id\":\"https:\/\/demoweb.info\/sexshop001\/producto\/ribbed-gripper-tight-masturbador-ano-marron\/\",\"url\":\"https:\/\/demoweb.info\/sexshop001\/producto\/ribbed-gripper-tight-masturbador-ano-marron\/\",\"name\":\"RIBBED GRIPPER TIGHT MASTURBADOR ANO - MARR\u00d3N - Tienda Er\u00f3tica\",\"isPartOf\":{\"@id\":\"https:\/\/demoweb.info\/sexshop001\/#website\"},\"datePublished\":\"2022-01-22T09:05:01+00:00\",\"dateModified\":\"2022-01-22T09:05:24+00:00\",\"breadcrumb\":{\"@id\":\"https:\/\/demoweb.info\/sexshop001\/producto\/ribbed-gripper-tight-masturbador-ano-marron\/#breadcrumb\"},\"inLanguage\":\"es\",\"potentialAction\":[{\"@type\":\"ReadAction\",\"target\":[\"https:\/\/demoweb.info\/sexshop001\/producto\/ribbed-gripper-tight-masturbador-ano-marron\/\"]}]},{\"@type\":\"BreadcrumbList\",\"@id\":\"https:\/\/demoweb.info\/sexshop001\/producto\/ribbed-gripper-tight-masturbador-ano-marron\/#breadcrumb\",\"itemListElement\":[{\"@type\":\"ListItem\",\"position\":1,\"name\":\"Portada\",\"item\":\"https:\/\/demoweb.info\/sexshop001\/\"},{\"@type\":\"ListItem\",\"position\":2,\"name\":\"Tienda\",\"item\":\"https:\/\/demoweb.info\/sexshop001\/tienda\/\"},{\"@type\":\"ListItem\",\"position\":3,\"name\":\"RIBBED GRIPPER TIGHT MASTURBADOR ANO &#8211; MARR\u00d3N\"}]},{\"@type\":\"WebSite\",\"@id\":\"https:\/\/demoweb.info\/sexshop001\/#website\",\"url\":\"https:\/\/demoweb.info\/sexshop001\/\",\"name\":\"Tienda Er\u00f3tica\",\"description\":\"DEMOWEB SL\",\"potentialAction\":[{\"@type\":\"SearchAction\",\"target\":{\"@type\":\"EntryPoint\",\"urlTemplate\":\"https:\/\/demoweb.info\/sexshop001\/?s={search_term_string}\"},\"query-input\":\"required name=search_term_string\"}],\"inLanguage\":\"es\"}]}<\/script>\n<!-- \/ Yoast SEO plugin. -->","yoast_head_json":{"title":"RIBBED GRIPPER TIGHT MASTURBADOR ANO - MARR\u00d3N - Tienda Er\u00f3tica","robots":{"index":"noindex","follow":"follow","max-snippet":"max-snippet:-1","max-image-preview":"max-image-preview:large","max-video-preview":"max-video-preview:-1"},"og_locale":"es_ES","og_type":"article","og_title":"RIBBED GRIPPER TIGHT MASTURBADOR ANO - MARR\u00d3N - Tienda Er\u00f3tica","og_description":"RIBBED GRIPPER TIGHT ASS La colecci\u00f3n Ribbed Gripper te trae el masturbador Tight Ass Grip, hecho para emocionar con cada","og_url":"https:\/\/demoweb.info\/sexshop001\/producto\/ribbed-gripper-tight-masturbador-ano-marron\/","og_site_name":"Tienda Er\u00f3tica","article_modified_time":"2022-01-22T09:05:24+00:00","og_image":[{"width":550,"height":550,"url":"https:\/\/demoweb.info\/sexshop001\/wp-content\/uploads\/2022\/01\/RIBBED-GRIPPER-TIGHT-MASTURBADOR-ANO-MARRON.jpg","type":"image\/jpeg"}],"twitter_card":"summary_large_image","twitter_misc":{"Tiempo de lectura":"1 minuto"},"schema":{"@context":"https:\/\/schema.org","@graph":[{"@type":"WebPage","@id":"https:\/\/demoweb.info\/sexshop001\/producto\/ribbed-gripper-tight-masturbador-ano-marron\/","url":"https:\/\/demoweb.info\/sexshop001\/producto\/ribbed-gripper-tight-masturbador-ano-marron\/","name":"RIBBED GRIPPER TIGHT MASTURBADOR ANO - MARR\u00d3N - Tienda Er\u00f3tica","isPartOf":{"@id":"https:\/\/demoweb.info\/sexshop001\/#website"},"datePublished":"2022-01-22T09:05:01+00:00","dateModified":"2022-01-22T09:05:24+00:00","breadcrumb":{"@id":"https:\/\/demoweb.info\/sexshop001\/producto\/ribbed-gripper-tight-masturbador-ano-marron\/#breadcrumb"},"inLanguage":"es","potentialAction":[{"@type":"ReadAction","target":["https:\/\/demoweb.info\/sexshop001\/producto\/ribbed-gripper-tight-masturbador-ano-marron\/"]}]},{"@type":"BreadcrumbList","@id":"https:\/\/demoweb.info\/sexshop001\/producto\/ribbed-gripper-tight-masturbador-ano-marron\/#breadcrumb","itemListElement":[{"@type":"ListItem","position":1,"name":"Portada","item":"https:\/\/demoweb.info\/sexshop001\/"},{"@type":"ListItem","position":2,"name":"Tienda","item":"https:\/\/demoweb.info\/sexshop001\/tienda\/"},{"@type":"ListItem","position":3,"name":"RIBBED GRIPPER TIGHT MASTURBADOR ANO &#8211; MARR\u00d3N"}]},{"@type":"WebSite","@id":"https:\/\/demoweb.info\/sexshop001\/#website","url":"https:\/\/demoweb.info\/sexshop001\/","name":"Tienda Er\u00f3tica","description":"DEMOWEB SL","potentialAction":[{"@type":"SearchAction","target":{"@type":"EntryPoint","urlTemplate":"https:\/\/demoweb.info\/sexshop001\/?s={search_term_string}"},"query-input":"required name=search_term_string"}],"inLanguage":"es"}]}},"_links":{"self":[{"href":"https:\/\/demoweb.info\/sexshop001\/wp-json\/wp\/v3\/product\/12346","targetHints":{"allow":["GET"]}}],"collection":[{"href":"https:\/\/demoweb.info\/sexshop001\/wp-json\/wp\/v3\/product"}],"about":[{"href":"https:\/\/demoweb.info\/sexshop001\/wp-json\/wp\/v2\/types\/product"}],"replies":[{"embeddable":true,"href":"https:\/\/demoweb.info\/sexshop001\/wp-json\/wp\/v2\/comments?post=12346"}],"wp:featuredmedia":[{"embeddable":true,"href":"https:\/\/demoweb.info\/sexshop001\/wp-json\/wp\/v2\/media\/12347"}],"wp:attachment":[{"href":"https:\/\/demoweb.info\/sexshop001\/wp-json\/wp\/v2\/media?parent=12346"}],"wp:term":[{"taxonomy":"product_cat","embeddable":true,"href":"https:\/\/demoweb.info\/sexshop001\/wp-json\/wp\/v2\/product_cat?post=12346"},{"taxonomy":"product_tag","embeddable":true,"href":"https:\/\/demoweb.info\/sexshop001\/wp-json\/wp\/v2\/product_tag?post=12346"}],"curies":[{"name":"wp","href":"https:\/\/api.w.org\/{rel}","templated":true}]}}