{"id":12318,"date":"2022-01-22T10:05:01","date_gmt":"2022-01-22T09:05:01","guid":{"rendered":"https:\/\/demoweb.info\/sexshop001\/producto\/aura-tickler-estimulador-morado\/"},"modified":"2022-01-22T10:05:12","modified_gmt":"2022-01-22T09:05:12","slug":"aura-tickler-estimulador-morado","status":"publish","type":"product","link":"https:\/\/demoweb.info\/sexshop001\/producto\/aura-tickler-estimulador-morado\/","title":{"rendered":"AURA TICKLER &#8211; ESTIMULADOR MORADO"},"content":{"rendered":"<p><strong>AURA TICKLER <\/strong><\/p>\n<p>Despierta los deseos internos mientras el Aura \u2122 Tickler un vibrador ultra flexible con un teaser texturizado.<\/p>\n<p>El cuerpo con textura de protuberancia, el dise\u00f1o flexible y las 12 funciones de vibraci\u00f3n seguramente provocar\u00e1n y complacer\u00e1n de la manera que desees.<\/p>\n<p>El vibrador de alta potencia est\u00e1 dise\u00f1ado con un potente motor de vibraci\u00f3n y una textura burlona para aumentar la excitaci\u00f3n y aumentar la estimulaci\u00f3n.<\/p>\n<p>Disfruta de un placer personalizado mientras la varita curva vibra al ritmo de 12 vibraciones vivaces, pulsaciones apasionadas y escalada er\u00f3tica. Controla esta variedad de opciones org\u00e1smicas con el controlador cristalino f\u00e1cil de tocar. Ya sea que te d\u00e9esun chapuz\u00f3n con un amante o te entregues a una sesi\u00f3n de vapor en solitario, espera hasta 3 horas de vibraci\u00f3n a prueba de agua.<\/p>\n<p>Recarga placer y vuelve a jugar en solo 1 hora con el cable USB provisto. El masajeador flexible est\u00e1 hecho de una silicona higi\u00e9nicamente superior. Este material seguro para el cuerpo no tiene perfume y no contiene ftalato para mantener sus puntos m\u00e1s sensibles felices y saludables.<\/p>\n<ul>\n<li>Impermeable<\/li>\n<li>De silicona<\/li>\n<li>Recargable con USB<\/li>\n<li>Medidas: 17,25 <\/li>\n<\/ul>\n","protected":false},"excerpt":{"rendered":"<p>AURA TICKLER Despierta los deseos internos mientras el Aura \u2122 Tickler un vibrador ultra flexible con un teaser texturizado. El<\/p>\n","protected":false},"featured_media":12319,"comment_status":"open","ping_status":"open","template":"","meta":[],"product_cat":[370],"product_tag":[664,660],"class_list":["post-12318","product","type-product","status-publish","has-post-thumbnail","hentry","product_cat-clitoris","product_tag-aura","product_tag-calexotics"],"bundled_by":[],"bundle_stock_status":"instock","bundle_stock_quantity":1,"bundle_virtual":false,"bundle_layout":"","bundle_add_to_cart_form_location":"","bundle_editable_in_cart":false,"bundle_sold_individually_context":"","bundle_item_grouping":"","bundle_min_size":"","bundle_max_size":"","bundled_items":[],"yoast_head":"<!-- This site is optimized with the Yoast SEO plugin v20.6 - https:\/\/yoast.com\/wordpress\/plugins\/seo\/ -->\n<title>AURA TICKLER - ESTIMULADOR MORADO - Tienda Er\u00f3tica<\/title>\n<meta name=\"robots\" content=\"noindex, follow, max-snippet:-1, max-image-preview:large, max-video-preview:-1\" \/>\n<meta property=\"og:locale\" content=\"es_ES\" \/>\n<meta property=\"og:type\" content=\"article\" \/>\n<meta property=\"og:title\" content=\"AURA TICKLER - ESTIMULADOR MORADO - Tienda Er\u00f3tica\" \/>\n<meta property=\"og:description\" content=\"AURA TICKLER Despierta los deseos internos mientras el Aura \u2122 Tickler un vibrador ultra flexible con un teaser texturizado. El\" \/>\n<meta property=\"og:url\" content=\"https:\/\/demoweb.info\/sexshop001\/producto\/aura-tickler-estimulador-morado\/\" \/>\n<meta property=\"og:site_name\" content=\"Tienda Er\u00f3tica\" \/>\n<meta property=\"article:modified_time\" content=\"2022-01-22T09:05:12+00:00\" \/>\n<meta property=\"og:image\" content=\"https:\/\/demoweb.info\/sexshop001\/wp-content\/uploads\/2022\/01\/AURA-TICKLER-ESTIMULADOR-MORADO.jpg\" \/>\n\t<meta property=\"og:image:width\" content=\"550\" \/>\n\t<meta property=\"og:image:height\" content=\"550\" \/>\n\t<meta property=\"og:image:type\" content=\"image\/jpeg\" \/>\n<meta name=\"twitter:card\" content=\"summary_large_image\" \/>\n<meta name=\"twitter:label1\" content=\"Tiempo de lectura\" \/>\n\t<meta name=\"twitter:data1\" content=\"1 minuto\" \/>\n<script type=\"application\/ld+json\" class=\"yoast-schema-graph\">{\"@context\":\"https:\/\/schema.org\",\"@graph\":[{\"@type\":\"WebPage\",\"@id\":\"https:\/\/demoweb.info\/sexshop001\/producto\/aura-tickler-estimulador-morado\/\",\"url\":\"https:\/\/demoweb.info\/sexshop001\/producto\/aura-tickler-estimulador-morado\/\",\"name\":\"AURA TICKLER - ESTIMULADOR MORADO - Tienda Er\u00f3tica\",\"isPartOf\":{\"@id\":\"https:\/\/demoweb.info\/sexshop001\/#website\"},\"datePublished\":\"2022-01-22T09:05:01+00:00\",\"dateModified\":\"2022-01-22T09:05:12+00:00\",\"breadcrumb\":{\"@id\":\"https:\/\/demoweb.info\/sexshop001\/producto\/aura-tickler-estimulador-morado\/#breadcrumb\"},\"inLanguage\":\"es\",\"potentialAction\":[{\"@type\":\"ReadAction\",\"target\":[\"https:\/\/demoweb.info\/sexshop001\/producto\/aura-tickler-estimulador-morado\/\"]}]},{\"@type\":\"BreadcrumbList\",\"@id\":\"https:\/\/demoweb.info\/sexshop001\/producto\/aura-tickler-estimulador-morado\/#breadcrumb\",\"itemListElement\":[{\"@type\":\"ListItem\",\"position\":1,\"name\":\"Portada\",\"item\":\"https:\/\/demoweb.info\/sexshop001\/\"},{\"@type\":\"ListItem\",\"position\":2,\"name\":\"Tienda\",\"item\":\"https:\/\/demoweb.info\/sexshop001\/tienda\/\"},{\"@type\":\"ListItem\",\"position\":3,\"name\":\"AURA TICKLER &#8211; ESTIMULADOR MORADO\"}]},{\"@type\":\"WebSite\",\"@id\":\"https:\/\/demoweb.info\/sexshop001\/#website\",\"url\":\"https:\/\/demoweb.info\/sexshop001\/\",\"name\":\"Tienda Er\u00f3tica\",\"description\":\"DEMOWEB SL\",\"potentialAction\":[{\"@type\":\"SearchAction\",\"target\":{\"@type\":\"EntryPoint\",\"urlTemplate\":\"https:\/\/demoweb.info\/sexshop001\/?s={search_term_string}\"},\"query-input\":\"required name=search_term_string\"}],\"inLanguage\":\"es\"}]}<\/script>\n<!-- \/ Yoast SEO plugin. -->","yoast_head_json":{"title":"AURA TICKLER - ESTIMULADOR MORADO - Tienda Er\u00f3tica","robots":{"index":"noindex","follow":"follow","max-snippet":"max-snippet:-1","max-image-preview":"max-image-preview:large","max-video-preview":"max-video-preview:-1"},"og_locale":"es_ES","og_type":"article","og_title":"AURA TICKLER - ESTIMULADOR MORADO - Tienda Er\u00f3tica","og_description":"AURA TICKLER Despierta los deseos internos mientras el Aura \u2122 Tickler un vibrador ultra flexible con un teaser texturizado. El","og_url":"https:\/\/demoweb.info\/sexshop001\/producto\/aura-tickler-estimulador-morado\/","og_site_name":"Tienda Er\u00f3tica","article_modified_time":"2022-01-22T09:05:12+00:00","og_image":[{"width":550,"height":550,"url":"https:\/\/demoweb.info\/sexshop001\/wp-content\/uploads\/2022\/01\/AURA-TICKLER-ESTIMULADOR-MORADO.jpg","type":"image\/jpeg"}],"twitter_card":"summary_large_image","twitter_misc":{"Tiempo de lectura":"1 minuto"},"schema":{"@context":"https:\/\/schema.org","@graph":[{"@type":"WebPage","@id":"https:\/\/demoweb.info\/sexshop001\/producto\/aura-tickler-estimulador-morado\/","url":"https:\/\/demoweb.info\/sexshop001\/producto\/aura-tickler-estimulador-morado\/","name":"AURA TICKLER - ESTIMULADOR MORADO - Tienda Er\u00f3tica","isPartOf":{"@id":"https:\/\/demoweb.info\/sexshop001\/#website"},"datePublished":"2022-01-22T09:05:01+00:00","dateModified":"2022-01-22T09:05:12+00:00","breadcrumb":{"@id":"https:\/\/demoweb.info\/sexshop001\/producto\/aura-tickler-estimulador-morado\/#breadcrumb"},"inLanguage":"es","potentialAction":[{"@type":"ReadAction","target":["https:\/\/demoweb.info\/sexshop001\/producto\/aura-tickler-estimulador-morado\/"]}]},{"@type":"BreadcrumbList","@id":"https:\/\/demoweb.info\/sexshop001\/producto\/aura-tickler-estimulador-morado\/#breadcrumb","itemListElement":[{"@type":"ListItem","position":1,"name":"Portada","item":"https:\/\/demoweb.info\/sexshop001\/"},{"@type":"ListItem","position":2,"name":"Tienda","item":"https:\/\/demoweb.info\/sexshop001\/tienda\/"},{"@type":"ListItem","position":3,"name":"AURA TICKLER &#8211; ESTIMULADOR MORADO"}]},{"@type":"WebSite","@id":"https:\/\/demoweb.info\/sexshop001\/#website","url":"https:\/\/demoweb.info\/sexshop001\/","name":"Tienda Er\u00f3tica","description":"DEMOWEB SL","potentialAction":[{"@type":"SearchAction","target":{"@type":"EntryPoint","urlTemplate":"https:\/\/demoweb.info\/sexshop001\/?s={search_term_string}"},"query-input":"required name=search_term_string"}],"inLanguage":"es"}]}},"_links":{"self":[{"href":"https:\/\/demoweb.info\/sexshop001\/wp-json\/wp\/v3\/product\/12318","targetHints":{"allow":["GET"]}}],"collection":[{"href":"https:\/\/demoweb.info\/sexshop001\/wp-json\/wp\/v3\/product"}],"about":[{"href":"https:\/\/demoweb.info\/sexshop001\/wp-json\/wp\/v2\/types\/product"}],"replies":[{"embeddable":true,"href":"https:\/\/demoweb.info\/sexshop001\/wp-json\/wp\/v2\/comments?post=12318"}],"wp:featuredmedia":[{"embeddable":true,"href":"https:\/\/demoweb.info\/sexshop001\/wp-json\/wp\/v2\/media\/12319"}],"wp:attachment":[{"href":"https:\/\/demoweb.info\/sexshop001\/wp-json\/wp\/v2\/media?parent=12318"}],"wp:term":[{"taxonomy":"product_cat","embeddable":true,"href":"https:\/\/demoweb.info\/sexshop001\/wp-json\/wp\/v2\/product_cat?post=12318"},{"taxonomy":"product_tag","embeddable":true,"href":"https:\/\/demoweb.info\/sexshop001\/wp-json\/wp\/v2\/product_tag?post=12318"}],"curies":[{"name":"wp","href":"https:\/\/api.w.org\/{rel}","templated":true}]}}