{"id":12220,"date":"2022-01-22T10:04:20","date_gmt":"2022-01-22T09:04:20","guid":{"rendered":"https:\/\/demoweb.info\/sexshop001\/producto\/shona-river-pornstar-masturbador-boca\/"},"modified":"2022-01-22T10:04:28","modified_gmt":"2022-01-22T09:04:28","slug":"shona-river-pornstar-masturbador-boca","status":"publish","type":"product","link":"https:\/\/demoweb.info\/sexshop001\/producto\/shona-river-pornstar-masturbador-boca\/","title":{"rendered":"SHONA RIVER PORNSTAR MASTURBADOR &#8211; BOCA"},"content":{"rendered":"<p><strong>SHONA RIVER PORNSTAR MOUTH<\/strong><\/p>\n<p>Experimenta la atracci\u00f3n de esta popular actriz de cerca con el incre\u00edble masturbador Shona River Mouth.<\/p>\n<p>Este dise\u00f1o te llevar\u00e1 al viaje de tu vida, exactamente como lo har\u00eda Shona. Una herramienta imprescindible para los fan\u00e1ticos de la bomba rubia, la textura interior realista del masturbador y el orificio oral apretado brindar\u00e1n una estimulaci\u00f3n sensacional, justo donde lo desees.<\/p>\n<p>Hecho de materiales de primera calidad y cumpliendo con los m\u00e1s altos est\u00e1ndares de calidad, Shona River Mouth es una opci\u00f3n duradera, segura para el cuerpo y emocionante en el placer de sexo oral.<\/p>\n<p>Shona River es una verdadera estrella porno privada. Esta nueva chica tiene todas las habilidades y emociones para convertirse en ic\u00f3nica. El debut privado de la rubia traviesa, un intenso tr\u00edo interracial, la hizo explotar en la escena. Los penetrantes ojos azules de Shona, su cuerpo apretado y su ansia prometen una carrera privada larga, intensa y placentera, \u00a1y no podemos esperar a ver m\u00e1s de esta adicta al sexo desvergonzada y lujuriosa!<\/p>\n<p>Material: Tubo de pl\u00e1stico y funda de TPE<\/p>\n<p>Medidas: 26 x 8,5 cm<\/p><\/p>\n","protected":false},"excerpt":{"rendered":"<p>SHONA RIVER PORNSTAR MOUTH Experimenta la atracci\u00f3n de esta popular actriz de cerca con el incre\u00edble masturbador Shona River Mouth.<\/p>\n","protected":false},"featured_media":12221,"comment_status":"open","ping_status":"open","template":"","meta":[],"product_cat":[656],"product_tag":[657,658],"class_list":["post-12220","product","type-product","status-publish","has-post-thumbnail","hentry","product_cat-bocas","product_tag-private","product_tag-tube"],"bundled_by":[],"bundle_stock_status":"instock","bundle_stock_quantity":20,"bundle_virtual":false,"bundle_layout":"","bundle_add_to_cart_form_location":"","bundle_editable_in_cart":false,"bundle_sold_individually_context":"","bundle_item_grouping":"","bundle_min_size":"","bundle_max_size":"","bundled_items":[],"yoast_head":"<!-- This site is optimized with the Yoast SEO plugin v20.6 - https:\/\/yoast.com\/wordpress\/plugins\/seo\/ -->\n<title>SHONA RIVER PORNSTAR MASTURBADOR - BOCA - Tienda Er\u00f3tica<\/title>\n<meta name=\"robots\" content=\"noindex, follow, max-snippet:-1, max-image-preview:large, max-video-preview:-1\" \/>\n<meta property=\"og:locale\" content=\"es_ES\" \/>\n<meta property=\"og:type\" content=\"article\" \/>\n<meta property=\"og:title\" content=\"SHONA RIVER PORNSTAR MASTURBADOR - BOCA - Tienda Er\u00f3tica\" \/>\n<meta property=\"og:description\" content=\"SHONA RIVER PORNSTAR MOUTH Experimenta la atracci\u00f3n de esta popular actriz de cerca con el incre\u00edble masturbador Shona River Mouth.\" \/>\n<meta property=\"og:url\" content=\"https:\/\/demoweb.info\/sexshop001\/producto\/shona-river-pornstar-masturbador-boca\/\" \/>\n<meta property=\"og:site_name\" content=\"Tienda Er\u00f3tica\" \/>\n<meta property=\"article:modified_time\" content=\"2022-01-22T09:04:28+00:00\" \/>\n<meta property=\"og:image\" content=\"https:\/\/demoweb.info\/sexshop001\/wp-content\/uploads\/2022\/01\/SHONA-RIVER-PORNSTAR-MASTURBADOR-BOCA.jpg\" \/>\n\t<meta property=\"og:image:width\" content=\"550\" \/>\n\t<meta property=\"og:image:height\" content=\"550\" \/>\n\t<meta property=\"og:image:type\" content=\"image\/jpeg\" \/>\n<meta name=\"twitter:card\" content=\"summary_large_image\" \/>\n<meta name=\"twitter:label1\" content=\"Tiempo de lectura\" \/>\n\t<meta name=\"twitter:data1\" content=\"1 minuto\" \/>\n<script type=\"application\/ld+json\" class=\"yoast-schema-graph\">{\"@context\":\"https:\/\/schema.org\",\"@graph\":[{\"@type\":\"WebPage\",\"@id\":\"https:\/\/demoweb.info\/sexshop001\/producto\/shona-river-pornstar-masturbador-boca\/\",\"url\":\"https:\/\/demoweb.info\/sexshop001\/producto\/shona-river-pornstar-masturbador-boca\/\",\"name\":\"SHONA RIVER PORNSTAR MASTURBADOR - BOCA - Tienda Er\u00f3tica\",\"isPartOf\":{\"@id\":\"https:\/\/demoweb.info\/sexshop001\/#website\"},\"datePublished\":\"2022-01-22T09:04:20+00:00\",\"dateModified\":\"2022-01-22T09:04:28+00:00\",\"breadcrumb\":{\"@id\":\"https:\/\/demoweb.info\/sexshop001\/producto\/shona-river-pornstar-masturbador-boca\/#breadcrumb\"},\"inLanguage\":\"es\",\"potentialAction\":[{\"@type\":\"ReadAction\",\"target\":[\"https:\/\/demoweb.info\/sexshop001\/producto\/shona-river-pornstar-masturbador-boca\/\"]}]},{\"@type\":\"BreadcrumbList\",\"@id\":\"https:\/\/demoweb.info\/sexshop001\/producto\/shona-river-pornstar-masturbador-boca\/#breadcrumb\",\"itemListElement\":[{\"@type\":\"ListItem\",\"position\":1,\"name\":\"Portada\",\"item\":\"https:\/\/demoweb.info\/sexshop001\/\"},{\"@type\":\"ListItem\",\"position\":2,\"name\":\"Tienda\",\"item\":\"https:\/\/demoweb.info\/sexshop001\/tienda\/\"},{\"@type\":\"ListItem\",\"position\":3,\"name\":\"SHONA RIVER PORNSTAR MASTURBADOR &#8211; BOCA\"}]},{\"@type\":\"WebSite\",\"@id\":\"https:\/\/demoweb.info\/sexshop001\/#website\",\"url\":\"https:\/\/demoweb.info\/sexshop001\/\",\"name\":\"Tienda Er\u00f3tica\",\"description\":\"DEMOWEB SL\",\"potentialAction\":[{\"@type\":\"SearchAction\",\"target\":{\"@type\":\"EntryPoint\",\"urlTemplate\":\"https:\/\/demoweb.info\/sexshop001\/?s={search_term_string}\"},\"query-input\":\"required name=search_term_string\"}],\"inLanguage\":\"es\"}]}<\/script>\n<!-- \/ Yoast SEO plugin. -->","yoast_head_json":{"title":"SHONA RIVER PORNSTAR MASTURBADOR - BOCA - Tienda Er\u00f3tica","robots":{"index":"noindex","follow":"follow","max-snippet":"max-snippet:-1","max-image-preview":"max-image-preview:large","max-video-preview":"max-video-preview:-1"},"og_locale":"es_ES","og_type":"article","og_title":"SHONA RIVER PORNSTAR MASTURBADOR - BOCA - Tienda Er\u00f3tica","og_description":"SHONA RIVER PORNSTAR MOUTH Experimenta la atracci\u00f3n de esta popular actriz de cerca con el incre\u00edble masturbador Shona River Mouth.","og_url":"https:\/\/demoweb.info\/sexshop001\/producto\/shona-river-pornstar-masturbador-boca\/","og_site_name":"Tienda Er\u00f3tica","article_modified_time":"2022-01-22T09:04:28+00:00","og_image":[{"width":550,"height":550,"url":"https:\/\/demoweb.info\/sexshop001\/wp-content\/uploads\/2022\/01\/SHONA-RIVER-PORNSTAR-MASTURBADOR-BOCA.jpg","type":"image\/jpeg"}],"twitter_card":"summary_large_image","twitter_misc":{"Tiempo de lectura":"1 minuto"},"schema":{"@context":"https:\/\/schema.org","@graph":[{"@type":"WebPage","@id":"https:\/\/demoweb.info\/sexshop001\/producto\/shona-river-pornstar-masturbador-boca\/","url":"https:\/\/demoweb.info\/sexshop001\/producto\/shona-river-pornstar-masturbador-boca\/","name":"SHONA RIVER PORNSTAR MASTURBADOR - BOCA - Tienda Er\u00f3tica","isPartOf":{"@id":"https:\/\/demoweb.info\/sexshop001\/#website"},"datePublished":"2022-01-22T09:04:20+00:00","dateModified":"2022-01-22T09:04:28+00:00","breadcrumb":{"@id":"https:\/\/demoweb.info\/sexshop001\/producto\/shona-river-pornstar-masturbador-boca\/#breadcrumb"},"inLanguage":"es","potentialAction":[{"@type":"ReadAction","target":["https:\/\/demoweb.info\/sexshop001\/producto\/shona-river-pornstar-masturbador-boca\/"]}]},{"@type":"BreadcrumbList","@id":"https:\/\/demoweb.info\/sexshop001\/producto\/shona-river-pornstar-masturbador-boca\/#breadcrumb","itemListElement":[{"@type":"ListItem","position":1,"name":"Portada","item":"https:\/\/demoweb.info\/sexshop001\/"},{"@type":"ListItem","position":2,"name":"Tienda","item":"https:\/\/demoweb.info\/sexshop001\/tienda\/"},{"@type":"ListItem","position":3,"name":"SHONA RIVER PORNSTAR MASTURBADOR &#8211; BOCA"}]},{"@type":"WebSite","@id":"https:\/\/demoweb.info\/sexshop001\/#website","url":"https:\/\/demoweb.info\/sexshop001\/","name":"Tienda Er\u00f3tica","description":"DEMOWEB SL","potentialAction":[{"@type":"SearchAction","target":{"@type":"EntryPoint","urlTemplate":"https:\/\/demoweb.info\/sexshop001\/?s={search_term_string}"},"query-input":"required name=search_term_string"}],"inLanguage":"es"}]}},"_links":{"self":[{"href":"https:\/\/demoweb.info\/sexshop001\/wp-json\/wp\/v3\/product\/12220","targetHints":{"allow":["GET"]}}],"collection":[{"href":"https:\/\/demoweb.info\/sexshop001\/wp-json\/wp\/v3\/product"}],"about":[{"href":"https:\/\/demoweb.info\/sexshop001\/wp-json\/wp\/v2\/types\/product"}],"replies":[{"embeddable":true,"href":"https:\/\/demoweb.info\/sexshop001\/wp-json\/wp\/v2\/comments?post=12220"}],"wp:featuredmedia":[{"embeddable":true,"href":"https:\/\/demoweb.info\/sexshop001\/wp-json\/wp\/v2\/media\/12221"}],"wp:attachment":[{"href":"https:\/\/demoweb.info\/sexshop001\/wp-json\/wp\/v2\/media?parent=12220"}],"wp:term":[{"taxonomy":"product_cat","embeddable":true,"href":"https:\/\/demoweb.info\/sexshop001\/wp-json\/wp\/v2\/product_cat?post=12220"},{"taxonomy":"product_tag","embeddable":true,"href":"https:\/\/demoweb.info\/sexshop001\/wp-json\/wp\/v2\/product_tag?post=12220"}],"curies":[{"name":"wp","href":"https:\/\/api.w.org\/{rel}","templated":true}]}}