{"id":12215,"date":"2022-01-22T10:04:20","date_gmt":"2022-01-22T09:04:20","guid":{"rendered":"https:\/\/demoweb.info\/sexshop001\/producto\/icon-2-superbe-couples-vibrador-para-parejas-con-mando\/"},"modified":"2022-01-22T10:04:26","modified_gmt":"2022-01-22T09:04:26","slug":"icon-2-superbe-couples-vibrador-para-parejas-con-mando","status":"publish","type":"product","link":"https:\/\/demoweb.info\/sexshop001\/producto\/icon-2-superbe-couples-vibrador-para-parejas-con-mando\/","title":{"rendered":"ICON 2 SUPERBE COUPLES VIBRADOR PARA PAREJAS CON MANDO"},"content":{"rendered":"<p><strong>ICON 2 SUPERBE COUPLES MASS <\/strong><\/p>\n<p>El masajeador para parejas Icon Superbe de TOYJOY Designer Edition es la mezcla perfecta de funcionalidad de \u00faltima generaci\u00f3n y una est\u00e9tica elegante y no intimidatoria.<\/p>\n<p>Util\u00edcelo para un sensual juego en solitario, mu\u00e9valo por todas las zonas er\u00f3genas de su pareja durante un sexy masaje de cuerpo entero o desl\u00edcelo por el eje del pene para una alucinante doble estimulaci\u00f3n durante el acto sexual.<\/p>\n<p>El masajeador para parejas Icon Superbe de TOYJOY Designer Edition cuenta con 7 emocionantes modos de pulsaci\u00f3n, 3 velocidades de vibraci\u00f3n y viene con un mando a distancia (inal\u00e1mbrico) para un sinf\u00edn de escenarios de juego.<\/p>\n<p>El dise\u00f1o est\u00e1 lleno de potencia, llevada a lo largo de su silueta por 3 motores de alta calidad. El Icon Superbe es tambi\u00e9n recargable por USB, resistente al agua y fabricado con lujosa silicona de tacto suave.<\/p>\n<p>Presentado en una elegante caja de recuerdos, esta impresionante elecci\u00f3n de la l\u00ednea TOYJOY Designer Edition es el \u00faltimo capricho para que lo disfruten ambos miembros de la pareja.<\/p>\n<p>Medidas: 13,5 x 4,2 &#8211; 5,4 cm<\/p>\n","protected":false},"excerpt":{"rendered":"<p>ICON 2 SUPERBE COUPLES MASS El masajeador para parejas Icon Superbe de TOYJOY Designer Edition es la mezcla perfecta de<\/p>\n","protected":false},"featured_media":12216,"comment_status":"open","ping_status":"open","template":"","meta":[],"product_cat":[445],"product_tag":[250,247],"class_list":["post-12215","product","type-product","status-publish","has-post-thumbnail","hentry","product_cat-para-parejas-vibradores-juguetes-xxx","product_tag-designer-edition","product_tag-toyjoy"],"bundled_by":[],"bundle_stock_status":"outofstock","bundle_stock_quantity":0,"bundle_virtual":false,"bundle_layout":"","bundle_add_to_cart_form_location":"","bundle_editable_in_cart":false,"bundle_sold_individually_context":"","bundle_item_grouping":"","bundle_min_size":"","bundle_max_size":"","bundled_items":[],"yoast_head":"<!-- This site is optimized with the Yoast SEO plugin v20.6 - https:\/\/yoast.com\/wordpress\/plugins\/seo\/ -->\n<title>ICON 2 SUPERBE COUPLES VIBRADOR PARA PAREJAS CON MANDO - Tienda Er\u00f3tica<\/title>\n<meta name=\"robots\" content=\"noindex, follow, max-snippet:-1, max-image-preview:large, max-video-preview:-1\" \/>\n<meta property=\"og:locale\" content=\"es_ES\" \/>\n<meta property=\"og:type\" content=\"article\" \/>\n<meta property=\"og:title\" content=\"ICON 2 SUPERBE COUPLES VIBRADOR PARA PAREJAS CON MANDO - Tienda Er\u00f3tica\" \/>\n<meta property=\"og:description\" content=\"ICON 2 SUPERBE COUPLES MASS El masajeador para parejas Icon Superbe de TOYJOY Designer Edition es la mezcla perfecta de\" \/>\n<meta property=\"og:url\" content=\"https:\/\/demoweb.info\/sexshop001\/producto\/icon-2-superbe-couples-vibrador-para-parejas-con-mando\/\" \/>\n<meta property=\"og:site_name\" content=\"Tienda Er\u00f3tica\" \/>\n<meta property=\"article:modified_time\" content=\"2022-01-22T09:04:26+00:00\" \/>\n<meta property=\"og:image\" content=\"https:\/\/demoweb.info\/sexshop001\/wp-content\/uploads\/2022\/01\/ICON-2-SUPERBE-COUPLES-VIBRADOR-PARA-PAREJAS-CON-MANDO.jpg\" \/>\n\t<meta property=\"og:image:width\" content=\"550\" \/>\n\t<meta property=\"og:image:height\" content=\"550\" \/>\n\t<meta property=\"og:image:type\" content=\"image\/jpeg\" \/>\n<meta name=\"twitter:card\" content=\"summary_large_image\" \/>\n<meta name=\"twitter:label1\" content=\"Tiempo de lectura\" \/>\n\t<meta name=\"twitter:data1\" content=\"1 minuto\" \/>\n<script type=\"application\/ld+json\" class=\"yoast-schema-graph\">{\"@context\":\"https:\/\/schema.org\",\"@graph\":[{\"@type\":\"WebPage\",\"@id\":\"https:\/\/demoweb.info\/sexshop001\/producto\/icon-2-superbe-couples-vibrador-para-parejas-con-mando\/\",\"url\":\"https:\/\/demoweb.info\/sexshop001\/producto\/icon-2-superbe-couples-vibrador-para-parejas-con-mando\/\",\"name\":\"ICON 2 SUPERBE COUPLES VIBRADOR PARA PAREJAS CON MANDO - Tienda Er\u00f3tica\",\"isPartOf\":{\"@id\":\"https:\/\/demoweb.info\/sexshop001\/#website\"},\"datePublished\":\"2022-01-22T09:04:20+00:00\",\"dateModified\":\"2022-01-22T09:04:26+00:00\",\"breadcrumb\":{\"@id\":\"https:\/\/demoweb.info\/sexshop001\/producto\/icon-2-superbe-couples-vibrador-para-parejas-con-mando\/#breadcrumb\"},\"inLanguage\":\"es\",\"potentialAction\":[{\"@type\":\"ReadAction\",\"target\":[\"https:\/\/demoweb.info\/sexshop001\/producto\/icon-2-superbe-couples-vibrador-para-parejas-con-mando\/\"]}]},{\"@type\":\"BreadcrumbList\",\"@id\":\"https:\/\/demoweb.info\/sexshop001\/producto\/icon-2-superbe-couples-vibrador-para-parejas-con-mando\/#breadcrumb\",\"itemListElement\":[{\"@type\":\"ListItem\",\"position\":1,\"name\":\"Portada\",\"item\":\"https:\/\/demoweb.info\/sexshop001\/\"},{\"@type\":\"ListItem\",\"position\":2,\"name\":\"Tienda\",\"item\":\"https:\/\/demoweb.info\/sexshop001\/tienda\/\"},{\"@type\":\"ListItem\",\"position\":3,\"name\":\"ICON 2 SUPERBE COUPLES VIBRADOR PARA PAREJAS CON MANDO\"}]},{\"@type\":\"WebSite\",\"@id\":\"https:\/\/demoweb.info\/sexshop001\/#website\",\"url\":\"https:\/\/demoweb.info\/sexshop001\/\",\"name\":\"Tienda Er\u00f3tica\",\"description\":\"DEMOWEB SL\",\"potentialAction\":[{\"@type\":\"SearchAction\",\"target\":{\"@type\":\"EntryPoint\",\"urlTemplate\":\"https:\/\/demoweb.info\/sexshop001\/?s={search_term_string}\"},\"query-input\":\"required name=search_term_string\"}],\"inLanguage\":\"es\"}]}<\/script>\n<!-- \/ Yoast SEO plugin. -->","yoast_head_json":{"title":"ICON 2 SUPERBE COUPLES VIBRADOR PARA PAREJAS CON MANDO - Tienda Er\u00f3tica","robots":{"index":"noindex","follow":"follow","max-snippet":"max-snippet:-1","max-image-preview":"max-image-preview:large","max-video-preview":"max-video-preview:-1"},"og_locale":"es_ES","og_type":"article","og_title":"ICON 2 SUPERBE COUPLES VIBRADOR PARA PAREJAS CON MANDO - Tienda Er\u00f3tica","og_description":"ICON 2 SUPERBE COUPLES MASS El masajeador para parejas Icon Superbe de TOYJOY Designer Edition es la mezcla perfecta de","og_url":"https:\/\/demoweb.info\/sexshop001\/producto\/icon-2-superbe-couples-vibrador-para-parejas-con-mando\/","og_site_name":"Tienda Er\u00f3tica","article_modified_time":"2022-01-22T09:04:26+00:00","og_image":[{"width":550,"height":550,"url":"https:\/\/demoweb.info\/sexshop001\/wp-content\/uploads\/2022\/01\/ICON-2-SUPERBE-COUPLES-VIBRADOR-PARA-PAREJAS-CON-MANDO.jpg","type":"image\/jpeg"}],"twitter_card":"summary_large_image","twitter_misc":{"Tiempo de lectura":"1 minuto"},"schema":{"@context":"https:\/\/schema.org","@graph":[{"@type":"WebPage","@id":"https:\/\/demoweb.info\/sexshop001\/producto\/icon-2-superbe-couples-vibrador-para-parejas-con-mando\/","url":"https:\/\/demoweb.info\/sexshop001\/producto\/icon-2-superbe-couples-vibrador-para-parejas-con-mando\/","name":"ICON 2 SUPERBE COUPLES VIBRADOR PARA PAREJAS CON MANDO - Tienda Er\u00f3tica","isPartOf":{"@id":"https:\/\/demoweb.info\/sexshop001\/#website"},"datePublished":"2022-01-22T09:04:20+00:00","dateModified":"2022-01-22T09:04:26+00:00","breadcrumb":{"@id":"https:\/\/demoweb.info\/sexshop001\/producto\/icon-2-superbe-couples-vibrador-para-parejas-con-mando\/#breadcrumb"},"inLanguage":"es","potentialAction":[{"@type":"ReadAction","target":["https:\/\/demoweb.info\/sexshop001\/producto\/icon-2-superbe-couples-vibrador-para-parejas-con-mando\/"]}]},{"@type":"BreadcrumbList","@id":"https:\/\/demoweb.info\/sexshop001\/producto\/icon-2-superbe-couples-vibrador-para-parejas-con-mando\/#breadcrumb","itemListElement":[{"@type":"ListItem","position":1,"name":"Portada","item":"https:\/\/demoweb.info\/sexshop001\/"},{"@type":"ListItem","position":2,"name":"Tienda","item":"https:\/\/demoweb.info\/sexshop001\/tienda\/"},{"@type":"ListItem","position":3,"name":"ICON 2 SUPERBE COUPLES VIBRADOR PARA PAREJAS CON MANDO"}]},{"@type":"WebSite","@id":"https:\/\/demoweb.info\/sexshop001\/#website","url":"https:\/\/demoweb.info\/sexshop001\/","name":"Tienda Er\u00f3tica","description":"DEMOWEB SL","potentialAction":[{"@type":"SearchAction","target":{"@type":"EntryPoint","urlTemplate":"https:\/\/demoweb.info\/sexshop001\/?s={search_term_string}"},"query-input":"required name=search_term_string"}],"inLanguage":"es"}]}},"_links":{"self":[{"href":"https:\/\/demoweb.info\/sexshop001\/wp-json\/wp\/v3\/product\/12215","targetHints":{"allow":["GET"]}}],"collection":[{"href":"https:\/\/demoweb.info\/sexshop001\/wp-json\/wp\/v3\/product"}],"about":[{"href":"https:\/\/demoweb.info\/sexshop001\/wp-json\/wp\/v2\/types\/product"}],"replies":[{"embeddable":true,"href":"https:\/\/demoweb.info\/sexshop001\/wp-json\/wp\/v2\/comments?post=12215"}],"wp:featuredmedia":[{"embeddable":true,"href":"https:\/\/demoweb.info\/sexshop001\/wp-json\/wp\/v2\/media\/12216"}],"wp:attachment":[{"href":"https:\/\/demoweb.info\/sexshop001\/wp-json\/wp\/v2\/media?parent=12215"}],"wp:term":[{"taxonomy":"product_cat","embeddable":true,"href":"https:\/\/demoweb.info\/sexshop001\/wp-json\/wp\/v2\/product_cat?post=12215"},{"taxonomy":"product_tag","embeddable":true,"href":"https:\/\/demoweb.info\/sexshop001\/wp-json\/wp\/v2\/product_tag?post=12215"}],"curies":[{"name":"wp","href":"https:\/\/api.w.org\/{rel}","templated":true}]}}