{"id":12147,"date":"2022-01-22T10:03:26","date_gmt":"2022-01-22T09:03:26","guid":{"rendered":"https:\/\/demoweb.info\/sexshop001\/producto\/karlie-redd-ultraskyn-stroker-masturbador-vagina\/"},"modified":"2022-01-22T10:03:53","modified_gmt":"2022-01-22T09:03:53","slug":"karlie-redd-ultraskyn-stroker-masturbador-vagina","status":"publish","type":"product","link":"https:\/\/demoweb.info\/sexshop001\/producto\/karlie-redd-ultraskyn-stroker-masturbador-vagina\/","title":{"rendered":"KARLIE REDD &#8211; ULTRASKYN STROKER &#8211; MASTURBADOR VAGINA"},"content":{"rendered":"<p><strong>CELEBRITY GIRLS &#8211; KARLIE REDD &#8211; ULTRASKYN STROKER &#8211; PUSSY &#8211; CARA<\/strong><\/p>\n<p>Karlie Redd, Star of Love y Hip Hop: Atlanta, se ha unido a la l\u00ednea Main Squeeze de Doc Johnson con su propio masturbador r\u00edgido.<\/p>\n<p>Est\u00e1 dise\u00f1ado para poner el poder en tus manos y presenta un agarre exprimible y una tapa de ajuste de succi\u00f3n que te permite variar cada golpe.<\/p>\n<p>Moldeado directamente del cuerpo de Karlie, este stroker ULTRASKYN se ve y se siente como el verdadero.<\/p>\n<p>Cada manga ULTRASKYN presenta un interior con textura diferente, lo que hace que su experiencia sea tan \u00fanica como cada una de nuestras sexys chicas de Main Squeeze.<\/p>\n<p>El dise\u00f1o r\u00edgido de doble tapa sirve como un discreto estuche de viaje y almacenamiento, manteniendo su Main Squeeze fresco y listo para cuando le apetezca.<\/p>\n<ul>\n<li>Di\u00e1metro del producto : 8,4 cm<\/li>\n<li>Longitud insertable :22,1 cm<\/li>\n<li>Materiales :TPE\/ABS<\/li>\n<\/ul>\n","protected":false},"excerpt":{"rendered":"<p>CELEBRITY GIRLS &#8211; KARLIE REDD &#8211; ULTRASKYN STROKER &#8211; PUSSY &#8211; CARA Karlie Redd, Star of Love y Hip Hop:<\/p>\n","protected":false},"featured_media":12148,"comment_status":"open","ping_status":"open","template":"","meta":[],"product_cat":[541],"product_tag":[460,652],"class_list":["post-12147","product","type-product","status-publish","has-post-thumbnail","hentry","product_cat-vaginas","product_tag-doc-johnson","product_tag-main-squeeze"],"bundled_by":[],"bundle_stock_status":"instock","bundle_stock_quantity":3,"bundle_virtual":false,"bundle_layout":"","bundle_add_to_cart_form_location":"","bundle_editable_in_cart":false,"bundle_sold_individually_context":"","bundle_item_grouping":"","bundle_min_size":"","bundle_max_size":"","bundled_items":[],"yoast_head":"<!-- This site is optimized with the Yoast SEO plugin v20.6 - https:\/\/yoast.com\/wordpress\/plugins\/seo\/ -->\n<title>KARLIE REDD - ULTRASKYN STROKER - MASTURBADOR VAGINA - Tienda Er\u00f3tica<\/title>\n<meta name=\"robots\" content=\"noindex, follow, max-snippet:-1, max-image-preview:large, max-video-preview:-1\" \/>\n<meta property=\"og:locale\" content=\"es_ES\" \/>\n<meta property=\"og:type\" content=\"article\" \/>\n<meta property=\"og:title\" content=\"KARLIE REDD - ULTRASKYN STROKER - MASTURBADOR VAGINA - Tienda Er\u00f3tica\" \/>\n<meta property=\"og:description\" content=\"CELEBRITY GIRLS &#8211; KARLIE REDD &#8211; ULTRASKYN STROKER &#8211; PUSSY &#8211; CARA Karlie Redd, Star of Love y Hip Hop:\" \/>\n<meta property=\"og:url\" content=\"https:\/\/demoweb.info\/sexshop001\/producto\/karlie-redd-ultraskyn-stroker-masturbador-vagina\/\" \/>\n<meta property=\"og:site_name\" content=\"Tienda Er\u00f3tica\" \/>\n<meta property=\"article:modified_time\" content=\"2022-01-22T09:03:53+00:00\" \/>\n<meta property=\"og:image\" content=\"https:\/\/demoweb.info\/sexshop001\/wp-content\/uploads\/2022\/01\/KARLIE-REDD-ULTRASKYN-STROKER-MASTURBADOR-VAGINA.jpg\" \/>\n\t<meta property=\"og:image:width\" content=\"550\" \/>\n\t<meta property=\"og:image:height\" content=\"550\" \/>\n\t<meta property=\"og:image:type\" content=\"image\/jpeg\" \/>\n<meta name=\"twitter:card\" content=\"summary_large_image\" \/>\n<meta name=\"twitter:label1\" content=\"Tiempo de lectura\" \/>\n\t<meta name=\"twitter:data1\" content=\"1 minuto\" \/>\n<script type=\"application\/ld+json\" class=\"yoast-schema-graph\">{\"@context\":\"https:\/\/schema.org\",\"@graph\":[{\"@type\":\"WebPage\",\"@id\":\"https:\/\/demoweb.info\/sexshop001\/producto\/karlie-redd-ultraskyn-stroker-masturbador-vagina\/\",\"url\":\"https:\/\/demoweb.info\/sexshop001\/producto\/karlie-redd-ultraskyn-stroker-masturbador-vagina\/\",\"name\":\"KARLIE REDD - ULTRASKYN STROKER - MASTURBADOR VAGINA - Tienda Er\u00f3tica\",\"isPartOf\":{\"@id\":\"https:\/\/demoweb.info\/sexshop001\/#website\"},\"datePublished\":\"2022-01-22T09:03:26+00:00\",\"dateModified\":\"2022-01-22T09:03:53+00:00\",\"breadcrumb\":{\"@id\":\"https:\/\/demoweb.info\/sexshop001\/producto\/karlie-redd-ultraskyn-stroker-masturbador-vagina\/#breadcrumb\"},\"inLanguage\":\"es\",\"potentialAction\":[{\"@type\":\"ReadAction\",\"target\":[\"https:\/\/demoweb.info\/sexshop001\/producto\/karlie-redd-ultraskyn-stroker-masturbador-vagina\/\"]}]},{\"@type\":\"BreadcrumbList\",\"@id\":\"https:\/\/demoweb.info\/sexshop001\/producto\/karlie-redd-ultraskyn-stroker-masturbador-vagina\/#breadcrumb\",\"itemListElement\":[{\"@type\":\"ListItem\",\"position\":1,\"name\":\"Portada\",\"item\":\"https:\/\/demoweb.info\/sexshop001\/\"},{\"@type\":\"ListItem\",\"position\":2,\"name\":\"Tienda\",\"item\":\"https:\/\/demoweb.info\/sexshop001\/tienda\/\"},{\"@type\":\"ListItem\",\"position\":3,\"name\":\"KARLIE REDD &#8211; ULTRASKYN STROKER &#8211; MASTURBADOR VAGINA\"}]},{\"@type\":\"WebSite\",\"@id\":\"https:\/\/demoweb.info\/sexshop001\/#website\",\"url\":\"https:\/\/demoweb.info\/sexshop001\/\",\"name\":\"Tienda Er\u00f3tica\",\"description\":\"DEMOWEB SL\",\"potentialAction\":[{\"@type\":\"SearchAction\",\"target\":{\"@type\":\"EntryPoint\",\"urlTemplate\":\"https:\/\/demoweb.info\/sexshop001\/?s={search_term_string}\"},\"query-input\":\"required name=search_term_string\"}],\"inLanguage\":\"es\"}]}<\/script>\n<!-- \/ Yoast SEO plugin. -->","yoast_head_json":{"title":"KARLIE REDD - ULTRASKYN STROKER - MASTURBADOR VAGINA - Tienda Er\u00f3tica","robots":{"index":"noindex","follow":"follow","max-snippet":"max-snippet:-1","max-image-preview":"max-image-preview:large","max-video-preview":"max-video-preview:-1"},"og_locale":"es_ES","og_type":"article","og_title":"KARLIE REDD - ULTRASKYN STROKER - MASTURBADOR VAGINA - Tienda Er\u00f3tica","og_description":"CELEBRITY GIRLS &#8211; KARLIE REDD &#8211; ULTRASKYN STROKER &#8211; PUSSY &#8211; CARA Karlie Redd, Star of Love y Hip Hop:","og_url":"https:\/\/demoweb.info\/sexshop001\/producto\/karlie-redd-ultraskyn-stroker-masturbador-vagina\/","og_site_name":"Tienda Er\u00f3tica","article_modified_time":"2022-01-22T09:03:53+00:00","og_image":[{"width":550,"height":550,"url":"https:\/\/demoweb.info\/sexshop001\/wp-content\/uploads\/2022\/01\/KARLIE-REDD-ULTRASKYN-STROKER-MASTURBADOR-VAGINA.jpg","type":"image\/jpeg"}],"twitter_card":"summary_large_image","twitter_misc":{"Tiempo de lectura":"1 minuto"},"schema":{"@context":"https:\/\/schema.org","@graph":[{"@type":"WebPage","@id":"https:\/\/demoweb.info\/sexshop001\/producto\/karlie-redd-ultraskyn-stroker-masturbador-vagina\/","url":"https:\/\/demoweb.info\/sexshop001\/producto\/karlie-redd-ultraskyn-stroker-masturbador-vagina\/","name":"KARLIE REDD - ULTRASKYN STROKER - MASTURBADOR VAGINA - Tienda Er\u00f3tica","isPartOf":{"@id":"https:\/\/demoweb.info\/sexshop001\/#website"},"datePublished":"2022-01-22T09:03:26+00:00","dateModified":"2022-01-22T09:03:53+00:00","breadcrumb":{"@id":"https:\/\/demoweb.info\/sexshop001\/producto\/karlie-redd-ultraskyn-stroker-masturbador-vagina\/#breadcrumb"},"inLanguage":"es","potentialAction":[{"@type":"ReadAction","target":["https:\/\/demoweb.info\/sexshop001\/producto\/karlie-redd-ultraskyn-stroker-masturbador-vagina\/"]}]},{"@type":"BreadcrumbList","@id":"https:\/\/demoweb.info\/sexshop001\/producto\/karlie-redd-ultraskyn-stroker-masturbador-vagina\/#breadcrumb","itemListElement":[{"@type":"ListItem","position":1,"name":"Portada","item":"https:\/\/demoweb.info\/sexshop001\/"},{"@type":"ListItem","position":2,"name":"Tienda","item":"https:\/\/demoweb.info\/sexshop001\/tienda\/"},{"@type":"ListItem","position":3,"name":"KARLIE REDD &#8211; ULTRASKYN STROKER &#8211; MASTURBADOR VAGINA"}]},{"@type":"WebSite","@id":"https:\/\/demoweb.info\/sexshop001\/#website","url":"https:\/\/demoweb.info\/sexshop001\/","name":"Tienda Er\u00f3tica","description":"DEMOWEB SL","potentialAction":[{"@type":"SearchAction","target":{"@type":"EntryPoint","urlTemplate":"https:\/\/demoweb.info\/sexshop001\/?s={search_term_string}"},"query-input":"required name=search_term_string"}],"inLanguage":"es"}]}},"_links":{"self":[{"href":"https:\/\/demoweb.info\/sexshop001\/wp-json\/wp\/v3\/product\/12147","targetHints":{"allow":["GET"]}}],"collection":[{"href":"https:\/\/demoweb.info\/sexshop001\/wp-json\/wp\/v3\/product"}],"about":[{"href":"https:\/\/demoweb.info\/sexshop001\/wp-json\/wp\/v2\/types\/product"}],"replies":[{"embeddable":true,"href":"https:\/\/demoweb.info\/sexshop001\/wp-json\/wp\/v2\/comments?post=12147"}],"wp:featuredmedia":[{"embeddable":true,"href":"https:\/\/demoweb.info\/sexshop001\/wp-json\/wp\/v2\/media\/12148"}],"wp:attachment":[{"href":"https:\/\/demoweb.info\/sexshop001\/wp-json\/wp\/v2\/media?parent=12147"}],"wp:term":[{"taxonomy":"product_cat","embeddable":true,"href":"https:\/\/demoweb.info\/sexshop001\/wp-json\/wp\/v2\/product_cat?post=12147"},{"taxonomy":"product_tag","embeddable":true,"href":"https:\/\/demoweb.info\/sexshop001\/wp-json\/wp\/v2\/product_tag?post=12147"}],"curies":[{"name":"wp","href":"https:\/\/api.w.org\/{rel}","templated":true}]}}