{"id":12102,"date":"2022-01-22T10:03:26","date_gmt":"2022-01-22T09:03:26","guid":{"rendered":"https:\/\/demoweb.info\/sexshop001\/producto\/nexus-rev-masajeador-de-prostata-con-mando\/"},"modified":"2022-01-22T10:03:30","modified_gmt":"2022-01-22T09:03:30","slug":"nexus-rev-masajeador-de-prostata-con-mando","status":"publish","type":"product","link":"https:\/\/demoweb.info\/sexshop001\/producto\/nexus-rev-masajeador-de-prostata-con-mando\/","title":{"rendered":"NEXUS REV &#8211; MASAJEADOR DE PROSTATA CON MANDO"},"content":{"rendered":"<p><strong>REVO EXTREME WATERPROOF REMOTE CONTROL ROTATING PROSTATE MASSAGE<\/strong><\/p>\n<p>\u00a1Nexus Revo Extreme no es para los d\u00e9biles de coraz\u00f3n! Desarrollado debido a la demanda del cliente, este Revo tiene un eje extra ancho para el m\u00e1ximo cumplimiento.<\/p>\n<p>El eje circunferencial bi de 2 velocidades masajea la pr\u00f3stata, mientras que el perineo es estimulado por una elecci\u00f3n de 6 configuraciones de vibraci\u00f3n simult\u00e1neamente por la base n\u00f3dula vibratoria.<\/p>\n<p>Revo Extreme es resistente al agua y recargable al igual que el control remoto delgado que viene con.<\/p>\n<p>Explore las 34 combinaciones de placer solo o en pareja, \u00a1incluso ll\u00e9velo al ba\u00f1o o a la ducha!<\/p>\n<ul>\n<li>Di\u00e1metro del producto :5,4 cm<\/li>\n<li>Longitud insertable :10cm<\/li>\n<li>Cantidad de motores :1<\/li>\n<li>Tipos de velocidad :6<\/li>\n<li>Recargable : S\u00ed<\/li>\n<li>Tiempo de recarga : 210 min<\/li>\n<li>Vida de la recarga de las bater\u00edas :600 min<\/li>\n<li>A prueba de agua . S\u00ed<\/li>\n<li>Libre de ftalato : S\u00ed<\/li>\n<li>Materiales : Silicona<\/li>\n<\/ul>\n","protected":false},"excerpt":{"rendered":"<p>REVO EXTREME WATERPROOF REMOTE CONTROL ROTATING PROSTATE MASSAGE \u00a1Nexus Revo Extreme no es para los d\u00e9biles de coraz\u00f3n! Desarrollado debido<\/p>\n","protected":false},"featured_media":12103,"comment_status":"open","ping_status":"open","template":"","meta":[],"product_cat":[301],"product_tag":[296],"class_list":["post-12102","product","type-product","status-publish","has-post-thumbnail","hentry","product_cat-punto-p","product_tag-nexus"],"bundled_by":[],"bundle_stock_status":"instock","bundle_stock_quantity":1,"bundle_virtual":false,"bundle_layout":"","bundle_add_to_cart_form_location":"","bundle_editable_in_cart":false,"bundle_sold_individually_context":"","bundle_item_grouping":"","bundle_min_size":"","bundle_max_size":"","bundled_items":[],"yoast_head":"<!-- This site is optimized with the Yoast SEO plugin v20.6 - https:\/\/yoast.com\/wordpress\/plugins\/seo\/ -->\n<title>NEXUS REV - MASAJEADOR DE PROSTATA CON MANDO - Tienda Er\u00f3tica<\/title>\n<meta name=\"robots\" content=\"noindex, follow, max-snippet:-1, max-image-preview:large, max-video-preview:-1\" \/>\n<meta property=\"og:locale\" content=\"es_ES\" \/>\n<meta property=\"og:type\" content=\"article\" \/>\n<meta property=\"og:title\" content=\"NEXUS REV - MASAJEADOR DE PROSTATA CON MANDO - Tienda Er\u00f3tica\" \/>\n<meta property=\"og:description\" content=\"REVO EXTREME WATERPROOF REMOTE CONTROL ROTATING PROSTATE MASSAGE \u00a1Nexus Revo Extreme no es para los d\u00e9biles de coraz\u00f3n! Desarrollado debido\" \/>\n<meta property=\"og:url\" content=\"https:\/\/demoweb.info\/sexshop001\/producto\/nexus-rev-masajeador-de-prostata-con-mando\/\" \/>\n<meta property=\"og:site_name\" content=\"Tienda Er\u00f3tica\" \/>\n<meta property=\"article:modified_time\" content=\"2022-01-22T09:03:30+00:00\" \/>\n<meta property=\"og:image\" content=\"https:\/\/demoweb.info\/sexshop001\/wp-content\/uploads\/2022\/01\/NEXUS-REV-MASAJEADOR-DE-PROSTATA-CON-MANDO.jpg\" \/>\n\t<meta property=\"og:image:width\" content=\"550\" \/>\n\t<meta property=\"og:image:height\" content=\"550\" \/>\n\t<meta property=\"og:image:type\" content=\"image\/jpeg\" \/>\n<meta name=\"twitter:card\" content=\"summary_large_image\" \/>\n<meta name=\"twitter:label1\" content=\"Tiempo de lectura\" \/>\n\t<meta name=\"twitter:data1\" content=\"1 minuto\" \/>\n<script type=\"application\/ld+json\" class=\"yoast-schema-graph\">{\"@context\":\"https:\/\/schema.org\",\"@graph\":[{\"@type\":\"WebPage\",\"@id\":\"https:\/\/demoweb.info\/sexshop001\/producto\/nexus-rev-masajeador-de-prostata-con-mando\/\",\"url\":\"https:\/\/demoweb.info\/sexshop001\/producto\/nexus-rev-masajeador-de-prostata-con-mando\/\",\"name\":\"NEXUS REV - MASAJEADOR DE PROSTATA CON MANDO - Tienda Er\u00f3tica\",\"isPartOf\":{\"@id\":\"https:\/\/demoweb.info\/sexshop001\/#website\"},\"datePublished\":\"2022-01-22T09:03:26+00:00\",\"dateModified\":\"2022-01-22T09:03:30+00:00\",\"breadcrumb\":{\"@id\":\"https:\/\/demoweb.info\/sexshop001\/producto\/nexus-rev-masajeador-de-prostata-con-mando\/#breadcrumb\"},\"inLanguage\":\"es\",\"potentialAction\":[{\"@type\":\"ReadAction\",\"target\":[\"https:\/\/demoweb.info\/sexshop001\/producto\/nexus-rev-masajeador-de-prostata-con-mando\/\"]}]},{\"@type\":\"BreadcrumbList\",\"@id\":\"https:\/\/demoweb.info\/sexshop001\/producto\/nexus-rev-masajeador-de-prostata-con-mando\/#breadcrumb\",\"itemListElement\":[{\"@type\":\"ListItem\",\"position\":1,\"name\":\"Portada\",\"item\":\"https:\/\/demoweb.info\/sexshop001\/\"},{\"@type\":\"ListItem\",\"position\":2,\"name\":\"Tienda\",\"item\":\"https:\/\/demoweb.info\/sexshop001\/tienda\/\"},{\"@type\":\"ListItem\",\"position\":3,\"name\":\"NEXUS REV &#8211; MASAJEADOR DE PROSTATA CON MANDO\"}]},{\"@type\":\"WebSite\",\"@id\":\"https:\/\/demoweb.info\/sexshop001\/#website\",\"url\":\"https:\/\/demoweb.info\/sexshop001\/\",\"name\":\"Tienda Er\u00f3tica\",\"description\":\"DEMOWEB SL\",\"potentialAction\":[{\"@type\":\"SearchAction\",\"target\":{\"@type\":\"EntryPoint\",\"urlTemplate\":\"https:\/\/demoweb.info\/sexshop001\/?s={search_term_string}\"},\"query-input\":\"required name=search_term_string\"}],\"inLanguage\":\"es\"}]}<\/script>\n<!-- \/ Yoast SEO plugin. -->","yoast_head_json":{"title":"NEXUS REV - MASAJEADOR DE PROSTATA CON MANDO - Tienda Er\u00f3tica","robots":{"index":"noindex","follow":"follow","max-snippet":"max-snippet:-1","max-image-preview":"max-image-preview:large","max-video-preview":"max-video-preview:-1"},"og_locale":"es_ES","og_type":"article","og_title":"NEXUS REV - MASAJEADOR DE PROSTATA CON MANDO - Tienda Er\u00f3tica","og_description":"REVO EXTREME WATERPROOF REMOTE CONTROL ROTATING PROSTATE MASSAGE \u00a1Nexus Revo Extreme no es para los d\u00e9biles de coraz\u00f3n! Desarrollado debido","og_url":"https:\/\/demoweb.info\/sexshop001\/producto\/nexus-rev-masajeador-de-prostata-con-mando\/","og_site_name":"Tienda Er\u00f3tica","article_modified_time":"2022-01-22T09:03:30+00:00","og_image":[{"width":550,"height":550,"url":"https:\/\/demoweb.info\/sexshop001\/wp-content\/uploads\/2022\/01\/NEXUS-REV-MASAJEADOR-DE-PROSTATA-CON-MANDO.jpg","type":"image\/jpeg"}],"twitter_card":"summary_large_image","twitter_misc":{"Tiempo de lectura":"1 minuto"},"schema":{"@context":"https:\/\/schema.org","@graph":[{"@type":"WebPage","@id":"https:\/\/demoweb.info\/sexshop001\/producto\/nexus-rev-masajeador-de-prostata-con-mando\/","url":"https:\/\/demoweb.info\/sexshop001\/producto\/nexus-rev-masajeador-de-prostata-con-mando\/","name":"NEXUS REV - MASAJEADOR DE PROSTATA CON MANDO - Tienda Er\u00f3tica","isPartOf":{"@id":"https:\/\/demoweb.info\/sexshop001\/#website"},"datePublished":"2022-01-22T09:03:26+00:00","dateModified":"2022-01-22T09:03:30+00:00","breadcrumb":{"@id":"https:\/\/demoweb.info\/sexshop001\/producto\/nexus-rev-masajeador-de-prostata-con-mando\/#breadcrumb"},"inLanguage":"es","potentialAction":[{"@type":"ReadAction","target":["https:\/\/demoweb.info\/sexshop001\/producto\/nexus-rev-masajeador-de-prostata-con-mando\/"]}]},{"@type":"BreadcrumbList","@id":"https:\/\/demoweb.info\/sexshop001\/producto\/nexus-rev-masajeador-de-prostata-con-mando\/#breadcrumb","itemListElement":[{"@type":"ListItem","position":1,"name":"Portada","item":"https:\/\/demoweb.info\/sexshop001\/"},{"@type":"ListItem","position":2,"name":"Tienda","item":"https:\/\/demoweb.info\/sexshop001\/tienda\/"},{"@type":"ListItem","position":3,"name":"NEXUS REV &#8211; MASAJEADOR DE PROSTATA CON MANDO"}]},{"@type":"WebSite","@id":"https:\/\/demoweb.info\/sexshop001\/#website","url":"https:\/\/demoweb.info\/sexshop001\/","name":"Tienda Er\u00f3tica","description":"DEMOWEB SL","potentialAction":[{"@type":"SearchAction","target":{"@type":"EntryPoint","urlTemplate":"https:\/\/demoweb.info\/sexshop001\/?s={search_term_string}"},"query-input":"required name=search_term_string"}],"inLanguage":"es"}]}},"_links":{"self":[{"href":"https:\/\/demoweb.info\/sexshop001\/wp-json\/wp\/v3\/product\/12102","targetHints":{"allow":["GET"]}}],"collection":[{"href":"https:\/\/demoweb.info\/sexshop001\/wp-json\/wp\/v3\/product"}],"about":[{"href":"https:\/\/demoweb.info\/sexshop001\/wp-json\/wp\/v2\/types\/product"}],"replies":[{"embeddable":true,"href":"https:\/\/demoweb.info\/sexshop001\/wp-json\/wp\/v2\/comments?post=12102"}],"wp:featuredmedia":[{"embeddable":true,"href":"https:\/\/demoweb.info\/sexshop001\/wp-json\/wp\/v2\/media\/12103"}],"wp:attachment":[{"href":"https:\/\/demoweb.info\/sexshop001\/wp-json\/wp\/v2\/media?parent=12102"}],"wp:term":[{"taxonomy":"product_cat","embeddable":true,"href":"https:\/\/demoweb.info\/sexshop001\/wp-json\/wp\/v2\/product_cat?post=12102"},{"taxonomy":"product_tag","embeddable":true,"href":"https:\/\/demoweb.info\/sexshop001\/wp-json\/wp\/v2\/product_tag?post=12102"}],"curies":[{"name":"wp","href":"https:\/\/api.w.org\/{rel}","templated":true}]}}