{"id":12094,"date":"2022-01-22T10:03:26","date_gmt":"2022-01-22T09:03:26","guid":{"rendered":"https:\/\/demoweb.info\/sexshop001\/producto\/nexus-excite-bolas-anales-silicona-negro\/"},"modified":"2022-01-22T10:03:26","modified_gmt":"2022-01-22T09:03:26","slug":"nexus-excite-bolas-anales-silicona-negro","status":"publish","type":"product","link":"https:\/\/demoweb.info\/sexshop001\/producto\/nexus-excite-bolas-anales-silicona-negro\/","title":{"rendered":"NEXUS EXCITE &#8211; BOLAS ANALES SILICONA , NEGRO"},"content":{"rendered":"<p><strong>EXCITE MEDIUM SILICONE ANAL BEADS &#8211; BLACK<\/strong><\/p>\n<p>Estas cuerdas anales medianas est\u00e1n hechas de silicona suave y sedosa y son perfectas para usuarios intermedios.<\/p>\n<p>\u00a1P\u00e1salos y s\u00e1calos en el punto culminante para obtener sensaciones incre\u00edbles que te encantar\u00e1n!<\/p>\n<ul>\n<li>Peso del producto : 51 gramos <\/li>\n<li>Diametro del producto : 2,5 cm <\/li>\n<li>Longitud insertable: 17,5 cm ,<\/li>\n<li>A prueba de agua: Si <\/li>\n<li>Libre de flatalo: Si <\/li>\n<li>Materiales : Silicona<\/li>\n<\/ul>\n","protected":false},"excerpt":{"rendered":"<p>EXCITE MEDIUM SILICONE ANAL BEADS &#8211; BLACK Estas cuerdas anales medianas est\u00e1n hechas de silicona suave y sedosa y son<\/p>\n","protected":false},"featured_media":12095,"comment_status":"open","ping_status":"open","template":"","meta":[],"product_cat":[320],"product_tag":[296],"class_list":["post-12094","product","type-product","status-publish","has-post-thumbnail","hentry","product_cat-silicona-bolas-y-huevos","product_tag-nexus"],"bundled_by":[],"bundle_stock_status":"instock","bundle_stock_quantity":1,"bundle_virtual":false,"bundle_layout":"","bundle_add_to_cart_form_location":"","bundle_editable_in_cart":false,"bundle_sold_individually_context":"","bundle_item_grouping":"","bundle_min_size":"","bundle_max_size":"","bundled_items":[],"yoast_head":"<!-- This site is optimized with the Yoast SEO plugin v20.6 - https:\/\/yoast.com\/wordpress\/plugins\/seo\/ -->\n<title>NEXUS EXCITE - BOLAS ANALES SILICONA , NEGRO - Tienda Er\u00f3tica<\/title>\n<meta name=\"robots\" content=\"noindex, follow, max-snippet:-1, max-image-preview:large, max-video-preview:-1\" \/>\n<meta property=\"og:locale\" content=\"es_ES\" \/>\n<meta property=\"og:type\" content=\"article\" \/>\n<meta property=\"og:title\" content=\"NEXUS EXCITE - BOLAS ANALES SILICONA , NEGRO - Tienda Er\u00f3tica\" \/>\n<meta property=\"og:description\" content=\"EXCITE MEDIUM SILICONE ANAL BEADS &#8211; BLACK Estas cuerdas anales medianas est\u00e1n hechas de silicona suave y sedosa y son\" \/>\n<meta property=\"og:url\" content=\"https:\/\/demoweb.info\/sexshop001\/producto\/nexus-excite-bolas-anales-silicona-negro\/\" \/>\n<meta property=\"og:site_name\" content=\"Tienda Er\u00f3tica\" \/>\n<meta property=\"og:image\" content=\"https:\/\/demoweb.info\/sexshop001\/wp-content\/uploads\/2022\/01\/NEXUS-EXCITE-BOLAS-ANALES-SILICONA-NEGRO.jpg\" \/>\n\t<meta property=\"og:image:width\" content=\"550\" \/>\n\t<meta property=\"og:image:height\" content=\"550\" \/>\n\t<meta property=\"og:image:type\" content=\"image\/jpeg\" \/>\n<meta name=\"twitter:card\" content=\"summary_large_image\" \/>\n<script type=\"application\/ld+json\" class=\"yoast-schema-graph\">{\"@context\":\"https:\/\/schema.org\",\"@graph\":[{\"@type\":\"WebPage\",\"@id\":\"https:\/\/demoweb.info\/sexshop001\/producto\/nexus-excite-bolas-anales-silicona-negro\/\",\"url\":\"https:\/\/demoweb.info\/sexshop001\/producto\/nexus-excite-bolas-anales-silicona-negro\/\",\"name\":\"NEXUS EXCITE - BOLAS ANALES SILICONA , NEGRO - Tienda Er\u00f3tica\",\"isPartOf\":{\"@id\":\"https:\/\/demoweb.info\/sexshop001\/#website\"},\"datePublished\":\"2022-01-22T09:03:26+00:00\",\"dateModified\":\"2022-01-22T09:03:26+00:00\",\"breadcrumb\":{\"@id\":\"https:\/\/demoweb.info\/sexshop001\/producto\/nexus-excite-bolas-anales-silicona-negro\/#breadcrumb\"},\"inLanguage\":\"es\",\"potentialAction\":[{\"@type\":\"ReadAction\",\"target\":[\"https:\/\/demoweb.info\/sexshop001\/producto\/nexus-excite-bolas-anales-silicona-negro\/\"]}]},{\"@type\":\"BreadcrumbList\",\"@id\":\"https:\/\/demoweb.info\/sexshop001\/producto\/nexus-excite-bolas-anales-silicona-negro\/#breadcrumb\",\"itemListElement\":[{\"@type\":\"ListItem\",\"position\":1,\"name\":\"Portada\",\"item\":\"https:\/\/demoweb.info\/sexshop001\/\"},{\"@type\":\"ListItem\",\"position\":2,\"name\":\"Tienda\",\"item\":\"https:\/\/demoweb.info\/sexshop001\/tienda\/\"},{\"@type\":\"ListItem\",\"position\":3,\"name\":\"NEXUS EXCITE &#8211; BOLAS ANALES SILICONA , NEGRO\"}]},{\"@type\":\"WebSite\",\"@id\":\"https:\/\/demoweb.info\/sexshop001\/#website\",\"url\":\"https:\/\/demoweb.info\/sexshop001\/\",\"name\":\"Tienda Er\u00f3tica\",\"description\":\"DEMOWEB SL\",\"potentialAction\":[{\"@type\":\"SearchAction\",\"target\":{\"@type\":\"EntryPoint\",\"urlTemplate\":\"https:\/\/demoweb.info\/sexshop001\/?s={search_term_string}\"},\"query-input\":\"required name=search_term_string\"}],\"inLanguage\":\"es\"}]}<\/script>\n<!-- \/ Yoast SEO plugin. -->","yoast_head_json":{"title":"NEXUS EXCITE - BOLAS ANALES SILICONA , NEGRO - Tienda Er\u00f3tica","robots":{"index":"noindex","follow":"follow","max-snippet":"max-snippet:-1","max-image-preview":"max-image-preview:large","max-video-preview":"max-video-preview:-1"},"og_locale":"es_ES","og_type":"article","og_title":"NEXUS EXCITE - BOLAS ANALES SILICONA , NEGRO - Tienda Er\u00f3tica","og_description":"EXCITE MEDIUM SILICONE ANAL BEADS &#8211; BLACK Estas cuerdas anales medianas est\u00e1n hechas de silicona suave y sedosa y son","og_url":"https:\/\/demoweb.info\/sexshop001\/producto\/nexus-excite-bolas-anales-silicona-negro\/","og_site_name":"Tienda Er\u00f3tica","og_image":[{"width":550,"height":550,"url":"https:\/\/demoweb.info\/sexshop001\/wp-content\/uploads\/2022\/01\/NEXUS-EXCITE-BOLAS-ANALES-SILICONA-NEGRO.jpg","type":"image\/jpeg"}],"twitter_card":"summary_large_image","schema":{"@context":"https:\/\/schema.org","@graph":[{"@type":"WebPage","@id":"https:\/\/demoweb.info\/sexshop001\/producto\/nexus-excite-bolas-anales-silicona-negro\/","url":"https:\/\/demoweb.info\/sexshop001\/producto\/nexus-excite-bolas-anales-silicona-negro\/","name":"NEXUS EXCITE - BOLAS ANALES SILICONA , NEGRO - Tienda Er\u00f3tica","isPartOf":{"@id":"https:\/\/demoweb.info\/sexshop001\/#website"},"datePublished":"2022-01-22T09:03:26+00:00","dateModified":"2022-01-22T09:03:26+00:00","breadcrumb":{"@id":"https:\/\/demoweb.info\/sexshop001\/producto\/nexus-excite-bolas-anales-silicona-negro\/#breadcrumb"},"inLanguage":"es","potentialAction":[{"@type":"ReadAction","target":["https:\/\/demoweb.info\/sexshop001\/producto\/nexus-excite-bolas-anales-silicona-negro\/"]}]},{"@type":"BreadcrumbList","@id":"https:\/\/demoweb.info\/sexshop001\/producto\/nexus-excite-bolas-anales-silicona-negro\/#breadcrumb","itemListElement":[{"@type":"ListItem","position":1,"name":"Portada","item":"https:\/\/demoweb.info\/sexshop001\/"},{"@type":"ListItem","position":2,"name":"Tienda","item":"https:\/\/demoweb.info\/sexshop001\/tienda\/"},{"@type":"ListItem","position":3,"name":"NEXUS EXCITE &#8211; BOLAS ANALES SILICONA , NEGRO"}]},{"@type":"WebSite","@id":"https:\/\/demoweb.info\/sexshop001\/#website","url":"https:\/\/demoweb.info\/sexshop001\/","name":"Tienda Er\u00f3tica","description":"DEMOWEB SL","potentialAction":[{"@type":"SearchAction","target":{"@type":"EntryPoint","urlTemplate":"https:\/\/demoweb.info\/sexshop001\/?s={search_term_string}"},"query-input":"required name=search_term_string"}],"inLanguage":"es"}]}},"_links":{"self":[{"href":"https:\/\/demoweb.info\/sexshop001\/wp-json\/wp\/v3\/product\/12094","targetHints":{"allow":["GET"]}}],"collection":[{"href":"https:\/\/demoweb.info\/sexshop001\/wp-json\/wp\/v3\/product"}],"about":[{"href":"https:\/\/demoweb.info\/sexshop001\/wp-json\/wp\/v2\/types\/product"}],"replies":[{"embeddable":true,"href":"https:\/\/demoweb.info\/sexshop001\/wp-json\/wp\/v2\/comments?post=12094"}],"wp:featuredmedia":[{"embeddable":true,"href":"https:\/\/demoweb.info\/sexshop001\/wp-json\/wp\/v2\/media\/12095"}],"wp:attachment":[{"href":"https:\/\/demoweb.info\/sexshop001\/wp-json\/wp\/v2\/media?parent=12094"}],"wp:term":[{"taxonomy":"product_cat","embeddable":true,"href":"https:\/\/demoweb.info\/sexshop001\/wp-json\/wp\/v2\/product_cat?post=12094"},{"taxonomy":"product_tag","embeddable":true,"href":"https:\/\/demoweb.info\/sexshop001\/wp-json\/wp\/v2\/product_tag?post=12094"}],"curies":[{"name":"wp","href":"https:\/\/api.w.org\/{rel}","templated":true}]}}