{"id":12066,"date":"2022-01-22T10:02:55","date_gmt":"2022-01-22T09:02:55","guid":{"rendered":"https:\/\/demoweb.info\/sexshop001\/producto\/silicone-fusion-dildo-silicona\/"},"modified":"2022-01-22T10:03:12","modified_gmt":"2022-01-22T09:03:12","slug":"silicone-fusion-dildo-silicona","status":"publish","type":"product","link":"https:\/\/demoweb.info\/sexshop001\/producto\/silicone-fusion-dildo-silicona\/","title":{"rendered":"SILICONE FUSION &#8211; DILDO SILICONA"},"content":{"rendered":"<p><strong>SILICONE FUSION <\/strong><\/p>\n<p>El objetivo es la versatilidad y Komodo se puede usar como un consolador est\u00e1ndar, un cintur\u00f3n o como un juguete para montar \/ moler; \u00a1todo por supuesto con las sensaciones \u00fanicas de electro!<\/p>\n<p>Compatible con cualquier correa en el arn\u00e9s (se vende por separado) con una junta t\u00f3rica de 1,5 pulgadas de di\u00e1metro; Komodo tambi\u00e9n viene con un sistema de ventosa a medida que le permite usar el consolador con las manos libres cuando est\u00e1 conectado a una superficie lisa.<\/p>\n<p>La base acampanada en forma de escudo de Komodo tambi\u00e9n utiliza un sistema de entrada de cable oculto para ocultar y proteger los cables que lo conectan a su estimulador (se vende por separado) y proporciona estabilidad durante el juego con correa o cuando se usan las ventosas. \u00a1Empuje al contenido de su coraz\u00f3n!<\/p>\n<p>Komodo es compatible con cualquier unidad de estimulaci\u00f3n ElectraStim, completamente libre de ftalatos y adecuada para usuarios masculinos o femeninos.<\/p>\n<ul>\n<li>Peso del producto: 209 Gramos<\/li>\n<li>Diametro del producto: 4,5 cm<\/li>\n<li>Materiales: Silicona<\/li>\n<\/ul>\n","protected":false},"excerpt":{"rendered":"<p>SILICONE FUSION El objetivo es la versatilidad y Komodo se puede usar como un consolador est\u00e1ndar, un cintur\u00f3n o como<\/p>\n","protected":false},"featured_media":12067,"comment_status":"open","ping_status":"open","template":"","meta":[],"product_cat":[340],"product_tag":[648],"class_list":["post-12066","product","type-product","status-publish","has-post-thumbnail","hentry","product_cat-silicona-dildos","product_tag-electrastim"],"bundled_by":[],"bundle_stock_status":"instock","bundle_stock_quantity":2,"bundle_virtual":false,"bundle_layout":"","bundle_add_to_cart_form_location":"","bundle_editable_in_cart":false,"bundle_sold_individually_context":"","bundle_item_grouping":"","bundle_min_size":"","bundle_max_size":"","bundled_items":[],"yoast_head":"<!-- This site is optimized with the Yoast SEO plugin v20.6 - https:\/\/yoast.com\/wordpress\/plugins\/seo\/ -->\n<title>SILICONE FUSION - DILDO SILICONA - Tienda Er\u00f3tica<\/title>\n<meta name=\"robots\" content=\"noindex, follow, max-snippet:-1, max-image-preview:large, max-video-preview:-1\" \/>\n<meta property=\"og:locale\" content=\"es_ES\" \/>\n<meta property=\"og:type\" content=\"article\" \/>\n<meta property=\"og:title\" content=\"SILICONE FUSION - DILDO SILICONA - Tienda Er\u00f3tica\" \/>\n<meta property=\"og:description\" content=\"SILICONE FUSION El objetivo es la versatilidad y Komodo se puede usar como un consolador est\u00e1ndar, un cintur\u00f3n o como\" \/>\n<meta property=\"og:url\" content=\"https:\/\/demoweb.info\/sexshop001\/producto\/silicone-fusion-dildo-silicona\/\" \/>\n<meta property=\"og:site_name\" content=\"Tienda Er\u00f3tica\" \/>\n<meta property=\"article:modified_time\" content=\"2022-01-22T09:03:12+00:00\" \/>\n<meta property=\"og:image\" content=\"https:\/\/demoweb.info\/sexshop001\/wp-content\/uploads\/2022\/01\/SILICONE-FUSION-DILDO-SILICONA.jpg\" \/>\n\t<meta property=\"og:image:width\" content=\"550\" \/>\n\t<meta property=\"og:image:height\" content=\"550\" \/>\n\t<meta property=\"og:image:type\" content=\"image\/jpeg\" \/>\n<meta name=\"twitter:card\" content=\"summary_large_image\" \/>\n<meta name=\"twitter:label1\" content=\"Tiempo de lectura\" \/>\n\t<meta name=\"twitter:data1\" content=\"1 minuto\" \/>\n<script type=\"application\/ld+json\" class=\"yoast-schema-graph\">{\"@context\":\"https:\/\/schema.org\",\"@graph\":[{\"@type\":\"WebPage\",\"@id\":\"https:\/\/demoweb.info\/sexshop001\/producto\/silicone-fusion-dildo-silicona\/\",\"url\":\"https:\/\/demoweb.info\/sexshop001\/producto\/silicone-fusion-dildo-silicona\/\",\"name\":\"SILICONE FUSION - DILDO SILICONA - Tienda Er\u00f3tica\",\"isPartOf\":{\"@id\":\"https:\/\/demoweb.info\/sexshop001\/#website\"},\"datePublished\":\"2022-01-22T09:02:55+00:00\",\"dateModified\":\"2022-01-22T09:03:12+00:00\",\"breadcrumb\":{\"@id\":\"https:\/\/demoweb.info\/sexshop001\/producto\/silicone-fusion-dildo-silicona\/#breadcrumb\"},\"inLanguage\":\"es\",\"potentialAction\":[{\"@type\":\"ReadAction\",\"target\":[\"https:\/\/demoweb.info\/sexshop001\/producto\/silicone-fusion-dildo-silicona\/\"]}]},{\"@type\":\"BreadcrumbList\",\"@id\":\"https:\/\/demoweb.info\/sexshop001\/producto\/silicone-fusion-dildo-silicona\/#breadcrumb\",\"itemListElement\":[{\"@type\":\"ListItem\",\"position\":1,\"name\":\"Portada\",\"item\":\"https:\/\/demoweb.info\/sexshop001\/\"},{\"@type\":\"ListItem\",\"position\":2,\"name\":\"Tienda\",\"item\":\"https:\/\/demoweb.info\/sexshop001\/tienda\/\"},{\"@type\":\"ListItem\",\"position\":3,\"name\":\"SILICONE FUSION &#8211; DILDO SILICONA\"}]},{\"@type\":\"WebSite\",\"@id\":\"https:\/\/demoweb.info\/sexshop001\/#website\",\"url\":\"https:\/\/demoweb.info\/sexshop001\/\",\"name\":\"Tienda Er\u00f3tica\",\"description\":\"DEMOWEB SL\",\"potentialAction\":[{\"@type\":\"SearchAction\",\"target\":{\"@type\":\"EntryPoint\",\"urlTemplate\":\"https:\/\/demoweb.info\/sexshop001\/?s={search_term_string}\"},\"query-input\":\"required name=search_term_string\"}],\"inLanguage\":\"es\"}]}<\/script>\n<!-- \/ Yoast SEO plugin. -->","yoast_head_json":{"title":"SILICONE FUSION - DILDO SILICONA - Tienda Er\u00f3tica","robots":{"index":"noindex","follow":"follow","max-snippet":"max-snippet:-1","max-image-preview":"max-image-preview:large","max-video-preview":"max-video-preview:-1"},"og_locale":"es_ES","og_type":"article","og_title":"SILICONE FUSION - DILDO SILICONA - Tienda Er\u00f3tica","og_description":"SILICONE FUSION El objetivo es la versatilidad y Komodo se puede usar como un consolador est\u00e1ndar, un cintur\u00f3n o como","og_url":"https:\/\/demoweb.info\/sexshop001\/producto\/silicone-fusion-dildo-silicona\/","og_site_name":"Tienda Er\u00f3tica","article_modified_time":"2022-01-22T09:03:12+00:00","og_image":[{"width":550,"height":550,"url":"https:\/\/demoweb.info\/sexshop001\/wp-content\/uploads\/2022\/01\/SILICONE-FUSION-DILDO-SILICONA.jpg","type":"image\/jpeg"}],"twitter_card":"summary_large_image","twitter_misc":{"Tiempo de lectura":"1 minuto"},"schema":{"@context":"https:\/\/schema.org","@graph":[{"@type":"WebPage","@id":"https:\/\/demoweb.info\/sexshop001\/producto\/silicone-fusion-dildo-silicona\/","url":"https:\/\/demoweb.info\/sexshop001\/producto\/silicone-fusion-dildo-silicona\/","name":"SILICONE FUSION - DILDO SILICONA - Tienda Er\u00f3tica","isPartOf":{"@id":"https:\/\/demoweb.info\/sexshop001\/#website"},"datePublished":"2022-01-22T09:02:55+00:00","dateModified":"2022-01-22T09:03:12+00:00","breadcrumb":{"@id":"https:\/\/demoweb.info\/sexshop001\/producto\/silicone-fusion-dildo-silicona\/#breadcrumb"},"inLanguage":"es","potentialAction":[{"@type":"ReadAction","target":["https:\/\/demoweb.info\/sexshop001\/producto\/silicone-fusion-dildo-silicona\/"]}]},{"@type":"BreadcrumbList","@id":"https:\/\/demoweb.info\/sexshop001\/producto\/silicone-fusion-dildo-silicona\/#breadcrumb","itemListElement":[{"@type":"ListItem","position":1,"name":"Portada","item":"https:\/\/demoweb.info\/sexshop001\/"},{"@type":"ListItem","position":2,"name":"Tienda","item":"https:\/\/demoweb.info\/sexshop001\/tienda\/"},{"@type":"ListItem","position":3,"name":"SILICONE FUSION &#8211; DILDO SILICONA"}]},{"@type":"WebSite","@id":"https:\/\/demoweb.info\/sexshop001\/#website","url":"https:\/\/demoweb.info\/sexshop001\/","name":"Tienda Er\u00f3tica","description":"DEMOWEB SL","potentialAction":[{"@type":"SearchAction","target":{"@type":"EntryPoint","urlTemplate":"https:\/\/demoweb.info\/sexshop001\/?s={search_term_string}"},"query-input":"required name=search_term_string"}],"inLanguage":"es"}]}},"_links":{"self":[{"href":"https:\/\/demoweb.info\/sexshop001\/wp-json\/wp\/v3\/product\/12066","targetHints":{"allow":["GET"]}}],"collection":[{"href":"https:\/\/demoweb.info\/sexshop001\/wp-json\/wp\/v3\/product"}],"about":[{"href":"https:\/\/demoweb.info\/sexshop001\/wp-json\/wp\/v2\/types\/product"}],"replies":[{"embeddable":true,"href":"https:\/\/demoweb.info\/sexshop001\/wp-json\/wp\/v2\/comments?post=12066"}],"wp:featuredmedia":[{"embeddable":true,"href":"https:\/\/demoweb.info\/sexshop001\/wp-json\/wp\/v2\/media\/12067"}],"wp:attachment":[{"href":"https:\/\/demoweb.info\/sexshop001\/wp-json\/wp\/v2\/media?parent=12066"}],"wp:term":[{"taxonomy":"product_cat","embeddable":true,"href":"https:\/\/demoweb.info\/sexshop001\/wp-json\/wp\/v2\/product_cat?post=12066"},{"taxonomy":"product_tag","embeddable":true,"href":"https:\/\/demoweb.info\/sexshop001\/wp-json\/wp\/v2\/product_tag?post=12066"}],"curies":[{"name":"wp","href":"https:\/\/api.w.org\/{rel}","templated":true}]}}