{"id":12032,"date":"2022-01-22T10:02:55","date_gmt":"2022-01-22T09:02:55","guid":{"rendered":"https:\/\/demoweb.info\/sexshop001\/producto\/thrust-esperecience-plug-anal-recargable-negro\/"},"modified":"2022-01-22T10:02:57","modified_gmt":"2022-01-22T09:02:57","slug":"thrust-esperecience-plug-anal-recargable-negro","status":"publish","type":"product","link":"https:\/\/demoweb.info\/sexshop001\/producto\/thrust-esperecience-plug-anal-recargable-negro\/","title":{"rendered":"THRUST -ESPERECIENCE &#8211; PLUG ANAL RECARGABLE &#8211; NEGRO"},"content":{"rendered":"<p><strong>THRUST &#8211; EXPERIENCED &#8211; RECHARGEABLE ANAL PLUG &#8211; BLACK<\/strong><\/p>\n<p>Thrust contiene un peso motorizado que golpea y empuja dentro del exterior de silicona firme en 7 ritmos \u00fanicos para una sensaci\u00f3n \u00fanica y estimulante, convenientemente controlada directamente en el producto o mediante el control remoto inal\u00e1mbrico incluido.<\/p>\n<p>\nA-Play es la l\u00ednea de tapones anales de alto rendimiento de Doc Johnson, creada con una variedad de tama\u00f1os y caracter\u00edsticas especiales para promover el placer anal y la exploraci\u00f3n para usuarios de todos los niveles de experiencia.<\/p>\n<p>Cada producto de la colecci\u00f3n A-Play es recargable por USB, resistente al agua e incluye un cable de carga y una bolsa de almacenamiento de tela.<\/p>\n<\/p>\n<ul>\n<li>Tipos de velocidad    10<\/li>\n<li>Nivel de ruido    60 dB<\/li>\n<li>Tipos de velocidad    10<\/li>\n<li>Di\u00e1metro del producto    4,0 cm<\/li>\n<li>Longitud insertable    11,0 cm<\/li>\n<li>Tipos de velocidad    7<\/li>\n<li>Se requieren bater\u00edas    1<\/li>\n<li>Tipo de bater\u00edas    AAA<\/li>\n<li>Bater\u00edas incluidas    No<\/li>\n<li>Recargable    S\u00ed<\/li>\n<li>Tiempo de recarga    90 min<\/li>\n<li>Vida de la recarga de las bater\u00edas    60 min<\/li>\n<li>A prueba de salpicaduras    S\u00ed<\/li>\n<li>Libre de ftalato    S\u00ed<\/li>\n<li>Materiales    Silicone\/ABS<\/li>\n<\/ul>\n","protected":false},"excerpt":{"rendered":"<p>THRUST &#8211; EXPERIENCED &#8211; RECHARGEABLE ANAL PLUG &#8211; BLACK Thrust contiene un peso motorizado que golpea y empuja dentro del<\/p>\n","protected":false},"featured_media":12033,"comment_status":"open","ping_status":"open","template":"","meta":[],"product_cat":[338],"product_tag":[647,460],"class_list":["post-12032","product","type-product","status-publish","has-post-thumbnail","hentry","product_cat-silicona-plugs","product_tag-a-play","product_tag-doc-johnson"],"bundled_by":[],"bundle_stock_status":"outofstock","bundle_stock_quantity":0,"bundle_virtual":false,"bundle_layout":"","bundle_add_to_cart_form_location":"","bundle_editable_in_cart":false,"bundle_sold_individually_context":"","bundle_item_grouping":"","bundle_min_size":"","bundle_max_size":"","bundled_items":[],"yoast_head":"<!-- This site is optimized with the Yoast SEO plugin v20.6 - https:\/\/yoast.com\/wordpress\/plugins\/seo\/ -->\n<title>THRUST -ESPERECIENCE - PLUG ANAL RECARGABLE - NEGRO - Tienda Er\u00f3tica<\/title>\n<meta name=\"robots\" content=\"noindex, follow, max-snippet:-1, max-image-preview:large, max-video-preview:-1\" \/>\n<meta property=\"og:locale\" content=\"es_ES\" \/>\n<meta property=\"og:type\" content=\"article\" \/>\n<meta property=\"og:title\" content=\"THRUST -ESPERECIENCE - PLUG ANAL RECARGABLE - NEGRO - Tienda Er\u00f3tica\" \/>\n<meta property=\"og:description\" content=\"THRUST &#8211; EXPERIENCED &#8211; RECHARGEABLE ANAL PLUG &#8211; BLACK Thrust contiene un peso motorizado que golpea y empuja dentro del\" \/>\n<meta property=\"og:url\" content=\"https:\/\/demoweb.info\/sexshop001\/producto\/thrust-esperecience-plug-anal-recargable-negro\/\" \/>\n<meta property=\"og:site_name\" content=\"Tienda Er\u00f3tica\" \/>\n<meta property=\"article:modified_time\" content=\"2022-01-22T09:02:57+00:00\" \/>\n<meta property=\"og:image\" content=\"https:\/\/demoweb.info\/sexshop001\/wp-content\/uploads\/2022\/01\/THRUST-ESPERECIENCE-PLUG-ANAL-RECARGABLE-NEGRO.jpg\" \/>\n\t<meta property=\"og:image:width\" content=\"550\" \/>\n\t<meta property=\"og:image:height\" content=\"550\" \/>\n\t<meta property=\"og:image:type\" content=\"image\/jpeg\" \/>\n<meta name=\"twitter:card\" content=\"summary_large_image\" \/>\n<meta name=\"twitter:label1\" content=\"Tiempo de lectura\" \/>\n\t<meta name=\"twitter:data1\" content=\"1 minuto\" \/>\n<script type=\"application\/ld+json\" class=\"yoast-schema-graph\">{\"@context\":\"https:\/\/schema.org\",\"@graph\":[{\"@type\":\"WebPage\",\"@id\":\"https:\/\/demoweb.info\/sexshop001\/producto\/thrust-esperecience-plug-anal-recargable-negro\/\",\"url\":\"https:\/\/demoweb.info\/sexshop001\/producto\/thrust-esperecience-plug-anal-recargable-negro\/\",\"name\":\"THRUST -ESPERECIENCE - PLUG ANAL RECARGABLE - NEGRO - Tienda Er\u00f3tica\",\"isPartOf\":{\"@id\":\"https:\/\/demoweb.info\/sexshop001\/#website\"},\"datePublished\":\"2022-01-22T09:02:55+00:00\",\"dateModified\":\"2022-01-22T09:02:57+00:00\",\"breadcrumb\":{\"@id\":\"https:\/\/demoweb.info\/sexshop001\/producto\/thrust-esperecience-plug-anal-recargable-negro\/#breadcrumb\"},\"inLanguage\":\"es\",\"potentialAction\":[{\"@type\":\"ReadAction\",\"target\":[\"https:\/\/demoweb.info\/sexshop001\/producto\/thrust-esperecience-plug-anal-recargable-negro\/\"]}]},{\"@type\":\"BreadcrumbList\",\"@id\":\"https:\/\/demoweb.info\/sexshop001\/producto\/thrust-esperecience-plug-anal-recargable-negro\/#breadcrumb\",\"itemListElement\":[{\"@type\":\"ListItem\",\"position\":1,\"name\":\"Portada\",\"item\":\"https:\/\/demoweb.info\/sexshop001\/\"},{\"@type\":\"ListItem\",\"position\":2,\"name\":\"Tienda\",\"item\":\"https:\/\/demoweb.info\/sexshop001\/tienda\/\"},{\"@type\":\"ListItem\",\"position\":3,\"name\":\"THRUST -ESPERECIENCE &#8211; PLUG ANAL RECARGABLE &#8211; NEGRO\"}]},{\"@type\":\"WebSite\",\"@id\":\"https:\/\/demoweb.info\/sexshop001\/#website\",\"url\":\"https:\/\/demoweb.info\/sexshop001\/\",\"name\":\"Tienda Er\u00f3tica\",\"description\":\"DEMOWEB SL\",\"potentialAction\":[{\"@type\":\"SearchAction\",\"target\":{\"@type\":\"EntryPoint\",\"urlTemplate\":\"https:\/\/demoweb.info\/sexshop001\/?s={search_term_string}\"},\"query-input\":\"required name=search_term_string\"}],\"inLanguage\":\"es\"}]}<\/script>\n<!-- \/ Yoast SEO plugin. -->","yoast_head_json":{"title":"THRUST -ESPERECIENCE - PLUG ANAL RECARGABLE - NEGRO - Tienda Er\u00f3tica","robots":{"index":"noindex","follow":"follow","max-snippet":"max-snippet:-1","max-image-preview":"max-image-preview:large","max-video-preview":"max-video-preview:-1"},"og_locale":"es_ES","og_type":"article","og_title":"THRUST -ESPERECIENCE - PLUG ANAL RECARGABLE - NEGRO - Tienda Er\u00f3tica","og_description":"THRUST &#8211; EXPERIENCED &#8211; RECHARGEABLE ANAL PLUG &#8211; BLACK Thrust contiene un peso motorizado que golpea y empuja dentro del","og_url":"https:\/\/demoweb.info\/sexshop001\/producto\/thrust-esperecience-plug-anal-recargable-negro\/","og_site_name":"Tienda Er\u00f3tica","article_modified_time":"2022-01-22T09:02:57+00:00","og_image":[{"width":550,"height":550,"url":"https:\/\/demoweb.info\/sexshop001\/wp-content\/uploads\/2022\/01\/THRUST-ESPERECIENCE-PLUG-ANAL-RECARGABLE-NEGRO.jpg","type":"image\/jpeg"}],"twitter_card":"summary_large_image","twitter_misc":{"Tiempo de lectura":"1 minuto"},"schema":{"@context":"https:\/\/schema.org","@graph":[{"@type":"WebPage","@id":"https:\/\/demoweb.info\/sexshop001\/producto\/thrust-esperecience-plug-anal-recargable-negro\/","url":"https:\/\/demoweb.info\/sexshop001\/producto\/thrust-esperecience-plug-anal-recargable-negro\/","name":"THRUST -ESPERECIENCE - PLUG ANAL RECARGABLE - NEGRO - Tienda Er\u00f3tica","isPartOf":{"@id":"https:\/\/demoweb.info\/sexshop001\/#website"},"datePublished":"2022-01-22T09:02:55+00:00","dateModified":"2022-01-22T09:02:57+00:00","breadcrumb":{"@id":"https:\/\/demoweb.info\/sexshop001\/producto\/thrust-esperecience-plug-anal-recargable-negro\/#breadcrumb"},"inLanguage":"es","potentialAction":[{"@type":"ReadAction","target":["https:\/\/demoweb.info\/sexshop001\/producto\/thrust-esperecience-plug-anal-recargable-negro\/"]}]},{"@type":"BreadcrumbList","@id":"https:\/\/demoweb.info\/sexshop001\/producto\/thrust-esperecience-plug-anal-recargable-negro\/#breadcrumb","itemListElement":[{"@type":"ListItem","position":1,"name":"Portada","item":"https:\/\/demoweb.info\/sexshop001\/"},{"@type":"ListItem","position":2,"name":"Tienda","item":"https:\/\/demoweb.info\/sexshop001\/tienda\/"},{"@type":"ListItem","position":3,"name":"THRUST -ESPERECIENCE &#8211; PLUG ANAL RECARGABLE &#8211; NEGRO"}]},{"@type":"WebSite","@id":"https:\/\/demoweb.info\/sexshop001\/#website","url":"https:\/\/demoweb.info\/sexshop001\/","name":"Tienda Er\u00f3tica","description":"DEMOWEB SL","potentialAction":[{"@type":"SearchAction","target":{"@type":"EntryPoint","urlTemplate":"https:\/\/demoweb.info\/sexshop001\/?s={search_term_string}"},"query-input":"required name=search_term_string"}],"inLanguage":"es"}]}},"_links":{"self":[{"href":"https:\/\/demoweb.info\/sexshop001\/wp-json\/wp\/v3\/product\/12032","targetHints":{"allow":["GET"]}}],"collection":[{"href":"https:\/\/demoweb.info\/sexshop001\/wp-json\/wp\/v3\/product"}],"about":[{"href":"https:\/\/demoweb.info\/sexshop001\/wp-json\/wp\/v2\/types\/product"}],"replies":[{"embeddable":true,"href":"https:\/\/demoweb.info\/sexshop001\/wp-json\/wp\/v2\/comments?post=12032"}],"wp:featuredmedia":[{"embeddable":true,"href":"https:\/\/demoweb.info\/sexshop001\/wp-json\/wp\/v2\/media\/12033"}],"wp:attachment":[{"href":"https:\/\/demoweb.info\/sexshop001\/wp-json\/wp\/v2\/media?parent=12032"}],"wp:term":[{"taxonomy":"product_cat","embeddable":true,"href":"https:\/\/demoweb.info\/sexshop001\/wp-json\/wp\/v2\/product_cat?post=12032"},{"taxonomy":"product_tag","embeddable":true,"href":"https:\/\/demoweb.info\/sexshop001\/wp-json\/wp\/v2\/product_tag?post=12032"}],"curies":[{"name":"wp","href":"https:\/\/api.w.org\/{rel}","templated":true}]}}