{"id":11904,"date":"2022-01-22T10:01:34","date_gmt":"2022-01-22T09:01:34","guid":{"rendered":"https:\/\/demoweb.info\/sexshop001\/producto\/le-wand-point-masturbador-con-vibracion-negro\/"},"modified":"2022-01-22T10:01:55","modified_gmt":"2022-01-22T09:01:55","slug":"le-wand-point-masturbador-con-vibracion-negro","status":"publish","type":"product","link":"https:\/\/demoweb.info\/sexshop001\/producto\/le-wand-point-masturbador-con-vibracion-negro\/","title":{"rendered":"LE WAND POINT &#8211; MASTURBADOR CON VIBRACION, NEGRO"},"content":{"rendered":"<p><strong>LE WAND POINT &#8211; BLACK<\/strong><\/p>\n<p>Disfruta de nuevas alturas con Le Wand Point, una mini vibraci\u00f3n contorneada que brinda la mejor experiencia de masturbaci\u00f3n con manos libres.<\/p>\n<p>Hecho de silicona segura para el cuerpo, Le Wand Point es un ambiente recargable por USB que cuenta con controles intuitivos para una estimulaci\u00f3n perfecta.<\/p>\n<p>Col\u00f3quelo plano, muela contra \u00e9l o agregue un poco de ~ empuje ~ durante el juego asociado.<\/p>\n<p>The Point se especializa en cubrir los genitales, por lo que es la opci\u00f3n perfecta para aquellos que buscan un ambiente m\u00e1s port\u00e1til que los masajeadores Le Wand m\u00e1s grandes que amamos.<\/p>\n<p>Adem\u00e1s de ser el mini-ambiente m\u00e1s grande de la colecci\u00f3n Chrome, Le Wand Point viene con la misma funci\u00f3n de bloqueo de viaje, indicador de carga LED y una bolsa de micro gamuza para un almacenamiento discreto.<\/p>\n<p>Si sientes el ambiente de chica perezosa, Le Wand Point te har\u00e1 dormir suavemente en noches inquietas.<\/p>\n<p>Caracter\u00edsticas:<\/p>\n<ul>\n<li>Dimensiones del producto :9,7 x 4,6 x 9,6 cm<\/li>\n<li>Peso del producto .182 gram<\/li>\n<li>Di\u00e1metro del producto :4,7 cm<\/li>\n<li>Longitud insertable :4,5 cm<\/li>\n<li>Cantidad de motores :1<\/li>\n<li>Velocidad m\u00faltiple : S\u00ed<\/li>\n<li>Nivel de ruido :68 dB<\/li>\n<li>Recargable : S\u00ed<\/li>\n<li>Tiempo de recarga :90 min<\/li>\n<li>Vida de la recarga de las bater\u00edas :60 min<\/li>\n<li>A prueba de agua :S\u00ed<\/li>\n<li>A prueba de salpicaduras : S\u00ed<\/li>\n<li>Libre de ftalato : S\u00ed<\/li>\n<li>Materiales :silicona y acero inox.<\/li>\n<\/ul>\n","protected":false},"excerpt":{"rendered":"<p>LE WAND POINT &#8211; BLACK Disfruta de nuevas alturas con Le Wand Point, una mini vibraci\u00f3n contorneada que brinda la<\/p>\n","protected":false},"featured_media":11905,"comment_status":"open","ping_status":"open","template":"","meta":[],"product_cat":[322],"product_tag":[646],"class_list":["post-11904","product","type-product","status-publish","has-post-thumbnail","hentry","product_cat-con-mando","product_tag-le-wand"],"bundled_by":[],"bundle_stock_status":"instock","bundle_stock_quantity":1,"bundle_virtual":false,"bundle_layout":"","bundle_add_to_cart_form_location":"","bundle_editable_in_cart":false,"bundle_sold_individually_context":"","bundle_item_grouping":"","bundle_min_size":"","bundle_max_size":"","bundled_items":[],"yoast_head":"<!-- This site is optimized with the Yoast SEO plugin v20.6 - https:\/\/yoast.com\/wordpress\/plugins\/seo\/ -->\n<title>LE WAND POINT - MASTURBADOR CON VIBRACION, NEGRO - Tienda Er\u00f3tica<\/title>\n<meta name=\"robots\" content=\"noindex, follow, max-snippet:-1, max-image-preview:large, max-video-preview:-1\" \/>\n<meta property=\"og:locale\" content=\"es_ES\" \/>\n<meta property=\"og:type\" content=\"article\" \/>\n<meta property=\"og:title\" content=\"LE WAND POINT - MASTURBADOR CON VIBRACION, NEGRO - Tienda Er\u00f3tica\" \/>\n<meta property=\"og:description\" content=\"LE WAND POINT &#8211; BLACK Disfruta de nuevas alturas con Le Wand Point, una mini vibraci\u00f3n contorneada que brinda la\" \/>\n<meta property=\"og:url\" content=\"https:\/\/demoweb.info\/sexshop001\/producto\/le-wand-point-masturbador-con-vibracion-negro\/\" \/>\n<meta property=\"og:site_name\" content=\"Tienda Er\u00f3tica\" \/>\n<meta property=\"article:modified_time\" content=\"2022-01-22T09:01:55+00:00\" \/>\n<meta property=\"og:image\" content=\"https:\/\/demoweb.info\/sexshop001\/wp-content\/uploads\/2022\/01\/LE-WAND-POINT-MASTURBADOR-CON-VIBRACION-NEGRO.jpg\" \/>\n\t<meta property=\"og:image:width\" content=\"550\" \/>\n\t<meta property=\"og:image:height\" content=\"550\" \/>\n\t<meta property=\"og:image:type\" content=\"image\/jpeg\" \/>\n<meta name=\"twitter:card\" content=\"summary_large_image\" \/>\n<meta name=\"twitter:label1\" content=\"Tiempo de lectura\" \/>\n\t<meta name=\"twitter:data1\" content=\"1 minuto\" \/>\n<script type=\"application\/ld+json\" class=\"yoast-schema-graph\">{\"@context\":\"https:\/\/schema.org\",\"@graph\":[{\"@type\":\"WebPage\",\"@id\":\"https:\/\/demoweb.info\/sexshop001\/producto\/le-wand-point-masturbador-con-vibracion-negro\/\",\"url\":\"https:\/\/demoweb.info\/sexshop001\/producto\/le-wand-point-masturbador-con-vibracion-negro\/\",\"name\":\"LE WAND POINT - MASTURBADOR CON VIBRACION, NEGRO - Tienda Er\u00f3tica\",\"isPartOf\":{\"@id\":\"https:\/\/demoweb.info\/sexshop001\/#website\"},\"datePublished\":\"2022-01-22T09:01:34+00:00\",\"dateModified\":\"2022-01-22T09:01:55+00:00\",\"breadcrumb\":{\"@id\":\"https:\/\/demoweb.info\/sexshop001\/producto\/le-wand-point-masturbador-con-vibracion-negro\/#breadcrumb\"},\"inLanguage\":\"es\",\"potentialAction\":[{\"@type\":\"ReadAction\",\"target\":[\"https:\/\/demoweb.info\/sexshop001\/producto\/le-wand-point-masturbador-con-vibracion-negro\/\"]}]},{\"@type\":\"BreadcrumbList\",\"@id\":\"https:\/\/demoweb.info\/sexshop001\/producto\/le-wand-point-masturbador-con-vibracion-negro\/#breadcrumb\",\"itemListElement\":[{\"@type\":\"ListItem\",\"position\":1,\"name\":\"Portada\",\"item\":\"https:\/\/demoweb.info\/sexshop001\/\"},{\"@type\":\"ListItem\",\"position\":2,\"name\":\"Tienda\",\"item\":\"https:\/\/demoweb.info\/sexshop001\/tienda\/\"},{\"@type\":\"ListItem\",\"position\":3,\"name\":\"LE WAND POINT &#8211; MASTURBADOR CON VIBRACION, NEGRO\"}]},{\"@type\":\"WebSite\",\"@id\":\"https:\/\/demoweb.info\/sexshop001\/#website\",\"url\":\"https:\/\/demoweb.info\/sexshop001\/\",\"name\":\"Tienda Er\u00f3tica\",\"description\":\"DEMOWEB SL\",\"potentialAction\":[{\"@type\":\"SearchAction\",\"target\":{\"@type\":\"EntryPoint\",\"urlTemplate\":\"https:\/\/demoweb.info\/sexshop001\/?s={search_term_string}\"},\"query-input\":\"required name=search_term_string\"}],\"inLanguage\":\"es\"}]}<\/script>\n<!-- \/ Yoast SEO plugin. -->","yoast_head_json":{"title":"LE WAND POINT - MASTURBADOR CON VIBRACION, NEGRO - Tienda Er\u00f3tica","robots":{"index":"noindex","follow":"follow","max-snippet":"max-snippet:-1","max-image-preview":"max-image-preview:large","max-video-preview":"max-video-preview:-1"},"og_locale":"es_ES","og_type":"article","og_title":"LE WAND POINT - MASTURBADOR CON VIBRACION, NEGRO - Tienda Er\u00f3tica","og_description":"LE WAND POINT &#8211; BLACK Disfruta de nuevas alturas con Le Wand Point, una mini vibraci\u00f3n contorneada que brinda la","og_url":"https:\/\/demoweb.info\/sexshop001\/producto\/le-wand-point-masturbador-con-vibracion-negro\/","og_site_name":"Tienda Er\u00f3tica","article_modified_time":"2022-01-22T09:01:55+00:00","og_image":[{"width":550,"height":550,"url":"https:\/\/demoweb.info\/sexshop001\/wp-content\/uploads\/2022\/01\/LE-WAND-POINT-MASTURBADOR-CON-VIBRACION-NEGRO.jpg","type":"image\/jpeg"}],"twitter_card":"summary_large_image","twitter_misc":{"Tiempo de lectura":"1 minuto"},"schema":{"@context":"https:\/\/schema.org","@graph":[{"@type":"WebPage","@id":"https:\/\/demoweb.info\/sexshop001\/producto\/le-wand-point-masturbador-con-vibracion-negro\/","url":"https:\/\/demoweb.info\/sexshop001\/producto\/le-wand-point-masturbador-con-vibracion-negro\/","name":"LE WAND POINT - MASTURBADOR CON VIBRACION, NEGRO - Tienda Er\u00f3tica","isPartOf":{"@id":"https:\/\/demoweb.info\/sexshop001\/#website"},"datePublished":"2022-01-22T09:01:34+00:00","dateModified":"2022-01-22T09:01:55+00:00","breadcrumb":{"@id":"https:\/\/demoweb.info\/sexshop001\/producto\/le-wand-point-masturbador-con-vibracion-negro\/#breadcrumb"},"inLanguage":"es","potentialAction":[{"@type":"ReadAction","target":["https:\/\/demoweb.info\/sexshop001\/producto\/le-wand-point-masturbador-con-vibracion-negro\/"]}]},{"@type":"BreadcrumbList","@id":"https:\/\/demoweb.info\/sexshop001\/producto\/le-wand-point-masturbador-con-vibracion-negro\/#breadcrumb","itemListElement":[{"@type":"ListItem","position":1,"name":"Portada","item":"https:\/\/demoweb.info\/sexshop001\/"},{"@type":"ListItem","position":2,"name":"Tienda","item":"https:\/\/demoweb.info\/sexshop001\/tienda\/"},{"@type":"ListItem","position":3,"name":"LE WAND POINT &#8211; MASTURBADOR CON VIBRACION, NEGRO"}]},{"@type":"WebSite","@id":"https:\/\/demoweb.info\/sexshop001\/#website","url":"https:\/\/demoweb.info\/sexshop001\/","name":"Tienda Er\u00f3tica","description":"DEMOWEB SL","potentialAction":[{"@type":"SearchAction","target":{"@type":"EntryPoint","urlTemplate":"https:\/\/demoweb.info\/sexshop001\/?s={search_term_string}"},"query-input":"required name=search_term_string"}],"inLanguage":"es"}]}},"_links":{"self":[{"href":"https:\/\/demoweb.info\/sexshop001\/wp-json\/wp\/v3\/product\/11904","targetHints":{"allow":["GET"]}}],"collection":[{"href":"https:\/\/demoweb.info\/sexshop001\/wp-json\/wp\/v3\/product"}],"about":[{"href":"https:\/\/demoweb.info\/sexshop001\/wp-json\/wp\/v2\/types\/product"}],"replies":[{"embeddable":true,"href":"https:\/\/demoweb.info\/sexshop001\/wp-json\/wp\/v2\/comments?post=11904"}],"wp:featuredmedia":[{"embeddable":true,"href":"https:\/\/demoweb.info\/sexshop001\/wp-json\/wp\/v2\/media\/11905"}],"wp:attachment":[{"href":"https:\/\/demoweb.info\/sexshop001\/wp-json\/wp\/v2\/media?parent=11904"}],"wp:term":[{"taxonomy":"product_cat","embeddable":true,"href":"https:\/\/demoweb.info\/sexshop001\/wp-json\/wp\/v2\/product_cat?post=11904"},{"taxonomy":"product_tag","embeddable":true,"href":"https:\/\/demoweb.info\/sexshop001\/wp-json\/wp\/v2\/product_tag?post=11904"}],"curies":[{"name":"wp","href":"https:\/\/api.w.org\/{rel}","templated":true}]}}