{"id":11889,"date":"2022-01-22T10:01:34","date_gmt":"2022-01-22T09:01:34","guid":{"rendered":"https:\/\/demoweb.info\/sexshop001\/producto\/le-wand-deux-estimulador-de-clitoris-rosa\/"},"modified":"2022-01-22T10:01:49","modified_gmt":"2022-01-22T09:01:49","slug":"le-wand-deux-estimulador-de-clitoris-rosa","status":"publish","type":"product","link":"https:\/\/demoweb.info\/sexshop001\/producto\/le-wand-deux-estimulador-de-clitoris-rosa\/","title":{"rendered":"LE WAND DEUX &#8211; ESTIMULADOR DE CLITORIS, ROSA"},"content":{"rendered":"<p><strong>LE WAND DEUX &#8211; ROSE GOLD<\/strong><\/p>\n<p>Le Wand Deux es un mini vibrador recargable bimotor para propietarios de vulva que necesitan estimulaci\u00f3n adicional del cl\u00edtoris.<\/p>\n<p>Hecho para la comodidad de la silicona segura para el cuerpo, Le Wand Deux presenta controles f\u00e1ciles de usar que brindan 15 modos de vibraci\u00f3n y 6 niveles de intensidad excitantes.<\/p>\n<p>Nos referimos a Le Wand Deux como sensaci\u00f3n en est\u00e9reo debido a su capacidad de actuar como auriculares para el cl\u00edtoris, los pezones o cualquier zona er\u00f3gena que est\u00e9 estimulando.<\/p>\n<p>Le Wand Deux es ideal para el placer en solitario o el juego intenso de parejas.<\/p>\n<p>Pon a prueba la capacidad de tu pareja para resistir el placer org\u00e1smico con cada uno de sus poderosos fines.<\/p>\n<p>Le Wand Deux viene completo con una cerradura de viaje, indicador de carga LED y una bolsa de micro gamuza para un almacenamiento discreto.<\/p>\n<p>\u00a1Este juguete para el cl\u00edtoris de dos puntas merece no solo un lugar en su bolsa de viaje sino tambi\u00e9n su coraz\u00f3n de masturbaci\u00f3n!<\/p>\n<p>\nLe Wand Deux presenta un dise\u00f1o bimotor que abarca los contornos de su cuerpo que rodean el cl\u00edtoris y los pezones, amplificando la sensaci\u00f3n que lo llevar\u00e1 al l\u00edmite.<\/p>\n<ul>\n<li>Di\u00e1metro del producto :2,7 cm<\/li>\n<li>Longitud insertable : 7,3 cm<\/li>\n<li>Cantidad de motores : 2<\/li>\n<li>Velocidad m\u00faltiple : S\u00ed<\/li>\n<li>Nivel de ruido : 68 dB<\/li>\n<li>Recargable : S\u00ed<\/li>\n<li>Tiempo de recarga : 90 min<\/li>\n<li>Vida de la recarga de las bater\u00edas : 60 min<\/li>\n<li>A prueba de salpicaduras : S\u00ed<\/li>\n<li>Libre de ftalato : S\u00ed<\/li>\n<li>Materiales : Silicona<\/li>\n<\/ul>\n","protected":false},"excerpt":{"rendered":"<p>LE WAND DEUX &#8211; ROSE GOLD Le Wand Deux es un mini vibrador recargable bimotor para propietarios de vulva que<\/p>\n","protected":false},"featured_media":11890,"comment_status":"open","ping_status":"open","template":"","meta":[],"product_cat":[370],"product_tag":[646],"class_list":["post-11889","product","type-product","status-publish","has-post-thumbnail","hentry","product_cat-clitoris","product_tag-le-wand"],"bundled_by":[],"bundle_stock_status":"instock","bundle_stock_quantity":1,"bundle_virtual":false,"bundle_layout":"","bundle_add_to_cart_form_location":"","bundle_editable_in_cart":false,"bundle_sold_individually_context":"","bundle_item_grouping":"","bundle_min_size":"","bundle_max_size":"","bundled_items":[],"yoast_head":"<!-- This site is optimized with the Yoast SEO plugin v20.6 - https:\/\/yoast.com\/wordpress\/plugins\/seo\/ -->\n<title>LE WAND DEUX - ESTIMULADOR DE CLITORIS, ROSA - Tienda Er\u00f3tica<\/title>\n<meta name=\"robots\" content=\"noindex, follow, max-snippet:-1, max-image-preview:large, max-video-preview:-1\" \/>\n<meta property=\"og:locale\" content=\"es_ES\" \/>\n<meta property=\"og:type\" content=\"article\" \/>\n<meta property=\"og:title\" content=\"LE WAND DEUX - ESTIMULADOR DE CLITORIS, ROSA - Tienda Er\u00f3tica\" \/>\n<meta property=\"og:description\" content=\"LE WAND DEUX &#8211; ROSE GOLD Le Wand Deux es un mini vibrador recargable bimotor para propietarios de vulva que\" \/>\n<meta property=\"og:url\" content=\"https:\/\/demoweb.info\/sexshop001\/producto\/le-wand-deux-estimulador-de-clitoris-rosa\/\" \/>\n<meta property=\"og:site_name\" content=\"Tienda Er\u00f3tica\" \/>\n<meta property=\"article:modified_time\" content=\"2022-01-22T09:01:49+00:00\" \/>\n<meta property=\"og:image\" content=\"https:\/\/demoweb.info\/sexshop001\/wp-content\/uploads\/2022\/01\/LE-WAND-DEUX-ESTIMULADOR-DE-CLITORIS-ROSA.jpg\" \/>\n\t<meta property=\"og:image:width\" content=\"550\" \/>\n\t<meta property=\"og:image:height\" content=\"550\" \/>\n\t<meta property=\"og:image:type\" content=\"image\/jpeg\" \/>\n<meta name=\"twitter:card\" content=\"summary_large_image\" \/>\n<meta name=\"twitter:label1\" content=\"Tiempo de lectura\" \/>\n\t<meta name=\"twitter:data1\" content=\"1 minuto\" \/>\n<script type=\"application\/ld+json\" class=\"yoast-schema-graph\">{\"@context\":\"https:\/\/schema.org\",\"@graph\":[{\"@type\":\"WebPage\",\"@id\":\"https:\/\/demoweb.info\/sexshop001\/producto\/le-wand-deux-estimulador-de-clitoris-rosa\/\",\"url\":\"https:\/\/demoweb.info\/sexshop001\/producto\/le-wand-deux-estimulador-de-clitoris-rosa\/\",\"name\":\"LE WAND DEUX - ESTIMULADOR DE CLITORIS, ROSA - Tienda Er\u00f3tica\",\"isPartOf\":{\"@id\":\"https:\/\/demoweb.info\/sexshop001\/#website\"},\"datePublished\":\"2022-01-22T09:01:34+00:00\",\"dateModified\":\"2022-01-22T09:01:49+00:00\",\"breadcrumb\":{\"@id\":\"https:\/\/demoweb.info\/sexshop001\/producto\/le-wand-deux-estimulador-de-clitoris-rosa\/#breadcrumb\"},\"inLanguage\":\"es\",\"potentialAction\":[{\"@type\":\"ReadAction\",\"target\":[\"https:\/\/demoweb.info\/sexshop001\/producto\/le-wand-deux-estimulador-de-clitoris-rosa\/\"]}]},{\"@type\":\"BreadcrumbList\",\"@id\":\"https:\/\/demoweb.info\/sexshop001\/producto\/le-wand-deux-estimulador-de-clitoris-rosa\/#breadcrumb\",\"itemListElement\":[{\"@type\":\"ListItem\",\"position\":1,\"name\":\"Portada\",\"item\":\"https:\/\/demoweb.info\/sexshop001\/\"},{\"@type\":\"ListItem\",\"position\":2,\"name\":\"Tienda\",\"item\":\"https:\/\/demoweb.info\/sexshop001\/tienda\/\"},{\"@type\":\"ListItem\",\"position\":3,\"name\":\"LE WAND DEUX &#8211; ESTIMULADOR DE CLITORIS, ROSA\"}]},{\"@type\":\"WebSite\",\"@id\":\"https:\/\/demoweb.info\/sexshop001\/#website\",\"url\":\"https:\/\/demoweb.info\/sexshop001\/\",\"name\":\"Tienda Er\u00f3tica\",\"description\":\"DEMOWEB SL\",\"potentialAction\":[{\"@type\":\"SearchAction\",\"target\":{\"@type\":\"EntryPoint\",\"urlTemplate\":\"https:\/\/demoweb.info\/sexshop001\/?s={search_term_string}\"},\"query-input\":\"required name=search_term_string\"}],\"inLanguage\":\"es\"}]}<\/script>\n<!-- \/ Yoast SEO plugin. -->","yoast_head_json":{"title":"LE WAND DEUX - ESTIMULADOR DE CLITORIS, ROSA - Tienda Er\u00f3tica","robots":{"index":"noindex","follow":"follow","max-snippet":"max-snippet:-1","max-image-preview":"max-image-preview:large","max-video-preview":"max-video-preview:-1"},"og_locale":"es_ES","og_type":"article","og_title":"LE WAND DEUX - ESTIMULADOR DE CLITORIS, ROSA - Tienda Er\u00f3tica","og_description":"LE WAND DEUX &#8211; ROSE GOLD Le Wand Deux es un mini vibrador recargable bimotor para propietarios de vulva que","og_url":"https:\/\/demoweb.info\/sexshop001\/producto\/le-wand-deux-estimulador-de-clitoris-rosa\/","og_site_name":"Tienda Er\u00f3tica","article_modified_time":"2022-01-22T09:01:49+00:00","og_image":[{"width":550,"height":550,"url":"https:\/\/demoweb.info\/sexshop001\/wp-content\/uploads\/2022\/01\/LE-WAND-DEUX-ESTIMULADOR-DE-CLITORIS-ROSA.jpg","type":"image\/jpeg"}],"twitter_card":"summary_large_image","twitter_misc":{"Tiempo de lectura":"1 minuto"},"schema":{"@context":"https:\/\/schema.org","@graph":[{"@type":"WebPage","@id":"https:\/\/demoweb.info\/sexshop001\/producto\/le-wand-deux-estimulador-de-clitoris-rosa\/","url":"https:\/\/demoweb.info\/sexshop001\/producto\/le-wand-deux-estimulador-de-clitoris-rosa\/","name":"LE WAND DEUX - ESTIMULADOR DE CLITORIS, ROSA - Tienda Er\u00f3tica","isPartOf":{"@id":"https:\/\/demoweb.info\/sexshop001\/#website"},"datePublished":"2022-01-22T09:01:34+00:00","dateModified":"2022-01-22T09:01:49+00:00","breadcrumb":{"@id":"https:\/\/demoweb.info\/sexshop001\/producto\/le-wand-deux-estimulador-de-clitoris-rosa\/#breadcrumb"},"inLanguage":"es","potentialAction":[{"@type":"ReadAction","target":["https:\/\/demoweb.info\/sexshop001\/producto\/le-wand-deux-estimulador-de-clitoris-rosa\/"]}]},{"@type":"BreadcrumbList","@id":"https:\/\/demoweb.info\/sexshop001\/producto\/le-wand-deux-estimulador-de-clitoris-rosa\/#breadcrumb","itemListElement":[{"@type":"ListItem","position":1,"name":"Portada","item":"https:\/\/demoweb.info\/sexshop001\/"},{"@type":"ListItem","position":2,"name":"Tienda","item":"https:\/\/demoweb.info\/sexshop001\/tienda\/"},{"@type":"ListItem","position":3,"name":"LE WAND DEUX &#8211; ESTIMULADOR DE CLITORIS, ROSA"}]},{"@type":"WebSite","@id":"https:\/\/demoweb.info\/sexshop001\/#website","url":"https:\/\/demoweb.info\/sexshop001\/","name":"Tienda Er\u00f3tica","description":"DEMOWEB SL","potentialAction":[{"@type":"SearchAction","target":{"@type":"EntryPoint","urlTemplate":"https:\/\/demoweb.info\/sexshop001\/?s={search_term_string}"},"query-input":"required name=search_term_string"}],"inLanguage":"es"}]}},"_links":{"self":[{"href":"https:\/\/demoweb.info\/sexshop001\/wp-json\/wp\/v3\/product\/11889","targetHints":{"allow":["GET"]}}],"collection":[{"href":"https:\/\/demoweb.info\/sexshop001\/wp-json\/wp\/v3\/product"}],"about":[{"href":"https:\/\/demoweb.info\/sexshop001\/wp-json\/wp\/v2\/types\/product"}],"replies":[{"embeddable":true,"href":"https:\/\/demoweb.info\/sexshop001\/wp-json\/wp\/v2\/comments?post=11889"}],"wp:featuredmedia":[{"embeddable":true,"href":"https:\/\/demoweb.info\/sexshop001\/wp-json\/wp\/v2\/media\/11890"}],"wp:attachment":[{"href":"https:\/\/demoweb.info\/sexshop001\/wp-json\/wp\/v2\/media?parent=11889"}],"wp:term":[{"taxonomy":"product_cat","embeddable":true,"href":"https:\/\/demoweb.info\/sexshop001\/wp-json\/wp\/v2\/product_cat?post=11889"},{"taxonomy":"product_tag","embeddable":true,"href":"https:\/\/demoweb.info\/sexshop001\/wp-json\/wp\/v2\/product_tag?post=11889"}],"curies":[{"name":"wp","href":"https:\/\/api.w.org\/{rel}","templated":true}]}}