{"id":11879,"date":"2022-01-22T10:01:34","date_gmt":"2022-01-22T09:01:34","guid":{"rendered":"https:\/\/demoweb.info\/sexshop001\/producto\/le-wand-vibrador-oro-rosa-57cm\/"},"modified":"2022-01-22T10:01:45","modified_gmt":"2022-01-22T09:01:45","slug":"le-wand-vibrador-oro-rosa-57cm","status":"publish","type":"product","link":"https:\/\/demoweb.info\/sexshop001\/producto\/le-wand-vibrador-oro-rosa-57cm\/","title":{"rendered":"LE WAND &#8211; VIBRADOR &#8211; ORO ROSA , 5,7CM"},"content":{"rendered":"<p><strong>LE WAND GRAND BULLET &#8211; ROSE GOLD<\/strong><\/p>\n<p>Le Wand Grand Bullet es la versi\u00f3n m\u00e1s grande del ambiente de forma ic\u00f3nica que lo guiar\u00e1 a lugares fant\u00e1sticos a ra\u00edz de su viaje de masturbaci\u00f3n.<\/p>\n<p>\u00a1Dicen que las cosas grandes vienen en paquetes peque\u00f1os!<\/p>\n<p>Y es por eso que hemos agregado no uno, sino dos vibradores de bala en nuestra nueva colecci\u00f3n Le Wand Chrome: la min\u00fascula Bullet y la Grand Bullet.<\/p>\n<p>Lo que diferencia al Grand Bullet es su estructura en forma de tubo que se estrecha hacia afuera en la parte superior, lo que le da al juguete un mango para aquellos que necesitan un agarre m\u00e1s seguro.<\/p>\n<ul>\n<li>Di\u00e1metro del producto : 2,8 cm<\/li>\n<li>Longitud insertable :5,7 cm<\/li>\n<li>Cantidad de motores :1<\/li>\n<li>Velocidad m\u00faltiple : S\u00ed<\/li>\n<li>Nivel de ruido : 68 dB<\/li>\n<li>Recargable : S\u00ed<\/li>\n<li>Tiempo de recarga :120 min<\/li>\n<li>Vida de la recarga de las bater\u00edas : 60 min<\/li>\n<li>A prueba de agua :S\u00ed<\/li>\n<li>A prueba de salpicaduras :S\u00ed<\/li>\n<li>Libre de ftalato :S\u00ed<\/li>\n<li>Materiales :. Silicona<\/li>\n<\/ul>\n<p>La Grand Bullet tambi\u00e9n tiene un 40% m\u00e1s de potencia que su contraparte m\u00e1s peque\u00f1a para jugadores avanzados que desean un toque m\u00e1s fuerte cuando llegan al cl\u00edmax.<\/p>\n<p>El Grand Bullet es seguro para el cuerpo, recargable por USB y viene con una funda de silicona con textura extra\u00edble para mayor placer.<\/p>\n<p>Despl\u00e1cese hacia abajo para obtener m\u00e1s informaci\u00f3n sobre las caracter\u00edsticas clave de Grand Bullet.<\/p>\n<p>Un 40% m\u00e1s potente que el Bullet, el Le Wand Grand Bullet est\u00e1 dise\u00f1ado para aquellos que desean una sensaci\u00f3n potente e intensa en un tama\u00f1o port\u00e1til y compacto.<\/p>\n<p>Disfruta de cualquier lugar con Le Wand Grand Bullet.<\/p>\n","protected":false},"excerpt":{"rendered":"<p>LE WAND GRAND BULLET &#8211; ROSE GOLD Le Wand Grand Bullet es la versi\u00f3n m\u00e1s grande del ambiente de forma<\/p>\n","protected":false},"featured_media":11880,"comment_status":"open","ping_status":"open","template":"","meta":[],"product_cat":[476],"product_tag":[646],"class_list":["post-11879","product","type-product","status-publish","has-post-thumbnail","hentry","product_cat-silicona-balas-y-huevos","product_tag-le-wand"],"bundled_by":[],"bundle_stock_status":"instock","bundle_stock_quantity":2,"bundle_virtual":false,"bundle_layout":"","bundle_add_to_cart_form_location":"","bundle_editable_in_cart":false,"bundle_sold_individually_context":"","bundle_item_grouping":"","bundle_min_size":"","bundle_max_size":"","bundled_items":[],"yoast_head":"<!-- This site is optimized with the Yoast SEO plugin v20.6 - https:\/\/yoast.com\/wordpress\/plugins\/seo\/ -->\n<title>LE WAND - VIBRADOR - ORO ROSA , 5,7CM - Tienda Er\u00f3tica<\/title>\n<meta name=\"robots\" content=\"noindex, follow, max-snippet:-1, max-image-preview:large, max-video-preview:-1\" \/>\n<meta property=\"og:locale\" content=\"es_ES\" \/>\n<meta property=\"og:type\" content=\"article\" \/>\n<meta property=\"og:title\" content=\"LE WAND - VIBRADOR - ORO ROSA , 5,7CM - Tienda Er\u00f3tica\" \/>\n<meta property=\"og:description\" content=\"LE WAND GRAND BULLET &#8211; ROSE GOLD Le Wand Grand Bullet es la versi\u00f3n m\u00e1s grande del ambiente de forma\" \/>\n<meta property=\"og:url\" content=\"https:\/\/demoweb.info\/sexshop001\/producto\/le-wand-vibrador-oro-rosa-57cm\/\" \/>\n<meta property=\"og:site_name\" content=\"Tienda Er\u00f3tica\" \/>\n<meta property=\"article:modified_time\" content=\"2022-01-22T09:01:45+00:00\" \/>\n<meta property=\"og:image\" content=\"https:\/\/demoweb.info\/sexshop001\/wp-content\/uploads\/2022\/01\/LE-WAND-VIBRADOR-ORO-ROSA-57CM.jpg\" \/>\n\t<meta property=\"og:image:width\" content=\"550\" \/>\n\t<meta property=\"og:image:height\" content=\"550\" \/>\n\t<meta property=\"og:image:type\" content=\"image\/jpeg\" \/>\n<meta name=\"twitter:card\" content=\"summary_large_image\" \/>\n<meta name=\"twitter:label1\" content=\"Tiempo de lectura\" \/>\n\t<meta name=\"twitter:data1\" content=\"1 minuto\" \/>\n<script type=\"application\/ld+json\" class=\"yoast-schema-graph\">{\"@context\":\"https:\/\/schema.org\",\"@graph\":[{\"@type\":\"WebPage\",\"@id\":\"https:\/\/demoweb.info\/sexshop001\/producto\/le-wand-vibrador-oro-rosa-57cm\/\",\"url\":\"https:\/\/demoweb.info\/sexshop001\/producto\/le-wand-vibrador-oro-rosa-57cm\/\",\"name\":\"LE WAND - VIBRADOR - ORO ROSA , 5,7CM - Tienda Er\u00f3tica\",\"isPartOf\":{\"@id\":\"https:\/\/demoweb.info\/sexshop001\/#website\"},\"datePublished\":\"2022-01-22T09:01:34+00:00\",\"dateModified\":\"2022-01-22T09:01:45+00:00\",\"breadcrumb\":{\"@id\":\"https:\/\/demoweb.info\/sexshop001\/producto\/le-wand-vibrador-oro-rosa-57cm\/#breadcrumb\"},\"inLanguage\":\"es\",\"potentialAction\":[{\"@type\":\"ReadAction\",\"target\":[\"https:\/\/demoweb.info\/sexshop001\/producto\/le-wand-vibrador-oro-rosa-57cm\/\"]}]},{\"@type\":\"BreadcrumbList\",\"@id\":\"https:\/\/demoweb.info\/sexshop001\/producto\/le-wand-vibrador-oro-rosa-57cm\/#breadcrumb\",\"itemListElement\":[{\"@type\":\"ListItem\",\"position\":1,\"name\":\"Portada\",\"item\":\"https:\/\/demoweb.info\/sexshop001\/\"},{\"@type\":\"ListItem\",\"position\":2,\"name\":\"Tienda\",\"item\":\"https:\/\/demoweb.info\/sexshop001\/tienda\/\"},{\"@type\":\"ListItem\",\"position\":3,\"name\":\"LE WAND &#8211; VIBRADOR &#8211; ORO ROSA , 5,7CM\"}]},{\"@type\":\"WebSite\",\"@id\":\"https:\/\/demoweb.info\/sexshop001\/#website\",\"url\":\"https:\/\/demoweb.info\/sexshop001\/\",\"name\":\"Tienda Er\u00f3tica\",\"description\":\"DEMOWEB SL\",\"potentialAction\":[{\"@type\":\"SearchAction\",\"target\":{\"@type\":\"EntryPoint\",\"urlTemplate\":\"https:\/\/demoweb.info\/sexshop001\/?s={search_term_string}\"},\"query-input\":\"required name=search_term_string\"}],\"inLanguage\":\"es\"}]}<\/script>\n<!-- \/ Yoast SEO plugin. -->","yoast_head_json":{"title":"LE WAND - VIBRADOR - ORO ROSA , 5,7CM - Tienda Er\u00f3tica","robots":{"index":"noindex","follow":"follow","max-snippet":"max-snippet:-1","max-image-preview":"max-image-preview:large","max-video-preview":"max-video-preview:-1"},"og_locale":"es_ES","og_type":"article","og_title":"LE WAND - VIBRADOR - ORO ROSA , 5,7CM - Tienda Er\u00f3tica","og_description":"LE WAND GRAND BULLET &#8211; ROSE GOLD Le Wand Grand Bullet es la versi\u00f3n m\u00e1s grande del ambiente de forma","og_url":"https:\/\/demoweb.info\/sexshop001\/producto\/le-wand-vibrador-oro-rosa-57cm\/","og_site_name":"Tienda Er\u00f3tica","article_modified_time":"2022-01-22T09:01:45+00:00","og_image":[{"width":550,"height":550,"url":"https:\/\/demoweb.info\/sexshop001\/wp-content\/uploads\/2022\/01\/LE-WAND-VIBRADOR-ORO-ROSA-57CM.jpg","type":"image\/jpeg"}],"twitter_card":"summary_large_image","twitter_misc":{"Tiempo de lectura":"1 minuto"},"schema":{"@context":"https:\/\/schema.org","@graph":[{"@type":"WebPage","@id":"https:\/\/demoweb.info\/sexshop001\/producto\/le-wand-vibrador-oro-rosa-57cm\/","url":"https:\/\/demoweb.info\/sexshop001\/producto\/le-wand-vibrador-oro-rosa-57cm\/","name":"LE WAND - VIBRADOR - ORO ROSA , 5,7CM - Tienda Er\u00f3tica","isPartOf":{"@id":"https:\/\/demoweb.info\/sexshop001\/#website"},"datePublished":"2022-01-22T09:01:34+00:00","dateModified":"2022-01-22T09:01:45+00:00","breadcrumb":{"@id":"https:\/\/demoweb.info\/sexshop001\/producto\/le-wand-vibrador-oro-rosa-57cm\/#breadcrumb"},"inLanguage":"es","potentialAction":[{"@type":"ReadAction","target":["https:\/\/demoweb.info\/sexshop001\/producto\/le-wand-vibrador-oro-rosa-57cm\/"]}]},{"@type":"BreadcrumbList","@id":"https:\/\/demoweb.info\/sexshop001\/producto\/le-wand-vibrador-oro-rosa-57cm\/#breadcrumb","itemListElement":[{"@type":"ListItem","position":1,"name":"Portada","item":"https:\/\/demoweb.info\/sexshop001\/"},{"@type":"ListItem","position":2,"name":"Tienda","item":"https:\/\/demoweb.info\/sexshop001\/tienda\/"},{"@type":"ListItem","position":3,"name":"LE WAND &#8211; VIBRADOR &#8211; ORO ROSA , 5,7CM"}]},{"@type":"WebSite","@id":"https:\/\/demoweb.info\/sexshop001\/#website","url":"https:\/\/demoweb.info\/sexshop001\/","name":"Tienda Er\u00f3tica","description":"DEMOWEB SL","potentialAction":[{"@type":"SearchAction","target":{"@type":"EntryPoint","urlTemplate":"https:\/\/demoweb.info\/sexshop001\/?s={search_term_string}"},"query-input":"required name=search_term_string"}],"inLanguage":"es"}]}},"_links":{"self":[{"href":"https:\/\/demoweb.info\/sexshop001\/wp-json\/wp\/v3\/product\/11879","targetHints":{"allow":["GET"]}}],"collection":[{"href":"https:\/\/demoweb.info\/sexshop001\/wp-json\/wp\/v3\/product"}],"about":[{"href":"https:\/\/demoweb.info\/sexshop001\/wp-json\/wp\/v2\/types\/product"}],"replies":[{"embeddable":true,"href":"https:\/\/demoweb.info\/sexshop001\/wp-json\/wp\/v2\/comments?post=11879"}],"wp:featuredmedia":[{"embeddable":true,"href":"https:\/\/demoweb.info\/sexshop001\/wp-json\/wp\/v2\/media\/11880"}],"wp:attachment":[{"href":"https:\/\/demoweb.info\/sexshop001\/wp-json\/wp\/v2\/media?parent=11879"}],"wp:term":[{"taxonomy":"product_cat","embeddable":true,"href":"https:\/\/demoweb.info\/sexshop001\/wp-json\/wp\/v2\/product_cat?post=11879"},{"taxonomy":"product_tag","embeddable":true,"href":"https:\/\/demoweb.info\/sexshop001\/wp-json\/wp\/v2\/product_tag?post=11879"}],"curies":[{"name":"wp","href":"https:\/\/api.w.org\/{rel}","templated":true}]}}