{"id":11840,"date":"2022-01-22T10:00:58","date_gmt":"2022-01-22T09:00:58","guid":{"rendered":"https:\/\/demoweb.info\/sexshop001\/producto\/pleasure-kit-6-vibrande-clitoris-purpura\/"},"modified":"2022-01-22T10:01:27","modified_gmt":"2022-01-22T09:01:27","slug":"pleasure-kit-6-vibrande-clitoris-purpura","status":"publish","type":"product","link":"https:\/\/demoweb.info\/sexshop001\/producto\/pleasure-kit-6-vibrande-clitoris-purpura\/","title":{"rendered":"PLEASURE KIT 6 VIBRANDE CLITORIS &#8211; PURPURA"},"content":{"rendered":"<p><strong>PLEASURE KIT #6 &#8211; PURPLE<\/strong><\/p>\n<p>Este kit presenta la base vibrante del fondo del cl\u00edtoris que tiene un ligero \u00e1ngulo y un fondo puntiagudo.<\/p>\n<p>Un lado est\u00e1 cubierto con algunas costillas estimulantes para una estimulaci\u00f3n adicional.<\/p>\n<p>La base cuenta con un motor de 10 velocidades que acelerar\u00e1 las vibraciones a 15,000 rpm, todo a menos de 60 dB de nivel de ruido.<\/p>\n<p>Esta generosa caja presenta tres accesorios intercambiables: un estimulador del cl\u00edtoris, un vibrador de cuentas y un vibrador de conejo. Simplemente haga clic en el archivo adjunto en la base, gire y juegue. El accesorio estimulador del cl\u00edtoris tiene una hermosa cabeza puntiaguda con dos alas laterales para una estimulaci\u00f3n adicional. El accesorio Vibrador con cuentas abre todo un mundo de posibilidades.<\/p>\n<p>\u00a1Con 4 bolas diferentes, que suben de di\u00e1metro, el mundo org\u00e1smico est\u00e1 a tu alcance! \u00daselo vaginal o analmente, \u00a1la elecci\u00f3n es suya!<\/p>\n<p>El accesorio vibrador Rabbit tiene una cabeza aplanada para la estimulaci\u00f3n del punto G y dos orejas vibrantes para darle al cl\u00edtoris un poco m\u00e1s de atenci\u00f3n. Tanto la base como los accesorios est\u00e1n hechos de silicona y ABS de grado m\u00e9dico sedoso.<\/p>\n<p>Parte inferior de la varita del cl\u00edtoris<br \/>\nMotor: 1x motor F1 de nueva generaci\u00f3n<br \/>\nRotaciones por minuto: 15,160 RPM<br \/>\nTama\u00f1o: longitud 8cm | Di\u00e1metro 4.1cm<br \/>\nPeso: 65 gr.<\/p>\n<p>Vibrador Cl\u00edtoris Arriba<br \/>\nMotor: 1x motor F1 de nueva generaci\u00f3n<br \/>\nRotaciones por minuto: 9,000 RPM<br \/>\nTama\u00f1o: longitud 12,5cm | Ancho 6cm | Di\u00e1metro 3,2 cm<br \/>\nPeso: 80 gr.<\/p>\n<p>Cuentas Vibrador Superior<br \/>\nMotor: 1x motor F1 de nueva generaci\u00f3n<br \/>\nRotaciones por minuto: 9,000 RPM<br \/>\nTama\u00f1o: longitud 13,5cm | Ancho 7cm | Di\u00e1metro 3.6cm<br \/>\nPeso: 95 gr.<\/p>\n<p>Vibrador Conejo<br \/>\nMotor: 2x motor F1 de nueva generaci\u00f3n<br \/>\nRotaciones por minuto: 15,160 RPM<br \/>\nTama\u00f1o: longitud 13,5cm | Di\u00e1metro 3.3cm<br \/>\nPeso: 115 gr.<br \/>\nEnviar comentarios<br \/>\nHistorial<br \/>\nGuardadas<br \/>\nComunidad<\/p>\n","protected":false},"excerpt":{"rendered":"<p>PLEASURE KIT #6 &#8211; PURPLE Este kit presenta la base vibrante del fondo del cl\u00edtoris que tiene un ligero \u00e1ngulo<\/p>\n","protected":false},"featured_media":11841,"comment_status":"open","ping_status":"open","template":"","meta":[],"product_cat":[478],"product_tag":[302],"class_list":["post-11840","product","type-product","status-publish","has-post-thumbnail","hentry","product_cat-kits-vibradores-juguetes-xxx","product_tag-shots"],"bundled_by":[],"bundle_stock_status":"instock","bundle_stock_quantity":2,"bundle_virtual":false,"bundle_layout":"","bundle_add_to_cart_form_location":"","bundle_editable_in_cart":false,"bundle_sold_individually_context":"","bundle_item_grouping":"","bundle_min_size":"","bundle_max_size":"","bundled_items":[],"yoast_head":"<!-- This site is optimized with the Yoast SEO plugin v20.6 - https:\/\/yoast.com\/wordpress\/plugins\/seo\/ -->\n<title>PLEASURE KIT 6 VIBRANDE CLITORIS - PURPURA - Tienda Er\u00f3tica<\/title>\n<meta name=\"robots\" content=\"noindex, follow, max-snippet:-1, max-image-preview:large, max-video-preview:-1\" \/>\n<meta property=\"og:locale\" content=\"es_ES\" \/>\n<meta property=\"og:type\" content=\"article\" \/>\n<meta property=\"og:title\" content=\"PLEASURE KIT 6 VIBRANDE CLITORIS - PURPURA - Tienda Er\u00f3tica\" \/>\n<meta property=\"og:description\" content=\"PLEASURE KIT #6 &#8211; PURPLE Este kit presenta la base vibrante del fondo del cl\u00edtoris que tiene un ligero \u00e1ngulo\" \/>\n<meta property=\"og:url\" content=\"https:\/\/demoweb.info\/sexshop001\/producto\/pleasure-kit-6-vibrande-clitoris-purpura\/\" \/>\n<meta property=\"og:site_name\" content=\"Tienda Er\u00f3tica\" \/>\n<meta property=\"article:modified_time\" content=\"2022-01-22T09:01:27+00:00\" \/>\n<meta property=\"og:image\" content=\"https:\/\/demoweb.info\/sexshop001\/wp-content\/uploads\/2022\/01\/PLEASURE-KIT-6-VIBRANDE-CLITORIS-PURPURA.jpg\" \/>\n\t<meta property=\"og:image:width\" content=\"550\" \/>\n\t<meta property=\"og:image:height\" content=\"550\" \/>\n\t<meta property=\"og:image:type\" content=\"image\/jpeg\" \/>\n<meta name=\"twitter:card\" content=\"summary_large_image\" \/>\n<meta name=\"twitter:label1\" content=\"Tiempo de lectura\" \/>\n\t<meta name=\"twitter:data1\" content=\"2 minutos\" \/>\n<script type=\"application\/ld+json\" class=\"yoast-schema-graph\">{\"@context\":\"https:\/\/schema.org\",\"@graph\":[{\"@type\":\"WebPage\",\"@id\":\"https:\/\/demoweb.info\/sexshop001\/producto\/pleasure-kit-6-vibrande-clitoris-purpura\/\",\"url\":\"https:\/\/demoweb.info\/sexshop001\/producto\/pleasure-kit-6-vibrande-clitoris-purpura\/\",\"name\":\"PLEASURE KIT 6 VIBRANDE CLITORIS - PURPURA - Tienda Er\u00f3tica\",\"isPartOf\":{\"@id\":\"https:\/\/demoweb.info\/sexshop001\/#website\"},\"datePublished\":\"2022-01-22T09:00:58+00:00\",\"dateModified\":\"2022-01-22T09:01:27+00:00\",\"breadcrumb\":{\"@id\":\"https:\/\/demoweb.info\/sexshop001\/producto\/pleasure-kit-6-vibrande-clitoris-purpura\/#breadcrumb\"},\"inLanguage\":\"es\",\"potentialAction\":[{\"@type\":\"ReadAction\",\"target\":[\"https:\/\/demoweb.info\/sexshop001\/producto\/pleasure-kit-6-vibrande-clitoris-purpura\/\"]}]},{\"@type\":\"BreadcrumbList\",\"@id\":\"https:\/\/demoweb.info\/sexshop001\/producto\/pleasure-kit-6-vibrande-clitoris-purpura\/#breadcrumb\",\"itemListElement\":[{\"@type\":\"ListItem\",\"position\":1,\"name\":\"Portada\",\"item\":\"https:\/\/demoweb.info\/sexshop001\/\"},{\"@type\":\"ListItem\",\"position\":2,\"name\":\"Tienda\",\"item\":\"https:\/\/demoweb.info\/sexshop001\/tienda\/\"},{\"@type\":\"ListItem\",\"position\":3,\"name\":\"PLEASURE KIT 6 VIBRANDE CLITORIS &#8211; PURPURA\"}]},{\"@type\":\"WebSite\",\"@id\":\"https:\/\/demoweb.info\/sexshop001\/#website\",\"url\":\"https:\/\/demoweb.info\/sexshop001\/\",\"name\":\"Tienda Er\u00f3tica\",\"description\":\"DEMOWEB SL\",\"potentialAction\":[{\"@type\":\"SearchAction\",\"target\":{\"@type\":\"EntryPoint\",\"urlTemplate\":\"https:\/\/demoweb.info\/sexshop001\/?s={search_term_string}\"},\"query-input\":\"required name=search_term_string\"}],\"inLanguage\":\"es\"}]}<\/script>\n<!-- \/ Yoast SEO plugin. -->","yoast_head_json":{"title":"PLEASURE KIT 6 VIBRANDE CLITORIS - PURPURA - Tienda Er\u00f3tica","robots":{"index":"noindex","follow":"follow","max-snippet":"max-snippet:-1","max-image-preview":"max-image-preview:large","max-video-preview":"max-video-preview:-1"},"og_locale":"es_ES","og_type":"article","og_title":"PLEASURE KIT 6 VIBRANDE CLITORIS - PURPURA - Tienda Er\u00f3tica","og_description":"PLEASURE KIT #6 &#8211; PURPLE Este kit presenta la base vibrante del fondo del cl\u00edtoris que tiene un ligero \u00e1ngulo","og_url":"https:\/\/demoweb.info\/sexshop001\/producto\/pleasure-kit-6-vibrande-clitoris-purpura\/","og_site_name":"Tienda Er\u00f3tica","article_modified_time":"2022-01-22T09:01:27+00:00","og_image":[{"width":550,"height":550,"url":"https:\/\/demoweb.info\/sexshop001\/wp-content\/uploads\/2022\/01\/PLEASURE-KIT-6-VIBRANDE-CLITORIS-PURPURA.jpg","type":"image\/jpeg"}],"twitter_card":"summary_large_image","twitter_misc":{"Tiempo de lectura":"2 minutos"},"schema":{"@context":"https:\/\/schema.org","@graph":[{"@type":"WebPage","@id":"https:\/\/demoweb.info\/sexshop001\/producto\/pleasure-kit-6-vibrande-clitoris-purpura\/","url":"https:\/\/demoweb.info\/sexshop001\/producto\/pleasure-kit-6-vibrande-clitoris-purpura\/","name":"PLEASURE KIT 6 VIBRANDE CLITORIS - PURPURA - Tienda Er\u00f3tica","isPartOf":{"@id":"https:\/\/demoweb.info\/sexshop001\/#website"},"datePublished":"2022-01-22T09:00:58+00:00","dateModified":"2022-01-22T09:01:27+00:00","breadcrumb":{"@id":"https:\/\/demoweb.info\/sexshop001\/producto\/pleasure-kit-6-vibrande-clitoris-purpura\/#breadcrumb"},"inLanguage":"es","potentialAction":[{"@type":"ReadAction","target":["https:\/\/demoweb.info\/sexshop001\/producto\/pleasure-kit-6-vibrande-clitoris-purpura\/"]}]},{"@type":"BreadcrumbList","@id":"https:\/\/demoweb.info\/sexshop001\/producto\/pleasure-kit-6-vibrande-clitoris-purpura\/#breadcrumb","itemListElement":[{"@type":"ListItem","position":1,"name":"Portada","item":"https:\/\/demoweb.info\/sexshop001\/"},{"@type":"ListItem","position":2,"name":"Tienda","item":"https:\/\/demoweb.info\/sexshop001\/tienda\/"},{"@type":"ListItem","position":3,"name":"PLEASURE KIT 6 VIBRANDE CLITORIS &#8211; PURPURA"}]},{"@type":"WebSite","@id":"https:\/\/demoweb.info\/sexshop001\/#website","url":"https:\/\/demoweb.info\/sexshop001\/","name":"Tienda Er\u00f3tica","description":"DEMOWEB SL","potentialAction":[{"@type":"SearchAction","target":{"@type":"EntryPoint","urlTemplate":"https:\/\/demoweb.info\/sexshop001\/?s={search_term_string}"},"query-input":"required name=search_term_string"}],"inLanguage":"es"}]}},"_links":{"self":[{"href":"https:\/\/demoweb.info\/sexshop001\/wp-json\/wp\/v3\/product\/11840","targetHints":{"allow":["GET"]}}],"collection":[{"href":"https:\/\/demoweb.info\/sexshop001\/wp-json\/wp\/v3\/product"}],"about":[{"href":"https:\/\/demoweb.info\/sexshop001\/wp-json\/wp\/v2\/types\/product"}],"replies":[{"embeddable":true,"href":"https:\/\/demoweb.info\/sexshop001\/wp-json\/wp\/v2\/comments?post=11840"}],"wp:featuredmedia":[{"embeddable":true,"href":"https:\/\/demoweb.info\/sexshop001\/wp-json\/wp\/v2\/media\/11841"}],"wp:attachment":[{"href":"https:\/\/demoweb.info\/sexshop001\/wp-json\/wp\/v2\/media?parent=11840"}],"wp:term":[{"taxonomy":"product_cat","embeddable":true,"href":"https:\/\/demoweb.info\/sexshop001\/wp-json\/wp\/v2\/product_cat?post=11840"},{"taxonomy":"product_tag","embeddable":true,"href":"https:\/\/demoweb.info\/sexshop001\/wp-json\/wp\/v2\/product_tag?post=11840"}],"curies":[{"name":"wp","href":"https:\/\/api.w.org\/{rel}","templated":true}]}}