{"id":11820,"date":"2022-01-22T10:00:58","date_gmt":"2022-01-22T09:00:58","guid":{"rendered":"https:\/\/demoweb.info\/sexshop001\/producto\/pleasure-kit-vibrande-clitoris-negro\/"},"modified":"2022-01-22T10:01:18","modified_gmt":"2022-01-22T09:01:18","slug":"pleasure-kit-vibrande-clitoris-negro","status":"publish","type":"product","link":"https:\/\/demoweb.info\/sexshop001\/producto\/pleasure-kit-vibrande-clitoris-negro\/","title":{"rendered":"PLEASURE KIT VIBRANDE CLITORIS &#8211; NEGRO"},"content":{"rendered":"<p><strong>PLEASURE KIT #4 &#8211; BLACK<\/strong><\/p>\n<p>Este kit presenta la base vibrante del fondo del cl\u00edtoris que tiene un ligero \u00e1ngulo y un fondo puntiagudo.<\/p>\n<p>Un lado est\u00e1 cubierto con algunas costillas estimulantes para una estimulaci\u00f3n adicional<\/p>\n<p>. La base cuenta con un motor de 10 velocidades que acelerar\u00e1 las vibraciones a 15,000 rpm, todo a menos de 60 dB de nivel de ruido.<\/p>\n<p>Este cuadro combinado incluye dos accesorios superiores intercambiables para combinar con la base: un vibrador del cl\u00edtoris y un vibrador cl\u00e1sico.<\/p>\n<p>\u00a1Simplemente haga clic en el accesorio en la base, g\u00edrelo y juegue! El accesorio del vibrador del cl\u00edtoris tiene una hermosa cabeza puntiaguda para golpear el lugar correcto una y otra vez.<\/p>\n<p>\u00a1El accesorio de vibrador cl\u00e1sico no necesita m\u00e1s presentaci\u00f3n ya que esta herramienta el\u00e9ctrica siempre est\u00e1 lista para el trabajo en cuesti\u00f3n!<\/p>\n<p>Tanto la base como los accesorios est\u00e1n hechos de silicona y ABS de grado m\u00e9dico sedoso.<\/p>\n<p>Parte inferior de la varita del cl\u00edtoris<br \/>\nMotor: 1x motor F1 de nueva generaci\u00f3n<br \/>\nRotaciones por minuto: 15.160 RPM<br \/>\nTama\u00f1o: longitud 8cm | Di\u00e1metro 4,1cm<br \/>\nPeso: 65 gr.<\/p>\n<p>Vibrador Cl\u00edtoris Arriba<br \/>\nMotor: 1x motor F1 de nueva generaci\u00f3n<br \/>\nRotaciones por minuto: 15.160 RPM<br \/>\nTama\u00f1o: longitud 13,3cm | Di\u00e1metro 4 cm<br \/>\nPeso: 100 gr.<\/p>\n<p>Top Vibrador Cl\u00e1sico<br \/>\nMotor: 1x motor F1 de nueva generaci\u00f3n<br \/>\nRotaciones por minuto: 15.160 RPM<br \/>\nTama\u00f1o: longitud 12,5cm | Di\u00e1metro 3,1cm<br \/>\nPeso: 90 gr.<br \/>\nEnviar comentarios\n <\/p>\n","protected":false},"excerpt":{"rendered":"<p>PLEASURE KIT #4 &#8211; BLACK Este kit presenta la base vibrante del fondo del cl\u00edtoris que tiene un ligero \u00e1ngulo<\/p>\n","protected":false},"featured_media":11821,"comment_status":"open","ping_status":"open","template":"","meta":[],"product_cat":[478],"product_tag":[302],"class_list":["post-11820","product","type-product","status-publish","has-post-thumbnail","hentry","product_cat-kits-vibradores-juguetes-xxx","product_tag-shots"],"bundled_by":[],"bundle_stock_status":"instock","bundle_stock_quantity":1,"bundle_virtual":false,"bundle_layout":"","bundle_add_to_cart_form_location":"","bundle_editable_in_cart":false,"bundle_sold_individually_context":"","bundle_item_grouping":"","bundle_min_size":"","bundle_max_size":"","bundled_items":[],"yoast_head":"<!-- This site is optimized with the Yoast SEO plugin v20.6 - https:\/\/yoast.com\/wordpress\/plugins\/seo\/ -->\n<title>PLEASURE KIT VIBRANDE CLITORIS - NEGRO - Tienda Er\u00f3tica<\/title>\n<meta name=\"robots\" content=\"noindex, follow, max-snippet:-1, max-image-preview:large, max-video-preview:-1\" \/>\n<meta property=\"og:locale\" content=\"es_ES\" \/>\n<meta property=\"og:type\" content=\"article\" \/>\n<meta property=\"og:title\" content=\"PLEASURE KIT VIBRANDE CLITORIS - NEGRO - Tienda Er\u00f3tica\" \/>\n<meta property=\"og:description\" content=\"PLEASURE KIT #4 &#8211; BLACK Este kit presenta la base vibrante del fondo del cl\u00edtoris que tiene un ligero \u00e1ngulo\" \/>\n<meta property=\"og:url\" content=\"https:\/\/demoweb.info\/sexshop001\/producto\/pleasure-kit-vibrande-clitoris-negro\/\" \/>\n<meta property=\"og:site_name\" content=\"Tienda Er\u00f3tica\" \/>\n<meta property=\"article:modified_time\" content=\"2022-01-22T09:01:18+00:00\" \/>\n<meta property=\"og:image\" content=\"https:\/\/demoweb.info\/sexshop001\/wp-content\/uploads\/2022\/01\/PLEASURE-KIT-VIBRANDE-CLITORIS-NEGRO.jpg\" \/>\n\t<meta property=\"og:image:width\" content=\"550\" \/>\n\t<meta property=\"og:image:height\" content=\"550\" \/>\n\t<meta property=\"og:image:type\" content=\"image\/jpeg\" \/>\n<meta name=\"twitter:card\" content=\"summary_large_image\" \/>\n<meta name=\"twitter:label1\" content=\"Tiempo de lectura\" \/>\n\t<meta name=\"twitter:data1\" content=\"1 minuto\" \/>\n<script type=\"application\/ld+json\" class=\"yoast-schema-graph\">{\"@context\":\"https:\/\/schema.org\",\"@graph\":[{\"@type\":\"WebPage\",\"@id\":\"https:\/\/demoweb.info\/sexshop001\/producto\/pleasure-kit-vibrande-clitoris-negro\/\",\"url\":\"https:\/\/demoweb.info\/sexshop001\/producto\/pleasure-kit-vibrande-clitoris-negro\/\",\"name\":\"PLEASURE KIT VIBRANDE CLITORIS - NEGRO - Tienda Er\u00f3tica\",\"isPartOf\":{\"@id\":\"https:\/\/demoweb.info\/sexshop001\/#website\"},\"datePublished\":\"2022-01-22T09:00:58+00:00\",\"dateModified\":\"2022-01-22T09:01:18+00:00\",\"breadcrumb\":{\"@id\":\"https:\/\/demoweb.info\/sexshop001\/producto\/pleasure-kit-vibrande-clitoris-negro\/#breadcrumb\"},\"inLanguage\":\"es\",\"potentialAction\":[{\"@type\":\"ReadAction\",\"target\":[\"https:\/\/demoweb.info\/sexshop001\/producto\/pleasure-kit-vibrande-clitoris-negro\/\"]}]},{\"@type\":\"BreadcrumbList\",\"@id\":\"https:\/\/demoweb.info\/sexshop001\/producto\/pleasure-kit-vibrande-clitoris-negro\/#breadcrumb\",\"itemListElement\":[{\"@type\":\"ListItem\",\"position\":1,\"name\":\"Portada\",\"item\":\"https:\/\/demoweb.info\/sexshop001\/\"},{\"@type\":\"ListItem\",\"position\":2,\"name\":\"Tienda\",\"item\":\"https:\/\/demoweb.info\/sexshop001\/tienda\/\"},{\"@type\":\"ListItem\",\"position\":3,\"name\":\"PLEASURE KIT VIBRANDE CLITORIS &#8211; NEGRO\"}]},{\"@type\":\"WebSite\",\"@id\":\"https:\/\/demoweb.info\/sexshop001\/#website\",\"url\":\"https:\/\/demoweb.info\/sexshop001\/\",\"name\":\"Tienda Er\u00f3tica\",\"description\":\"DEMOWEB SL\",\"potentialAction\":[{\"@type\":\"SearchAction\",\"target\":{\"@type\":\"EntryPoint\",\"urlTemplate\":\"https:\/\/demoweb.info\/sexshop001\/?s={search_term_string}\"},\"query-input\":\"required name=search_term_string\"}],\"inLanguage\":\"es\"}]}<\/script>\n<!-- \/ Yoast SEO plugin. -->","yoast_head_json":{"title":"PLEASURE KIT VIBRANDE CLITORIS - NEGRO - Tienda Er\u00f3tica","robots":{"index":"noindex","follow":"follow","max-snippet":"max-snippet:-1","max-image-preview":"max-image-preview:large","max-video-preview":"max-video-preview:-1"},"og_locale":"es_ES","og_type":"article","og_title":"PLEASURE KIT VIBRANDE CLITORIS - NEGRO - Tienda Er\u00f3tica","og_description":"PLEASURE KIT #4 &#8211; BLACK Este kit presenta la base vibrante del fondo del cl\u00edtoris que tiene un ligero \u00e1ngulo","og_url":"https:\/\/demoweb.info\/sexshop001\/producto\/pleasure-kit-vibrande-clitoris-negro\/","og_site_name":"Tienda Er\u00f3tica","article_modified_time":"2022-01-22T09:01:18+00:00","og_image":[{"width":550,"height":550,"url":"https:\/\/demoweb.info\/sexshop001\/wp-content\/uploads\/2022\/01\/PLEASURE-KIT-VIBRANDE-CLITORIS-NEGRO.jpg","type":"image\/jpeg"}],"twitter_card":"summary_large_image","twitter_misc":{"Tiempo de lectura":"1 minuto"},"schema":{"@context":"https:\/\/schema.org","@graph":[{"@type":"WebPage","@id":"https:\/\/demoweb.info\/sexshop001\/producto\/pleasure-kit-vibrande-clitoris-negro\/","url":"https:\/\/demoweb.info\/sexshop001\/producto\/pleasure-kit-vibrande-clitoris-negro\/","name":"PLEASURE KIT VIBRANDE CLITORIS - NEGRO - Tienda Er\u00f3tica","isPartOf":{"@id":"https:\/\/demoweb.info\/sexshop001\/#website"},"datePublished":"2022-01-22T09:00:58+00:00","dateModified":"2022-01-22T09:01:18+00:00","breadcrumb":{"@id":"https:\/\/demoweb.info\/sexshop001\/producto\/pleasure-kit-vibrande-clitoris-negro\/#breadcrumb"},"inLanguage":"es","potentialAction":[{"@type":"ReadAction","target":["https:\/\/demoweb.info\/sexshop001\/producto\/pleasure-kit-vibrande-clitoris-negro\/"]}]},{"@type":"BreadcrumbList","@id":"https:\/\/demoweb.info\/sexshop001\/producto\/pleasure-kit-vibrande-clitoris-negro\/#breadcrumb","itemListElement":[{"@type":"ListItem","position":1,"name":"Portada","item":"https:\/\/demoweb.info\/sexshop001\/"},{"@type":"ListItem","position":2,"name":"Tienda","item":"https:\/\/demoweb.info\/sexshop001\/tienda\/"},{"@type":"ListItem","position":3,"name":"PLEASURE KIT VIBRANDE CLITORIS &#8211; NEGRO"}]},{"@type":"WebSite","@id":"https:\/\/demoweb.info\/sexshop001\/#website","url":"https:\/\/demoweb.info\/sexshop001\/","name":"Tienda Er\u00f3tica","description":"DEMOWEB SL","potentialAction":[{"@type":"SearchAction","target":{"@type":"EntryPoint","urlTemplate":"https:\/\/demoweb.info\/sexshop001\/?s={search_term_string}"},"query-input":"required name=search_term_string"}],"inLanguage":"es"}]}},"_links":{"self":[{"href":"https:\/\/demoweb.info\/sexshop001\/wp-json\/wp\/v3\/product\/11820","targetHints":{"allow":["GET"]}}],"collection":[{"href":"https:\/\/demoweb.info\/sexshop001\/wp-json\/wp\/v3\/product"}],"about":[{"href":"https:\/\/demoweb.info\/sexshop001\/wp-json\/wp\/v2\/types\/product"}],"replies":[{"embeddable":true,"href":"https:\/\/demoweb.info\/sexshop001\/wp-json\/wp\/v2\/comments?post=11820"}],"wp:featuredmedia":[{"embeddable":true,"href":"https:\/\/demoweb.info\/sexshop001\/wp-json\/wp\/v2\/media\/11821"}],"wp:attachment":[{"href":"https:\/\/demoweb.info\/sexshop001\/wp-json\/wp\/v2\/media?parent=11820"}],"wp:term":[{"taxonomy":"product_cat","embeddable":true,"href":"https:\/\/demoweb.info\/sexshop001\/wp-json\/wp\/v2\/product_cat?post=11820"},{"taxonomy":"product_tag","embeddable":true,"href":"https:\/\/demoweb.info\/sexshop001\/wp-json\/wp\/v2\/product_tag?post=11820"}],"curies":[{"name":"wp","href":"https:\/\/api.w.org\/{rel}","templated":true}]}}