{"id":11815,"date":"2022-01-22T10:00:58","date_gmt":"2022-01-22T09:00:58","guid":{"rendered":"https:\/\/demoweb.info\/sexshop001\/producto\/pleasure-kit-anal-y-vibrador-rosa\/"},"modified":"2022-01-22T10:01:16","modified_gmt":"2022-01-22T09:01:16","slug":"pleasure-kit-anal-y-vibrador-rosa","status":"publish","type":"product","link":"https:\/\/demoweb.info\/sexshop001\/producto\/pleasure-kit-anal-y-vibrador-rosa\/","title":{"rendered":"PLEASURE KIT ANAL Y VIBRADOR &#8211; ROSA"},"content":{"rendered":"<p><strong>PLEASURE KIT &#8211; PINK<\/strong><\/p>\n<p>Este kit presenta la base vibrante del fondo del cl\u00edtoris que tiene un ligero \u00e1ngulo y un fondo puntiagudo.<\/p>\n<p>Un lado est\u00e1 cubierto con algunas costillas estimulantes para una estimulaci\u00f3n adicional.<\/p>\n<p>La base cuenta con un motor de 10 velocidades que acelerar\u00e1 las vibraciones a 15,000 rpm, todo a menos de 60 dB de nivel de ruido.<\/p>\n<p>Este cuadro combinado incluye dos accesorios superiores intercambiables para combinar con la base: un vibrador de varita y un vibrador de cuentas.<\/p>\n<p>Simplemente haga clic en el archivo adjunto en la base, gire y juegue.<\/p>\n<p>\u00a1El accesorio Wand Vibrator te dar\u00e1 la emoci\u00f3n de tu vida, especialmente con estos potentes modos de velocidad y revoluciones!<\/p>\n<p>El accesorio Vibrador con cuentas abre todo un mundo de posibilidades.<\/p>\n<p>\u00a1Con 4 bolas diferentes, que suben de di\u00e1metro, el mundo org\u00e1smico est\u00e1 a tu alcance!<\/p>\n<p>\u00daselo vaginal o analmente, \u00a1la elecci\u00f3n es suya!<\/p>\n<p>Tanto la base como los accesorios est\u00e1n hechos de silicona y ABS de grado m\u00e9dico sedoso.<\/p>\n<\/p>\n<ul>\n<li>Nivel de ruido    60 dB<\/li>\n<li>Recargable    S\u00ed<\/li>\n<li>Tiempo de recarga    120 min<\/li>\n<li>Vida de la recarga de las bater\u00edas    60 min<\/li>\n<li>A prueba de agua    S\u00ed<\/li>\n<li>Libre de ftalato    S\u00ed<\/li>\n<li>Presupuesto    Clitoral Wand Bottom<\/li>\n<li>Motor: 1x new generation F1 motor<\/li>\n<li>Rotations per Minute: 15.160 RPM<\/li>\n<li>Size: Length 8cm | Diameter 4,1cm<\/li>\n<li>Weight: 65 gr<\/li>\n<\/ul>\n<p><strong>Massage Wand Top<\/strong><\/p>\n<ul>\n<li>Motor: 1x new generation F1 motor<\/li>\n<li>Rotations per Minute: 15.160 RPM<\/li>\n<li>Size: Length 12,5cm | Diameter 4,2cm<\/li>\n<li>Weight: 100 gr<\/li>\n<\/ul>\n<p><strong>Beads Vibrator Top<\/strong><\/p>\n<ul>\n<li>Motor: 1x new generation F1 motor<\/li>\n<li>Rotations per Minute: 9.000 RPM<\/li>\n<li>Size: Length 13,5cm | Width 7cm | Diameter 3,6cm<\/li>\n<li>Weight: 95 gr<\/li>\n<li>Materiales    Silicone, ABS<\/li>\n<\/ul>\n","protected":false},"excerpt":{"rendered":"<p>PLEASURE KIT &#8211; PINK Este kit presenta la base vibrante del fondo del cl\u00edtoris que tiene un ligero \u00e1ngulo y<\/p>\n","protected":false},"featured_media":11816,"comment_status":"open","ping_status":"open","template":"","meta":[],"product_cat":[478],"product_tag":[302,642],"class_list":["post-11815","product","type-product","status-publish","has-post-thumbnail","hentry","product_cat-kits-vibradores-juguetes-xxx","product_tag-shots","product_tag-switch"],"bundled_by":[],"bundle_stock_status":"instock","bundle_stock_quantity":1,"bundle_virtual":false,"bundle_layout":"","bundle_add_to_cart_form_location":"","bundle_editable_in_cart":false,"bundle_sold_individually_context":"","bundle_item_grouping":"","bundle_min_size":"","bundle_max_size":"","bundled_items":[],"yoast_head":"<!-- This site is optimized with the Yoast SEO plugin v20.6 - https:\/\/yoast.com\/wordpress\/plugins\/seo\/ -->\n<title>PLEASURE KIT ANAL Y VIBRADOR - ROSA - Tienda Er\u00f3tica<\/title>\n<meta name=\"robots\" content=\"noindex, follow, max-snippet:-1, max-image-preview:large, max-video-preview:-1\" \/>\n<meta property=\"og:locale\" content=\"es_ES\" \/>\n<meta property=\"og:type\" content=\"article\" \/>\n<meta property=\"og:title\" content=\"PLEASURE KIT ANAL Y VIBRADOR - ROSA - Tienda Er\u00f3tica\" \/>\n<meta property=\"og:description\" content=\"PLEASURE KIT &#8211; PINK Este kit presenta la base vibrante del fondo del cl\u00edtoris que tiene un ligero \u00e1ngulo y\" \/>\n<meta property=\"og:url\" content=\"https:\/\/demoweb.info\/sexshop001\/producto\/pleasure-kit-anal-y-vibrador-rosa\/\" \/>\n<meta property=\"og:site_name\" content=\"Tienda Er\u00f3tica\" \/>\n<meta property=\"article:modified_time\" content=\"2022-01-22T09:01:16+00:00\" \/>\n<meta property=\"og:image\" content=\"https:\/\/demoweb.info\/sexshop001\/wp-content\/uploads\/2022\/01\/PLEASURE-KIT-ANAL-Y-VIBRADOR-ROSA.jpg\" \/>\n\t<meta property=\"og:image:width\" content=\"550\" \/>\n\t<meta property=\"og:image:height\" content=\"550\" \/>\n\t<meta property=\"og:image:type\" content=\"image\/jpeg\" \/>\n<meta name=\"twitter:card\" content=\"summary_large_image\" \/>\n<meta name=\"twitter:label1\" content=\"Tiempo de lectura\" \/>\n\t<meta name=\"twitter:data1\" content=\"1 minuto\" \/>\n<script type=\"application\/ld+json\" class=\"yoast-schema-graph\">{\"@context\":\"https:\/\/schema.org\",\"@graph\":[{\"@type\":\"WebPage\",\"@id\":\"https:\/\/demoweb.info\/sexshop001\/producto\/pleasure-kit-anal-y-vibrador-rosa\/\",\"url\":\"https:\/\/demoweb.info\/sexshop001\/producto\/pleasure-kit-anal-y-vibrador-rosa\/\",\"name\":\"PLEASURE KIT ANAL Y VIBRADOR - ROSA - Tienda Er\u00f3tica\",\"isPartOf\":{\"@id\":\"https:\/\/demoweb.info\/sexshop001\/#website\"},\"datePublished\":\"2022-01-22T09:00:58+00:00\",\"dateModified\":\"2022-01-22T09:01:16+00:00\",\"breadcrumb\":{\"@id\":\"https:\/\/demoweb.info\/sexshop001\/producto\/pleasure-kit-anal-y-vibrador-rosa\/#breadcrumb\"},\"inLanguage\":\"es\",\"potentialAction\":[{\"@type\":\"ReadAction\",\"target\":[\"https:\/\/demoweb.info\/sexshop001\/producto\/pleasure-kit-anal-y-vibrador-rosa\/\"]}]},{\"@type\":\"BreadcrumbList\",\"@id\":\"https:\/\/demoweb.info\/sexshop001\/producto\/pleasure-kit-anal-y-vibrador-rosa\/#breadcrumb\",\"itemListElement\":[{\"@type\":\"ListItem\",\"position\":1,\"name\":\"Portada\",\"item\":\"https:\/\/demoweb.info\/sexshop001\/\"},{\"@type\":\"ListItem\",\"position\":2,\"name\":\"Tienda\",\"item\":\"https:\/\/demoweb.info\/sexshop001\/tienda\/\"},{\"@type\":\"ListItem\",\"position\":3,\"name\":\"PLEASURE KIT ANAL Y VIBRADOR &#8211; ROSA\"}]},{\"@type\":\"WebSite\",\"@id\":\"https:\/\/demoweb.info\/sexshop001\/#website\",\"url\":\"https:\/\/demoweb.info\/sexshop001\/\",\"name\":\"Tienda Er\u00f3tica\",\"description\":\"DEMOWEB SL\",\"potentialAction\":[{\"@type\":\"SearchAction\",\"target\":{\"@type\":\"EntryPoint\",\"urlTemplate\":\"https:\/\/demoweb.info\/sexshop001\/?s={search_term_string}\"},\"query-input\":\"required name=search_term_string\"}],\"inLanguage\":\"es\"}]}<\/script>\n<!-- \/ Yoast SEO plugin. -->","yoast_head_json":{"title":"PLEASURE KIT ANAL Y VIBRADOR - ROSA - Tienda Er\u00f3tica","robots":{"index":"noindex","follow":"follow","max-snippet":"max-snippet:-1","max-image-preview":"max-image-preview:large","max-video-preview":"max-video-preview:-1"},"og_locale":"es_ES","og_type":"article","og_title":"PLEASURE KIT ANAL Y VIBRADOR - ROSA - Tienda Er\u00f3tica","og_description":"PLEASURE KIT &#8211; PINK Este kit presenta la base vibrante del fondo del cl\u00edtoris que tiene un ligero \u00e1ngulo y","og_url":"https:\/\/demoweb.info\/sexshop001\/producto\/pleasure-kit-anal-y-vibrador-rosa\/","og_site_name":"Tienda Er\u00f3tica","article_modified_time":"2022-01-22T09:01:16+00:00","og_image":[{"width":550,"height":550,"url":"https:\/\/demoweb.info\/sexshop001\/wp-content\/uploads\/2022\/01\/PLEASURE-KIT-ANAL-Y-VIBRADOR-ROSA.jpg","type":"image\/jpeg"}],"twitter_card":"summary_large_image","twitter_misc":{"Tiempo de lectura":"1 minuto"},"schema":{"@context":"https:\/\/schema.org","@graph":[{"@type":"WebPage","@id":"https:\/\/demoweb.info\/sexshop001\/producto\/pleasure-kit-anal-y-vibrador-rosa\/","url":"https:\/\/demoweb.info\/sexshop001\/producto\/pleasure-kit-anal-y-vibrador-rosa\/","name":"PLEASURE KIT ANAL Y VIBRADOR - ROSA - Tienda Er\u00f3tica","isPartOf":{"@id":"https:\/\/demoweb.info\/sexshop001\/#website"},"datePublished":"2022-01-22T09:00:58+00:00","dateModified":"2022-01-22T09:01:16+00:00","breadcrumb":{"@id":"https:\/\/demoweb.info\/sexshop001\/producto\/pleasure-kit-anal-y-vibrador-rosa\/#breadcrumb"},"inLanguage":"es","potentialAction":[{"@type":"ReadAction","target":["https:\/\/demoweb.info\/sexshop001\/producto\/pleasure-kit-anal-y-vibrador-rosa\/"]}]},{"@type":"BreadcrumbList","@id":"https:\/\/demoweb.info\/sexshop001\/producto\/pleasure-kit-anal-y-vibrador-rosa\/#breadcrumb","itemListElement":[{"@type":"ListItem","position":1,"name":"Portada","item":"https:\/\/demoweb.info\/sexshop001\/"},{"@type":"ListItem","position":2,"name":"Tienda","item":"https:\/\/demoweb.info\/sexshop001\/tienda\/"},{"@type":"ListItem","position":3,"name":"PLEASURE KIT ANAL Y VIBRADOR &#8211; ROSA"}]},{"@type":"WebSite","@id":"https:\/\/demoweb.info\/sexshop001\/#website","url":"https:\/\/demoweb.info\/sexshop001\/","name":"Tienda Er\u00f3tica","description":"DEMOWEB SL","potentialAction":[{"@type":"SearchAction","target":{"@type":"EntryPoint","urlTemplate":"https:\/\/demoweb.info\/sexshop001\/?s={search_term_string}"},"query-input":"required name=search_term_string"}],"inLanguage":"es"}]}},"_links":{"self":[{"href":"https:\/\/demoweb.info\/sexshop001\/wp-json\/wp\/v3\/product\/11815","targetHints":{"allow":["GET"]}}],"collection":[{"href":"https:\/\/demoweb.info\/sexshop001\/wp-json\/wp\/v3\/product"}],"about":[{"href":"https:\/\/demoweb.info\/sexshop001\/wp-json\/wp\/v2\/types\/product"}],"replies":[{"embeddable":true,"href":"https:\/\/demoweb.info\/sexshop001\/wp-json\/wp\/v2\/comments?post=11815"}],"wp:featuredmedia":[{"embeddable":true,"href":"https:\/\/demoweb.info\/sexshop001\/wp-json\/wp\/v2\/media\/11816"}],"wp:attachment":[{"href":"https:\/\/demoweb.info\/sexshop001\/wp-json\/wp\/v2\/media?parent=11815"}],"wp:term":[{"taxonomy":"product_cat","embeddable":true,"href":"https:\/\/demoweb.info\/sexshop001\/wp-json\/wp\/v2\/product_cat?post=11815"},{"taxonomy":"product_tag","embeddable":true,"href":"https:\/\/demoweb.info\/sexshop001\/wp-json\/wp\/v2\/product_tag?post=11815"}],"curies":[{"name":"wp","href":"https:\/\/api.w.org\/{rel}","templated":true}]}}