{"id":11791,"date":"2022-01-22T10:00:58","date_gmt":"2022-01-22T09:00:58","guid":{"rendered":"https:\/\/demoweb.info\/sexshop001\/producto\/twitch-hands-juguete-de-succion-y-vibracion-rosa-metal\/"},"modified":"2022-01-22T10:01:05","modified_gmt":"2022-01-22T09:01:05","slug":"twitch-hands-juguete-de-succion-y-vibracion-rosa-metal","status":"publish","type":"product","link":"https:\/\/demoweb.info\/sexshop001\/producto\/twitch-hands-juguete-de-succion-y-vibracion-rosa-metal\/","title":{"rendered":"TWITCH HANDS &#8211; JUGUETE DE SUCCION Y VIBRACION &#8211; ROSA METAL"},"content":{"rendered":"<p><strong>TWITCH HANDS &#8211; FREE SUCTION &#038; VIBRATION TOY &#8211; ROSE<\/strong><\/p>\n<p>\u00a1Este juguete de manos libres, bellamente dise\u00f1ado, peque\u00f1o e innovador te ayudar\u00e1 a preparar tu cuerpo para nuevas y divertidas experiencias sexuales!<\/p>\n<p>Sus usuarios no solo disfrutar\u00e1n de un mayor flujo de sangre al cl\u00edtoris, sino que este elegante juguete tambi\u00e9n fomentar\u00e1 la lubricaci\u00f3n vaginal, convirti\u00e9ndolo en tu mejor amigo para los juegos preliminares y mucho m\u00e1s.<\/p>\n<p>La copa segura para el cuerpo, con 2 lenguas y algunos pelos miniaturas excitantes, encaja perfectamente sobre el cl\u00edtoris, creando una suave succi\u00f3n que dispara el flujo de sangre e incrementa la sensibilidad de la regi\u00f3n del cl\u00edtoris para obtener los orgasmos m\u00e1s intensos que haya tenido jam\u00e1s.<\/p>\n<p>Los 3 s\u00faper potentes motores F1 de \u00faltima generaci\u00f3n le dar\u00e1n al cl\u00edtoris unas vibraciones intensas y una succi\u00f3n suave a una asombrosa velocidad de 7800 rpm.<\/p>\n<p>Los que quieran m\u00e1s placer podr\u00e1n elegir entre 4 modos de succi\u00f3n y 10 velocidades de vibraci\u00f3n, dando a este juguete la m\u00e1xima variedad y versatilidad.<\/p>\n<p>Para limpiarlo, simplemente lava la suave cubierta con agua tibia y jab\u00f3n.<\/p>\n<p>Est\u00e1 certificado por la CE, fabricado de silicona 100 % de grado m\u00e9dico, resistente al agua (IP67) y es extremadamente silencioso a menos de 60 dB. Contiene una bater\u00eda recargable USB magn\u00e9tico que cuando est\u00e1 completamente cargada te dar\u00e1 120 minutos de juego apasionante.<\/p>\n<p>\u00a1Solo haz clic y rec\u00e1rgalo!<\/p>\n<\/p>\n<ul>\n<li>Cantidad de motores 2<\/li>\n<li>Rotaciones 8000 RPM<\/li>\n<li>Tipos de velocidad 10<\/li>\n<li>Nivel de ruido 60 dB<\/li>\n<li>Recargable S\u00ed<\/li>\n<li>Tiempo de recarga 120 min<\/li>\n<li>Vida de la recarga de las bater\u00edas 60 min<\/li>\n<li>A prueba de agua S\u00ed<\/li>\n<li>A prueba de salpicaduras S\u00ed<\/li>\n<li>Libre de ftalato S\u00ed<\/li>\n<li>Materiales Silicona, ABS<\/li>\n<\/ul>\n","protected":false},"excerpt":{"rendered":"<p>TWITCH HANDS &#8211; FREE SUCTION &#038; VIBRATION TOY &#8211; ROSE \u00a1Este juguete de manos libres, bellamente dise\u00f1ado, peque\u00f1o e innovador<\/p>\n","protected":false},"featured_media":11792,"comment_status":"open","ping_status":"open","template":"","meta":[],"product_cat":[405],"product_tag":[641,302],"class_list":["post-11791","product","type-product","status-publish","has-post-thumbnail","hentry","product_cat-succionadores","product_tag-innovation","product_tag-shots"],"bundled_by":[],"bundle_stock_status":"outofstock","bundle_stock_quantity":0,"bundle_virtual":false,"bundle_layout":"","bundle_add_to_cart_form_location":"","bundle_editable_in_cart":false,"bundle_sold_individually_context":"","bundle_item_grouping":"","bundle_min_size":"","bundle_max_size":"","bundled_items":[],"yoast_head":"<!-- This site is optimized with the Yoast SEO plugin v20.6 - https:\/\/yoast.com\/wordpress\/plugins\/seo\/ -->\n<title>TWITCH HANDS - JUGUETE DE SUCCION Y VIBRACION - ROSA METAL - Tienda Er\u00f3tica<\/title>\n<meta name=\"robots\" content=\"noindex, follow, max-snippet:-1, max-image-preview:large, max-video-preview:-1\" \/>\n<meta property=\"og:locale\" content=\"es_ES\" \/>\n<meta property=\"og:type\" content=\"article\" \/>\n<meta property=\"og:title\" content=\"TWITCH HANDS - JUGUETE DE SUCCION Y VIBRACION - ROSA METAL - Tienda Er\u00f3tica\" \/>\n<meta property=\"og:description\" content=\"TWITCH HANDS &#8211; FREE SUCTION &#038; VIBRATION TOY &#8211; ROSE \u00a1Este juguete de manos libres, bellamente dise\u00f1ado, peque\u00f1o e innovador\" \/>\n<meta property=\"og:url\" content=\"https:\/\/demoweb.info\/sexshop001\/producto\/twitch-hands-juguete-de-succion-y-vibracion-rosa-metal\/\" \/>\n<meta property=\"og:site_name\" content=\"Tienda Er\u00f3tica\" \/>\n<meta property=\"article:modified_time\" content=\"2022-01-22T09:01:05+00:00\" \/>\n<meta property=\"og:image\" content=\"https:\/\/demoweb.info\/sexshop001\/wp-content\/uploads\/2022\/01\/TWITCH-HANDS-JUGUETE-DE-SUCCION-Y-VIBRACION-ROSA-METAL.jpg\" \/>\n\t<meta property=\"og:image:width\" content=\"550\" \/>\n\t<meta property=\"og:image:height\" content=\"550\" \/>\n\t<meta property=\"og:image:type\" content=\"image\/jpeg\" \/>\n<meta name=\"twitter:card\" content=\"summary_large_image\" \/>\n<meta name=\"twitter:label1\" content=\"Tiempo de lectura\" \/>\n\t<meta name=\"twitter:data1\" content=\"1 minuto\" \/>\n<script type=\"application\/ld+json\" class=\"yoast-schema-graph\">{\"@context\":\"https:\/\/schema.org\",\"@graph\":[{\"@type\":\"WebPage\",\"@id\":\"https:\/\/demoweb.info\/sexshop001\/producto\/twitch-hands-juguete-de-succion-y-vibracion-rosa-metal\/\",\"url\":\"https:\/\/demoweb.info\/sexshop001\/producto\/twitch-hands-juguete-de-succion-y-vibracion-rosa-metal\/\",\"name\":\"TWITCH HANDS - JUGUETE DE SUCCION Y VIBRACION - ROSA METAL - Tienda Er\u00f3tica\",\"isPartOf\":{\"@id\":\"https:\/\/demoweb.info\/sexshop001\/#website\"},\"datePublished\":\"2022-01-22T09:00:58+00:00\",\"dateModified\":\"2022-01-22T09:01:05+00:00\",\"breadcrumb\":{\"@id\":\"https:\/\/demoweb.info\/sexshop001\/producto\/twitch-hands-juguete-de-succion-y-vibracion-rosa-metal\/#breadcrumb\"},\"inLanguage\":\"es\",\"potentialAction\":[{\"@type\":\"ReadAction\",\"target\":[\"https:\/\/demoweb.info\/sexshop001\/producto\/twitch-hands-juguete-de-succion-y-vibracion-rosa-metal\/\"]}]},{\"@type\":\"BreadcrumbList\",\"@id\":\"https:\/\/demoweb.info\/sexshop001\/producto\/twitch-hands-juguete-de-succion-y-vibracion-rosa-metal\/#breadcrumb\",\"itemListElement\":[{\"@type\":\"ListItem\",\"position\":1,\"name\":\"Portada\",\"item\":\"https:\/\/demoweb.info\/sexshop001\/\"},{\"@type\":\"ListItem\",\"position\":2,\"name\":\"Tienda\",\"item\":\"https:\/\/demoweb.info\/sexshop001\/tienda\/\"},{\"@type\":\"ListItem\",\"position\":3,\"name\":\"TWITCH HANDS &#8211; JUGUETE DE SUCCION Y VIBRACION &#8211; ROSA METAL\"}]},{\"@type\":\"WebSite\",\"@id\":\"https:\/\/demoweb.info\/sexshop001\/#website\",\"url\":\"https:\/\/demoweb.info\/sexshop001\/\",\"name\":\"Tienda Er\u00f3tica\",\"description\":\"DEMOWEB SL\",\"potentialAction\":[{\"@type\":\"SearchAction\",\"target\":{\"@type\":\"EntryPoint\",\"urlTemplate\":\"https:\/\/demoweb.info\/sexshop001\/?s={search_term_string}\"},\"query-input\":\"required name=search_term_string\"}],\"inLanguage\":\"es\"}]}<\/script>\n<!-- \/ Yoast SEO plugin. -->","yoast_head_json":{"title":"TWITCH HANDS - JUGUETE DE SUCCION Y VIBRACION - ROSA METAL - Tienda Er\u00f3tica","robots":{"index":"noindex","follow":"follow","max-snippet":"max-snippet:-1","max-image-preview":"max-image-preview:large","max-video-preview":"max-video-preview:-1"},"og_locale":"es_ES","og_type":"article","og_title":"TWITCH HANDS - JUGUETE DE SUCCION Y VIBRACION - ROSA METAL - Tienda Er\u00f3tica","og_description":"TWITCH HANDS &#8211; FREE SUCTION &#038; VIBRATION TOY &#8211; ROSE \u00a1Este juguete de manos libres, bellamente dise\u00f1ado, peque\u00f1o e innovador","og_url":"https:\/\/demoweb.info\/sexshop001\/producto\/twitch-hands-juguete-de-succion-y-vibracion-rosa-metal\/","og_site_name":"Tienda Er\u00f3tica","article_modified_time":"2022-01-22T09:01:05+00:00","og_image":[{"width":550,"height":550,"url":"https:\/\/demoweb.info\/sexshop001\/wp-content\/uploads\/2022\/01\/TWITCH-HANDS-JUGUETE-DE-SUCCION-Y-VIBRACION-ROSA-METAL.jpg","type":"image\/jpeg"}],"twitter_card":"summary_large_image","twitter_misc":{"Tiempo de lectura":"1 minuto"},"schema":{"@context":"https:\/\/schema.org","@graph":[{"@type":"WebPage","@id":"https:\/\/demoweb.info\/sexshop001\/producto\/twitch-hands-juguete-de-succion-y-vibracion-rosa-metal\/","url":"https:\/\/demoweb.info\/sexshop001\/producto\/twitch-hands-juguete-de-succion-y-vibracion-rosa-metal\/","name":"TWITCH HANDS - JUGUETE DE SUCCION Y VIBRACION - ROSA METAL - Tienda Er\u00f3tica","isPartOf":{"@id":"https:\/\/demoweb.info\/sexshop001\/#website"},"datePublished":"2022-01-22T09:00:58+00:00","dateModified":"2022-01-22T09:01:05+00:00","breadcrumb":{"@id":"https:\/\/demoweb.info\/sexshop001\/producto\/twitch-hands-juguete-de-succion-y-vibracion-rosa-metal\/#breadcrumb"},"inLanguage":"es","potentialAction":[{"@type":"ReadAction","target":["https:\/\/demoweb.info\/sexshop001\/producto\/twitch-hands-juguete-de-succion-y-vibracion-rosa-metal\/"]}]},{"@type":"BreadcrumbList","@id":"https:\/\/demoweb.info\/sexshop001\/producto\/twitch-hands-juguete-de-succion-y-vibracion-rosa-metal\/#breadcrumb","itemListElement":[{"@type":"ListItem","position":1,"name":"Portada","item":"https:\/\/demoweb.info\/sexshop001\/"},{"@type":"ListItem","position":2,"name":"Tienda","item":"https:\/\/demoweb.info\/sexshop001\/tienda\/"},{"@type":"ListItem","position":3,"name":"TWITCH HANDS &#8211; JUGUETE DE SUCCION Y VIBRACION &#8211; ROSA METAL"}]},{"@type":"WebSite","@id":"https:\/\/demoweb.info\/sexshop001\/#website","url":"https:\/\/demoweb.info\/sexshop001\/","name":"Tienda Er\u00f3tica","description":"DEMOWEB SL","potentialAction":[{"@type":"SearchAction","target":{"@type":"EntryPoint","urlTemplate":"https:\/\/demoweb.info\/sexshop001\/?s={search_term_string}"},"query-input":"required name=search_term_string"}],"inLanguage":"es"}]}},"_links":{"self":[{"href":"https:\/\/demoweb.info\/sexshop001\/wp-json\/wp\/v3\/product\/11791","targetHints":{"allow":["GET"]}}],"collection":[{"href":"https:\/\/demoweb.info\/sexshop001\/wp-json\/wp\/v3\/product"}],"about":[{"href":"https:\/\/demoweb.info\/sexshop001\/wp-json\/wp\/v2\/types\/product"}],"replies":[{"embeddable":true,"href":"https:\/\/demoweb.info\/sexshop001\/wp-json\/wp\/v2\/comments?post=11791"}],"wp:featuredmedia":[{"embeddable":true,"href":"https:\/\/demoweb.info\/sexshop001\/wp-json\/wp\/v2\/media\/11792"}],"wp:attachment":[{"href":"https:\/\/demoweb.info\/sexshop001\/wp-json\/wp\/v2\/media?parent=11791"}],"wp:term":[{"taxonomy":"product_cat","embeddable":true,"href":"https:\/\/demoweb.info\/sexshop001\/wp-json\/wp\/v2\/product_cat?post=11791"},{"taxonomy":"product_tag","embeddable":true,"href":"https:\/\/demoweb.info\/sexshop001\/wp-json\/wp\/v2\/product_tag?post=11791"}],"curies":[{"name":"wp","href":"https:\/\/api.w.org\/{rel}","templated":true}]}}