{"id":11769,"date":"2022-01-22T10:00:24","date_gmt":"2022-01-22T09:00:24","guid":{"rendered":"https:\/\/demoweb.info\/sexshop001\/producto\/vive-estimulador-cabeza-flexible-morado\/"},"modified":"2022-01-22T10:00:52","modified_gmt":"2022-01-22T09:00:52","slug":"vive-estimulador-cabeza-flexible-morado","status":"publish","type":"product","link":"https:\/\/demoweb.info\/sexshop001\/producto\/vive-estimulador-cabeza-flexible-morado\/","title":{"rendered":"VIVE -ESTIMULADOR CABEZA FLEXIBLE &#8211; MORADO"},"content":{"rendered":"<p><strong>ENOKI &#8211; PURPLE<\/strong><\/p>\n<p>Vive es un fen\u00f3meno nuevo en el mundo de los productos de lujo para adultos.<\/p>\n<p>El Enoki es la obra maestra de nuestra colecci\u00f3n y est\u00e1 creado de silicona antipolvo de alta calidad.<\/p>\n<p>Su glamour se deriva del ABS de bella forma y una tecnolog\u00eda que est\u00e1 muy adelantada a su tiempo.<\/p>\n<p>El Enoki es un masajeador f\u00e1cil de usar con un tacto suave, cabeza flexible y una textura delicada dise\u00f1ada para una estimulaci\u00f3n \u00f3ptima.<\/p>\n<p>Debido a su tama\u00f1o y al hecho de que es resistente al agua, puedes usarlo en la ducha o llevarlo contigo en un viaje.<\/p>\n<p>Una de las caracter\u00edsticas \u00fanicas es la funci\u00f3n de cl\u00edmax, que le dar\u00e1 un impulso incre\u00edble que lo llevar\u00e1 a alturas de placer no descubiertas.<\/p>\n<p>\u00a1Con el Enoki te sentir\u00e1s incre\u00edblemente especial!<\/p>\n<ul>\n<li>Di\u00e1metro del producto 6,5 cm<\/li>\n<li>Cantidad de motores 1<\/li>\n<li>Rotaciones 5500 RPM<\/li>\n<li>Tipos de velocidad 10<\/li>\n<li>Nivel de ruido 50 dB<\/li>\n<li>Recargable S\u00ed<\/li>\n<li>Tiempo de recarga 90 min<\/li>\n<li>Vida de la recarga de las bater\u00edas 75 min<\/li>\n<li>A prueba de agua S\u00ed<\/li>\n<li>A prueba de salpicaduras S\u00ed<\/li>\n<li>Libre de ftalato S\u00ed<\/li>\n<li>Materiales Silicone, ABS<\/li>\n<\/ul>\n","protected":false},"excerpt":{"rendered":"<p>ENOKI &#8211; PURPLE Vive es un fen\u00f3meno nuevo en el mundo de los productos de lujo para adultos. El Enoki<\/p>\n","protected":false},"featured_media":11770,"comment_status":"open","ping_status":"open","template":"","meta":[],"product_cat":[370],"product_tag":[302,640],"class_list":["post-11769","product","type-product","status-publish","has-post-thumbnail","hentry","product_cat-clitoris","product_tag-shots","product_tag-vive"],"bundled_by":[],"bundle_stock_status":"instock","bundle_stock_quantity":1,"bundle_virtual":false,"bundle_layout":"","bundle_add_to_cart_form_location":"","bundle_editable_in_cart":false,"bundle_sold_individually_context":"","bundle_item_grouping":"","bundle_min_size":"","bundle_max_size":"","bundled_items":[],"yoast_head":"<!-- This site is optimized with the Yoast SEO plugin v20.6 - https:\/\/yoast.com\/wordpress\/plugins\/seo\/ -->\n<title>VIVE -ESTIMULADOR CABEZA FLEXIBLE - MORADO - Tienda Er\u00f3tica<\/title>\n<meta name=\"robots\" content=\"noindex, follow, max-snippet:-1, max-image-preview:large, max-video-preview:-1\" \/>\n<meta property=\"og:locale\" content=\"es_ES\" \/>\n<meta property=\"og:type\" content=\"article\" \/>\n<meta property=\"og:title\" content=\"VIVE -ESTIMULADOR CABEZA FLEXIBLE - MORADO - Tienda Er\u00f3tica\" \/>\n<meta property=\"og:description\" content=\"ENOKI &#8211; PURPLE Vive es un fen\u00f3meno nuevo en el mundo de los productos de lujo para adultos. El Enoki\" \/>\n<meta property=\"og:url\" content=\"https:\/\/demoweb.info\/sexshop001\/producto\/vive-estimulador-cabeza-flexible-morado\/\" \/>\n<meta property=\"og:site_name\" content=\"Tienda Er\u00f3tica\" \/>\n<meta property=\"article:modified_time\" content=\"2022-01-22T09:00:52+00:00\" \/>\n<meta property=\"og:image\" content=\"https:\/\/demoweb.info\/sexshop001\/wp-content\/uploads\/2022\/01\/VIVE-ESTIMULADOR-CABEZA-FLEXIBLE-MORADO.jpg\" \/>\n\t<meta property=\"og:image:width\" content=\"550\" \/>\n\t<meta property=\"og:image:height\" content=\"550\" \/>\n\t<meta property=\"og:image:type\" content=\"image\/jpeg\" \/>\n<meta name=\"twitter:card\" content=\"summary_large_image\" \/>\n<meta name=\"twitter:label1\" content=\"Tiempo de lectura\" \/>\n\t<meta name=\"twitter:data1\" content=\"1 minuto\" \/>\n<script type=\"application\/ld+json\" class=\"yoast-schema-graph\">{\"@context\":\"https:\/\/schema.org\",\"@graph\":[{\"@type\":\"WebPage\",\"@id\":\"https:\/\/demoweb.info\/sexshop001\/producto\/vive-estimulador-cabeza-flexible-morado\/\",\"url\":\"https:\/\/demoweb.info\/sexshop001\/producto\/vive-estimulador-cabeza-flexible-morado\/\",\"name\":\"VIVE -ESTIMULADOR CABEZA FLEXIBLE - MORADO - Tienda Er\u00f3tica\",\"isPartOf\":{\"@id\":\"https:\/\/demoweb.info\/sexshop001\/#website\"},\"datePublished\":\"2022-01-22T09:00:24+00:00\",\"dateModified\":\"2022-01-22T09:00:52+00:00\",\"breadcrumb\":{\"@id\":\"https:\/\/demoweb.info\/sexshop001\/producto\/vive-estimulador-cabeza-flexible-morado\/#breadcrumb\"},\"inLanguage\":\"es\",\"potentialAction\":[{\"@type\":\"ReadAction\",\"target\":[\"https:\/\/demoweb.info\/sexshop001\/producto\/vive-estimulador-cabeza-flexible-morado\/\"]}]},{\"@type\":\"BreadcrumbList\",\"@id\":\"https:\/\/demoweb.info\/sexshop001\/producto\/vive-estimulador-cabeza-flexible-morado\/#breadcrumb\",\"itemListElement\":[{\"@type\":\"ListItem\",\"position\":1,\"name\":\"Portada\",\"item\":\"https:\/\/demoweb.info\/sexshop001\/\"},{\"@type\":\"ListItem\",\"position\":2,\"name\":\"Tienda\",\"item\":\"https:\/\/demoweb.info\/sexshop001\/tienda\/\"},{\"@type\":\"ListItem\",\"position\":3,\"name\":\"VIVE -ESTIMULADOR CABEZA FLEXIBLE &#8211; MORADO\"}]},{\"@type\":\"WebSite\",\"@id\":\"https:\/\/demoweb.info\/sexshop001\/#website\",\"url\":\"https:\/\/demoweb.info\/sexshop001\/\",\"name\":\"Tienda Er\u00f3tica\",\"description\":\"DEMOWEB SL\",\"potentialAction\":[{\"@type\":\"SearchAction\",\"target\":{\"@type\":\"EntryPoint\",\"urlTemplate\":\"https:\/\/demoweb.info\/sexshop001\/?s={search_term_string}\"},\"query-input\":\"required name=search_term_string\"}],\"inLanguage\":\"es\"}]}<\/script>\n<!-- \/ Yoast SEO plugin. -->","yoast_head_json":{"title":"VIVE -ESTIMULADOR CABEZA FLEXIBLE - MORADO - Tienda Er\u00f3tica","robots":{"index":"noindex","follow":"follow","max-snippet":"max-snippet:-1","max-image-preview":"max-image-preview:large","max-video-preview":"max-video-preview:-1"},"og_locale":"es_ES","og_type":"article","og_title":"VIVE -ESTIMULADOR CABEZA FLEXIBLE - MORADO - Tienda Er\u00f3tica","og_description":"ENOKI &#8211; PURPLE Vive es un fen\u00f3meno nuevo en el mundo de los productos de lujo para adultos. El Enoki","og_url":"https:\/\/demoweb.info\/sexshop001\/producto\/vive-estimulador-cabeza-flexible-morado\/","og_site_name":"Tienda Er\u00f3tica","article_modified_time":"2022-01-22T09:00:52+00:00","og_image":[{"width":550,"height":550,"url":"https:\/\/demoweb.info\/sexshop001\/wp-content\/uploads\/2022\/01\/VIVE-ESTIMULADOR-CABEZA-FLEXIBLE-MORADO.jpg","type":"image\/jpeg"}],"twitter_card":"summary_large_image","twitter_misc":{"Tiempo de lectura":"1 minuto"},"schema":{"@context":"https:\/\/schema.org","@graph":[{"@type":"WebPage","@id":"https:\/\/demoweb.info\/sexshop001\/producto\/vive-estimulador-cabeza-flexible-morado\/","url":"https:\/\/demoweb.info\/sexshop001\/producto\/vive-estimulador-cabeza-flexible-morado\/","name":"VIVE -ESTIMULADOR CABEZA FLEXIBLE - MORADO - Tienda Er\u00f3tica","isPartOf":{"@id":"https:\/\/demoweb.info\/sexshop001\/#website"},"datePublished":"2022-01-22T09:00:24+00:00","dateModified":"2022-01-22T09:00:52+00:00","breadcrumb":{"@id":"https:\/\/demoweb.info\/sexshop001\/producto\/vive-estimulador-cabeza-flexible-morado\/#breadcrumb"},"inLanguage":"es","potentialAction":[{"@type":"ReadAction","target":["https:\/\/demoweb.info\/sexshop001\/producto\/vive-estimulador-cabeza-flexible-morado\/"]}]},{"@type":"BreadcrumbList","@id":"https:\/\/demoweb.info\/sexshop001\/producto\/vive-estimulador-cabeza-flexible-morado\/#breadcrumb","itemListElement":[{"@type":"ListItem","position":1,"name":"Portada","item":"https:\/\/demoweb.info\/sexshop001\/"},{"@type":"ListItem","position":2,"name":"Tienda","item":"https:\/\/demoweb.info\/sexshop001\/tienda\/"},{"@type":"ListItem","position":3,"name":"VIVE -ESTIMULADOR CABEZA FLEXIBLE &#8211; MORADO"}]},{"@type":"WebSite","@id":"https:\/\/demoweb.info\/sexshop001\/#website","url":"https:\/\/demoweb.info\/sexshop001\/","name":"Tienda Er\u00f3tica","description":"DEMOWEB SL","potentialAction":[{"@type":"SearchAction","target":{"@type":"EntryPoint","urlTemplate":"https:\/\/demoweb.info\/sexshop001\/?s={search_term_string}"},"query-input":"required name=search_term_string"}],"inLanguage":"es"}]}},"_links":{"self":[{"href":"https:\/\/demoweb.info\/sexshop001\/wp-json\/wp\/v3\/product\/11769","targetHints":{"allow":["GET"]}}],"collection":[{"href":"https:\/\/demoweb.info\/sexshop001\/wp-json\/wp\/v3\/product"}],"about":[{"href":"https:\/\/demoweb.info\/sexshop001\/wp-json\/wp\/v2\/types\/product"}],"replies":[{"embeddable":true,"href":"https:\/\/demoweb.info\/sexshop001\/wp-json\/wp\/v2\/comments?post=11769"}],"wp:featuredmedia":[{"embeddable":true,"href":"https:\/\/demoweb.info\/sexshop001\/wp-json\/wp\/v2\/media\/11770"}],"wp:attachment":[{"href":"https:\/\/demoweb.info\/sexshop001\/wp-json\/wp\/v2\/media?parent=11769"}],"wp:term":[{"taxonomy":"product_cat","embeddable":true,"href":"https:\/\/demoweb.info\/sexshop001\/wp-json\/wp\/v2\/product_cat?post=11769"},{"taxonomy":"product_tag","embeddable":true,"href":"https:\/\/demoweb.info\/sexshop001\/wp-json\/wp\/v2\/product_tag?post=11769"}],"curies":[{"name":"wp","href":"https:\/\/api.w.org\/{rel}","templated":true}]}}