{"id":11734,"date":"2022-01-22T10:00:24","date_gmt":"2022-01-22T09:00:24","guid":{"rendered":"https:\/\/demoweb.info\/sexshop001\/producto\/vive-conejito-vibrador-punto-g-negro\/"},"modified":"2022-01-22T10:00:37","modified_gmt":"2022-01-22T09:00:37","slug":"vive-conejito-vibrador-punto-g-negro","status":"publish","type":"product","link":"https:\/\/demoweb.info\/sexshop001\/producto\/vive-conejito-vibrador-punto-g-negro\/","title":{"rendered":"VIVE &#8211; CONEJITO VIBRADOR PUNTO G &#8211; NEGRO"},"content":{"rendered":"<p><strong>NILO &#8211; BLACK<\/strong><\/p>\n<p>El conejo (Nilo) para el punto G es de silicona yrecargable, con punta rotatoria, el mismo contiene 10funciones vibratorias y de pulsaciones tipo onda con puntapara el punto G y 10 funciones vibratorias especiales para elcl\u00edtoris, el Nilo satisfar\u00e1 tu deseo m\u00e1s profundo. 3 motoresf-1 de nueva generaci\u00f3n te dar\u00e1 m\u00e1s de 1000 ajustes \u00fanicosposibles para que puedas jugar.<\/p>\n<p>Hecho de 100 % siliconasuave y sedosa de grado m\u00e9dico, 100 % impermeable (IPX7),extremadamente silencioso a menos de 70 dB, lo que significaque puedes hacerlo donde tu coraz\u00f3n lo desee.<\/p>\n<p>Contieneuna bater\u00eda de iones de litio magn\u00e9tica recargable v\u00eda USB.<\/p>\n<p>Cuando est\u00e1 completamente cargada con su cable USB, teproporcionar\u00e1 60 minutos de tiempo de juego apasionado<\/p>\n<p>.\u00a1Solo tienes que enchufar y cargar!<\/p>\n<p>Para acercarte alcl\u00edmax, utiliza el bot\u00f3n especial de la funci\u00f3n para el cl\u00edmax.Simplemente toca el bot\u00f3n para el cl\u00edmax e inmediatamentepon todos los motores a toda potencia o velocidad y, lo que esm\u00e1s importante, ten un orgasmo devastador.<\/p>\n<ul>\n<li>Di\u00e1metro del producto 3,7 cm<\/li>\n<li>Longitud insertable 12,0 cm<\/li>\n<li>Cantidad de motores 3<\/li>\n<li>Rotaciones 9000 RPM<\/li>\n<li>Consejo acerca de la vibraci\u00f3n de rotaci\u00f3n 8500 RPM<\/li>\n<li>Tipos de velocidad 10<\/li>\n<li>Nivel de ruido 60 dB<\/li>\n<li>Recargable S\u00ed<\/li>\n<li>Tiempo de recarga 180 min<\/li>\n<li>Vida de la recarga de las bater\u00edas 60 min<\/li>\n<li>A prueba de agua S\u00ed<\/li>\n<li>A prueba de salpicaduras S\u00ed<\/li>\n<li>Libre de ftalato S\u00ed<\/li>\n<li>Materiales Silicone, ABS<\/li>\n<\/ul>\n","protected":false},"excerpt":{"rendered":"<p>NILO &#8211; BLACK El conejo (Nilo) para el punto G es de silicona yrecargable, con punta rotatoria, el mismo contiene<\/p>\n","protected":false},"featured_media":11735,"comment_status":"open","ping_status":"open","template":"","meta":[],"product_cat":[434],"product_tag":[302,640],"class_list":["post-11734","product","type-product","status-publish","has-post-thumbnail","hentry","product_cat-doble-estimulacion-vibradores-juguetes-xxx","product_tag-shots","product_tag-vive"],"bundled_by":[],"bundle_stock_status":"instock","bundle_stock_quantity":2,"bundle_virtual":false,"bundle_layout":"","bundle_add_to_cart_form_location":"","bundle_editable_in_cart":false,"bundle_sold_individually_context":"","bundle_item_grouping":"","bundle_min_size":"","bundle_max_size":"","bundled_items":[],"yoast_head":"<!-- This site is optimized with the Yoast SEO plugin v20.6 - https:\/\/yoast.com\/wordpress\/plugins\/seo\/ -->\n<title>VIVE - CONEJITO VIBRADOR PUNTO G - NEGRO - Tienda Er\u00f3tica<\/title>\n<meta name=\"robots\" content=\"noindex, follow, max-snippet:-1, max-image-preview:large, max-video-preview:-1\" \/>\n<meta property=\"og:locale\" content=\"es_ES\" \/>\n<meta property=\"og:type\" content=\"article\" \/>\n<meta property=\"og:title\" content=\"VIVE - CONEJITO VIBRADOR PUNTO G - NEGRO - Tienda Er\u00f3tica\" \/>\n<meta property=\"og:description\" content=\"NILO &#8211; BLACK El conejo (Nilo) para el punto G es de silicona yrecargable, con punta rotatoria, el mismo contiene\" \/>\n<meta property=\"og:url\" content=\"https:\/\/demoweb.info\/sexshop001\/producto\/vive-conejito-vibrador-punto-g-negro\/\" \/>\n<meta property=\"og:site_name\" content=\"Tienda Er\u00f3tica\" \/>\n<meta property=\"article:modified_time\" content=\"2022-01-22T09:00:37+00:00\" \/>\n<meta property=\"og:image\" content=\"https:\/\/demoweb.info\/sexshop001\/wp-content\/uploads\/2022\/01\/VIVE-CONEJITO-VIBRADOR-PUNTO-G-NEGRO.jpg\" \/>\n\t<meta property=\"og:image:width\" content=\"550\" \/>\n\t<meta property=\"og:image:height\" content=\"550\" \/>\n\t<meta property=\"og:image:type\" content=\"image\/jpeg\" \/>\n<meta name=\"twitter:card\" content=\"summary_large_image\" \/>\n<meta name=\"twitter:label1\" content=\"Tiempo de lectura\" \/>\n\t<meta name=\"twitter:data1\" content=\"1 minuto\" \/>\n<script type=\"application\/ld+json\" class=\"yoast-schema-graph\">{\"@context\":\"https:\/\/schema.org\",\"@graph\":[{\"@type\":\"WebPage\",\"@id\":\"https:\/\/demoweb.info\/sexshop001\/producto\/vive-conejito-vibrador-punto-g-negro\/\",\"url\":\"https:\/\/demoweb.info\/sexshop001\/producto\/vive-conejito-vibrador-punto-g-negro\/\",\"name\":\"VIVE - CONEJITO VIBRADOR PUNTO G - NEGRO - Tienda Er\u00f3tica\",\"isPartOf\":{\"@id\":\"https:\/\/demoweb.info\/sexshop001\/#website\"},\"datePublished\":\"2022-01-22T09:00:24+00:00\",\"dateModified\":\"2022-01-22T09:00:37+00:00\",\"breadcrumb\":{\"@id\":\"https:\/\/demoweb.info\/sexshop001\/producto\/vive-conejito-vibrador-punto-g-negro\/#breadcrumb\"},\"inLanguage\":\"es\",\"potentialAction\":[{\"@type\":\"ReadAction\",\"target\":[\"https:\/\/demoweb.info\/sexshop001\/producto\/vive-conejito-vibrador-punto-g-negro\/\"]}]},{\"@type\":\"BreadcrumbList\",\"@id\":\"https:\/\/demoweb.info\/sexshop001\/producto\/vive-conejito-vibrador-punto-g-negro\/#breadcrumb\",\"itemListElement\":[{\"@type\":\"ListItem\",\"position\":1,\"name\":\"Portada\",\"item\":\"https:\/\/demoweb.info\/sexshop001\/\"},{\"@type\":\"ListItem\",\"position\":2,\"name\":\"Tienda\",\"item\":\"https:\/\/demoweb.info\/sexshop001\/tienda\/\"},{\"@type\":\"ListItem\",\"position\":3,\"name\":\"VIVE &#8211; CONEJITO VIBRADOR PUNTO G &#8211; NEGRO\"}]},{\"@type\":\"WebSite\",\"@id\":\"https:\/\/demoweb.info\/sexshop001\/#website\",\"url\":\"https:\/\/demoweb.info\/sexshop001\/\",\"name\":\"Tienda Er\u00f3tica\",\"description\":\"DEMOWEB SL\",\"potentialAction\":[{\"@type\":\"SearchAction\",\"target\":{\"@type\":\"EntryPoint\",\"urlTemplate\":\"https:\/\/demoweb.info\/sexshop001\/?s={search_term_string}\"},\"query-input\":\"required name=search_term_string\"}],\"inLanguage\":\"es\"}]}<\/script>\n<!-- \/ Yoast SEO plugin. -->","yoast_head_json":{"title":"VIVE - CONEJITO VIBRADOR PUNTO G - NEGRO - Tienda Er\u00f3tica","robots":{"index":"noindex","follow":"follow","max-snippet":"max-snippet:-1","max-image-preview":"max-image-preview:large","max-video-preview":"max-video-preview:-1"},"og_locale":"es_ES","og_type":"article","og_title":"VIVE - CONEJITO VIBRADOR PUNTO G - NEGRO - Tienda Er\u00f3tica","og_description":"NILO &#8211; BLACK El conejo (Nilo) para el punto G es de silicona yrecargable, con punta rotatoria, el mismo contiene","og_url":"https:\/\/demoweb.info\/sexshop001\/producto\/vive-conejito-vibrador-punto-g-negro\/","og_site_name":"Tienda Er\u00f3tica","article_modified_time":"2022-01-22T09:00:37+00:00","og_image":[{"width":550,"height":550,"url":"https:\/\/demoweb.info\/sexshop001\/wp-content\/uploads\/2022\/01\/VIVE-CONEJITO-VIBRADOR-PUNTO-G-NEGRO.jpg","type":"image\/jpeg"}],"twitter_card":"summary_large_image","twitter_misc":{"Tiempo de lectura":"1 minuto"},"schema":{"@context":"https:\/\/schema.org","@graph":[{"@type":"WebPage","@id":"https:\/\/demoweb.info\/sexshop001\/producto\/vive-conejito-vibrador-punto-g-negro\/","url":"https:\/\/demoweb.info\/sexshop001\/producto\/vive-conejito-vibrador-punto-g-negro\/","name":"VIVE - CONEJITO VIBRADOR PUNTO G - NEGRO - Tienda Er\u00f3tica","isPartOf":{"@id":"https:\/\/demoweb.info\/sexshop001\/#website"},"datePublished":"2022-01-22T09:00:24+00:00","dateModified":"2022-01-22T09:00:37+00:00","breadcrumb":{"@id":"https:\/\/demoweb.info\/sexshop001\/producto\/vive-conejito-vibrador-punto-g-negro\/#breadcrumb"},"inLanguage":"es","potentialAction":[{"@type":"ReadAction","target":["https:\/\/demoweb.info\/sexshop001\/producto\/vive-conejito-vibrador-punto-g-negro\/"]}]},{"@type":"BreadcrumbList","@id":"https:\/\/demoweb.info\/sexshop001\/producto\/vive-conejito-vibrador-punto-g-negro\/#breadcrumb","itemListElement":[{"@type":"ListItem","position":1,"name":"Portada","item":"https:\/\/demoweb.info\/sexshop001\/"},{"@type":"ListItem","position":2,"name":"Tienda","item":"https:\/\/demoweb.info\/sexshop001\/tienda\/"},{"@type":"ListItem","position":3,"name":"VIVE &#8211; CONEJITO VIBRADOR PUNTO G &#8211; NEGRO"}]},{"@type":"WebSite","@id":"https:\/\/demoweb.info\/sexshop001\/#website","url":"https:\/\/demoweb.info\/sexshop001\/","name":"Tienda Er\u00f3tica","description":"DEMOWEB SL","potentialAction":[{"@type":"SearchAction","target":{"@type":"EntryPoint","urlTemplate":"https:\/\/demoweb.info\/sexshop001\/?s={search_term_string}"},"query-input":"required name=search_term_string"}],"inLanguage":"es"}]}},"_links":{"self":[{"href":"https:\/\/demoweb.info\/sexshop001\/wp-json\/wp\/v3\/product\/11734","targetHints":{"allow":["GET"]}}],"collection":[{"href":"https:\/\/demoweb.info\/sexshop001\/wp-json\/wp\/v3\/product"}],"about":[{"href":"https:\/\/demoweb.info\/sexshop001\/wp-json\/wp\/v2\/types\/product"}],"replies":[{"embeddable":true,"href":"https:\/\/demoweb.info\/sexshop001\/wp-json\/wp\/v2\/comments?post=11734"}],"wp:featuredmedia":[{"embeddable":true,"href":"https:\/\/demoweb.info\/sexshop001\/wp-json\/wp\/v2\/media\/11735"}],"wp:attachment":[{"href":"https:\/\/demoweb.info\/sexshop001\/wp-json\/wp\/v2\/media?parent=11734"}],"wp:term":[{"taxonomy":"product_cat","embeddable":true,"href":"https:\/\/demoweb.info\/sexshop001\/wp-json\/wp\/v2\/product_cat?post=11734"},{"taxonomy":"product_tag","embeddable":true,"href":"https:\/\/demoweb.info\/sexshop001\/wp-json\/wp\/v2\/product_tag?post=11734"}],"curies":[{"name":"wp","href":"https:\/\/api.w.org\/{rel}","templated":true}]}}