{"id":11714,"date":"2022-01-22T10:00:24","date_gmt":"2022-01-22T09:00:24","guid":{"rendered":"https:\/\/demoweb.info\/sexshop001\/producto\/enora-varita-y-vibrador-negro\/"},"modified":"2022-01-22T10:00:29","modified_gmt":"2022-01-22T09:00:29","slug":"enora-varita-y-vibrador-negro","status":"publish","type":"product","link":"https:\/\/demoweb.info\/sexshop001\/producto\/enora-varita-y-vibrador-negro\/","title":{"rendered":"ENORA &#8211; VARITA Y VIBRADOR &#8211; NEGRO"},"content":{"rendered":"<p><strong>ENORA &#8211; BLACK<\/strong><\/p>\n<p>El vibrador de onda de pulso y onda de silicona recargable de doble extremo (Enora) contiene un cabezal de vibraci\u00f3n de 10 funciones y un mango de vibraci\u00f3n de onda de pulso de 10 funciones, el Enora satisfar\u00e1 su deseo m\u00e1s profundo.<\/p>\n<p>Los 2 motores de nueva generaci\u00f3n f-1 te dar\u00e1n m\u00e1s de 100 configuraciones \u00fanicas posibles para jugar.<\/p>\n<p>Hecho de silicona 100% suave y sedosa, 100% impermeable (ipx7), extremadamente silencioso a menos de 70db, lo que significa que puedes hacerlo donde tu coraz\u00f3n lo desee Contiene una bater\u00eda de iones de litio recargable magn\u00e9tica usb que cuando est\u00e1 completamente cargada con su cable usb proporcionar\u00e1 60 minutos de tiempo de juego apasionante.<\/p>\n<p>\u00a1Solo con\u00e9ctelo y c\u00e1rguelo!<\/p>\n<p>Para acercarse al cl\u00edmax, use el bot\u00f3n especial de la funci\u00f3n de cl\u00edmax.<\/p>\n<p>Simplemente toque el bot\u00f3n de cl\u00edmax e inmediatamente ponga todos los motores a plena potencia \/ velocidad y, lo que es m\u00e1s importante, ll\u00e9vese a un orgasmo devastador.<\/p>\n<ul>\n<li>Peso del producto    195 gram<\/li>\n<li>Di\u00e1metro del producto    4,2 cm<\/li>\n<li>Longitud insertable    13,5 cm<\/li>\n<li>Cantidad de motores    2<\/li>\n<li>Rotaciones    9000 RPM<\/li>\n<li>Consejo acerca de la vibraci\u00f3n de rotaci\u00f3n    5000 RPM<\/li>\n<li>Tipos de velocidad    10<\/li>\n<li>Nivel de ruido    60 dB<\/li>\n<li>Recargable    S\u00ed<\/li>\n<li>Tiempo de recarga    180 min<\/li>\n<li>Vida de la recarga de las bater\u00edas    60 min<\/li>\n<li>A prueba de agua    S\u00ed<\/li>\n<li>A prueba de salpicaduras    S\u00ed<\/li>\n<li>Libre de ftalato    S\u00ed<\/li>\n<li>Materiales    Silicone, ABS\n\t <\/li>\n<\/ul>\n","protected":false},"excerpt":{"rendered":"<p>ENORA &#8211; BLACK El vibrador de onda de pulso y onda de silicona recargable de doble extremo (Enora) contiene un<\/p>\n","protected":false},"featured_media":11715,"comment_status":"open","ping_status":"open","template":"","meta":[],"product_cat":[315],"product_tag":[302,640],"class_list":["post-11714","product","type-product","status-publish","has-post-thumbnail","hentry","product_cat-silicona-vibradores-juguetes-xxx","product_tag-shots","product_tag-vive"],"bundled_by":[],"bundle_stock_status":"instock","bundle_stock_quantity":1,"bundle_virtual":false,"bundle_layout":"","bundle_add_to_cart_form_location":"","bundle_editable_in_cart":false,"bundle_sold_individually_context":"","bundle_item_grouping":"","bundle_min_size":"","bundle_max_size":"","bundled_items":[],"yoast_head":"<!-- This site is optimized with the Yoast SEO plugin v20.6 - https:\/\/yoast.com\/wordpress\/plugins\/seo\/ -->\n<title>ENORA - VARITA Y VIBRADOR - NEGRO - Tienda Er\u00f3tica<\/title>\n<meta name=\"robots\" content=\"noindex, follow, max-snippet:-1, max-image-preview:large, max-video-preview:-1\" \/>\n<meta property=\"og:locale\" content=\"es_ES\" \/>\n<meta property=\"og:type\" content=\"article\" \/>\n<meta property=\"og:title\" content=\"ENORA - VARITA Y VIBRADOR - NEGRO - Tienda Er\u00f3tica\" \/>\n<meta property=\"og:description\" content=\"ENORA &#8211; BLACK El vibrador de onda de pulso y onda de silicona recargable de doble extremo (Enora) contiene un\" \/>\n<meta property=\"og:url\" content=\"https:\/\/demoweb.info\/sexshop001\/producto\/enora-varita-y-vibrador-negro\/\" \/>\n<meta property=\"og:site_name\" content=\"Tienda Er\u00f3tica\" \/>\n<meta property=\"article:modified_time\" content=\"2022-01-22T09:00:29+00:00\" \/>\n<meta property=\"og:image\" content=\"https:\/\/demoweb.info\/sexshop001\/wp-content\/uploads\/2022\/01\/ENORA-VARITA-Y-VIBRADOR-NEGRO.jpg\" \/>\n\t<meta property=\"og:image:width\" content=\"550\" \/>\n\t<meta property=\"og:image:height\" content=\"550\" \/>\n\t<meta property=\"og:image:type\" content=\"image\/jpeg\" \/>\n<meta name=\"twitter:card\" content=\"summary_large_image\" \/>\n<meta name=\"twitter:label1\" content=\"Tiempo de lectura\" \/>\n\t<meta name=\"twitter:data1\" content=\"1 minuto\" \/>\n<script type=\"application\/ld+json\" class=\"yoast-schema-graph\">{\"@context\":\"https:\/\/schema.org\",\"@graph\":[{\"@type\":\"WebPage\",\"@id\":\"https:\/\/demoweb.info\/sexshop001\/producto\/enora-varita-y-vibrador-negro\/\",\"url\":\"https:\/\/demoweb.info\/sexshop001\/producto\/enora-varita-y-vibrador-negro\/\",\"name\":\"ENORA - VARITA Y VIBRADOR - NEGRO - Tienda Er\u00f3tica\",\"isPartOf\":{\"@id\":\"https:\/\/demoweb.info\/sexshop001\/#website\"},\"datePublished\":\"2022-01-22T09:00:24+00:00\",\"dateModified\":\"2022-01-22T09:00:29+00:00\",\"breadcrumb\":{\"@id\":\"https:\/\/demoweb.info\/sexshop001\/producto\/enora-varita-y-vibrador-negro\/#breadcrumb\"},\"inLanguage\":\"es\",\"potentialAction\":[{\"@type\":\"ReadAction\",\"target\":[\"https:\/\/demoweb.info\/sexshop001\/producto\/enora-varita-y-vibrador-negro\/\"]}]},{\"@type\":\"BreadcrumbList\",\"@id\":\"https:\/\/demoweb.info\/sexshop001\/producto\/enora-varita-y-vibrador-negro\/#breadcrumb\",\"itemListElement\":[{\"@type\":\"ListItem\",\"position\":1,\"name\":\"Portada\",\"item\":\"https:\/\/demoweb.info\/sexshop001\/\"},{\"@type\":\"ListItem\",\"position\":2,\"name\":\"Tienda\",\"item\":\"https:\/\/demoweb.info\/sexshop001\/tienda\/\"},{\"@type\":\"ListItem\",\"position\":3,\"name\":\"ENORA &#8211; VARITA Y VIBRADOR &#8211; NEGRO\"}]},{\"@type\":\"WebSite\",\"@id\":\"https:\/\/demoweb.info\/sexshop001\/#website\",\"url\":\"https:\/\/demoweb.info\/sexshop001\/\",\"name\":\"Tienda Er\u00f3tica\",\"description\":\"DEMOWEB SL\",\"potentialAction\":[{\"@type\":\"SearchAction\",\"target\":{\"@type\":\"EntryPoint\",\"urlTemplate\":\"https:\/\/demoweb.info\/sexshop001\/?s={search_term_string}\"},\"query-input\":\"required name=search_term_string\"}],\"inLanguage\":\"es\"}]}<\/script>\n<!-- \/ Yoast SEO plugin. -->","yoast_head_json":{"title":"ENORA - VARITA Y VIBRADOR - NEGRO - Tienda Er\u00f3tica","robots":{"index":"noindex","follow":"follow","max-snippet":"max-snippet:-1","max-image-preview":"max-image-preview:large","max-video-preview":"max-video-preview:-1"},"og_locale":"es_ES","og_type":"article","og_title":"ENORA - VARITA Y VIBRADOR - NEGRO - Tienda Er\u00f3tica","og_description":"ENORA &#8211; BLACK El vibrador de onda de pulso y onda de silicona recargable de doble extremo (Enora) contiene un","og_url":"https:\/\/demoweb.info\/sexshop001\/producto\/enora-varita-y-vibrador-negro\/","og_site_name":"Tienda Er\u00f3tica","article_modified_time":"2022-01-22T09:00:29+00:00","og_image":[{"width":550,"height":550,"url":"https:\/\/demoweb.info\/sexshop001\/wp-content\/uploads\/2022\/01\/ENORA-VARITA-Y-VIBRADOR-NEGRO.jpg","type":"image\/jpeg"}],"twitter_card":"summary_large_image","twitter_misc":{"Tiempo de lectura":"1 minuto"},"schema":{"@context":"https:\/\/schema.org","@graph":[{"@type":"WebPage","@id":"https:\/\/demoweb.info\/sexshop001\/producto\/enora-varita-y-vibrador-negro\/","url":"https:\/\/demoweb.info\/sexshop001\/producto\/enora-varita-y-vibrador-negro\/","name":"ENORA - VARITA Y VIBRADOR - NEGRO - Tienda Er\u00f3tica","isPartOf":{"@id":"https:\/\/demoweb.info\/sexshop001\/#website"},"datePublished":"2022-01-22T09:00:24+00:00","dateModified":"2022-01-22T09:00:29+00:00","breadcrumb":{"@id":"https:\/\/demoweb.info\/sexshop001\/producto\/enora-varita-y-vibrador-negro\/#breadcrumb"},"inLanguage":"es","potentialAction":[{"@type":"ReadAction","target":["https:\/\/demoweb.info\/sexshop001\/producto\/enora-varita-y-vibrador-negro\/"]}]},{"@type":"BreadcrumbList","@id":"https:\/\/demoweb.info\/sexshop001\/producto\/enora-varita-y-vibrador-negro\/#breadcrumb","itemListElement":[{"@type":"ListItem","position":1,"name":"Portada","item":"https:\/\/demoweb.info\/sexshop001\/"},{"@type":"ListItem","position":2,"name":"Tienda","item":"https:\/\/demoweb.info\/sexshop001\/tienda\/"},{"@type":"ListItem","position":3,"name":"ENORA &#8211; VARITA Y VIBRADOR &#8211; NEGRO"}]},{"@type":"WebSite","@id":"https:\/\/demoweb.info\/sexshop001\/#website","url":"https:\/\/demoweb.info\/sexshop001\/","name":"Tienda Er\u00f3tica","description":"DEMOWEB SL","potentialAction":[{"@type":"SearchAction","target":{"@type":"EntryPoint","urlTemplate":"https:\/\/demoweb.info\/sexshop001\/?s={search_term_string}"},"query-input":"required name=search_term_string"}],"inLanguage":"es"}]}},"_links":{"self":[{"href":"https:\/\/demoweb.info\/sexshop001\/wp-json\/wp\/v3\/product\/11714","targetHints":{"allow":["GET"]}}],"collection":[{"href":"https:\/\/demoweb.info\/sexshop001\/wp-json\/wp\/v3\/product"}],"about":[{"href":"https:\/\/demoweb.info\/sexshop001\/wp-json\/wp\/v2\/types\/product"}],"replies":[{"embeddable":true,"href":"https:\/\/demoweb.info\/sexshop001\/wp-json\/wp\/v2\/comments?post=11714"}],"wp:featuredmedia":[{"embeddable":true,"href":"https:\/\/demoweb.info\/sexshop001\/wp-json\/wp\/v2\/media\/11715"}],"wp:attachment":[{"href":"https:\/\/demoweb.info\/sexshop001\/wp-json\/wp\/v2\/media?parent=11714"}],"wp:term":[{"taxonomy":"product_cat","embeddable":true,"href":"https:\/\/demoweb.info\/sexshop001\/wp-json\/wp\/v2\/product_cat?post=11714"},{"taxonomy":"product_tag","embeddable":true,"href":"https:\/\/demoweb.info\/sexshop001\/wp-json\/wp\/v2\/product_tag?post=11714"}],"curies":[{"name":"wp","href":"https:\/\/api.w.org\/{rel}","templated":true}]}}