{"id":11659,"date":"2022-01-22T09:59:52","date_gmt":"2022-01-22T08:59:52","guid":{"rendered":"https:\/\/demoweb.info\/sexshop001\/producto\/moist-locion-sexo-oral-frutas-37ml\/"},"modified":"2022-01-22T09:59:57","modified_gmt":"2022-01-22T08:59:57","slug":"moist-locion-sexo-oral-frutas-37ml","status":"publish","type":"product","link":"https:\/\/demoweb.info\/sexshop001\/producto\/moist-locion-sexo-oral-frutas-37ml\/","title":{"rendered":"MOIST &#8211; LOCION SEXO ORAL , FRUTAS 37ML"},"content":{"rendered":"<p><strong>MINI FLAVORED MOIST &#8211; PASSION FRUIT <\/strong><\/p>\n<p>\u00bfTu amante es tan bueno que es lo suficientemente bueno para comer?<\/p>\n<p>\u00a1Ahora puedes hacerlos a\u00fan m\u00e1s dulces con Flavored Moist!<\/p>\n<p>Los ligeros sabores ambrosiales convierten el sexo oral en una sabrosa aventura, lo que le permite deleitar sus sentidos con sabores puros que se mejoran con aloe y sin aditivos innecesarios.<\/p>\n<p>Moist es la opci\u00f3n clara en el placer y votada como la MEJOR loci\u00f3n corporal por la revista Women&#39;s Health.<\/p>\n<p>Nuestra variedad de f\u00f3rmulas de kiwi, maracuy\u00e1, cereza y fresa ofrece un espectro agradable de placer, mientras que los pr\u00e1cticos tubos de 10 ml son perfectos para viajar o divertirse en el camino.<\/p>\n<p>Has experimentado el resto, \u00a1ahora experimenta lo MEJOR!<\/p>\n<ul>\n<li>Peso del producto :63,8 gram<\/li>\n<li>Los ingredientes  :Water (Aqua), Glycerin, Propylene Glycol, Flavor, Hydroxyethylcellulose, Carbomer, Sodium Benzoate, Aloe Barbadensis (Aloe Vera) Leaf Juice, Tetrahydroxypropyl Ethylenediamine, PEG-45M, Diazolidinyl Carbamide, Methylparaben, Sodium Saccharin, Tetrasodium EDTA\n\t <\/li>\n<\/ul>\n","protected":false},"excerpt":{"rendered":"<p>MINI FLAVORED MOIST &#8211; PASSION FRUIT \u00bfTu amante es tan bueno que es lo suficientemente bueno para comer? \u00a1Ahora puedes<\/p>\n","protected":false},"featured_media":11660,"comment_status":"open","ping_status":"open","template":"","meta":[],"product_cat":[268],"product_tag":[637,259],"class_list":["post-11659","product","type-product","status-publish","has-post-thumbnail","hentry","product_cat-base-agua-lubricantes-aceites-y-lubricantes","product_tag-moist","product_tag-pipedream"],"bundled_by":[],"bundle_stock_status":"instock","bundle_stock_quantity":6,"bundle_virtual":false,"bundle_layout":"","bundle_add_to_cart_form_location":"","bundle_editable_in_cart":false,"bundle_sold_individually_context":"","bundle_item_grouping":"","bundle_min_size":"","bundle_max_size":"","bundled_items":[],"yoast_head":"<!-- This site is optimized with the Yoast SEO plugin v20.6 - https:\/\/yoast.com\/wordpress\/plugins\/seo\/ -->\n<title>MOIST - LOCION SEXO ORAL , FRUTAS 37ML - Tienda Er\u00f3tica<\/title>\n<meta name=\"robots\" content=\"noindex, follow, max-snippet:-1, max-image-preview:large, max-video-preview:-1\" \/>\n<meta property=\"og:locale\" content=\"es_ES\" \/>\n<meta property=\"og:type\" content=\"article\" \/>\n<meta property=\"og:title\" content=\"MOIST - LOCION SEXO ORAL , FRUTAS 37ML - Tienda Er\u00f3tica\" \/>\n<meta property=\"og:description\" content=\"MINI FLAVORED MOIST &#8211; PASSION FRUIT \u00bfTu amante es tan bueno que es lo suficientemente bueno para comer? \u00a1Ahora puedes\" \/>\n<meta property=\"og:url\" content=\"https:\/\/demoweb.info\/sexshop001\/producto\/moist-locion-sexo-oral-frutas-37ml\/\" \/>\n<meta property=\"og:site_name\" content=\"Tienda Er\u00f3tica\" \/>\n<meta property=\"article:modified_time\" content=\"2022-01-22T08:59:57+00:00\" \/>\n<meta property=\"og:image\" content=\"https:\/\/demoweb.info\/sexshop001\/wp-content\/uploads\/2022\/01\/MOIST-LOCION-SEXO-ORAL-FRUTAS-37ML.jpg\" \/>\n\t<meta property=\"og:image:width\" content=\"550\" \/>\n\t<meta property=\"og:image:height\" content=\"550\" \/>\n\t<meta property=\"og:image:type\" content=\"image\/jpeg\" \/>\n<meta name=\"twitter:card\" content=\"summary_large_image\" \/>\n<meta name=\"twitter:label1\" content=\"Tiempo de lectura\" \/>\n\t<meta name=\"twitter:data1\" content=\"1 minuto\" \/>\n<script type=\"application\/ld+json\" class=\"yoast-schema-graph\">{\"@context\":\"https:\/\/schema.org\",\"@graph\":[{\"@type\":\"WebPage\",\"@id\":\"https:\/\/demoweb.info\/sexshop001\/producto\/moist-locion-sexo-oral-frutas-37ml\/\",\"url\":\"https:\/\/demoweb.info\/sexshop001\/producto\/moist-locion-sexo-oral-frutas-37ml\/\",\"name\":\"MOIST - LOCION SEXO ORAL , FRUTAS 37ML - Tienda Er\u00f3tica\",\"isPartOf\":{\"@id\":\"https:\/\/demoweb.info\/sexshop001\/#website\"},\"datePublished\":\"2022-01-22T08:59:52+00:00\",\"dateModified\":\"2022-01-22T08:59:57+00:00\",\"breadcrumb\":{\"@id\":\"https:\/\/demoweb.info\/sexshop001\/producto\/moist-locion-sexo-oral-frutas-37ml\/#breadcrumb\"},\"inLanguage\":\"es\",\"potentialAction\":[{\"@type\":\"ReadAction\",\"target\":[\"https:\/\/demoweb.info\/sexshop001\/producto\/moist-locion-sexo-oral-frutas-37ml\/\"]}]},{\"@type\":\"BreadcrumbList\",\"@id\":\"https:\/\/demoweb.info\/sexshop001\/producto\/moist-locion-sexo-oral-frutas-37ml\/#breadcrumb\",\"itemListElement\":[{\"@type\":\"ListItem\",\"position\":1,\"name\":\"Portada\",\"item\":\"https:\/\/demoweb.info\/sexshop001\/\"},{\"@type\":\"ListItem\",\"position\":2,\"name\":\"Tienda\",\"item\":\"https:\/\/demoweb.info\/sexshop001\/tienda\/\"},{\"@type\":\"ListItem\",\"position\":3,\"name\":\"MOIST &#8211; LOCION SEXO ORAL , FRUTAS 37ML\"}]},{\"@type\":\"WebSite\",\"@id\":\"https:\/\/demoweb.info\/sexshop001\/#website\",\"url\":\"https:\/\/demoweb.info\/sexshop001\/\",\"name\":\"Tienda Er\u00f3tica\",\"description\":\"DEMOWEB SL\",\"potentialAction\":[{\"@type\":\"SearchAction\",\"target\":{\"@type\":\"EntryPoint\",\"urlTemplate\":\"https:\/\/demoweb.info\/sexshop001\/?s={search_term_string}\"},\"query-input\":\"required name=search_term_string\"}],\"inLanguage\":\"es\"}]}<\/script>\n<!-- \/ Yoast SEO plugin. -->","yoast_head_json":{"title":"MOIST - LOCION SEXO ORAL , FRUTAS 37ML - Tienda Er\u00f3tica","robots":{"index":"noindex","follow":"follow","max-snippet":"max-snippet:-1","max-image-preview":"max-image-preview:large","max-video-preview":"max-video-preview:-1"},"og_locale":"es_ES","og_type":"article","og_title":"MOIST - LOCION SEXO ORAL , FRUTAS 37ML - Tienda Er\u00f3tica","og_description":"MINI FLAVORED MOIST &#8211; PASSION FRUIT \u00bfTu amante es tan bueno que es lo suficientemente bueno para comer? \u00a1Ahora puedes","og_url":"https:\/\/demoweb.info\/sexshop001\/producto\/moist-locion-sexo-oral-frutas-37ml\/","og_site_name":"Tienda Er\u00f3tica","article_modified_time":"2022-01-22T08:59:57+00:00","og_image":[{"width":550,"height":550,"url":"https:\/\/demoweb.info\/sexshop001\/wp-content\/uploads\/2022\/01\/MOIST-LOCION-SEXO-ORAL-FRUTAS-37ML.jpg","type":"image\/jpeg"}],"twitter_card":"summary_large_image","twitter_misc":{"Tiempo de lectura":"1 minuto"},"schema":{"@context":"https:\/\/schema.org","@graph":[{"@type":"WebPage","@id":"https:\/\/demoweb.info\/sexshop001\/producto\/moist-locion-sexo-oral-frutas-37ml\/","url":"https:\/\/demoweb.info\/sexshop001\/producto\/moist-locion-sexo-oral-frutas-37ml\/","name":"MOIST - LOCION SEXO ORAL , FRUTAS 37ML - Tienda Er\u00f3tica","isPartOf":{"@id":"https:\/\/demoweb.info\/sexshop001\/#website"},"datePublished":"2022-01-22T08:59:52+00:00","dateModified":"2022-01-22T08:59:57+00:00","breadcrumb":{"@id":"https:\/\/demoweb.info\/sexshop001\/producto\/moist-locion-sexo-oral-frutas-37ml\/#breadcrumb"},"inLanguage":"es","potentialAction":[{"@type":"ReadAction","target":["https:\/\/demoweb.info\/sexshop001\/producto\/moist-locion-sexo-oral-frutas-37ml\/"]}]},{"@type":"BreadcrumbList","@id":"https:\/\/demoweb.info\/sexshop001\/producto\/moist-locion-sexo-oral-frutas-37ml\/#breadcrumb","itemListElement":[{"@type":"ListItem","position":1,"name":"Portada","item":"https:\/\/demoweb.info\/sexshop001\/"},{"@type":"ListItem","position":2,"name":"Tienda","item":"https:\/\/demoweb.info\/sexshop001\/tienda\/"},{"@type":"ListItem","position":3,"name":"MOIST &#8211; LOCION SEXO ORAL , FRUTAS 37ML"}]},{"@type":"WebSite","@id":"https:\/\/demoweb.info\/sexshop001\/#website","url":"https:\/\/demoweb.info\/sexshop001\/","name":"Tienda Er\u00f3tica","description":"DEMOWEB SL","potentialAction":[{"@type":"SearchAction","target":{"@type":"EntryPoint","urlTemplate":"https:\/\/demoweb.info\/sexshop001\/?s={search_term_string}"},"query-input":"required name=search_term_string"}],"inLanguage":"es"}]}},"_links":{"self":[{"href":"https:\/\/demoweb.info\/sexshop001\/wp-json\/wp\/v3\/product\/11659","targetHints":{"allow":["GET"]}}],"collection":[{"href":"https:\/\/demoweb.info\/sexshop001\/wp-json\/wp\/v3\/product"}],"about":[{"href":"https:\/\/demoweb.info\/sexshop001\/wp-json\/wp\/v2\/types\/product"}],"replies":[{"embeddable":true,"href":"https:\/\/demoweb.info\/sexshop001\/wp-json\/wp\/v2\/comments?post=11659"}],"wp:featuredmedia":[{"embeddable":true,"href":"https:\/\/demoweb.info\/sexshop001\/wp-json\/wp\/v2\/media\/11660"}],"wp:attachment":[{"href":"https:\/\/demoweb.info\/sexshop001\/wp-json\/wp\/v2\/media?parent=11659"}],"wp:term":[{"taxonomy":"product_cat","embeddable":true,"href":"https:\/\/demoweb.info\/sexshop001\/wp-json\/wp\/v2\/product_cat?post=11659"},{"taxonomy":"product_tag","embeddable":true,"href":"https:\/\/demoweb.info\/sexshop001\/wp-json\/wp\/v2\/product_tag?post=11659"}],"curies":[{"name":"wp","href":"https:\/\/api.w.org\/{rel}","templated":true}]}}