{"id":11656,"date":"2022-01-22T09:59:52","date_gmt":"2022-01-22T08:59:52","guid":{"rendered":"https:\/\/demoweb.info\/sexshop001\/producto\/moist-mini-lubricante-a-base-de-agua-37-ml\/"},"modified":"2022-01-22T09:59:55","modified_gmt":"2022-01-22T08:59:55","slug":"moist-mini-lubricante-a-base-de-agua-37-ml","status":"publish","type":"product","link":"https:\/\/demoweb.info\/sexshop001\/producto\/moist-mini-lubricante-a-base-de-agua-37-ml\/","title":{"rendered":"MOIST &#8211; MINI LUBRICANTE A BASE DE AGUA , 37 ML"},"content":{"rendered":"<p><strong>MINI MOIST LITE <\/strong><\/p>\n<p>Moist es la opci\u00f3n clara en el placer y votada como la MEJOR loci\u00f3n corporal por la revista Women&#39;s Health.<\/p>\n<p>Esta loci\u00f3n corporal cristalina y no irritante es perfecta para todos tus encuentros sexuales \u00edntimos.<\/p>\n<p>\u00daselo con alguien que ama o durante una deliciosa experiencia en solitario.<\/p>\n<p>Aplique generosamente cuando se necesite una humedad suave y resbaladiza para mejorar el placer sexual.<\/p>\n<p>Moist Lite es a base de agua, no se mancha y se lava f\u00e1cilmente con agua y jab\u00f3n suave.<\/p>\n<ul>\n<li>Peso del producto :56,7 gram<\/li>\n<li>Los ingredientes :Water (Aqua), Glycerin, Propylene Glycol, Sodium Polymethacrylate, Hydroxyethylcellulose, Sodium Benzoate, Carbomer, Tetrahydroxypropyl Ethylenediamine, PEG-45M, Diazolidinyl Carbamide, Methylparaben, Tetrasodium EDTA<\/li>\n<\/ul>\n","protected":false},"excerpt":{"rendered":"<p>MINI MOIST LITE Moist es la opci\u00f3n clara en el placer y votada como la MEJOR loci\u00f3n corporal por la<\/p>\n","protected":false},"featured_media":11657,"comment_status":"open","ping_status":"open","template":"","meta":[],"product_cat":[268],"product_tag":[637,259],"class_list":["post-11656","product","type-product","status-publish","has-post-thumbnail","hentry","product_cat-base-agua-lubricantes-aceites-y-lubricantes","product_tag-moist","product_tag-pipedream"],"bundled_by":[],"bundle_stock_status":"instock","bundle_stock_quantity":2,"bundle_virtual":false,"bundle_layout":"","bundle_add_to_cart_form_location":"","bundle_editable_in_cart":false,"bundle_sold_individually_context":"","bundle_item_grouping":"","bundle_min_size":"","bundle_max_size":"","bundled_items":[],"yoast_head":"<!-- This site is optimized with the Yoast SEO plugin v20.6 - https:\/\/yoast.com\/wordpress\/plugins\/seo\/ -->\n<title>MOIST - MINI LUBRICANTE A BASE DE AGUA , 37 ML - Tienda Er\u00f3tica<\/title>\n<meta name=\"robots\" content=\"noindex, follow, max-snippet:-1, max-image-preview:large, max-video-preview:-1\" \/>\n<meta property=\"og:locale\" content=\"es_ES\" \/>\n<meta property=\"og:type\" content=\"article\" \/>\n<meta property=\"og:title\" content=\"MOIST - MINI LUBRICANTE A BASE DE AGUA , 37 ML - Tienda Er\u00f3tica\" \/>\n<meta property=\"og:description\" content=\"MINI MOIST LITE Moist es la opci\u00f3n clara en el placer y votada como la MEJOR loci\u00f3n corporal por la\" \/>\n<meta property=\"og:url\" content=\"https:\/\/demoweb.info\/sexshop001\/producto\/moist-mini-lubricante-a-base-de-agua-37-ml\/\" \/>\n<meta property=\"og:site_name\" content=\"Tienda Er\u00f3tica\" \/>\n<meta property=\"article:modified_time\" content=\"2022-01-22T08:59:55+00:00\" \/>\n<meta property=\"og:image\" content=\"https:\/\/demoweb.info\/sexshop001\/wp-content\/uploads\/2022\/01\/MOIST-MINI-LUBRICANTE-A-BASE-DE-AGUA-37-ML.jpg\" \/>\n\t<meta property=\"og:image:width\" content=\"550\" \/>\n\t<meta property=\"og:image:height\" content=\"550\" \/>\n\t<meta property=\"og:image:type\" content=\"image\/jpeg\" \/>\n<meta name=\"twitter:card\" content=\"summary_large_image\" \/>\n<meta name=\"twitter:label1\" content=\"Tiempo de lectura\" \/>\n\t<meta name=\"twitter:data1\" content=\"1 minuto\" \/>\n<script type=\"application\/ld+json\" class=\"yoast-schema-graph\">{\"@context\":\"https:\/\/schema.org\",\"@graph\":[{\"@type\":\"WebPage\",\"@id\":\"https:\/\/demoweb.info\/sexshop001\/producto\/moist-mini-lubricante-a-base-de-agua-37-ml\/\",\"url\":\"https:\/\/demoweb.info\/sexshop001\/producto\/moist-mini-lubricante-a-base-de-agua-37-ml\/\",\"name\":\"MOIST - MINI LUBRICANTE A BASE DE AGUA , 37 ML - Tienda Er\u00f3tica\",\"isPartOf\":{\"@id\":\"https:\/\/demoweb.info\/sexshop001\/#website\"},\"datePublished\":\"2022-01-22T08:59:52+00:00\",\"dateModified\":\"2022-01-22T08:59:55+00:00\",\"breadcrumb\":{\"@id\":\"https:\/\/demoweb.info\/sexshop001\/producto\/moist-mini-lubricante-a-base-de-agua-37-ml\/#breadcrumb\"},\"inLanguage\":\"es\",\"potentialAction\":[{\"@type\":\"ReadAction\",\"target\":[\"https:\/\/demoweb.info\/sexshop001\/producto\/moist-mini-lubricante-a-base-de-agua-37-ml\/\"]}]},{\"@type\":\"BreadcrumbList\",\"@id\":\"https:\/\/demoweb.info\/sexshop001\/producto\/moist-mini-lubricante-a-base-de-agua-37-ml\/#breadcrumb\",\"itemListElement\":[{\"@type\":\"ListItem\",\"position\":1,\"name\":\"Portada\",\"item\":\"https:\/\/demoweb.info\/sexshop001\/\"},{\"@type\":\"ListItem\",\"position\":2,\"name\":\"Tienda\",\"item\":\"https:\/\/demoweb.info\/sexshop001\/tienda\/\"},{\"@type\":\"ListItem\",\"position\":3,\"name\":\"MOIST &#8211; MINI LUBRICANTE A BASE DE AGUA , 37 ML\"}]},{\"@type\":\"WebSite\",\"@id\":\"https:\/\/demoweb.info\/sexshop001\/#website\",\"url\":\"https:\/\/demoweb.info\/sexshop001\/\",\"name\":\"Tienda Er\u00f3tica\",\"description\":\"DEMOWEB SL\",\"potentialAction\":[{\"@type\":\"SearchAction\",\"target\":{\"@type\":\"EntryPoint\",\"urlTemplate\":\"https:\/\/demoweb.info\/sexshop001\/?s={search_term_string}\"},\"query-input\":\"required name=search_term_string\"}],\"inLanguage\":\"es\"}]}<\/script>\n<!-- \/ Yoast SEO plugin. -->","yoast_head_json":{"title":"MOIST - MINI LUBRICANTE A BASE DE AGUA , 37 ML - Tienda Er\u00f3tica","robots":{"index":"noindex","follow":"follow","max-snippet":"max-snippet:-1","max-image-preview":"max-image-preview:large","max-video-preview":"max-video-preview:-1"},"og_locale":"es_ES","og_type":"article","og_title":"MOIST - MINI LUBRICANTE A BASE DE AGUA , 37 ML - Tienda Er\u00f3tica","og_description":"MINI MOIST LITE Moist es la opci\u00f3n clara en el placer y votada como la MEJOR loci\u00f3n corporal por la","og_url":"https:\/\/demoweb.info\/sexshop001\/producto\/moist-mini-lubricante-a-base-de-agua-37-ml\/","og_site_name":"Tienda Er\u00f3tica","article_modified_time":"2022-01-22T08:59:55+00:00","og_image":[{"width":550,"height":550,"url":"https:\/\/demoweb.info\/sexshop001\/wp-content\/uploads\/2022\/01\/MOIST-MINI-LUBRICANTE-A-BASE-DE-AGUA-37-ML.jpg","type":"image\/jpeg"}],"twitter_card":"summary_large_image","twitter_misc":{"Tiempo de lectura":"1 minuto"},"schema":{"@context":"https:\/\/schema.org","@graph":[{"@type":"WebPage","@id":"https:\/\/demoweb.info\/sexshop001\/producto\/moist-mini-lubricante-a-base-de-agua-37-ml\/","url":"https:\/\/demoweb.info\/sexshop001\/producto\/moist-mini-lubricante-a-base-de-agua-37-ml\/","name":"MOIST - MINI LUBRICANTE A BASE DE AGUA , 37 ML - Tienda Er\u00f3tica","isPartOf":{"@id":"https:\/\/demoweb.info\/sexshop001\/#website"},"datePublished":"2022-01-22T08:59:52+00:00","dateModified":"2022-01-22T08:59:55+00:00","breadcrumb":{"@id":"https:\/\/demoweb.info\/sexshop001\/producto\/moist-mini-lubricante-a-base-de-agua-37-ml\/#breadcrumb"},"inLanguage":"es","potentialAction":[{"@type":"ReadAction","target":["https:\/\/demoweb.info\/sexshop001\/producto\/moist-mini-lubricante-a-base-de-agua-37-ml\/"]}]},{"@type":"BreadcrumbList","@id":"https:\/\/demoweb.info\/sexshop001\/producto\/moist-mini-lubricante-a-base-de-agua-37-ml\/#breadcrumb","itemListElement":[{"@type":"ListItem","position":1,"name":"Portada","item":"https:\/\/demoweb.info\/sexshop001\/"},{"@type":"ListItem","position":2,"name":"Tienda","item":"https:\/\/demoweb.info\/sexshop001\/tienda\/"},{"@type":"ListItem","position":3,"name":"MOIST &#8211; MINI LUBRICANTE A BASE DE AGUA , 37 ML"}]},{"@type":"WebSite","@id":"https:\/\/demoweb.info\/sexshop001\/#website","url":"https:\/\/demoweb.info\/sexshop001\/","name":"Tienda Er\u00f3tica","description":"DEMOWEB SL","potentialAction":[{"@type":"SearchAction","target":{"@type":"EntryPoint","urlTemplate":"https:\/\/demoweb.info\/sexshop001\/?s={search_term_string}"},"query-input":"required name=search_term_string"}],"inLanguage":"es"}]}},"_links":{"self":[{"href":"https:\/\/demoweb.info\/sexshop001\/wp-json\/wp\/v3\/product\/11656","targetHints":{"allow":["GET"]}}],"collection":[{"href":"https:\/\/demoweb.info\/sexshop001\/wp-json\/wp\/v3\/product"}],"about":[{"href":"https:\/\/demoweb.info\/sexshop001\/wp-json\/wp\/v2\/types\/product"}],"replies":[{"embeddable":true,"href":"https:\/\/demoweb.info\/sexshop001\/wp-json\/wp\/v2\/comments?post=11656"}],"wp:featuredmedia":[{"embeddable":true,"href":"https:\/\/demoweb.info\/sexshop001\/wp-json\/wp\/v2\/media\/11657"}],"wp:attachment":[{"href":"https:\/\/demoweb.info\/sexshop001\/wp-json\/wp\/v2\/media?parent=11656"}],"wp:term":[{"taxonomy":"product_cat","embeddable":true,"href":"https:\/\/demoweb.info\/sexshop001\/wp-json\/wp\/v2\/product_cat?post=11656"},{"taxonomy":"product_tag","embeddable":true,"href":"https:\/\/demoweb.info\/sexshop001\/wp-json\/wp\/v2\/product_tag?post=11656"}],"curies":[{"name":"wp","href":"https:\/\/api.w.org\/{rel}","templated":true}]}}