{"id":11639,"date":"2022-01-22T09:59:09","date_gmt":"2022-01-22T08:59:09","guid":{"rendered":"https:\/\/demoweb.info\/sexshop001\/producto\/ana-lorde-ultraskyn-stroker-masturbador-realistico-pussy\/"},"modified":"2022-01-22T09:59:46","modified_gmt":"2022-01-22T08:59:46","slug":"ana-lorde-ultraskyn-stroker-masturbador-realistico-pussy","status":"publish","type":"product","link":"https:\/\/demoweb.info\/sexshop001\/producto\/ana-lorde-ultraskyn-stroker-masturbador-realistico-pussy\/","title":{"rendered":"ANA LORDE ULTRASKYN STROKER &#8211; MASTURBADOR REALISTICO &#8211; PUSSY"},"content":{"rendered":"<p><strong>GIRLS OF SOCIAL MEDIA &#8211; ANA.LORDE &#8211; ULTRASKYN STROKER &#8211; PUSSY<\/strong><\/p>\n<p>Los tatuajes sexy y las curvas asesinas de la modelo de Instagram ana.lorde le han ganado un lugar en la alineaci\u00f3n de Main Squeeze con un stroker de estuche r\u00edgido de presi\u00f3n variable moldeado directamente de su cuerpo.<\/p>\n<p>Hecho a mano en ULTRASKYN realista, el @ ana.lorde Main Squeeze presenta un interior apretado y texturizado que se calienta al tacto y se siente como si fuera real.<\/p>\n<p>Puede tener m\u00e1s de 1.5 millones de seguidores (\u00a1y contando!) Pero esta noche es toda tuya.<\/p>\n<ul>\n<li>Peso del producto : 610 gram<\/li>\n<li>Di\u00e1metro del producto: 8,5 cm<\/li>\n<li>Longitud insertable: 22,1 cm<\/li>\n<li>Materiales :TPE\/ABS<\/li>\n<\/ul>\n","protected":false},"excerpt":{"rendered":"<p>GIRLS OF SOCIAL MEDIA &#8211; ANA.LORDE &#8211; ULTRASKYN STROKER &#8211; PUSSY Los tatuajes sexy y las curvas asesinas de la<\/p>\n","protected":false},"featured_media":11640,"comment_status":"open","ping_status":"open","template":"","meta":[],"product_cat":[541],"product_tag":[460,634],"class_list":["post-11639","product","type-product","status-publish","has-post-thumbnail","hentry","product_cat-vaginas","product_tag-doc-johnson","product_tag-mainsqueeze"],"bundled_by":[],"bundle_stock_status":"outofstock","bundle_stock_quantity":0,"bundle_virtual":false,"bundle_layout":"","bundle_add_to_cart_form_location":"","bundle_editable_in_cart":false,"bundle_sold_individually_context":"","bundle_item_grouping":"","bundle_min_size":"","bundle_max_size":"","bundled_items":[],"yoast_head":"<!-- This site is optimized with the Yoast SEO plugin v20.6 - https:\/\/yoast.com\/wordpress\/plugins\/seo\/ -->\n<title>ANA LORDE ULTRASKYN STROKER - MASTURBADOR REALISTICO - PUSSY - Tienda Er\u00f3tica<\/title>\n<meta name=\"robots\" content=\"noindex, follow, max-snippet:-1, max-image-preview:large, max-video-preview:-1\" \/>\n<meta property=\"og:locale\" content=\"es_ES\" \/>\n<meta property=\"og:type\" content=\"article\" \/>\n<meta property=\"og:title\" content=\"ANA LORDE ULTRASKYN STROKER - MASTURBADOR REALISTICO - PUSSY - Tienda Er\u00f3tica\" \/>\n<meta property=\"og:description\" content=\"GIRLS OF SOCIAL MEDIA &#8211; ANA.LORDE &#8211; ULTRASKYN STROKER &#8211; PUSSY Los tatuajes sexy y las curvas asesinas de la\" \/>\n<meta property=\"og:url\" content=\"https:\/\/demoweb.info\/sexshop001\/producto\/ana-lorde-ultraskyn-stroker-masturbador-realistico-pussy\/\" \/>\n<meta property=\"og:site_name\" content=\"Tienda Er\u00f3tica\" \/>\n<meta property=\"article:modified_time\" content=\"2022-01-22T08:59:46+00:00\" \/>\n<meta property=\"og:image\" content=\"https:\/\/demoweb.info\/sexshop001\/wp-content\/uploads\/2022\/01\/ANA-LORDE-ULTRASKYN-STROKER-MASTURBADOR-REALISTICO-PUSSY.jpg\" \/>\n\t<meta property=\"og:image:width\" content=\"550\" \/>\n\t<meta property=\"og:image:height\" content=\"550\" \/>\n\t<meta property=\"og:image:type\" content=\"image\/jpeg\" \/>\n<meta name=\"twitter:card\" content=\"summary_large_image\" \/>\n<meta name=\"twitter:label1\" content=\"Tiempo de lectura\" \/>\n\t<meta name=\"twitter:data1\" content=\"1 minuto\" \/>\n<script type=\"application\/ld+json\" class=\"yoast-schema-graph\">{\"@context\":\"https:\/\/schema.org\",\"@graph\":[{\"@type\":\"WebPage\",\"@id\":\"https:\/\/demoweb.info\/sexshop001\/producto\/ana-lorde-ultraskyn-stroker-masturbador-realistico-pussy\/\",\"url\":\"https:\/\/demoweb.info\/sexshop001\/producto\/ana-lorde-ultraskyn-stroker-masturbador-realistico-pussy\/\",\"name\":\"ANA LORDE ULTRASKYN STROKER - MASTURBADOR REALISTICO - PUSSY - Tienda Er\u00f3tica\",\"isPartOf\":{\"@id\":\"https:\/\/demoweb.info\/sexshop001\/#website\"},\"datePublished\":\"2022-01-22T08:59:09+00:00\",\"dateModified\":\"2022-01-22T08:59:46+00:00\",\"breadcrumb\":{\"@id\":\"https:\/\/demoweb.info\/sexshop001\/producto\/ana-lorde-ultraskyn-stroker-masturbador-realistico-pussy\/#breadcrumb\"},\"inLanguage\":\"es\",\"potentialAction\":[{\"@type\":\"ReadAction\",\"target\":[\"https:\/\/demoweb.info\/sexshop001\/producto\/ana-lorde-ultraskyn-stroker-masturbador-realistico-pussy\/\"]}]},{\"@type\":\"BreadcrumbList\",\"@id\":\"https:\/\/demoweb.info\/sexshop001\/producto\/ana-lorde-ultraskyn-stroker-masturbador-realistico-pussy\/#breadcrumb\",\"itemListElement\":[{\"@type\":\"ListItem\",\"position\":1,\"name\":\"Portada\",\"item\":\"https:\/\/demoweb.info\/sexshop001\/\"},{\"@type\":\"ListItem\",\"position\":2,\"name\":\"Tienda\",\"item\":\"https:\/\/demoweb.info\/sexshop001\/tienda\/\"},{\"@type\":\"ListItem\",\"position\":3,\"name\":\"ANA LORDE ULTRASKYN STROKER &#8211; MASTURBADOR REALISTICO &#8211; PUSSY\"}]},{\"@type\":\"WebSite\",\"@id\":\"https:\/\/demoweb.info\/sexshop001\/#website\",\"url\":\"https:\/\/demoweb.info\/sexshop001\/\",\"name\":\"Tienda Er\u00f3tica\",\"description\":\"DEMOWEB SL\",\"potentialAction\":[{\"@type\":\"SearchAction\",\"target\":{\"@type\":\"EntryPoint\",\"urlTemplate\":\"https:\/\/demoweb.info\/sexshop001\/?s={search_term_string}\"},\"query-input\":\"required name=search_term_string\"}],\"inLanguage\":\"es\"}]}<\/script>\n<!-- \/ Yoast SEO plugin. -->","yoast_head_json":{"title":"ANA LORDE ULTRASKYN STROKER - MASTURBADOR REALISTICO - PUSSY - Tienda Er\u00f3tica","robots":{"index":"noindex","follow":"follow","max-snippet":"max-snippet:-1","max-image-preview":"max-image-preview:large","max-video-preview":"max-video-preview:-1"},"og_locale":"es_ES","og_type":"article","og_title":"ANA LORDE ULTRASKYN STROKER - MASTURBADOR REALISTICO - PUSSY - Tienda Er\u00f3tica","og_description":"GIRLS OF SOCIAL MEDIA &#8211; ANA.LORDE &#8211; ULTRASKYN STROKER &#8211; PUSSY Los tatuajes sexy y las curvas asesinas de la","og_url":"https:\/\/demoweb.info\/sexshop001\/producto\/ana-lorde-ultraskyn-stroker-masturbador-realistico-pussy\/","og_site_name":"Tienda Er\u00f3tica","article_modified_time":"2022-01-22T08:59:46+00:00","og_image":[{"width":550,"height":550,"url":"https:\/\/demoweb.info\/sexshop001\/wp-content\/uploads\/2022\/01\/ANA-LORDE-ULTRASKYN-STROKER-MASTURBADOR-REALISTICO-PUSSY.jpg","type":"image\/jpeg"}],"twitter_card":"summary_large_image","twitter_misc":{"Tiempo de lectura":"1 minuto"},"schema":{"@context":"https:\/\/schema.org","@graph":[{"@type":"WebPage","@id":"https:\/\/demoweb.info\/sexshop001\/producto\/ana-lorde-ultraskyn-stroker-masturbador-realistico-pussy\/","url":"https:\/\/demoweb.info\/sexshop001\/producto\/ana-lorde-ultraskyn-stroker-masturbador-realistico-pussy\/","name":"ANA LORDE ULTRASKYN STROKER - MASTURBADOR REALISTICO - PUSSY - Tienda Er\u00f3tica","isPartOf":{"@id":"https:\/\/demoweb.info\/sexshop001\/#website"},"datePublished":"2022-01-22T08:59:09+00:00","dateModified":"2022-01-22T08:59:46+00:00","breadcrumb":{"@id":"https:\/\/demoweb.info\/sexshop001\/producto\/ana-lorde-ultraskyn-stroker-masturbador-realistico-pussy\/#breadcrumb"},"inLanguage":"es","potentialAction":[{"@type":"ReadAction","target":["https:\/\/demoweb.info\/sexshop001\/producto\/ana-lorde-ultraskyn-stroker-masturbador-realistico-pussy\/"]}]},{"@type":"BreadcrumbList","@id":"https:\/\/demoweb.info\/sexshop001\/producto\/ana-lorde-ultraskyn-stroker-masturbador-realistico-pussy\/#breadcrumb","itemListElement":[{"@type":"ListItem","position":1,"name":"Portada","item":"https:\/\/demoweb.info\/sexshop001\/"},{"@type":"ListItem","position":2,"name":"Tienda","item":"https:\/\/demoweb.info\/sexshop001\/tienda\/"},{"@type":"ListItem","position":3,"name":"ANA LORDE ULTRASKYN STROKER &#8211; MASTURBADOR REALISTICO &#8211; PUSSY"}]},{"@type":"WebSite","@id":"https:\/\/demoweb.info\/sexshop001\/#website","url":"https:\/\/demoweb.info\/sexshop001\/","name":"Tienda Er\u00f3tica","description":"DEMOWEB SL","potentialAction":[{"@type":"SearchAction","target":{"@type":"EntryPoint","urlTemplate":"https:\/\/demoweb.info\/sexshop001\/?s={search_term_string}"},"query-input":"required name=search_term_string"}],"inLanguage":"es"}]}},"_links":{"self":[{"href":"https:\/\/demoweb.info\/sexshop001\/wp-json\/wp\/v3\/product\/11639","targetHints":{"allow":["GET"]}}],"collection":[{"href":"https:\/\/demoweb.info\/sexshop001\/wp-json\/wp\/v3\/product"}],"about":[{"href":"https:\/\/demoweb.info\/sexshop001\/wp-json\/wp\/v2\/types\/product"}],"replies":[{"embeddable":true,"href":"https:\/\/demoweb.info\/sexshop001\/wp-json\/wp\/v2\/comments?post=11639"}],"wp:featuredmedia":[{"embeddable":true,"href":"https:\/\/demoweb.info\/sexshop001\/wp-json\/wp\/v2\/media\/11640"}],"wp:attachment":[{"href":"https:\/\/demoweb.info\/sexshop001\/wp-json\/wp\/v2\/media?parent=11639"}],"wp:term":[{"taxonomy":"product_cat","embeddable":true,"href":"https:\/\/demoweb.info\/sexshop001\/wp-json\/wp\/v2\/product_cat?post=11639"},{"taxonomy":"product_tag","embeddable":true,"href":"https:\/\/demoweb.info\/sexshop001\/wp-json\/wp\/v2\/product_tag?post=11639"}],"curies":[{"name":"wp","href":"https:\/\/api.w.org\/{rel}","templated":true}]}}