{"id":11569,"date":"2022-01-22T09:59:09","date_gmt":"2022-01-22T08:59:09","guid":{"rendered":"https:\/\/demoweb.info\/sexshop001\/producto\/body-extensions-be-ready-juego-arnes-y-accesorio-negro\/"},"modified":"2022-01-22T09:59:09","modified_gmt":"2022-01-22T08:59:09","slug":"body-extensions-be-ready-juego-arnes-y-accesorio-negro","status":"publish","type":"product","link":"https:\/\/demoweb.info\/sexshop001\/producto\/body-extensions-be-ready-juego-arnes-y-accesorio-negro\/","title":{"rendered":"BODY EXTENSIONS BE READY &#8211; JUEGO ARN\u00c9S Y ACCESORIO , NEGRO"},"content":{"rendered":"<p><strong>BE READY &#8211; BLACK<\/strong><\/p>\n<p>El sistema de correas huecas Body Extensions de Doc Johnson\u00ae es una colecci\u00f3n unisex de arneses y accesorios de silicona huecos dise\u00f1ados para estimular el cuerpo y permitir el juego de penetraci\u00f3n, independientemente del tipo o funci\u00f3n de la anatom\u00eda del usuario.<\/p>\n<p>Este juego de 4 piezas de alta calidad incluye un arn\u00e9s de silicona el\u00e1stico y premium dise\u00f1ado para la m\u00e1xima comodidad y durabilidad y tres accesorios de silicona premium dise\u00f1ados para maximizar el placer sexual y el empoderamiento de cada usuario.<\/p>\n<p>Cada producto de la colecci\u00f3n Body Extensions incluye instrucciones detalladas para su cuidado y uso.<\/p>\n<ul>\n<li>Dimensiones del producto: 17,8 x 4,4 x 16 cm<\/li>\n<li>Di\u00e1metro del producto: 4,7 cm<\/li>\n<li>Longitud insertable :20 cm<\/li>\n<li>Libre de ftalato : S\u00ed<\/li>\n<li>Materiales: Silicona<\/li>\n<\/ul>\n","protected":false},"excerpt":{"rendered":"<p>BE READY &#8211; BLACK El sistema de correas huecas Body Extensions de Doc Johnson\u00ae es una colecci\u00f3n unisex de arneses<\/p>\n","protected":false},"featured_media":11570,"comment_status":"open","ping_status":"open","template":"","meta":[],"product_cat":[629],"product_tag":[630,460],"class_list":["post-11569","product","type-product","status-publish","has-post-thumbnail","hentry","product_cat-silicona-con-pene","product_tag-body-extensions","product_tag-doc-johnson"],"bundled_by":[],"bundle_stock_status":"instock","bundle_stock_quantity":1,"bundle_virtual":false,"bundle_layout":"","bundle_add_to_cart_form_location":"","bundle_editable_in_cart":false,"bundle_sold_individually_context":"","bundle_item_grouping":"","bundle_min_size":"","bundle_max_size":"","bundled_items":[],"yoast_head":"<!-- This site is optimized with the Yoast SEO plugin v20.6 - https:\/\/yoast.com\/wordpress\/plugins\/seo\/ -->\n<title>BODY EXTENSIONS BE READY - JUEGO ARN\u00c9S Y ACCESORIO , NEGRO - Tienda Er\u00f3tica<\/title>\n<meta name=\"robots\" content=\"noindex, follow, max-snippet:-1, max-image-preview:large, max-video-preview:-1\" \/>\n<meta property=\"og:locale\" content=\"es_ES\" \/>\n<meta property=\"og:type\" content=\"article\" \/>\n<meta property=\"og:title\" content=\"BODY EXTENSIONS BE READY - JUEGO ARN\u00c9S Y ACCESORIO , NEGRO - Tienda Er\u00f3tica\" \/>\n<meta property=\"og:description\" content=\"BE READY &#8211; BLACK El sistema de correas huecas Body Extensions de Doc Johnson\u00ae es una colecci\u00f3n unisex de arneses\" \/>\n<meta property=\"og:url\" content=\"https:\/\/demoweb.info\/sexshop001\/producto\/body-extensions-be-ready-juego-arnes-y-accesorio-negro\/\" \/>\n<meta property=\"og:site_name\" content=\"Tienda Er\u00f3tica\" \/>\n<meta property=\"og:image\" content=\"https:\/\/demoweb.info\/sexshop001\/wp-content\/uploads\/2022\/01\/BODY-EXTENSIONS-BE-READY-JUEGO-ARNES-Y-ACCESORIO-NEGRO.jpg\" \/>\n\t<meta property=\"og:image:width\" content=\"550\" \/>\n\t<meta property=\"og:image:height\" content=\"550\" \/>\n\t<meta property=\"og:image:type\" content=\"image\/jpeg\" \/>\n<meta name=\"twitter:card\" content=\"summary_large_image\" \/>\n<meta name=\"twitter:label1\" content=\"Tiempo de lectura\" \/>\n\t<meta name=\"twitter:data1\" content=\"1 minuto\" \/>\n<script type=\"application\/ld+json\" class=\"yoast-schema-graph\">{\"@context\":\"https:\/\/schema.org\",\"@graph\":[{\"@type\":\"WebPage\",\"@id\":\"https:\/\/demoweb.info\/sexshop001\/producto\/body-extensions-be-ready-juego-arnes-y-accesorio-negro\/\",\"url\":\"https:\/\/demoweb.info\/sexshop001\/producto\/body-extensions-be-ready-juego-arnes-y-accesorio-negro\/\",\"name\":\"BODY EXTENSIONS BE READY - JUEGO ARN\u00c9S Y ACCESORIO , NEGRO - Tienda Er\u00f3tica\",\"isPartOf\":{\"@id\":\"https:\/\/demoweb.info\/sexshop001\/#website\"},\"datePublished\":\"2022-01-22T08:59:09+00:00\",\"dateModified\":\"2022-01-22T08:59:09+00:00\",\"breadcrumb\":{\"@id\":\"https:\/\/demoweb.info\/sexshop001\/producto\/body-extensions-be-ready-juego-arnes-y-accesorio-negro\/#breadcrumb\"},\"inLanguage\":\"es\",\"potentialAction\":[{\"@type\":\"ReadAction\",\"target\":[\"https:\/\/demoweb.info\/sexshop001\/producto\/body-extensions-be-ready-juego-arnes-y-accesorio-negro\/\"]}]},{\"@type\":\"BreadcrumbList\",\"@id\":\"https:\/\/demoweb.info\/sexshop001\/producto\/body-extensions-be-ready-juego-arnes-y-accesorio-negro\/#breadcrumb\",\"itemListElement\":[{\"@type\":\"ListItem\",\"position\":1,\"name\":\"Portada\",\"item\":\"https:\/\/demoweb.info\/sexshop001\/\"},{\"@type\":\"ListItem\",\"position\":2,\"name\":\"Tienda\",\"item\":\"https:\/\/demoweb.info\/sexshop001\/tienda\/\"},{\"@type\":\"ListItem\",\"position\":3,\"name\":\"BODY EXTENSIONS BE READY &#8211; JUEGO ARN\u00c9S Y ACCESORIO , NEGRO\"}]},{\"@type\":\"WebSite\",\"@id\":\"https:\/\/demoweb.info\/sexshop001\/#website\",\"url\":\"https:\/\/demoweb.info\/sexshop001\/\",\"name\":\"Tienda Er\u00f3tica\",\"description\":\"DEMOWEB SL\",\"potentialAction\":[{\"@type\":\"SearchAction\",\"target\":{\"@type\":\"EntryPoint\",\"urlTemplate\":\"https:\/\/demoweb.info\/sexshop001\/?s={search_term_string}\"},\"query-input\":\"required name=search_term_string\"}],\"inLanguage\":\"es\"}]}<\/script>\n<!-- \/ Yoast SEO plugin. -->","yoast_head_json":{"title":"BODY EXTENSIONS BE READY - JUEGO ARN\u00c9S Y ACCESORIO , NEGRO - Tienda Er\u00f3tica","robots":{"index":"noindex","follow":"follow","max-snippet":"max-snippet:-1","max-image-preview":"max-image-preview:large","max-video-preview":"max-video-preview:-1"},"og_locale":"es_ES","og_type":"article","og_title":"BODY EXTENSIONS BE READY - JUEGO ARN\u00c9S Y ACCESORIO , NEGRO - Tienda Er\u00f3tica","og_description":"BE READY &#8211; BLACK El sistema de correas huecas Body Extensions de Doc Johnson\u00ae es una colecci\u00f3n unisex de arneses","og_url":"https:\/\/demoweb.info\/sexshop001\/producto\/body-extensions-be-ready-juego-arnes-y-accesorio-negro\/","og_site_name":"Tienda Er\u00f3tica","og_image":[{"width":550,"height":550,"url":"https:\/\/demoweb.info\/sexshop001\/wp-content\/uploads\/2022\/01\/BODY-EXTENSIONS-BE-READY-JUEGO-ARNES-Y-ACCESORIO-NEGRO.jpg","type":"image\/jpeg"}],"twitter_card":"summary_large_image","twitter_misc":{"Tiempo de lectura":"1 minuto"},"schema":{"@context":"https:\/\/schema.org","@graph":[{"@type":"WebPage","@id":"https:\/\/demoweb.info\/sexshop001\/producto\/body-extensions-be-ready-juego-arnes-y-accesorio-negro\/","url":"https:\/\/demoweb.info\/sexshop001\/producto\/body-extensions-be-ready-juego-arnes-y-accesorio-negro\/","name":"BODY EXTENSIONS BE READY - JUEGO ARN\u00c9S Y ACCESORIO , NEGRO - Tienda Er\u00f3tica","isPartOf":{"@id":"https:\/\/demoweb.info\/sexshop001\/#website"},"datePublished":"2022-01-22T08:59:09+00:00","dateModified":"2022-01-22T08:59:09+00:00","breadcrumb":{"@id":"https:\/\/demoweb.info\/sexshop001\/producto\/body-extensions-be-ready-juego-arnes-y-accesorio-negro\/#breadcrumb"},"inLanguage":"es","potentialAction":[{"@type":"ReadAction","target":["https:\/\/demoweb.info\/sexshop001\/producto\/body-extensions-be-ready-juego-arnes-y-accesorio-negro\/"]}]},{"@type":"BreadcrumbList","@id":"https:\/\/demoweb.info\/sexshop001\/producto\/body-extensions-be-ready-juego-arnes-y-accesorio-negro\/#breadcrumb","itemListElement":[{"@type":"ListItem","position":1,"name":"Portada","item":"https:\/\/demoweb.info\/sexshop001\/"},{"@type":"ListItem","position":2,"name":"Tienda","item":"https:\/\/demoweb.info\/sexshop001\/tienda\/"},{"@type":"ListItem","position":3,"name":"BODY EXTENSIONS BE READY &#8211; JUEGO ARN\u00c9S Y ACCESORIO , NEGRO"}]},{"@type":"WebSite","@id":"https:\/\/demoweb.info\/sexshop001\/#website","url":"https:\/\/demoweb.info\/sexshop001\/","name":"Tienda Er\u00f3tica","description":"DEMOWEB SL","potentialAction":[{"@type":"SearchAction","target":{"@type":"EntryPoint","urlTemplate":"https:\/\/demoweb.info\/sexshop001\/?s={search_term_string}"},"query-input":"required name=search_term_string"}],"inLanguage":"es"}]}},"_links":{"self":[{"href":"https:\/\/demoweb.info\/sexshop001\/wp-json\/wp\/v3\/product\/11569","targetHints":{"allow":["GET"]}}],"collection":[{"href":"https:\/\/demoweb.info\/sexshop001\/wp-json\/wp\/v3\/product"}],"about":[{"href":"https:\/\/demoweb.info\/sexshop001\/wp-json\/wp\/v2\/types\/product"}],"replies":[{"embeddable":true,"href":"https:\/\/demoweb.info\/sexshop001\/wp-json\/wp\/v2\/comments?post=11569"}],"wp:featuredmedia":[{"embeddable":true,"href":"https:\/\/demoweb.info\/sexshop001\/wp-json\/wp\/v2\/media\/11570"}],"wp:attachment":[{"href":"https:\/\/demoweb.info\/sexshop001\/wp-json\/wp\/v2\/media?parent=11569"}],"wp:term":[{"taxonomy":"product_cat","embeddable":true,"href":"https:\/\/demoweb.info\/sexshop001\/wp-json\/wp\/v2\/product_cat?post=11569"},{"taxonomy":"product_tag","embeddable":true,"href":"https:\/\/demoweb.info\/sexshop001\/wp-json\/wp\/v2\/product_tag?post=11569"}],"curies":[{"name":"wp","href":"https:\/\/api.w.org\/{rel}","templated":true}]}}