{"id":11473,"date":"2022-01-22T09:58:02","date_gmt":"2022-01-22T08:58:02","guid":{"rendered":"https:\/\/demoweb.info\/sexshop001\/producto\/el-limite-de-la-tentacion\/"},"modified":"2022-01-22T09:58:27","modified_gmt":"2022-01-22T08:58:27","slug":"el-limite-de-la-tentacion","status":"publish","type":"product","link":"https:\/\/demoweb.info\/sexshop001\/producto\/el-limite-de-la-tentacion\/","title":{"rendered":"EL LIMITE DE LA TENTACION"},"content":{"rendered":"<p><font size=&quot;1&quot;><b>EL LIMITE DE LA TENTACION<\/b>.<\/p>\n<p><b>Eve Berlin<\/b>.<\/p>\n<p>Mischa Kennon es una luchadora nata y pocas cosas la har\u00e1n sucumbir, esto es hasta que conoce al muy sexy Connor Galloway, un irland\u00e9s de ojos verdes con un aire autoritario que es irresistible. Mientras que ejerce sus labores como dama de honor de su mejor amiga, Mischa se mete en una relaci\u00f3n poco seria con Connor. Y se ver\u00e1 sorprendida por el dominio que \u00e9l ejerce sobre ella y que le hace desear m\u00e1s y m\u00e1s batallas desenfrenadas antes de la rendici\u00f3n total.<br \/>\n<BR><BR><br \/>\nTodo es un juego en el Club de BDSM La c\u00fapula del placer, hasta que Mischa empieza a darse cuenta de que Connor tambi\u00e9n podr\u00eda acabar por dominar su coraz\u00f3n. Si cede a su deseo, \u00bfser\u00e1 imposible de dominar o le abrir\u00e1 los ojos a un tipo de amor que jam\u00e1s pens\u00f3 posible?<\/p>\n<p>285 P\u00e1ginas.<\/p>\n<p>ISBN: 978-84-154-1081-2<\/p>\n<p>Tapa blanda 22,5 x 14,5 cm.<br \/>\n<\/font><\/p>\n","protected":false},"excerpt":{"rendered":"<p>EL LIMITE DE LA TENTACION. Eve Berlin. Mischa Kennon es una luchadora nata y pocas cosas la har\u00e1n sucumbir, esto<\/p>\n","protected":false},"featured_media":11474,"comment_status":"open","ping_status":"open","template":"","meta":[],"product_cat":[414],"product_tag":[416,415],"class_list":["post-11473","product","type-product","status-publish","has-post-thumbnail","hentry","product_cat-libros","product_tag-grijalbo","product_tag-random-house"],"bundled_by":[],"bundle_stock_status":"outofstock","bundle_stock_quantity":0,"bundle_virtual":false,"bundle_layout":"","bundle_add_to_cart_form_location":"","bundle_editable_in_cart":false,"bundle_sold_individually_context":"","bundle_item_grouping":"","bundle_min_size":"","bundle_max_size":"","bundled_items":[],"yoast_head":"<!-- This site is optimized with the Yoast SEO plugin v20.6 - https:\/\/yoast.com\/wordpress\/plugins\/seo\/ -->\n<title>EL LIMITE DE LA TENTACION - Tienda Er\u00f3tica<\/title>\n<meta name=\"robots\" content=\"noindex, follow, max-snippet:-1, max-image-preview:large, max-video-preview:-1\" \/>\n<meta property=\"og:locale\" content=\"es_ES\" \/>\n<meta property=\"og:type\" content=\"article\" \/>\n<meta property=\"og:title\" content=\"EL LIMITE DE LA TENTACION - Tienda Er\u00f3tica\" \/>\n<meta property=\"og:description\" content=\"EL LIMITE DE LA TENTACION. Eve Berlin. Mischa Kennon es una luchadora nata y pocas cosas la har\u00e1n sucumbir, esto\" \/>\n<meta property=\"og:url\" content=\"https:\/\/demoweb.info\/sexshop001\/producto\/el-limite-de-la-tentacion\/\" \/>\n<meta property=\"og:site_name\" content=\"Tienda Er\u00f3tica\" \/>\n<meta property=\"article:modified_time\" content=\"2022-01-22T08:58:27+00:00\" \/>\n<meta property=\"og:image\" content=\"https:\/\/demoweb.info\/sexshop001\/wp-content\/uploads\/2022\/01\/EL-LIMITE-DE-LA-TENTACION.jpg\" \/>\n\t<meta property=\"og:image:width\" content=\"550\" \/>\n\t<meta property=\"og:image:height\" content=\"550\" \/>\n\t<meta property=\"og:image:type\" content=\"image\/jpeg\" \/>\n<meta name=\"twitter:card\" content=\"summary_large_image\" \/>\n<meta name=\"twitter:label1\" content=\"Tiempo de lectura\" \/>\n\t<meta name=\"twitter:data1\" content=\"1 minuto\" \/>\n<script type=\"application\/ld+json\" class=\"yoast-schema-graph\">{\"@context\":\"https:\/\/schema.org\",\"@graph\":[{\"@type\":\"WebPage\",\"@id\":\"https:\/\/demoweb.info\/sexshop001\/producto\/el-limite-de-la-tentacion\/\",\"url\":\"https:\/\/demoweb.info\/sexshop001\/producto\/el-limite-de-la-tentacion\/\",\"name\":\"EL LIMITE DE LA TENTACION - Tienda Er\u00f3tica\",\"isPartOf\":{\"@id\":\"https:\/\/demoweb.info\/sexshop001\/#website\"},\"datePublished\":\"2022-01-22T08:58:02+00:00\",\"dateModified\":\"2022-01-22T08:58:27+00:00\",\"breadcrumb\":{\"@id\":\"https:\/\/demoweb.info\/sexshop001\/producto\/el-limite-de-la-tentacion\/#breadcrumb\"},\"inLanguage\":\"es\",\"potentialAction\":[{\"@type\":\"ReadAction\",\"target\":[\"https:\/\/demoweb.info\/sexshop001\/producto\/el-limite-de-la-tentacion\/\"]}]},{\"@type\":\"BreadcrumbList\",\"@id\":\"https:\/\/demoweb.info\/sexshop001\/producto\/el-limite-de-la-tentacion\/#breadcrumb\",\"itemListElement\":[{\"@type\":\"ListItem\",\"position\":1,\"name\":\"Portada\",\"item\":\"https:\/\/demoweb.info\/sexshop001\/\"},{\"@type\":\"ListItem\",\"position\":2,\"name\":\"Tienda\",\"item\":\"https:\/\/demoweb.info\/sexshop001\/tienda\/\"},{\"@type\":\"ListItem\",\"position\":3,\"name\":\"EL LIMITE DE LA TENTACION\"}]},{\"@type\":\"WebSite\",\"@id\":\"https:\/\/demoweb.info\/sexshop001\/#website\",\"url\":\"https:\/\/demoweb.info\/sexshop001\/\",\"name\":\"Tienda Er\u00f3tica\",\"description\":\"DEMOWEB SL\",\"potentialAction\":[{\"@type\":\"SearchAction\",\"target\":{\"@type\":\"EntryPoint\",\"urlTemplate\":\"https:\/\/demoweb.info\/sexshop001\/?s={search_term_string}\"},\"query-input\":\"required name=search_term_string\"}],\"inLanguage\":\"es\"}]}<\/script>\n<!-- \/ Yoast SEO plugin. -->","yoast_head_json":{"title":"EL LIMITE DE LA TENTACION - Tienda Er\u00f3tica","robots":{"index":"noindex","follow":"follow","max-snippet":"max-snippet:-1","max-image-preview":"max-image-preview:large","max-video-preview":"max-video-preview:-1"},"og_locale":"es_ES","og_type":"article","og_title":"EL LIMITE DE LA TENTACION - Tienda Er\u00f3tica","og_description":"EL LIMITE DE LA TENTACION. Eve Berlin. Mischa Kennon es una luchadora nata y pocas cosas la har\u00e1n sucumbir, esto","og_url":"https:\/\/demoweb.info\/sexshop001\/producto\/el-limite-de-la-tentacion\/","og_site_name":"Tienda Er\u00f3tica","article_modified_time":"2022-01-22T08:58:27+00:00","og_image":[{"width":550,"height":550,"url":"https:\/\/demoweb.info\/sexshop001\/wp-content\/uploads\/2022\/01\/EL-LIMITE-DE-LA-TENTACION.jpg","type":"image\/jpeg"}],"twitter_card":"summary_large_image","twitter_misc":{"Tiempo de lectura":"1 minuto"},"schema":{"@context":"https:\/\/schema.org","@graph":[{"@type":"WebPage","@id":"https:\/\/demoweb.info\/sexshop001\/producto\/el-limite-de-la-tentacion\/","url":"https:\/\/demoweb.info\/sexshop001\/producto\/el-limite-de-la-tentacion\/","name":"EL LIMITE DE LA TENTACION - Tienda Er\u00f3tica","isPartOf":{"@id":"https:\/\/demoweb.info\/sexshop001\/#website"},"datePublished":"2022-01-22T08:58:02+00:00","dateModified":"2022-01-22T08:58:27+00:00","breadcrumb":{"@id":"https:\/\/demoweb.info\/sexshop001\/producto\/el-limite-de-la-tentacion\/#breadcrumb"},"inLanguage":"es","potentialAction":[{"@type":"ReadAction","target":["https:\/\/demoweb.info\/sexshop001\/producto\/el-limite-de-la-tentacion\/"]}]},{"@type":"BreadcrumbList","@id":"https:\/\/demoweb.info\/sexshop001\/producto\/el-limite-de-la-tentacion\/#breadcrumb","itemListElement":[{"@type":"ListItem","position":1,"name":"Portada","item":"https:\/\/demoweb.info\/sexshop001\/"},{"@type":"ListItem","position":2,"name":"Tienda","item":"https:\/\/demoweb.info\/sexshop001\/tienda\/"},{"@type":"ListItem","position":3,"name":"EL LIMITE DE LA TENTACION"}]},{"@type":"WebSite","@id":"https:\/\/demoweb.info\/sexshop001\/#website","url":"https:\/\/demoweb.info\/sexshop001\/","name":"Tienda Er\u00f3tica","description":"DEMOWEB SL","potentialAction":[{"@type":"SearchAction","target":{"@type":"EntryPoint","urlTemplate":"https:\/\/demoweb.info\/sexshop001\/?s={search_term_string}"},"query-input":"required name=search_term_string"}],"inLanguage":"es"}]}},"_links":{"self":[{"href":"https:\/\/demoweb.info\/sexshop001\/wp-json\/wp\/v3\/product\/11473","targetHints":{"allow":["GET"]}}],"collection":[{"href":"https:\/\/demoweb.info\/sexshop001\/wp-json\/wp\/v3\/product"}],"about":[{"href":"https:\/\/demoweb.info\/sexshop001\/wp-json\/wp\/v2\/types\/product"}],"replies":[{"embeddable":true,"href":"https:\/\/demoweb.info\/sexshop001\/wp-json\/wp\/v2\/comments?post=11473"}],"wp:featuredmedia":[{"embeddable":true,"href":"https:\/\/demoweb.info\/sexshop001\/wp-json\/wp\/v2\/media\/11474"}],"wp:attachment":[{"href":"https:\/\/demoweb.info\/sexshop001\/wp-json\/wp\/v2\/media?parent=11473"}],"wp:term":[{"taxonomy":"product_cat","embeddable":true,"href":"https:\/\/demoweb.info\/sexshop001\/wp-json\/wp\/v2\/product_cat?post=11473"},{"taxonomy":"product_tag","embeddable":true,"href":"https:\/\/demoweb.info\/sexshop001\/wp-json\/wp\/v2\/product_tag?post=11473"}],"curies":[{"name":"wp","href":"https:\/\/api.w.org\/{rel}","templated":true}]}}