{"id":11466,"date":"2022-01-22T09:58:02","date_gmt":"2022-01-22T08:58:02","guid":{"rendered":"https:\/\/demoweb.info\/sexshop001\/producto\/lelo-tara-masajeador-parejas-rosa-intenso\/"},"modified":"2022-01-22T09:58:24","modified_gmt":"2022-01-22T08:58:24","slug":"lelo-tara-masajeador-parejas-rosa-intenso","status":"publish","type":"product","link":"https:\/\/demoweb.info\/sexshop001\/producto\/lelo-tara-masajeador-parejas-rosa-intenso\/","title":{"rendered":"LELO TARA MASAJEADOR PAREJAS ROSA INTENSO"},"content":{"rendered":"<p><strong>LELO TARA COUPLES MASSAGER DEEP ROSE<\/strong><\/p>\n<p><strong>El exclusivo masajeador par aparejas que combina rotaciones y vibraciones. <\/strong><\/p>\n<p>Revoluciona tu vida amorosa con <strong>Tara\u2122<\/strong>: el elegante masajeador para parejas que promete sorprendentes sensaciones tanto para \u00e9l como para ella. Para ser llevado al hacer el amor, <strong>Tara\u2122<\/strong> combina el doble de placer con vibraciones externas y rotaciones internas, ofreci\u00e9ndote nuevas sensaciones diferentes a las que jam\u00e1s hayas compartido antes.<\/p>\n<p>&#8211; Nuevo masajeador para parejas con rotaci\u00f3n y vibraci\u00f3n.<br \/>\n&#8211; Interfaz de 1 bot\u00f3n f\u00e1cil de usar y 6 modos de estimulaci\u00f3n.<br \/>\n&#8211; 100% sumergible y recargable (2 horas de uso continuo).<br \/>\n&#8211; Dise\u00f1o de silicona ultra suave y biocompatible.<br \/>\n&#8211; Garant\u00eda de 1 a\u00f1o y Garant\u00eda de calidad de 10 a\u00f1os <strong>Lelo<\/strong>.<\/p>\n<p>Contenido: Masajeador para parejas <strong>Tara\u2122<\/strong>, cargador USB, bolsita para guardarlo.<\/p>\n","protected":false},"excerpt":{"rendered":"<p>LELO TARA COUPLES MASSAGER DEEP ROSE El exclusivo masajeador par aparejas que combina rotaciones y vibraciones. Revoluciona tu vida amorosa<\/p>\n","protected":false},"featured_media":11467,"comment_status":"open","ping_status":"open","template":"","meta":[],"product_cat":[445],"product_tag":[406],"class_list":["post-11466","product","type-product","status-publish","has-post-thumbnail","hentry","product_cat-para-parejas-vibradores-juguetes-xxx","product_tag-lelo"],"bundled_by":[],"bundle_stock_status":"instock","bundle_stock_quantity":1,"bundle_virtual":false,"bundle_layout":"","bundle_add_to_cart_form_location":"","bundle_editable_in_cart":false,"bundle_sold_individually_context":"","bundle_item_grouping":"","bundle_min_size":"","bundle_max_size":"","bundled_items":[],"yoast_head":"<!-- This site is optimized with the Yoast SEO plugin v20.6 - https:\/\/yoast.com\/wordpress\/plugins\/seo\/ -->\n<title>LELO TARA MASAJEADOR PAREJAS ROSA INTENSO - Tienda Er\u00f3tica<\/title>\n<meta name=\"robots\" content=\"noindex, follow, max-snippet:-1, max-image-preview:large, max-video-preview:-1\" \/>\n<meta property=\"og:locale\" content=\"es_ES\" \/>\n<meta property=\"og:type\" content=\"article\" \/>\n<meta property=\"og:title\" content=\"LELO TARA MASAJEADOR PAREJAS ROSA INTENSO - Tienda Er\u00f3tica\" \/>\n<meta property=\"og:description\" content=\"LELO TARA COUPLES MASSAGER DEEP ROSE El exclusivo masajeador par aparejas que combina rotaciones y vibraciones. Revoluciona tu vida amorosa\" \/>\n<meta property=\"og:url\" content=\"https:\/\/demoweb.info\/sexshop001\/producto\/lelo-tara-masajeador-parejas-rosa-intenso\/\" \/>\n<meta property=\"og:site_name\" content=\"Tienda Er\u00f3tica\" \/>\n<meta property=\"article:modified_time\" content=\"2022-01-22T08:58:24+00:00\" \/>\n<meta property=\"og:image\" content=\"https:\/\/demoweb.info\/sexshop001\/wp-content\/uploads\/2022\/01\/LELO-TARA-MASAJEADOR-PAREJAS-ROSA-INTENSO.jpg\" \/>\n\t<meta property=\"og:image:width\" content=\"550\" \/>\n\t<meta property=\"og:image:height\" content=\"550\" \/>\n\t<meta property=\"og:image:type\" content=\"image\/jpeg\" \/>\n<meta name=\"twitter:card\" content=\"summary_large_image\" \/>\n<meta name=\"twitter:label1\" content=\"Tiempo de lectura\" \/>\n\t<meta name=\"twitter:data1\" content=\"1 minuto\" \/>\n<script type=\"application\/ld+json\" class=\"yoast-schema-graph\">{\"@context\":\"https:\/\/schema.org\",\"@graph\":[{\"@type\":\"WebPage\",\"@id\":\"https:\/\/demoweb.info\/sexshop001\/producto\/lelo-tara-masajeador-parejas-rosa-intenso\/\",\"url\":\"https:\/\/demoweb.info\/sexshop001\/producto\/lelo-tara-masajeador-parejas-rosa-intenso\/\",\"name\":\"LELO TARA MASAJEADOR PAREJAS ROSA INTENSO - Tienda Er\u00f3tica\",\"isPartOf\":{\"@id\":\"https:\/\/demoweb.info\/sexshop001\/#website\"},\"datePublished\":\"2022-01-22T08:58:02+00:00\",\"dateModified\":\"2022-01-22T08:58:24+00:00\",\"breadcrumb\":{\"@id\":\"https:\/\/demoweb.info\/sexshop001\/producto\/lelo-tara-masajeador-parejas-rosa-intenso\/#breadcrumb\"},\"inLanguage\":\"es\",\"potentialAction\":[{\"@type\":\"ReadAction\",\"target\":[\"https:\/\/demoweb.info\/sexshop001\/producto\/lelo-tara-masajeador-parejas-rosa-intenso\/\"]}]},{\"@type\":\"BreadcrumbList\",\"@id\":\"https:\/\/demoweb.info\/sexshop001\/producto\/lelo-tara-masajeador-parejas-rosa-intenso\/#breadcrumb\",\"itemListElement\":[{\"@type\":\"ListItem\",\"position\":1,\"name\":\"Portada\",\"item\":\"https:\/\/demoweb.info\/sexshop001\/\"},{\"@type\":\"ListItem\",\"position\":2,\"name\":\"Tienda\",\"item\":\"https:\/\/demoweb.info\/sexshop001\/tienda\/\"},{\"@type\":\"ListItem\",\"position\":3,\"name\":\"LELO TARA MASAJEADOR PAREJAS ROSA INTENSO\"}]},{\"@type\":\"WebSite\",\"@id\":\"https:\/\/demoweb.info\/sexshop001\/#website\",\"url\":\"https:\/\/demoweb.info\/sexshop001\/\",\"name\":\"Tienda Er\u00f3tica\",\"description\":\"DEMOWEB SL\",\"potentialAction\":[{\"@type\":\"SearchAction\",\"target\":{\"@type\":\"EntryPoint\",\"urlTemplate\":\"https:\/\/demoweb.info\/sexshop001\/?s={search_term_string}\"},\"query-input\":\"required name=search_term_string\"}],\"inLanguage\":\"es\"}]}<\/script>\n<!-- \/ Yoast SEO plugin. -->","yoast_head_json":{"title":"LELO TARA MASAJEADOR PAREJAS ROSA INTENSO - Tienda Er\u00f3tica","robots":{"index":"noindex","follow":"follow","max-snippet":"max-snippet:-1","max-image-preview":"max-image-preview:large","max-video-preview":"max-video-preview:-1"},"og_locale":"es_ES","og_type":"article","og_title":"LELO TARA MASAJEADOR PAREJAS ROSA INTENSO - Tienda Er\u00f3tica","og_description":"LELO TARA COUPLES MASSAGER DEEP ROSE El exclusivo masajeador par aparejas que combina rotaciones y vibraciones. Revoluciona tu vida amorosa","og_url":"https:\/\/demoweb.info\/sexshop001\/producto\/lelo-tara-masajeador-parejas-rosa-intenso\/","og_site_name":"Tienda Er\u00f3tica","article_modified_time":"2022-01-22T08:58:24+00:00","og_image":[{"width":550,"height":550,"url":"https:\/\/demoweb.info\/sexshop001\/wp-content\/uploads\/2022\/01\/LELO-TARA-MASAJEADOR-PAREJAS-ROSA-INTENSO.jpg","type":"image\/jpeg"}],"twitter_card":"summary_large_image","twitter_misc":{"Tiempo de lectura":"1 minuto"},"schema":{"@context":"https:\/\/schema.org","@graph":[{"@type":"WebPage","@id":"https:\/\/demoweb.info\/sexshop001\/producto\/lelo-tara-masajeador-parejas-rosa-intenso\/","url":"https:\/\/demoweb.info\/sexshop001\/producto\/lelo-tara-masajeador-parejas-rosa-intenso\/","name":"LELO TARA MASAJEADOR PAREJAS ROSA INTENSO - Tienda Er\u00f3tica","isPartOf":{"@id":"https:\/\/demoweb.info\/sexshop001\/#website"},"datePublished":"2022-01-22T08:58:02+00:00","dateModified":"2022-01-22T08:58:24+00:00","breadcrumb":{"@id":"https:\/\/demoweb.info\/sexshop001\/producto\/lelo-tara-masajeador-parejas-rosa-intenso\/#breadcrumb"},"inLanguage":"es","potentialAction":[{"@type":"ReadAction","target":["https:\/\/demoweb.info\/sexshop001\/producto\/lelo-tara-masajeador-parejas-rosa-intenso\/"]}]},{"@type":"BreadcrumbList","@id":"https:\/\/demoweb.info\/sexshop001\/producto\/lelo-tara-masajeador-parejas-rosa-intenso\/#breadcrumb","itemListElement":[{"@type":"ListItem","position":1,"name":"Portada","item":"https:\/\/demoweb.info\/sexshop001\/"},{"@type":"ListItem","position":2,"name":"Tienda","item":"https:\/\/demoweb.info\/sexshop001\/tienda\/"},{"@type":"ListItem","position":3,"name":"LELO TARA MASAJEADOR PAREJAS ROSA INTENSO"}]},{"@type":"WebSite","@id":"https:\/\/demoweb.info\/sexshop001\/#website","url":"https:\/\/demoweb.info\/sexshop001\/","name":"Tienda Er\u00f3tica","description":"DEMOWEB SL","potentialAction":[{"@type":"SearchAction","target":{"@type":"EntryPoint","urlTemplate":"https:\/\/demoweb.info\/sexshop001\/?s={search_term_string}"},"query-input":"required name=search_term_string"}],"inLanguage":"es"}]}},"_links":{"self":[{"href":"https:\/\/demoweb.info\/sexshop001\/wp-json\/wp\/v3\/product\/11466","targetHints":{"allow":["GET"]}}],"collection":[{"href":"https:\/\/demoweb.info\/sexshop001\/wp-json\/wp\/v3\/product"}],"about":[{"href":"https:\/\/demoweb.info\/sexshop001\/wp-json\/wp\/v2\/types\/product"}],"replies":[{"embeddable":true,"href":"https:\/\/demoweb.info\/sexshop001\/wp-json\/wp\/v2\/comments?post=11466"}],"wp:featuredmedia":[{"embeddable":true,"href":"https:\/\/demoweb.info\/sexshop001\/wp-json\/wp\/v2\/media\/11467"}],"wp:attachment":[{"href":"https:\/\/demoweb.info\/sexshop001\/wp-json\/wp\/v2\/media?parent=11466"}],"wp:term":[{"taxonomy":"product_cat","embeddable":true,"href":"https:\/\/demoweb.info\/sexshop001\/wp-json\/wp\/v2\/product_cat?post=11466"},{"taxonomy":"product_tag","embeddable":true,"href":"https:\/\/demoweb.info\/sexshop001\/wp-json\/wp\/v2\/product_tag?post=11466"}],"curies":[{"name":"wp","href":"https:\/\/api.w.org\/{rel}","templated":true}]}}