{"id":11436,"date":"2022-01-22T09:58:02","date_gmt":"2022-01-22T08:58:02","guid":{"rendered":"https:\/\/demoweb.info\/sexshop001\/producto\/lelo-liv-2-vibrador-verde-lima\/"},"modified":"2022-01-22T09:58:12","modified_gmt":"2022-01-22T08:58:12","slug":"lelo-liv-2-vibrador-verde-lima","status":"publish","type":"product","link":"https:\/\/demoweb.info\/sexshop001\/producto\/lelo-liv-2-vibrador-verde-lima\/","title":{"rendered":"LELO LIV 2 VIBRADOR VERDE LIMA"},"content":{"rendered":"<p><strong>LELO LIV 2 VIBRATOR LIME GREEN<\/strong>.<\/p>\n<p><strong>El elegante vibrador de tama\u00f1o mediano con dise\u00f1o ic\u00f3nico.<\/strong><\/p>\n<p><strong>LIV\u2122 2<\/strong> es la nueva y mejorada versi\u00f3n del ic\u00f3nico vibrador de tama\u00f1o mediano de <strong>LELO<\/strong>, que proporciona las sensaciones m\u00e1s intensas y satisfactorias con un tacto muy suave y sensual. La versi\u00f3n mejorada de este l\u00edder en ventas de <strong>LELO<\/strong> ofrece ahora el doble de potencia de vibraci\u00f3n, es totalmente sumergible y fabricado con silicona a\u00fan m\u00e1s suave apta para el cuerpo. Sus 8 patrones de potente vibraci\u00f3n y f\u00e1cil control te aseguran un compa\u00f1ero ideal para el placer, a la vez que su maravillosa silueta est\u00e1 dise\u00f1ada para adaptarse perfectamente a las curvas de la mujer.<\/p>\n<p><strong>LIV\u2122 2<\/strong> se presenta en una elegante caja de regalo que contiene una lujosa bolsita de sat\u00e9n para guardarlo, adem\u00e1s de un cargador, el manual de usuario y la garant\u00eda completa <strong>LELO<\/strong> de 1 a\u00f1o.<\/p>\n","protected":false},"excerpt":{"rendered":"<p>LELO LIV 2 VIBRATOR LIME GREEN. El elegante vibrador de tama\u00f1o mediano con dise\u00f1o ic\u00f3nico. LIV\u2122 2 es la nueva<\/p>\n","protected":false},"featured_media":11437,"comment_status":"open","ping_status":"open","template":"","meta":[],"product_cat":[502],"product_tag":[406],"class_list":["post-11436","product","type-product","status-publish","has-post-thumbnail","hentry","product_cat-luxury","product_tag-lelo"],"bundled_by":[],"bundle_stock_status":"instock","bundle_stock_quantity":1,"bundle_virtual":false,"bundle_layout":"","bundle_add_to_cart_form_location":"","bundle_editable_in_cart":false,"bundle_sold_individually_context":"","bundle_item_grouping":"","bundle_min_size":"","bundle_max_size":"","bundled_items":[],"yoast_head":"<!-- This site is optimized with the Yoast SEO plugin v20.6 - https:\/\/yoast.com\/wordpress\/plugins\/seo\/ -->\n<title>LELO LIV 2 VIBRADOR VERDE LIMA - Tienda Er\u00f3tica<\/title>\n<meta name=\"robots\" content=\"noindex, follow, max-snippet:-1, max-image-preview:large, max-video-preview:-1\" \/>\n<meta property=\"og:locale\" content=\"es_ES\" \/>\n<meta property=\"og:type\" content=\"article\" \/>\n<meta property=\"og:title\" content=\"LELO LIV 2 VIBRADOR VERDE LIMA - Tienda Er\u00f3tica\" \/>\n<meta property=\"og:description\" content=\"LELO LIV 2 VIBRATOR LIME GREEN. El elegante vibrador de tama\u00f1o mediano con dise\u00f1o ic\u00f3nico. LIV\u2122 2 es la nueva\" \/>\n<meta property=\"og:url\" content=\"https:\/\/demoweb.info\/sexshop001\/producto\/lelo-liv-2-vibrador-verde-lima\/\" \/>\n<meta property=\"og:site_name\" content=\"Tienda Er\u00f3tica\" \/>\n<meta property=\"article:modified_time\" content=\"2022-01-22T08:58:12+00:00\" \/>\n<meta property=\"og:image\" content=\"https:\/\/demoweb.info\/sexshop001\/wp-content\/uploads\/2022\/01\/LELO-LIV-2-VIBRADOR-VERDE-LIMA.jpg\" \/>\n\t<meta property=\"og:image:width\" content=\"550\" \/>\n\t<meta property=\"og:image:height\" content=\"550\" \/>\n\t<meta property=\"og:image:type\" content=\"image\/jpeg\" \/>\n<meta name=\"twitter:card\" content=\"summary_large_image\" \/>\n<meta name=\"twitter:label1\" content=\"Tiempo de lectura\" \/>\n\t<meta name=\"twitter:data1\" content=\"1 minuto\" \/>\n<script type=\"application\/ld+json\" class=\"yoast-schema-graph\">{\"@context\":\"https:\/\/schema.org\",\"@graph\":[{\"@type\":\"WebPage\",\"@id\":\"https:\/\/demoweb.info\/sexshop001\/producto\/lelo-liv-2-vibrador-verde-lima\/\",\"url\":\"https:\/\/demoweb.info\/sexshop001\/producto\/lelo-liv-2-vibrador-verde-lima\/\",\"name\":\"LELO LIV 2 VIBRADOR VERDE LIMA - Tienda Er\u00f3tica\",\"isPartOf\":{\"@id\":\"https:\/\/demoweb.info\/sexshop001\/#website\"},\"datePublished\":\"2022-01-22T08:58:02+00:00\",\"dateModified\":\"2022-01-22T08:58:12+00:00\",\"breadcrumb\":{\"@id\":\"https:\/\/demoweb.info\/sexshop001\/producto\/lelo-liv-2-vibrador-verde-lima\/#breadcrumb\"},\"inLanguage\":\"es\",\"potentialAction\":[{\"@type\":\"ReadAction\",\"target\":[\"https:\/\/demoweb.info\/sexshop001\/producto\/lelo-liv-2-vibrador-verde-lima\/\"]}]},{\"@type\":\"BreadcrumbList\",\"@id\":\"https:\/\/demoweb.info\/sexshop001\/producto\/lelo-liv-2-vibrador-verde-lima\/#breadcrumb\",\"itemListElement\":[{\"@type\":\"ListItem\",\"position\":1,\"name\":\"Portada\",\"item\":\"https:\/\/demoweb.info\/sexshop001\/\"},{\"@type\":\"ListItem\",\"position\":2,\"name\":\"Tienda\",\"item\":\"https:\/\/demoweb.info\/sexshop001\/tienda\/\"},{\"@type\":\"ListItem\",\"position\":3,\"name\":\"LELO LIV 2 VIBRADOR VERDE LIMA\"}]},{\"@type\":\"WebSite\",\"@id\":\"https:\/\/demoweb.info\/sexshop001\/#website\",\"url\":\"https:\/\/demoweb.info\/sexshop001\/\",\"name\":\"Tienda Er\u00f3tica\",\"description\":\"DEMOWEB SL\",\"potentialAction\":[{\"@type\":\"SearchAction\",\"target\":{\"@type\":\"EntryPoint\",\"urlTemplate\":\"https:\/\/demoweb.info\/sexshop001\/?s={search_term_string}\"},\"query-input\":\"required name=search_term_string\"}],\"inLanguage\":\"es\"}]}<\/script>\n<!-- \/ Yoast SEO plugin. -->","yoast_head_json":{"title":"LELO LIV 2 VIBRADOR VERDE LIMA - Tienda Er\u00f3tica","robots":{"index":"noindex","follow":"follow","max-snippet":"max-snippet:-1","max-image-preview":"max-image-preview:large","max-video-preview":"max-video-preview:-1"},"og_locale":"es_ES","og_type":"article","og_title":"LELO LIV 2 VIBRADOR VERDE LIMA - Tienda Er\u00f3tica","og_description":"LELO LIV 2 VIBRATOR LIME GREEN. El elegante vibrador de tama\u00f1o mediano con dise\u00f1o ic\u00f3nico. LIV\u2122 2 es la nueva","og_url":"https:\/\/demoweb.info\/sexshop001\/producto\/lelo-liv-2-vibrador-verde-lima\/","og_site_name":"Tienda Er\u00f3tica","article_modified_time":"2022-01-22T08:58:12+00:00","og_image":[{"width":550,"height":550,"url":"https:\/\/demoweb.info\/sexshop001\/wp-content\/uploads\/2022\/01\/LELO-LIV-2-VIBRADOR-VERDE-LIMA.jpg","type":"image\/jpeg"}],"twitter_card":"summary_large_image","twitter_misc":{"Tiempo de lectura":"1 minuto"},"schema":{"@context":"https:\/\/schema.org","@graph":[{"@type":"WebPage","@id":"https:\/\/demoweb.info\/sexshop001\/producto\/lelo-liv-2-vibrador-verde-lima\/","url":"https:\/\/demoweb.info\/sexshop001\/producto\/lelo-liv-2-vibrador-verde-lima\/","name":"LELO LIV 2 VIBRADOR VERDE LIMA - Tienda Er\u00f3tica","isPartOf":{"@id":"https:\/\/demoweb.info\/sexshop001\/#website"},"datePublished":"2022-01-22T08:58:02+00:00","dateModified":"2022-01-22T08:58:12+00:00","breadcrumb":{"@id":"https:\/\/demoweb.info\/sexshop001\/producto\/lelo-liv-2-vibrador-verde-lima\/#breadcrumb"},"inLanguage":"es","potentialAction":[{"@type":"ReadAction","target":["https:\/\/demoweb.info\/sexshop001\/producto\/lelo-liv-2-vibrador-verde-lima\/"]}]},{"@type":"BreadcrumbList","@id":"https:\/\/demoweb.info\/sexshop001\/producto\/lelo-liv-2-vibrador-verde-lima\/#breadcrumb","itemListElement":[{"@type":"ListItem","position":1,"name":"Portada","item":"https:\/\/demoweb.info\/sexshop001\/"},{"@type":"ListItem","position":2,"name":"Tienda","item":"https:\/\/demoweb.info\/sexshop001\/tienda\/"},{"@type":"ListItem","position":3,"name":"LELO LIV 2 VIBRADOR VERDE LIMA"}]},{"@type":"WebSite","@id":"https:\/\/demoweb.info\/sexshop001\/#website","url":"https:\/\/demoweb.info\/sexshop001\/","name":"Tienda Er\u00f3tica","description":"DEMOWEB SL","potentialAction":[{"@type":"SearchAction","target":{"@type":"EntryPoint","urlTemplate":"https:\/\/demoweb.info\/sexshop001\/?s={search_term_string}"},"query-input":"required name=search_term_string"}],"inLanguage":"es"}]}},"_links":{"self":[{"href":"https:\/\/demoweb.info\/sexshop001\/wp-json\/wp\/v3\/product\/11436","targetHints":{"allow":["GET"]}}],"collection":[{"href":"https:\/\/demoweb.info\/sexshop001\/wp-json\/wp\/v3\/product"}],"about":[{"href":"https:\/\/demoweb.info\/sexshop001\/wp-json\/wp\/v2\/types\/product"}],"replies":[{"embeddable":true,"href":"https:\/\/demoweb.info\/sexshop001\/wp-json\/wp\/v2\/comments?post=11436"}],"wp:featuredmedia":[{"embeddable":true,"href":"https:\/\/demoweb.info\/sexshop001\/wp-json\/wp\/v2\/media\/11437"}],"wp:attachment":[{"href":"https:\/\/demoweb.info\/sexshop001\/wp-json\/wp\/v2\/media?parent=11436"}],"wp:term":[{"taxonomy":"product_cat","embeddable":true,"href":"https:\/\/demoweb.info\/sexshop001\/wp-json\/wp\/v2\/product_cat?post=11436"},{"taxonomy":"product_tag","embeddable":true,"href":"https:\/\/demoweb.info\/sexshop001\/wp-json\/wp\/v2\/product_tag?post=11436"}],"curies":[{"name":"wp","href":"https:\/\/api.w.org\/{rel}","templated":true}]}}