{"id":11368,"date":"2022-01-22T09:57:36","date_gmt":"2022-01-22T08:57:36","guid":{"rendered":"https:\/\/demoweb.info\/sexshop001\/producto\/objeto-de-deseo\/"},"modified":"2022-01-22T09:57:40","modified_gmt":"2022-01-22T08:57:40","slug":"objeto-de-deseo","status":"publish","type":"product","link":"https:\/\/demoweb.info\/sexshop001\/producto\/objeto-de-deseo\/","title":{"rendered":"OBJETO DE DESEO"},"content":{"rendered":"<p><strong>OBJETO DE DESEO<\/strong><\/p>\n<p>MATTHIAS JAMBON-PUILLET<\/p>\n<p><strong>Una historia intensa e hipn\u00f3tica sobre un tr\u00edo amoroso singular, provocador y misterioso.<\/strong><\/p>\n<p><strong>Original y sugerente,<\/strong><em><strong>Objeto de deseo<\/strong><\/em><strong> nos plantea la apasionante historia de un hombre que escogi\u00f3 una vida sexual diferente y de las mujeres que le han amado.<\/strong><\/p>\n<p>Marc Morin escogi\u00f3 desaparecer de su realidad cotidiana para emprender una vida al lado de Sabrina, una mujer dominante que lo sedujo hasta conducirlo, con dulzura y severidad, por los senderos de la sumisi\u00f3n er\u00f3tica. Con ella ha experimentado el goce y el dolor, la entrega y el placer sensual de la obediencia y el castigo. Pero ahora Sabrina ha muerto en uno de sus peligrosos juegos er\u00f3ticos y Marc deber\u00e1 enfrentarse a su vida anterior, donde le esperan Nad\u00e8ge, su antigua prometida, y el hijo de ambos.<\/p>\n<p>Nad\u00e8ge ya hab\u00eda asumido que no volver\u00eda a ver al hombre a quien am\u00f3 y que desapareci\u00f3 misteriosamente en v\u00edsperas de su boda, por lo que su reencuentro con Marc est\u00e1 lleno de dudas, de a\u00f1oranza y sobre todo de preguntas. \u00bfQui\u00e9n era la misteriosa mujer que los separ\u00f3 tres a\u00f1os atr\u00e1s? \u00bfQu\u00e9 necesidades ocultas colmaba en Marc? Y, sobre todo, \u00bfqu\u00e9 est\u00e1 dispuesta a hacer ella para recuperarlo como amante y compa\u00f1ero de vida?<\/p>\n<ul>\n<li>224 P\u00e1ginas.<\/li>\n<li>Tapa blanda<\/li>\n<li>A\u00f1o de edici\u00f3n: 2020<\/li>\n<\/ul>\n","protected":false},"excerpt":{"rendered":"<p>OBJETO DE DESEO MATTHIAS JAMBON-PUILLET Una historia intensa e hipn\u00f3tica sobre un tr\u00edo amoroso singular, provocador y misterioso. Original y<\/p>\n","protected":false},"featured_media":11369,"comment_status":"open","ping_status":"open","template":"","meta":[],"product_cat":[414],"product_tag":[416,415],"class_list":["post-11368","product","type-product","status-publish","has-post-thumbnail","hentry","product_cat-libros","product_tag-grijalbo","product_tag-random-house"],"bundled_by":[],"bundle_stock_status":"instock","bundle_stock_quantity":1,"bundle_virtual":false,"bundle_layout":"","bundle_add_to_cart_form_location":"","bundle_editable_in_cart":false,"bundle_sold_individually_context":"","bundle_item_grouping":"","bundle_min_size":"","bundle_max_size":"","bundled_items":[],"yoast_head":"<!-- This site is optimized with the Yoast SEO plugin v20.6 - https:\/\/yoast.com\/wordpress\/plugins\/seo\/ -->\n<title>OBJETO DE DESEO - Tienda Er\u00f3tica<\/title>\n<meta name=\"robots\" content=\"noindex, follow, max-snippet:-1, max-image-preview:large, max-video-preview:-1\" \/>\n<meta property=\"og:locale\" content=\"es_ES\" \/>\n<meta property=\"og:type\" content=\"article\" \/>\n<meta property=\"og:title\" content=\"OBJETO DE DESEO - Tienda Er\u00f3tica\" \/>\n<meta property=\"og:description\" content=\"OBJETO DE DESEO MATTHIAS JAMBON-PUILLET Una historia intensa e hipn\u00f3tica sobre un tr\u00edo amoroso singular, provocador y misterioso. Original y\" \/>\n<meta property=\"og:url\" content=\"https:\/\/demoweb.info\/sexshop001\/producto\/objeto-de-deseo\/\" \/>\n<meta property=\"og:site_name\" content=\"Tienda Er\u00f3tica\" \/>\n<meta property=\"article:modified_time\" content=\"2022-01-22T08:57:40+00:00\" \/>\n<meta property=\"og:image\" content=\"https:\/\/demoweb.info\/sexshop001\/wp-content\/uploads\/2022\/01\/OBJETO-DE-DESEO.jpg\" \/>\n\t<meta property=\"og:image:width\" content=\"550\" \/>\n\t<meta property=\"og:image:height\" content=\"550\" \/>\n\t<meta property=\"og:image:type\" content=\"image\/jpeg\" \/>\n<meta name=\"twitter:card\" content=\"summary_large_image\" \/>\n<meta name=\"twitter:label1\" content=\"Tiempo de lectura\" \/>\n\t<meta name=\"twitter:data1\" content=\"1 minuto\" \/>\n<script type=\"application\/ld+json\" class=\"yoast-schema-graph\">{\"@context\":\"https:\/\/schema.org\",\"@graph\":[{\"@type\":\"WebPage\",\"@id\":\"https:\/\/demoweb.info\/sexshop001\/producto\/objeto-de-deseo\/\",\"url\":\"https:\/\/demoweb.info\/sexshop001\/producto\/objeto-de-deseo\/\",\"name\":\"OBJETO DE DESEO - Tienda Er\u00f3tica\",\"isPartOf\":{\"@id\":\"https:\/\/demoweb.info\/sexshop001\/#website\"},\"datePublished\":\"2022-01-22T08:57:36+00:00\",\"dateModified\":\"2022-01-22T08:57:40+00:00\",\"breadcrumb\":{\"@id\":\"https:\/\/demoweb.info\/sexshop001\/producto\/objeto-de-deseo\/#breadcrumb\"},\"inLanguage\":\"es\",\"potentialAction\":[{\"@type\":\"ReadAction\",\"target\":[\"https:\/\/demoweb.info\/sexshop001\/producto\/objeto-de-deseo\/\"]}]},{\"@type\":\"BreadcrumbList\",\"@id\":\"https:\/\/demoweb.info\/sexshop001\/producto\/objeto-de-deseo\/#breadcrumb\",\"itemListElement\":[{\"@type\":\"ListItem\",\"position\":1,\"name\":\"Portada\",\"item\":\"https:\/\/demoweb.info\/sexshop001\/\"},{\"@type\":\"ListItem\",\"position\":2,\"name\":\"Tienda\",\"item\":\"https:\/\/demoweb.info\/sexshop001\/tienda\/\"},{\"@type\":\"ListItem\",\"position\":3,\"name\":\"OBJETO DE DESEO\"}]},{\"@type\":\"WebSite\",\"@id\":\"https:\/\/demoweb.info\/sexshop001\/#website\",\"url\":\"https:\/\/demoweb.info\/sexshop001\/\",\"name\":\"Tienda Er\u00f3tica\",\"description\":\"DEMOWEB SL\",\"potentialAction\":[{\"@type\":\"SearchAction\",\"target\":{\"@type\":\"EntryPoint\",\"urlTemplate\":\"https:\/\/demoweb.info\/sexshop001\/?s={search_term_string}\"},\"query-input\":\"required name=search_term_string\"}],\"inLanguage\":\"es\"}]}<\/script>\n<!-- \/ Yoast SEO plugin. -->","yoast_head_json":{"title":"OBJETO DE DESEO - Tienda Er\u00f3tica","robots":{"index":"noindex","follow":"follow","max-snippet":"max-snippet:-1","max-image-preview":"max-image-preview:large","max-video-preview":"max-video-preview:-1"},"og_locale":"es_ES","og_type":"article","og_title":"OBJETO DE DESEO - Tienda Er\u00f3tica","og_description":"OBJETO DE DESEO MATTHIAS JAMBON-PUILLET Una historia intensa e hipn\u00f3tica sobre un tr\u00edo amoroso singular, provocador y misterioso. Original y","og_url":"https:\/\/demoweb.info\/sexshop001\/producto\/objeto-de-deseo\/","og_site_name":"Tienda Er\u00f3tica","article_modified_time":"2022-01-22T08:57:40+00:00","og_image":[{"width":550,"height":550,"url":"https:\/\/demoweb.info\/sexshop001\/wp-content\/uploads\/2022\/01\/OBJETO-DE-DESEO.jpg","type":"image\/jpeg"}],"twitter_card":"summary_large_image","twitter_misc":{"Tiempo de lectura":"1 minuto"},"schema":{"@context":"https:\/\/schema.org","@graph":[{"@type":"WebPage","@id":"https:\/\/demoweb.info\/sexshop001\/producto\/objeto-de-deseo\/","url":"https:\/\/demoweb.info\/sexshop001\/producto\/objeto-de-deseo\/","name":"OBJETO DE DESEO - Tienda Er\u00f3tica","isPartOf":{"@id":"https:\/\/demoweb.info\/sexshop001\/#website"},"datePublished":"2022-01-22T08:57:36+00:00","dateModified":"2022-01-22T08:57:40+00:00","breadcrumb":{"@id":"https:\/\/demoweb.info\/sexshop001\/producto\/objeto-de-deseo\/#breadcrumb"},"inLanguage":"es","potentialAction":[{"@type":"ReadAction","target":["https:\/\/demoweb.info\/sexshop001\/producto\/objeto-de-deseo\/"]}]},{"@type":"BreadcrumbList","@id":"https:\/\/demoweb.info\/sexshop001\/producto\/objeto-de-deseo\/#breadcrumb","itemListElement":[{"@type":"ListItem","position":1,"name":"Portada","item":"https:\/\/demoweb.info\/sexshop001\/"},{"@type":"ListItem","position":2,"name":"Tienda","item":"https:\/\/demoweb.info\/sexshop001\/tienda\/"},{"@type":"ListItem","position":3,"name":"OBJETO DE DESEO"}]},{"@type":"WebSite","@id":"https:\/\/demoweb.info\/sexshop001\/#website","url":"https:\/\/demoweb.info\/sexshop001\/","name":"Tienda Er\u00f3tica","description":"DEMOWEB SL","potentialAction":[{"@type":"SearchAction","target":{"@type":"EntryPoint","urlTemplate":"https:\/\/demoweb.info\/sexshop001\/?s={search_term_string}"},"query-input":"required name=search_term_string"}],"inLanguage":"es"}]}},"_links":{"self":[{"href":"https:\/\/demoweb.info\/sexshop001\/wp-json\/wp\/v3\/product\/11368","targetHints":{"allow":["GET"]}}],"collection":[{"href":"https:\/\/demoweb.info\/sexshop001\/wp-json\/wp\/v3\/product"}],"about":[{"href":"https:\/\/demoweb.info\/sexshop001\/wp-json\/wp\/v2\/types\/product"}],"replies":[{"embeddable":true,"href":"https:\/\/demoweb.info\/sexshop001\/wp-json\/wp\/v2\/comments?post=11368"}],"wp:featuredmedia":[{"embeddable":true,"href":"https:\/\/demoweb.info\/sexshop001\/wp-json\/wp\/v2\/media\/11369"}],"wp:attachment":[{"href":"https:\/\/demoweb.info\/sexshop001\/wp-json\/wp\/v2\/media?parent=11368"}],"wp:term":[{"taxonomy":"product_cat","embeddable":true,"href":"https:\/\/demoweb.info\/sexshop001\/wp-json\/wp\/v2\/product_cat?post=11368"},{"taxonomy":"product_tag","embeddable":true,"href":"https:\/\/demoweb.info\/sexshop001\/wp-json\/wp\/v2\/product_tag?post=11368"}],"curies":[{"name":"wp","href":"https:\/\/api.w.org\/{rel}","templated":true}]}}