{"id":11354,"date":"2022-01-22T09:57:23","date_gmt":"2022-01-22T08:57:23","guid":{"rendered":"https:\/\/demoweb.info\/sexshop001\/producto\/sweet-love-gel-lubricante-chocolate-con-avellanas-60ml\/"},"modified":"2022-01-22T09:57:33","modified_gmt":"2022-01-22T08:57:33","slug":"sweet-love-gel-lubricante-chocolate-con-avellanas-60ml","status":"publish","type":"product","link":"https:\/\/demoweb.info\/sexshop001\/producto\/sweet-love-gel-lubricante-chocolate-con-avellanas-60ml\/","title":{"rendered":"SWEET LOVE &#8211; GEL LUBRICANTE CHOCOLATE CON AVELLANAS &#8211; 60ML"},"content":{"rendered":"<p><strong>CHOCOLATE HAZELNUT GEL 60 ml &#8211; SWEET LOVE<\/strong><\/p>\n<p>Nuevos geles Secret Play perfectos para disfrutar solo o en pareja.<\/p>\n<p>Son 100% comestibles y con ellos podr\u00e1s recorrer el cuerpo de tu pareja ya que son ideales para todas las zonas er\u00f3genas, pezones, cuello, test\u00edculos,&#8230;<\/p>\n<p>Adem\u00e1s de por su textura estos cremosos geles lubricantes te fascinar\u00e1n por sus deliciosos sabores, a los que dif\u00edcilmente podr\u00e1s resistirte.<\/p>\n<p>\u00a1End\u00falzate de amor!<\/p>\n<p>Gel lubricante 100% comestible con sabor a Chocolate con avellanas.<\/p>\n<p>Envase con sistema airless.<br \/>\nContenido: 60ml.<br \/>\nBase agua (compatible con preservativos y juguetes).<\/p>\n<p>Combina los juegos sexuales con este lubricante de usos m\u00faltiples.<\/p>\n","protected":false},"excerpt":{"rendered":"<p>CHOCOLATE HAZELNUT GEL 60 ml &#8211; SWEET LOVE Nuevos geles Secret Play perfectos para disfrutar solo o en pareja. Son<\/p>\n","protected":false},"featured_media":11355,"comment_status":"open","ping_status":"open","template":"","meta":[],"product_cat":[606],"product_tag":[565,564],"class_list":["post-11354","product","type-product","status-publish","has-post-thumbnail","hentry","product_cat-sabores-lubricantes-aceites-y-lubricantes","product_tag-secret-beauty","product_tag-secret-play"],"bundled_by":[],"bundle_stock_status":"instock","bundle_stock_quantity":1,"bundle_virtual":false,"bundle_layout":"","bundle_add_to_cart_form_location":"","bundle_editable_in_cart":false,"bundle_sold_individually_context":"","bundle_item_grouping":"","bundle_min_size":"","bundle_max_size":"","bundled_items":[],"yoast_head":"<!-- This site is optimized with the Yoast SEO plugin v20.6 - https:\/\/yoast.com\/wordpress\/plugins\/seo\/ -->\n<title>SWEET LOVE - GEL LUBRICANTE CHOCOLATE CON AVELLANAS - 60ML - Tienda Er\u00f3tica<\/title>\n<meta name=\"robots\" content=\"noindex, follow, max-snippet:-1, max-image-preview:large, max-video-preview:-1\" \/>\n<meta property=\"og:locale\" content=\"es_ES\" \/>\n<meta property=\"og:type\" content=\"article\" \/>\n<meta property=\"og:title\" content=\"SWEET LOVE - GEL LUBRICANTE CHOCOLATE CON AVELLANAS - 60ML - Tienda Er\u00f3tica\" \/>\n<meta property=\"og:description\" content=\"CHOCOLATE HAZELNUT GEL 60 ml &#8211; SWEET LOVE Nuevos geles Secret Play perfectos para disfrutar solo o en pareja. Son\" \/>\n<meta property=\"og:url\" content=\"https:\/\/demoweb.info\/sexshop001\/producto\/sweet-love-gel-lubricante-chocolate-con-avellanas-60ml\/\" \/>\n<meta property=\"og:site_name\" content=\"Tienda Er\u00f3tica\" \/>\n<meta property=\"article:modified_time\" content=\"2022-01-22T08:57:33+00:00\" \/>\n<meta property=\"og:image\" content=\"https:\/\/demoweb.info\/sexshop001\/wp-content\/uploads\/2022\/01\/SWEET-LOVE-GEL-LUBRICANTE-CHOCOLATE-CON-AVELLANAS-60ML.jpg\" \/>\n\t<meta property=\"og:image:width\" content=\"550\" \/>\n\t<meta property=\"og:image:height\" content=\"550\" \/>\n\t<meta property=\"og:image:type\" content=\"image\/jpeg\" \/>\n<meta name=\"twitter:card\" content=\"summary_large_image\" \/>\n<meta name=\"twitter:label1\" content=\"Tiempo de lectura\" \/>\n\t<meta name=\"twitter:data1\" content=\"1 minuto\" \/>\n<script type=\"application\/ld+json\" class=\"yoast-schema-graph\">{\"@context\":\"https:\/\/schema.org\",\"@graph\":[{\"@type\":\"WebPage\",\"@id\":\"https:\/\/demoweb.info\/sexshop001\/producto\/sweet-love-gel-lubricante-chocolate-con-avellanas-60ml\/\",\"url\":\"https:\/\/demoweb.info\/sexshop001\/producto\/sweet-love-gel-lubricante-chocolate-con-avellanas-60ml\/\",\"name\":\"SWEET LOVE - GEL LUBRICANTE CHOCOLATE CON AVELLANAS - 60ML - Tienda Er\u00f3tica\",\"isPartOf\":{\"@id\":\"https:\/\/demoweb.info\/sexshop001\/#website\"},\"datePublished\":\"2022-01-22T08:57:23+00:00\",\"dateModified\":\"2022-01-22T08:57:33+00:00\",\"breadcrumb\":{\"@id\":\"https:\/\/demoweb.info\/sexshop001\/producto\/sweet-love-gel-lubricante-chocolate-con-avellanas-60ml\/#breadcrumb\"},\"inLanguage\":\"es\",\"potentialAction\":[{\"@type\":\"ReadAction\",\"target\":[\"https:\/\/demoweb.info\/sexshop001\/producto\/sweet-love-gel-lubricante-chocolate-con-avellanas-60ml\/\"]}]},{\"@type\":\"BreadcrumbList\",\"@id\":\"https:\/\/demoweb.info\/sexshop001\/producto\/sweet-love-gel-lubricante-chocolate-con-avellanas-60ml\/#breadcrumb\",\"itemListElement\":[{\"@type\":\"ListItem\",\"position\":1,\"name\":\"Portada\",\"item\":\"https:\/\/demoweb.info\/sexshop001\/\"},{\"@type\":\"ListItem\",\"position\":2,\"name\":\"Tienda\",\"item\":\"https:\/\/demoweb.info\/sexshop001\/tienda\/\"},{\"@type\":\"ListItem\",\"position\":3,\"name\":\"SWEET LOVE &#8211; GEL LUBRICANTE CHOCOLATE CON AVELLANAS &#8211; 60ML\"}]},{\"@type\":\"WebSite\",\"@id\":\"https:\/\/demoweb.info\/sexshop001\/#website\",\"url\":\"https:\/\/demoweb.info\/sexshop001\/\",\"name\":\"Tienda Er\u00f3tica\",\"description\":\"DEMOWEB SL\",\"potentialAction\":[{\"@type\":\"SearchAction\",\"target\":{\"@type\":\"EntryPoint\",\"urlTemplate\":\"https:\/\/demoweb.info\/sexshop001\/?s={search_term_string}\"},\"query-input\":\"required name=search_term_string\"}],\"inLanguage\":\"es\"}]}<\/script>\n<!-- \/ Yoast SEO plugin. -->","yoast_head_json":{"title":"SWEET LOVE - GEL LUBRICANTE CHOCOLATE CON AVELLANAS - 60ML - Tienda Er\u00f3tica","robots":{"index":"noindex","follow":"follow","max-snippet":"max-snippet:-1","max-image-preview":"max-image-preview:large","max-video-preview":"max-video-preview:-1"},"og_locale":"es_ES","og_type":"article","og_title":"SWEET LOVE - GEL LUBRICANTE CHOCOLATE CON AVELLANAS - 60ML - Tienda Er\u00f3tica","og_description":"CHOCOLATE HAZELNUT GEL 60 ml &#8211; SWEET LOVE Nuevos geles Secret Play perfectos para disfrutar solo o en pareja. Son","og_url":"https:\/\/demoweb.info\/sexshop001\/producto\/sweet-love-gel-lubricante-chocolate-con-avellanas-60ml\/","og_site_name":"Tienda Er\u00f3tica","article_modified_time":"2022-01-22T08:57:33+00:00","og_image":[{"width":550,"height":550,"url":"https:\/\/demoweb.info\/sexshop001\/wp-content\/uploads\/2022\/01\/SWEET-LOVE-GEL-LUBRICANTE-CHOCOLATE-CON-AVELLANAS-60ML.jpg","type":"image\/jpeg"}],"twitter_card":"summary_large_image","twitter_misc":{"Tiempo de lectura":"1 minuto"},"schema":{"@context":"https:\/\/schema.org","@graph":[{"@type":"WebPage","@id":"https:\/\/demoweb.info\/sexshop001\/producto\/sweet-love-gel-lubricante-chocolate-con-avellanas-60ml\/","url":"https:\/\/demoweb.info\/sexshop001\/producto\/sweet-love-gel-lubricante-chocolate-con-avellanas-60ml\/","name":"SWEET LOVE - GEL LUBRICANTE CHOCOLATE CON AVELLANAS - 60ML - Tienda Er\u00f3tica","isPartOf":{"@id":"https:\/\/demoweb.info\/sexshop001\/#website"},"datePublished":"2022-01-22T08:57:23+00:00","dateModified":"2022-01-22T08:57:33+00:00","breadcrumb":{"@id":"https:\/\/demoweb.info\/sexshop001\/producto\/sweet-love-gel-lubricante-chocolate-con-avellanas-60ml\/#breadcrumb"},"inLanguage":"es","potentialAction":[{"@type":"ReadAction","target":["https:\/\/demoweb.info\/sexshop001\/producto\/sweet-love-gel-lubricante-chocolate-con-avellanas-60ml\/"]}]},{"@type":"BreadcrumbList","@id":"https:\/\/demoweb.info\/sexshop001\/producto\/sweet-love-gel-lubricante-chocolate-con-avellanas-60ml\/#breadcrumb","itemListElement":[{"@type":"ListItem","position":1,"name":"Portada","item":"https:\/\/demoweb.info\/sexshop001\/"},{"@type":"ListItem","position":2,"name":"Tienda","item":"https:\/\/demoweb.info\/sexshop001\/tienda\/"},{"@type":"ListItem","position":3,"name":"SWEET LOVE &#8211; GEL LUBRICANTE CHOCOLATE CON AVELLANAS &#8211; 60ML"}]},{"@type":"WebSite","@id":"https:\/\/demoweb.info\/sexshop001\/#website","url":"https:\/\/demoweb.info\/sexshop001\/","name":"Tienda Er\u00f3tica","description":"DEMOWEB SL","potentialAction":[{"@type":"SearchAction","target":{"@type":"EntryPoint","urlTemplate":"https:\/\/demoweb.info\/sexshop001\/?s={search_term_string}"},"query-input":"required name=search_term_string"}],"inLanguage":"es"}]}},"_links":{"self":[{"href":"https:\/\/demoweb.info\/sexshop001\/wp-json\/wp\/v3\/product\/11354","targetHints":{"allow":["GET"]}}],"collection":[{"href":"https:\/\/demoweb.info\/sexshop001\/wp-json\/wp\/v3\/product"}],"about":[{"href":"https:\/\/demoweb.info\/sexshop001\/wp-json\/wp\/v2\/types\/product"}],"replies":[{"embeddable":true,"href":"https:\/\/demoweb.info\/sexshop001\/wp-json\/wp\/v2\/comments?post=11354"}],"wp:featuredmedia":[{"embeddable":true,"href":"https:\/\/demoweb.info\/sexshop001\/wp-json\/wp\/v2\/media\/11355"}],"wp:attachment":[{"href":"https:\/\/demoweb.info\/sexshop001\/wp-json\/wp\/v2\/media?parent=11354"}],"wp:term":[{"taxonomy":"product_cat","embeddable":true,"href":"https:\/\/demoweb.info\/sexshop001\/wp-json\/wp\/v2\/product_cat?post=11354"},{"taxonomy":"product_tag","embeddable":true,"href":"https:\/\/demoweb.info\/sexshop001\/wp-json\/wp\/v2\/product_tag?post=11354"}],"curies":[{"name":"wp","href":"https:\/\/api.w.org\/{rel}","templated":true}]}}