{"id":11352,"date":"2022-01-22T09:57:23","date_gmt":"2022-01-22T08:57:23","guid":{"rendered":"https:\/\/demoweb.info\/sexshop001\/producto\/30-day-bondage-challenge-es-en\/"},"modified":"2022-01-22T09:57:32","modified_gmt":"2022-01-22T08:57:32","slug":"30-day-bondage-challenge-es-en","status":"publish","type":"product","link":"https:\/\/demoweb.info\/sexshop001\/producto\/30-day-bondage-challenge-es-en\/","title":{"rendered":"30 DAY BONDAGE CHALLENGE (ES\/EN)"},"content":{"rendered":"<p><strong>30 DAY BONDAGE CHALLENGE (ES\/EN)<\/strong><\/p>\n<p>Divi\u00e9rtete con estos atrevidos retos con los que podr\u00e1s experimentar y descubrir nuevas experiencias adentr\u00e1ndote en el mundo del bondage.<\/p>\n<p>En estas cartas la intensidad de las pruebas va incrementando conforme van pasando los d\u00edas, comenzando el d\u00eda 1 con pruebas m\u00e1s suaves hasta llegar al m\u00e1ximo de excitaci\u00f3n el \u00faltimo d\u00eda.<\/p>\n<p>Es importante antes del comienzo del challenge tener en cuenta unas normas b\u00e1sicas:<\/p>\n<p>&#8211; Es importante que antes de jugar se hablen las condiciones de cada jugador, estableciendo cada uno sus l\u00edmites.<\/p>\n<p>&#8211; Los jugadores deben elegir una palabra de seguridad, que dir\u00e1n cuando quieran parar alguna de las acciones que se realizan en cada uno de los 30 d\u00edas.<\/p>\n<p>&#8211; Se recomienda que ambos participantes mantengan gran confianza entre ellos.<\/p>\n<p>&#8211; Debe haber un rol amo y otro sumiso que podr\u00e1n ir altern\u00e1ndose durante los 30 d\u00edas.<\/p>\n<p>&#8211; Nunca hay que atar nada alrededor del cuello.<\/p>\n<p>&#8211; No se debe atar fuerte.<\/p>\n<p>&#8211; Debe jugarse con unas tijeras de punta redonda al alcance por si el sumiso se siente agobiado.<\/p>\n<p>&#8211; Las pruebas ir\u00e1n aumentando de intensidad a medida que vayan avanzando los d\u00edas.<\/p>\n<p>(30 tarjetas &#8211; 110 x 110 mm -)<\/p>\n","protected":false},"excerpt":{"rendered":"<p>30 DAY BONDAGE CHALLENGE (ES\/EN) Divi\u00e9rtete con estos atrevidos retos con los que podr\u00e1s experimentar y descubrir nuevas experiencias adentr\u00e1ndote<\/p>\n","protected":false},"featured_media":11353,"comment_status":"open","ping_status":"open","template":"","meta":[],"product_cat":[367],"product_tag":[566,564],"class_list":["post-11352","product","type-product","status-publish","has-post-thumbnail","hentry","product_cat-juegos-pareja","product_tag-secret-games","product_tag-secret-play"],"bundled_by":[],"bundle_stock_status":"instock","bundle_stock_quantity":7,"bundle_virtual":false,"bundle_layout":"","bundle_add_to_cart_form_location":"","bundle_editable_in_cart":false,"bundle_sold_individually_context":"","bundle_item_grouping":"","bundle_min_size":"","bundle_max_size":"","bundled_items":[],"yoast_head":"<!-- This site is optimized with the Yoast SEO plugin v20.6 - https:\/\/yoast.com\/wordpress\/plugins\/seo\/ -->\n<title>30 DAY BONDAGE CHALLENGE (ES\/EN) - Tienda Er\u00f3tica<\/title>\n<meta name=\"robots\" content=\"noindex, follow, max-snippet:-1, max-image-preview:large, max-video-preview:-1\" \/>\n<meta property=\"og:locale\" content=\"es_ES\" \/>\n<meta property=\"og:type\" content=\"article\" \/>\n<meta property=\"og:title\" content=\"30 DAY BONDAGE CHALLENGE (ES\/EN) - Tienda Er\u00f3tica\" \/>\n<meta property=\"og:description\" content=\"30 DAY BONDAGE CHALLENGE (ES\/EN) Divi\u00e9rtete con estos atrevidos retos con los que podr\u00e1s experimentar y descubrir nuevas experiencias adentr\u00e1ndote\" \/>\n<meta property=\"og:url\" content=\"https:\/\/demoweb.info\/sexshop001\/producto\/30-day-bondage-challenge-es-en\/\" \/>\n<meta property=\"og:site_name\" content=\"Tienda Er\u00f3tica\" \/>\n<meta property=\"article:modified_time\" content=\"2022-01-22T08:57:32+00:00\" \/>\n<meta property=\"og:image\" content=\"https:\/\/demoweb.info\/sexshop001\/wp-content\/uploads\/2022\/01\/30-DAY-BONDAGE-CHALLENGE-ESEN.jpg\" \/>\n\t<meta property=\"og:image:width\" content=\"550\" \/>\n\t<meta property=\"og:image:height\" content=\"550\" \/>\n\t<meta property=\"og:image:type\" content=\"image\/jpeg\" \/>\n<meta name=\"twitter:card\" content=\"summary_large_image\" \/>\n<meta name=\"twitter:label1\" content=\"Tiempo de lectura\" \/>\n\t<meta name=\"twitter:data1\" content=\"1 minuto\" \/>\n<script type=\"application\/ld+json\" class=\"yoast-schema-graph\">{\"@context\":\"https:\/\/schema.org\",\"@graph\":[{\"@type\":\"WebPage\",\"@id\":\"https:\/\/demoweb.info\/sexshop001\/producto\/30-day-bondage-challenge-es-en\/\",\"url\":\"https:\/\/demoweb.info\/sexshop001\/producto\/30-day-bondage-challenge-es-en\/\",\"name\":\"30 DAY BONDAGE CHALLENGE (ES\/EN) - Tienda Er\u00f3tica\",\"isPartOf\":{\"@id\":\"https:\/\/demoweb.info\/sexshop001\/#website\"},\"datePublished\":\"2022-01-22T08:57:23+00:00\",\"dateModified\":\"2022-01-22T08:57:32+00:00\",\"breadcrumb\":{\"@id\":\"https:\/\/demoweb.info\/sexshop001\/producto\/30-day-bondage-challenge-es-en\/#breadcrumb\"},\"inLanguage\":\"es\",\"potentialAction\":[{\"@type\":\"ReadAction\",\"target\":[\"https:\/\/demoweb.info\/sexshop001\/producto\/30-day-bondage-challenge-es-en\/\"]}]},{\"@type\":\"BreadcrumbList\",\"@id\":\"https:\/\/demoweb.info\/sexshop001\/producto\/30-day-bondage-challenge-es-en\/#breadcrumb\",\"itemListElement\":[{\"@type\":\"ListItem\",\"position\":1,\"name\":\"Portada\",\"item\":\"https:\/\/demoweb.info\/sexshop001\/\"},{\"@type\":\"ListItem\",\"position\":2,\"name\":\"Tienda\",\"item\":\"https:\/\/demoweb.info\/sexshop001\/tienda\/\"},{\"@type\":\"ListItem\",\"position\":3,\"name\":\"30 DAY BONDAGE CHALLENGE (ES\/EN)\"}]},{\"@type\":\"WebSite\",\"@id\":\"https:\/\/demoweb.info\/sexshop001\/#website\",\"url\":\"https:\/\/demoweb.info\/sexshop001\/\",\"name\":\"Tienda Er\u00f3tica\",\"description\":\"DEMOWEB SL\",\"potentialAction\":[{\"@type\":\"SearchAction\",\"target\":{\"@type\":\"EntryPoint\",\"urlTemplate\":\"https:\/\/demoweb.info\/sexshop001\/?s={search_term_string}\"},\"query-input\":\"required name=search_term_string\"}],\"inLanguage\":\"es\"}]}<\/script>\n<!-- \/ Yoast SEO plugin. -->","yoast_head_json":{"title":"30 DAY BONDAGE CHALLENGE (ES\/EN) - Tienda Er\u00f3tica","robots":{"index":"noindex","follow":"follow","max-snippet":"max-snippet:-1","max-image-preview":"max-image-preview:large","max-video-preview":"max-video-preview:-1"},"og_locale":"es_ES","og_type":"article","og_title":"30 DAY BONDAGE CHALLENGE (ES\/EN) - Tienda Er\u00f3tica","og_description":"30 DAY BONDAGE CHALLENGE (ES\/EN) Divi\u00e9rtete con estos atrevidos retos con los que podr\u00e1s experimentar y descubrir nuevas experiencias adentr\u00e1ndote","og_url":"https:\/\/demoweb.info\/sexshop001\/producto\/30-day-bondage-challenge-es-en\/","og_site_name":"Tienda Er\u00f3tica","article_modified_time":"2022-01-22T08:57:32+00:00","og_image":[{"width":550,"height":550,"url":"https:\/\/demoweb.info\/sexshop001\/wp-content\/uploads\/2022\/01\/30-DAY-BONDAGE-CHALLENGE-ESEN.jpg","type":"image\/jpeg"}],"twitter_card":"summary_large_image","twitter_misc":{"Tiempo de lectura":"1 minuto"},"schema":{"@context":"https:\/\/schema.org","@graph":[{"@type":"WebPage","@id":"https:\/\/demoweb.info\/sexshop001\/producto\/30-day-bondage-challenge-es-en\/","url":"https:\/\/demoweb.info\/sexshop001\/producto\/30-day-bondage-challenge-es-en\/","name":"30 DAY BONDAGE CHALLENGE (ES\/EN) - Tienda Er\u00f3tica","isPartOf":{"@id":"https:\/\/demoweb.info\/sexshop001\/#website"},"datePublished":"2022-01-22T08:57:23+00:00","dateModified":"2022-01-22T08:57:32+00:00","breadcrumb":{"@id":"https:\/\/demoweb.info\/sexshop001\/producto\/30-day-bondage-challenge-es-en\/#breadcrumb"},"inLanguage":"es","potentialAction":[{"@type":"ReadAction","target":["https:\/\/demoweb.info\/sexshop001\/producto\/30-day-bondage-challenge-es-en\/"]}]},{"@type":"BreadcrumbList","@id":"https:\/\/demoweb.info\/sexshop001\/producto\/30-day-bondage-challenge-es-en\/#breadcrumb","itemListElement":[{"@type":"ListItem","position":1,"name":"Portada","item":"https:\/\/demoweb.info\/sexshop001\/"},{"@type":"ListItem","position":2,"name":"Tienda","item":"https:\/\/demoweb.info\/sexshop001\/tienda\/"},{"@type":"ListItem","position":3,"name":"30 DAY BONDAGE CHALLENGE (ES\/EN)"}]},{"@type":"WebSite","@id":"https:\/\/demoweb.info\/sexshop001\/#website","url":"https:\/\/demoweb.info\/sexshop001\/","name":"Tienda Er\u00f3tica","description":"DEMOWEB SL","potentialAction":[{"@type":"SearchAction","target":{"@type":"EntryPoint","urlTemplate":"https:\/\/demoweb.info\/sexshop001\/?s={search_term_string}"},"query-input":"required name=search_term_string"}],"inLanguage":"es"}]}},"_links":{"self":[{"href":"https:\/\/demoweb.info\/sexshop001\/wp-json\/wp\/v3\/product\/11352","targetHints":{"allow":["GET"]}}],"collection":[{"href":"https:\/\/demoweb.info\/sexshop001\/wp-json\/wp\/v3\/product"}],"about":[{"href":"https:\/\/demoweb.info\/sexshop001\/wp-json\/wp\/v2\/types\/product"}],"replies":[{"embeddable":true,"href":"https:\/\/demoweb.info\/sexshop001\/wp-json\/wp\/v2\/comments?post=11352"}],"wp:featuredmedia":[{"embeddable":true,"href":"https:\/\/demoweb.info\/sexshop001\/wp-json\/wp\/v2\/media\/11353"}],"wp:attachment":[{"href":"https:\/\/demoweb.info\/sexshop001\/wp-json\/wp\/v2\/media?parent=11352"}],"wp:term":[{"taxonomy":"product_cat","embeddable":true,"href":"https:\/\/demoweb.info\/sexshop001\/wp-json\/wp\/v2\/product_cat?post=11352"},{"taxonomy":"product_tag","embeddable":true,"href":"https:\/\/demoweb.info\/sexshop001\/wp-json\/wp\/v2\/product_tag?post=11352"}],"curies":[{"name":"wp","href":"https:\/\/api.w.org\/{rel}","templated":true}]}}