{"id":11348,"date":"2022-01-22T09:57:23","date_gmt":"2022-01-22T08:57:23","guid":{"rendered":"https:\/\/demoweb.info\/sexshop001\/producto\/30-day-foreplay-challenge-es-en\/"},"modified":"2022-01-22T09:57:31","modified_gmt":"2022-01-22T08:57:31","slug":"30-day-foreplay-challenge-es-en","status":"publish","type":"product","link":"https:\/\/demoweb.info\/sexshop001\/producto\/30-day-foreplay-challenge-es-en\/","title":{"rendered":"30 DAY FOREPLAY CHALLENGE (ES\/EN)"},"content":{"rendered":"<p><strong>30 DAY FOREPLAY CHALLENGE (ES\/EN)<\/strong><\/p>\n<p>\u00bfAguantar\u00edas 29 d\u00edas haciendo juegos sexuales?<br \/>\nPonte a prueba con este juego en el que redescubrir\u00e1s el mundo del sexo m\u00e1s all\u00e1 de la penetraci\u00f3n. Con estos retos alcanzar\u00e1s el m\u00e1ximo nivel de excitaci\u00f3n, ya que el juego va de menor a mayor intensidad, siendo las primeras pruebas m\u00e1s suaves y llegando al premio final del reto 30.<\/p>\n<p>(30 tarjetas &#8211; 110 x 110 mm -)<\/p>\n","protected":false},"excerpt":{"rendered":"<p>30 DAY FOREPLAY CHALLENGE (ES\/EN) \u00bfAguantar\u00edas 29 d\u00edas haciendo juegos sexuales? Ponte a prueba con este juego en el que<\/p>\n","protected":false},"featured_media":11349,"comment_status":"open","ping_status":"open","template":"","meta":[],"product_cat":[367],"product_tag":[566,564],"class_list":["post-11348","product","type-product","status-publish","has-post-thumbnail","hentry","product_cat-juegos-pareja","product_tag-secret-games","product_tag-secret-play"],"bundled_by":[],"bundle_stock_status":"instock","bundle_stock_quantity":10,"bundle_virtual":false,"bundle_layout":"","bundle_add_to_cart_form_location":"","bundle_editable_in_cart":false,"bundle_sold_individually_context":"","bundle_item_grouping":"","bundle_min_size":"","bundle_max_size":"","bundled_items":[],"yoast_head":"<!-- This site is optimized with the Yoast SEO plugin v20.6 - https:\/\/yoast.com\/wordpress\/plugins\/seo\/ -->\n<title>30 DAY FOREPLAY CHALLENGE (ES\/EN) - Tienda Er\u00f3tica<\/title>\n<meta name=\"robots\" content=\"noindex, follow, max-snippet:-1, max-image-preview:large, max-video-preview:-1\" \/>\n<meta property=\"og:locale\" content=\"es_ES\" \/>\n<meta property=\"og:type\" content=\"article\" \/>\n<meta property=\"og:title\" content=\"30 DAY FOREPLAY CHALLENGE (ES\/EN) - Tienda Er\u00f3tica\" \/>\n<meta property=\"og:description\" content=\"30 DAY FOREPLAY CHALLENGE (ES\/EN) \u00bfAguantar\u00edas 29 d\u00edas haciendo juegos sexuales? Ponte a prueba con este juego en el que\" \/>\n<meta property=\"og:url\" content=\"https:\/\/demoweb.info\/sexshop001\/producto\/30-day-foreplay-challenge-es-en\/\" \/>\n<meta property=\"og:site_name\" content=\"Tienda Er\u00f3tica\" \/>\n<meta property=\"article:modified_time\" content=\"2022-01-22T08:57:31+00:00\" \/>\n<meta property=\"og:image\" content=\"https:\/\/demoweb.info\/sexshop001\/wp-content\/uploads\/2022\/01\/30-DAY-FOREPLAY-CHALLENGE-ESEN.jpg\" \/>\n\t<meta property=\"og:image:width\" content=\"550\" \/>\n\t<meta property=\"og:image:height\" content=\"550\" \/>\n\t<meta property=\"og:image:type\" content=\"image\/jpeg\" \/>\n<meta name=\"twitter:card\" content=\"summary_large_image\" \/>\n<script type=\"application\/ld+json\" class=\"yoast-schema-graph\">{\"@context\":\"https:\/\/schema.org\",\"@graph\":[{\"@type\":\"WebPage\",\"@id\":\"https:\/\/demoweb.info\/sexshop001\/producto\/30-day-foreplay-challenge-es-en\/\",\"url\":\"https:\/\/demoweb.info\/sexshop001\/producto\/30-day-foreplay-challenge-es-en\/\",\"name\":\"30 DAY FOREPLAY CHALLENGE (ES\/EN) - Tienda Er\u00f3tica\",\"isPartOf\":{\"@id\":\"https:\/\/demoweb.info\/sexshop001\/#website\"},\"datePublished\":\"2022-01-22T08:57:23+00:00\",\"dateModified\":\"2022-01-22T08:57:31+00:00\",\"breadcrumb\":{\"@id\":\"https:\/\/demoweb.info\/sexshop001\/producto\/30-day-foreplay-challenge-es-en\/#breadcrumb\"},\"inLanguage\":\"es\",\"potentialAction\":[{\"@type\":\"ReadAction\",\"target\":[\"https:\/\/demoweb.info\/sexshop001\/producto\/30-day-foreplay-challenge-es-en\/\"]}]},{\"@type\":\"BreadcrumbList\",\"@id\":\"https:\/\/demoweb.info\/sexshop001\/producto\/30-day-foreplay-challenge-es-en\/#breadcrumb\",\"itemListElement\":[{\"@type\":\"ListItem\",\"position\":1,\"name\":\"Portada\",\"item\":\"https:\/\/demoweb.info\/sexshop001\/\"},{\"@type\":\"ListItem\",\"position\":2,\"name\":\"Tienda\",\"item\":\"https:\/\/demoweb.info\/sexshop001\/tienda\/\"},{\"@type\":\"ListItem\",\"position\":3,\"name\":\"30 DAY FOREPLAY CHALLENGE (ES\/EN)\"}]},{\"@type\":\"WebSite\",\"@id\":\"https:\/\/demoweb.info\/sexshop001\/#website\",\"url\":\"https:\/\/demoweb.info\/sexshop001\/\",\"name\":\"Tienda Er\u00f3tica\",\"description\":\"DEMOWEB SL\",\"potentialAction\":[{\"@type\":\"SearchAction\",\"target\":{\"@type\":\"EntryPoint\",\"urlTemplate\":\"https:\/\/demoweb.info\/sexshop001\/?s={search_term_string}\"},\"query-input\":\"required name=search_term_string\"}],\"inLanguage\":\"es\"}]}<\/script>\n<!-- \/ Yoast SEO plugin. -->","yoast_head_json":{"title":"30 DAY FOREPLAY CHALLENGE (ES\/EN) - Tienda Er\u00f3tica","robots":{"index":"noindex","follow":"follow","max-snippet":"max-snippet:-1","max-image-preview":"max-image-preview:large","max-video-preview":"max-video-preview:-1"},"og_locale":"es_ES","og_type":"article","og_title":"30 DAY FOREPLAY CHALLENGE (ES\/EN) - Tienda Er\u00f3tica","og_description":"30 DAY FOREPLAY CHALLENGE (ES\/EN) \u00bfAguantar\u00edas 29 d\u00edas haciendo juegos sexuales? Ponte a prueba con este juego en el que","og_url":"https:\/\/demoweb.info\/sexshop001\/producto\/30-day-foreplay-challenge-es-en\/","og_site_name":"Tienda Er\u00f3tica","article_modified_time":"2022-01-22T08:57:31+00:00","og_image":[{"width":550,"height":550,"url":"https:\/\/demoweb.info\/sexshop001\/wp-content\/uploads\/2022\/01\/30-DAY-FOREPLAY-CHALLENGE-ESEN.jpg","type":"image\/jpeg"}],"twitter_card":"summary_large_image","schema":{"@context":"https:\/\/schema.org","@graph":[{"@type":"WebPage","@id":"https:\/\/demoweb.info\/sexshop001\/producto\/30-day-foreplay-challenge-es-en\/","url":"https:\/\/demoweb.info\/sexshop001\/producto\/30-day-foreplay-challenge-es-en\/","name":"30 DAY FOREPLAY CHALLENGE (ES\/EN) - Tienda Er\u00f3tica","isPartOf":{"@id":"https:\/\/demoweb.info\/sexshop001\/#website"},"datePublished":"2022-01-22T08:57:23+00:00","dateModified":"2022-01-22T08:57:31+00:00","breadcrumb":{"@id":"https:\/\/demoweb.info\/sexshop001\/producto\/30-day-foreplay-challenge-es-en\/#breadcrumb"},"inLanguage":"es","potentialAction":[{"@type":"ReadAction","target":["https:\/\/demoweb.info\/sexshop001\/producto\/30-day-foreplay-challenge-es-en\/"]}]},{"@type":"BreadcrumbList","@id":"https:\/\/demoweb.info\/sexshop001\/producto\/30-day-foreplay-challenge-es-en\/#breadcrumb","itemListElement":[{"@type":"ListItem","position":1,"name":"Portada","item":"https:\/\/demoweb.info\/sexshop001\/"},{"@type":"ListItem","position":2,"name":"Tienda","item":"https:\/\/demoweb.info\/sexshop001\/tienda\/"},{"@type":"ListItem","position":3,"name":"30 DAY FOREPLAY CHALLENGE (ES\/EN)"}]},{"@type":"WebSite","@id":"https:\/\/demoweb.info\/sexshop001\/#website","url":"https:\/\/demoweb.info\/sexshop001\/","name":"Tienda Er\u00f3tica","description":"DEMOWEB SL","potentialAction":[{"@type":"SearchAction","target":{"@type":"EntryPoint","urlTemplate":"https:\/\/demoweb.info\/sexshop001\/?s={search_term_string}"},"query-input":"required name=search_term_string"}],"inLanguage":"es"}]}},"_links":{"self":[{"href":"https:\/\/demoweb.info\/sexshop001\/wp-json\/wp\/v3\/product\/11348","targetHints":{"allow":["GET"]}}],"collection":[{"href":"https:\/\/demoweb.info\/sexshop001\/wp-json\/wp\/v3\/product"}],"about":[{"href":"https:\/\/demoweb.info\/sexshop001\/wp-json\/wp\/v2\/types\/product"}],"replies":[{"embeddable":true,"href":"https:\/\/demoweb.info\/sexshop001\/wp-json\/wp\/v2\/comments?post=11348"}],"wp:featuredmedia":[{"embeddable":true,"href":"https:\/\/demoweb.info\/sexshop001\/wp-json\/wp\/v2\/media\/11349"}],"wp:attachment":[{"href":"https:\/\/demoweb.info\/sexshop001\/wp-json\/wp\/v2\/media?parent=11348"}],"wp:term":[{"taxonomy":"product_cat","embeddable":true,"href":"https:\/\/demoweb.info\/sexshop001\/wp-json\/wp\/v2\/product_cat?post=11348"},{"taxonomy":"product_tag","embeddable":true,"href":"https:\/\/demoweb.info\/sexshop001\/wp-json\/wp\/v2\/product_tag?post=11348"}],"curies":[{"name":"wp","href":"https:\/\/api.w.org\/{rel}","templated":true}]}}