{"id":11340,"date":"2022-01-22T09:57:23","date_gmt":"2022-01-22T08:57:23","guid":{"rendered":"https:\/\/demoweb.info\/sexshop001\/producto\/juego-chocaddict-es-en\/"},"modified":"2022-01-22T09:57:28","modified_gmt":"2022-01-22T08:57:28","slug":"juego-chocaddict-es-en","status":"publish","type":"product","link":"https:\/\/demoweb.info\/sexshop001\/producto\/juego-chocaddict-es-en\/","title":{"rendered":"JUEGO CHOCADDICT (ES\/EN)"},"content":{"rendered":"<p><strong>JUEGO CHOCADDICT (ES\/EN)<\/strong><\/p>\n<p><strong>Contiene:<\/strong><\/p>\n<ul>\n<li>40 tarjetas prueba<\/li>\n<li>1 Venda<\/li>\n<li>1 Body Pen chocolate<\/li>\n<\/ul>\n<p><strong><u>Reglas del juego<\/u><\/strong>: El juego consta de 40 tarjetas divididas seg\u00fan intensidad: 20 tarjetas de intensidad menor, 10 tarjetas de intensidad media y 10 tarjetas de intensidad m\u00e1xima.<\/p>\n<p>Las tarjetas llevan de 1 a 3 gotas de chocolate seg\u00fan la intensidad:<\/p>\n<ul>\n<li>1 punto: prueba de intensidad menor<\/li>\n<li>2 puntos: prueba de intensidad media<\/li>\n<li>3 puntos: prueba de intensidad m\u00e1xima<\/li>\n<\/ul>\n<p>La persona que complete la prueba con \u00e9xito, se anotar\u00e1 los puntos indicados en la tarjeta seg\u00fan las gotas de chocolate que contenga la misma.<\/p>\n<p><strong><u>Primer paso<\/u><\/strong>: Barajar las 40 tarjetas y colocarlas en un mont\u00f3n boca abajo. Los jugadores deber\u00e1n elegir cara o cruz y lanzar una moneda al aire. \u00c9sta decidir\u00e1 qu\u00e9 jugador comienza primero.<\/p>\n<p><strong><u>Comienzo del juego<\/u><\/strong>: El jugador que inicie la partida, escoger\u00e1 una tarjeta al azar y leer\u00e1 la prueba que le ha correspondido en voz alta. Tras realizar la prueba, el jugador que la haya realizado con \u00e9xito se quedar\u00e1 con la tarjeta y anotar\u00e1 los puntos. El juego finaliza cuando se hayan agotado todas las tarjetas. El jugador que haya acumulado m\u00e1s puntos, es el ganador. Su premio consistir\u00e1 en dejarse devorar por su pareja, tras ser bien untado de chocolate. \u00a1Que aproveche!<\/p>\n","protected":false},"excerpt":{"rendered":"<p>JUEGO CHOCADDICT (ES\/EN) Contiene: 40 tarjetas prueba 1 Venda 1 Body Pen chocolate Reglas del juego: El juego consta de<\/p>\n","protected":false},"featured_media":11341,"comment_status":"open","ping_status":"open","template":"","meta":[],"product_cat":[367],"product_tag":[566,564],"class_list":["post-11340","product","type-product","status-publish","has-post-thumbnail","hentry","product_cat-juegos-pareja","product_tag-secret-games","product_tag-secret-play"],"bundled_by":[],"bundle_stock_status":"instock","bundle_stock_quantity":17,"bundle_virtual":false,"bundle_layout":"","bundle_add_to_cart_form_location":"","bundle_editable_in_cart":false,"bundle_sold_individually_context":"","bundle_item_grouping":"","bundle_min_size":"","bundle_max_size":"","bundled_items":[],"yoast_head":"<!-- This site is optimized with the Yoast SEO plugin v20.6 - https:\/\/yoast.com\/wordpress\/plugins\/seo\/ -->\n<title>JUEGO CHOCADDICT (ES\/EN) - Tienda Er\u00f3tica<\/title>\n<meta name=\"robots\" content=\"noindex, follow, max-snippet:-1, max-image-preview:large, max-video-preview:-1\" \/>\n<meta property=\"og:locale\" content=\"es_ES\" \/>\n<meta property=\"og:type\" content=\"article\" \/>\n<meta property=\"og:title\" content=\"JUEGO CHOCADDICT (ES\/EN) - Tienda Er\u00f3tica\" \/>\n<meta property=\"og:description\" content=\"JUEGO CHOCADDICT (ES\/EN) Contiene: 40 tarjetas prueba 1 Venda 1 Body Pen chocolate Reglas del juego: El juego consta de\" \/>\n<meta property=\"og:url\" content=\"https:\/\/demoweb.info\/sexshop001\/producto\/juego-chocaddict-es-en\/\" \/>\n<meta property=\"og:site_name\" content=\"Tienda Er\u00f3tica\" \/>\n<meta property=\"article:modified_time\" content=\"2022-01-22T08:57:28+00:00\" \/>\n<meta property=\"og:image\" content=\"https:\/\/demoweb.info\/sexshop001\/wp-content\/uploads\/2022\/01\/JUEGO-CHOCADDICT-ESEN.jpg\" \/>\n\t<meta property=\"og:image:width\" content=\"550\" \/>\n\t<meta property=\"og:image:height\" content=\"550\" \/>\n\t<meta property=\"og:image:type\" content=\"image\/jpeg\" \/>\n<meta name=\"twitter:card\" content=\"summary_large_image\" \/>\n<meta name=\"twitter:label1\" content=\"Tiempo de lectura\" \/>\n\t<meta name=\"twitter:data1\" content=\"1 minuto\" \/>\n<script type=\"application\/ld+json\" class=\"yoast-schema-graph\">{\"@context\":\"https:\/\/schema.org\",\"@graph\":[{\"@type\":\"WebPage\",\"@id\":\"https:\/\/demoweb.info\/sexshop001\/producto\/juego-chocaddict-es-en\/\",\"url\":\"https:\/\/demoweb.info\/sexshop001\/producto\/juego-chocaddict-es-en\/\",\"name\":\"JUEGO CHOCADDICT (ES\/EN) - Tienda Er\u00f3tica\",\"isPartOf\":{\"@id\":\"https:\/\/demoweb.info\/sexshop001\/#website\"},\"datePublished\":\"2022-01-22T08:57:23+00:00\",\"dateModified\":\"2022-01-22T08:57:28+00:00\",\"breadcrumb\":{\"@id\":\"https:\/\/demoweb.info\/sexshop001\/producto\/juego-chocaddict-es-en\/#breadcrumb\"},\"inLanguage\":\"es\",\"potentialAction\":[{\"@type\":\"ReadAction\",\"target\":[\"https:\/\/demoweb.info\/sexshop001\/producto\/juego-chocaddict-es-en\/\"]}]},{\"@type\":\"BreadcrumbList\",\"@id\":\"https:\/\/demoweb.info\/sexshop001\/producto\/juego-chocaddict-es-en\/#breadcrumb\",\"itemListElement\":[{\"@type\":\"ListItem\",\"position\":1,\"name\":\"Portada\",\"item\":\"https:\/\/demoweb.info\/sexshop001\/\"},{\"@type\":\"ListItem\",\"position\":2,\"name\":\"Tienda\",\"item\":\"https:\/\/demoweb.info\/sexshop001\/tienda\/\"},{\"@type\":\"ListItem\",\"position\":3,\"name\":\"JUEGO CHOCADDICT (ES\/EN)\"}]},{\"@type\":\"WebSite\",\"@id\":\"https:\/\/demoweb.info\/sexshop001\/#website\",\"url\":\"https:\/\/demoweb.info\/sexshop001\/\",\"name\":\"Tienda Er\u00f3tica\",\"description\":\"DEMOWEB SL\",\"potentialAction\":[{\"@type\":\"SearchAction\",\"target\":{\"@type\":\"EntryPoint\",\"urlTemplate\":\"https:\/\/demoweb.info\/sexshop001\/?s={search_term_string}\"},\"query-input\":\"required name=search_term_string\"}],\"inLanguage\":\"es\"}]}<\/script>\n<!-- \/ Yoast SEO plugin. -->","yoast_head_json":{"title":"JUEGO CHOCADDICT (ES\/EN) - Tienda Er\u00f3tica","robots":{"index":"noindex","follow":"follow","max-snippet":"max-snippet:-1","max-image-preview":"max-image-preview:large","max-video-preview":"max-video-preview:-1"},"og_locale":"es_ES","og_type":"article","og_title":"JUEGO CHOCADDICT (ES\/EN) - Tienda Er\u00f3tica","og_description":"JUEGO CHOCADDICT (ES\/EN) Contiene: 40 tarjetas prueba 1 Venda 1 Body Pen chocolate Reglas del juego: El juego consta de","og_url":"https:\/\/demoweb.info\/sexshop001\/producto\/juego-chocaddict-es-en\/","og_site_name":"Tienda Er\u00f3tica","article_modified_time":"2022-01-22T08:57:28+00:00","og_image":[{"width":550,"height":550,"url":"https:\/\/demoweb.info\/sexshop001\/wp-content\/uploads\/2022\/01\/JUEGO-CHOCADDICT-ESEN.jpg","type":"image\/jpeg"}],"twitter_card":"summary_large_image","twitter_misc":{"Tiempo de lectura":"1 minuto"},"schema":{"@context":"https:\/\/schema.org","@graph":[{"@type":"WebPage","@id":"https:\/\/demoweb.info\/sexshop001\/producto\/juego-chocaddict-es-en\/","url":"https:\/\/demoweb.info\/sexshop001\/producto\/juego-chocaddict-es-en\/","name":"JUEGO CHOCADDICT (ES\/EN) - Tienda Er\u00f3tica","isPartOf":{"@id":"https:\/\/demoweb.info\/sexshop001\/#website"},"datePublished":"2022-01-22T08:57:23+00:00","dateModified":"2022-01-22T08:57:28+00:00","breadcrumb":{"@id":"https:\/\/demoweb.info\/sexshop001\/producto\/juego-chocaddict-es-en\/#breadcrumb"},"inLanguage":"es","potentialAction":[{"@type":"ReadAction","target":["https:\/\/demoweb.info\/sexshop001\/producto\/juego-chocaddict-es-en\/"]}]},{"@type":"BreadcrumbList","@id":"https:\/\/demoweb.info\/sexshop001\/producto\/juego-chocaddict-es-en\/#breadcrumb","itemListElement":[{"@type":"ListItem","position":1,"name":"Portada","item":"https:\/\/demoweb.info\/sexshop001\/"},{"@type":"ListItem","position":2,"name":"Tienda","item":"https:\/\/demoweb.info\/sexshop001\/tienda\/"},{"@type":"ListItem","position":3,"name":"JUEGO CHOCADDICT (ES\/EN)"}]},{"@type":"WebSite","@id":"https:\/\/demoweb.info\/sexshop001\/#website","url":"https:\/\/demoweb.info\/sexshop001\/","name":"Tienda Er\u00f3tica","description":"DEMOWEB SL","potentialAction":[{"@type":"SearchAction","target":{"@type":"EntryPoint","urlTemplate":"https:\/\/demoweb.info\/sexshop001\/?s={search_term_string}"},"query-input":"required name=search_term_string"}],"inLanguage":"es"}]}},"_links":{"self":[{"href":"https:\/\/demoweb.info\/sexshop001\/wp-json\/wp\/v3\/product\/11340","targetHints":{"allow":["GET"]}}],"collection":[{"href":"https:\/\/demoweb.info\/sexshop001\/wp-json\/wp\/v3\/product"}],"about":[{"href":"https:\/\/demoweb.info\/sexshop001\/wp-json\/wp\/v2\/types\/product"}],"replies":[{"embeddable":true,"href":"https:\/\/demoweb.info\/sexshop001\/wp-json\/wp\/v2\/comments?post=11340"}],"wp:featuredmedia":[{"embeddable":true,"href":"https:\/\/demoweb.info\/sexshop001\/wp-json\/wp\/v2\/media\/11341"}],"wp:attachment":[{"href":"https:\/\/demoweb.info\/sexshop001\/wp-json\/wp\/v2\/media?parent=11340"}],"wp:term":[{"taxonomy":"product_cat","embeddable":true,"href":"https:\/\/demoweb.info\/sexshop001\/wp-json\/wp\/v2\/product_cat?post=11340"},{"taxonomy":"product_tag","embeddable":true,"href":"https:\/\/demoweb.info\/sexshop001\/wp-json\/wp\/v2\/product_tag?post=11340"}],"curies":[{"name":"wp","href":"https:\/\/api.w.org\/{rel}","templated":true}]}}