{"id":11336,"date":"2022-01-22T09:57:23","date_gmt":"2022-01-22T08:57:23","guid":{"rendered":"https:\/\/demoweb.info\/sexshop001\/producto\/mi-deseo-depende-de-mi\/"},"modified":"2022-01-22T09:57:27","modified_gmt":"2022-01-22T08:57:27","slug":"mi-deseo-depende-de-mi","status":"publish","type":"product","link":"https:\/\/demoweb.info\/sexshop001\/producto\/mi-deseo-depende-de-mi\/","title":{"rendered":"MI DESEO DEPENDE DE M\u00cd"},"content":{"rendered":"<p><strong>MI DESEO DEPENDE DE M\u00cd <\/strong><\/p>\n<p>Eva Moreno.<\/p>\n<p><strong>El manual sexual para la mujer que ha decidido mirarse al espejo desnuda y tomar las riendas de su placer.<\/strong><\/p>\n<p>Si en<em>Mi deseo depende de m\u00ed<\/em> esperas encontrar una f\u00f3rmula m\u00e1gica y \u00fanica que reavive tu deseo sexual, o que te convierta en la mujer salvaje que siempre has querido ser, m\u00e1s vale que no sigas leyendo. La inventora del concepto y de las reuniones de Tapersex ha llegado para mostrarte el gran abanico de posibilidades que se abre ante la masturbaci\u00f3n femenina. Sin embargo, quien tiene el deseo en sus manos eres t\u00fa. \u00a1Nunca es tarde para empezar!<\/p>\n<p>Durante mucho tiempo, nos han ense\u00f1ado a marcarnos unas expectativas innecesariamente altas -o incluso irreales- que nos alejan del placer, pero tambi\u00e9n de nuestro propio cuerpo. Pasamos \u00e9pocas en las que el sexo ocupa cada uno de nuestros pensamientos, y otras, que la apat\u00eda es casi total. Por ello, es primordial construir un modelo propio de sexualidad imperfecta.<\/p>\n<p>Con un estilo fresco y desenfadado, Eva Moreno trata de dar respuestas -pero sobre todo de generar preguntas- entorno a la sexualidad y al orgasmo, tanto en solitario como en pareja. \u00bfY si ha llegado la hora de considerar tus genitales como una parte del cuerpo que te empodera y te hace m\u00e1s fuerte?<\/p>\n<ul>\n<li>N&ordm; de p\u00e1ginas: 320 p\u00e1gs.<\/li>\n<li>Encuadernaci\u00f3n: Tapa blanda<\/li>\n<\/ul>\n","protected":false},"excerpt":{"rendered":"<p>MI DESEO DEPENDE DE M\u00cd Eva Moreno. El manual sexual para la mujer que ha decidido mirarse al espejo desnuda<\/p>\n","protected":false},"featured_media":11337,"comment_status":"open","ping_status":"open","template":"","meta":[],"product_cat":[414],"product_tag":[416],"class_list":["post-11336","product","type-product","status-publish","has-post-thumbnail","hentry","product_cat-libros","product_tag-grijalbo"],"bundled_by":[],"bundle_stock_status":"instock","bundle_stock_quantity":3,"bundle_virtual":false,"bundle_layout":"","bundle_add_to_cart_form_location":"","bundle_editable_in_cart":false,"bundle_sold_individually_context":"","bundle_item_grouping":"","bundle_min_size":"","bundle_max_size":"","bundled_items":[],"yoast_head":"<!-- This site is optimized with the Yoast SEO plugin v20.6 - https:\/\/yoast.com\/wordpress\/plugins\/seo\/ -->\n<title>MI DESEO DEPENDE DE M\u00cd - Tienda Er\u00f3tica<\/title>\n<meta name=\"robots\" content=\"noindex, follow, max-snippet:-1, max-image-preview:large, max-video-preview:-1\" \/>\n<meta property=\"og:locale\" content=\"es_ES\" \/>\n<meta property=\"og:type\" content=\"article\" \/>\n<meta property=\"og:title\" content=\"MI DESEO DEPENDE DE M\u00cd - Tienda Er\u00f3tica\" \/>\n<meta property=\"og:description\" content=\"MI DESEO DEPENDE DE M\u00cd Eva Moreno. El manual sexual para la mujer que ha decidido mirarse al espejo desnuda\" \/>\n<meta property=\"og:url\" content=\"https:\/\/demoweb.info\/sexshop001\/producto\/mi-deseo-depende-de-mi\/\" \/>\n<meta property=\"og:site_name\" content=\"Tienda Er\u00f3tica\" \/>\n<meta property=\"article:modified_time\" content=\"2022-01-22T08:57:27+00:00\" \/>\n<meta property=\"og:image\" content=\"https:\/\/demoweb.info\/sexshop001\/wp-content\/uploads\/2022\/01\/MI-DESEO-DEPENDE-DE-MI.jpg\" \/>\n\t<meta property=\"og:image:width\" content=\"550\" \/>\n\t<meta property=\"og:image:height\" content=\"550\" \/>\n\t<meta property=\"og:image:type\" content=\"image\/jpeg\" \/>\n<meta name=\"twitter:card\" content=\"summary_large_image\" \/>\n<meta name=\"twitter:label1\" content=\"Tiempo de lectura\" \/>\n\t<meta name=\"twitter:data1\" content=\"1 minuto\" \/>\n<script type=\"application\/ld+json\" class=\"yoast-schema-graph\">{\"@context\":\"https:\/\/schema.org\",\"@graph\":[{\"@type\":\"WebPage\",\"@id\":\"https:\/\/demoweb.info\/sexshop001\/producto\/mi-deseo-depende-de-mi\/\",\"url\":\"https:\/\/demoweb.info\/sexshop001\/producto\/mi-deseo-depende-de-mi\/\",\"name\":\"MI DESEO DEPENDE DE M\u00cd - Tienda Er\u00f3tica\",\"isPartOf\":{\"@id\":\"https:\/\/demoweb.info\/sexshop001\/#website\"},\"datePublished\":\"2022-01-22T08:57:23+00:00\",\"dateModified\":\"2022-01-22T08:57:27+00:00\",\"breadcrumb\":{\"@id\":\"https:\/\/demoweb.info\/sexshop001\/producto\/mi-deseo-depende-de-mi\/#breadcrumb\"},\"inLanguage\":\"es\",\"potentialAction\":[{\"@type\":\"ReadAction\",\"target\":[\"https:\/\/demoweb.info\/sexshop001\/producto\/mi-deseo-depende-de-mi\/\"]}]},{\"@type\":\"BreadcrumbList\",\"@id\":\"https:\/\/demoweb.info\/sexshop001\/producto\/mi-deseo-depende-de-mi\/#breadcrumb\",\"itemListElement\":[{\"@type\":\"ListItem\",\"position\":1,\"name\":\"Portada\",\"item\":\"https:\/\/demoweb.info\/sexshop001\/\"},{\"@type\":\"ListItem\",\"position\":2,\"name\":\"Tienda\",\"item\":\"https:\/\/demoweb.info\/sexshop001\/tienda\/\"},{\"@type\":\"ListItem\",\"position\":3,\"name\":\"MI DESEO DEPENDE DE M\u00cd\"}]},{\"@type\":\"WebSite\",\"@id\":\"https:\/\/demoweb.info\/sexshop001\/#website\",\"url\":\"https:\/\/demoweb.info\/sexshop001\/\",\"name\":\"Tienda Er\u00f3tica\",\"description\":\"DEMOWEB SL\",\"potentialAction\":[{\"@type\":\"SearchAction\",\"target\":{\"@type\":\"EntryPoint\",\"urlTemplate\":\"https:\/\/demoweb.info\/sexshop001\/?s={search_term_string}\"},\"query-input\":\"required name=search_term_string\"}],\"inLanguage\":\"es\"}]}<\/script>\n<!-- \/ Yoast SEO plugin. -->","yoast_head_json":{"title":"MI DESEO DEPENDE DE M\u00cd - Tienda Er\u00f3tica","robots":{"index":"noindex","follow":"follow","max-snippet":"max-snippet:-1","max-image-preview":"max-image-preview:large","max-video-preview":"max-video-preview:-1"},"og_locale":"es_ES","og_type":"article","og_title":"MI DESEO DEPENDE DE M\u00cd - Tienda Er\u00f3tica","og_description":"MI DESEO DEPENDE DE M\u00cd Eva Moreno. El manual sexual para la mujer que ha decidido mirarse al espejo desnuda","og_url":"https:\/\/demoweb.info\/sexshop001\/producto\/mi-deseo-depende-de-mi\/","og_site_name":"Tienda Er\u00f3tica","article_modified_time":"2022-01-22T08:57:27+00:00","og_image":[{"width":550,"height":550,"url":"https:\/\/demoweb.info\/sexshop001\/wp-content\/uploads\/2022\/01\/MI-DESEO-DEPENDE-DE-MI.jpg","type":"image\/jpeg"}],"twitter_card":"summary_large_image","twitter_misc":{"Tiempo de lectura":"1 minuto"},"schema":{"@context":"https:\/\/schema.org","@graph":[{"@type":"WebPage","@id":"https:\/\/demoweb.info\/sexshop001\/producto\/mi-deseo-depende-de-mi\/","url":"https:\/\/demoweb.info\/sexshop001\/producto\/mi-deseo-depende-de-mi\/","name":"MI DESEO DEPENDE DE M\u00cd - Tienda Er\u00f3tica","isPartOf":{"@id":"https:\/\/demoweb.info\/sexshop001\/#website"},"datePublished":"2022-01-22T08:57:23+00:00","dateModified":"2022-01-22T08:57:27+00:00","breadcrumb":{"@id":"https:\/\/demoweb.info\/sexshop001\/producto\/mi-deseo-depende-de-mi\/#breadcrumb"},"inLanguage":"es","potentialAction":[{"@type":"ReadAction","target":["https:\/\/demoweb.info\/sexshop001\/producto\/mi-deseo-depende-de-mi\/"]}]},{"@type":"BreadcrumbList","@id":"https:\/\/demoweb.info\/sexshop001\/producto\/mi-deseo-depende-de-mi\/#breadcrumb","itemListElement":[{"@type":"ListItem","position":1,"name":"Portada","item":"https:\/\/demoweb.info\/sexshop001\/"},{"@type":"ListItem","position":2,"name":"Tienda","item":"https:\/\/demoweb.info\/sexshop001\/tienda\/"},{"@type":"ListItem","position":3,"name":"MI DESEO DEPENDE DE M\u00cd"}]},{"@type":"WebSite","@id":"https:\/\/demoweb.info\/sexshop001\/#website","url":"https:\/\/demoweb.info\/sexshop001\/","name":"Tienda Er\u00f3tica","description":"DEMOWEB SL","potentialAction":[{"@type":"SearchAction","target":{"@type":"EntryPoint","urlTemplate":"https:\/\/demoweb.info\/sexshop001\/?s={search_term_string}"},"query-input":"required name=search_term_string"}],"inLanguage":"es"}]}},"_links":{"self":[{"href":"https:\/\/demoweb.info\/sexshop001\/wp-json\/wp\/v3\/product\/11336","targetHints":{"allow":["GET"]}}],"collection":[{"href":"https:\/\/demoweb.info\/sexshop001\/wp-json\/wp\/v3\/product"}],"about":[{"href":"https:\/\/demoweb.info\/sexshop001\/wp-json\/wp\/v2\/types\/product"}],"replies":[{"embeddable":true,"href":"https:\/\/demoweb.info\/sexshop001\/wp-json\/wp\/v2\/comments?post=11336"}],"wp:featuredmedia":[{"embeddable":true,"href":"https:\/\/demoweb.info\/sexshop001\/wp-json\/wp\/v2\/media\/11337"}],"wp:attachment":[{"href":"https:\/\/demoweb.info\/sexshop001\/wp-json\/wp\/v2\/media?parent=11336"}],"wp:term":[{"taxonomy":"product_cat","embeddable":true,"href":"https:\/\/demoweb.info\/sexshop001\/wp-json\/wp\/v2\/product_cat?post=11336"},{"taxonomy":"product_tag","embeddable":true,"href":"https:\/\/demoweb.info\/sexshop001\/wp-json\/wp\/v2\/product_tag?post=11336"}],"curies":[{"name":"wp","href":"https:\/\/api.w.org\/{rel}","templated":true}]}}