{"id":11316,"date":"2022-01-22T09:57:00","date_gmt":"2022-01-22T08:57:00","guid":{"rendered":"https:\/\/demoweb.info\/sexshop001\/producto\/control-preservativos-non-spot-punto-y-estrias-12uds\/"},"modified":"2022-01-22T09:57:18","modified_gmt":"2022-01-22T08:57:18","slug":"control-preservativos-non-spot-punto-y-estrias-12uds","status":"publish","type":"product","link":"https:\/\/demoweb.info\/sexshop001\/producto\/control-preservativos-non-spot-punto-y-estrias-12uds\/","title":{"rendered":"CONTROL PRESERVATIVOS NON SPOT PUNTO Y ESTR\u00cdAS &#8211; 12UDS"},"content":{"rendered":"<p><strong>CONTROL NON STOP DOTS &#038; LINES 12 UDS<\/strong><\/p>\n<p>Preservativos Control Non Stop. Placer para ambos.<\/p>\n<p>Non Stop es el preservativo pensado para quienes buscan algo m\u00e1s en una relaci\u00f3n.<\/p>\n<p>Con puntos  y estr\u00edas en la parte externa para ofrecer sensaciones m\u00e1s intensas y lubricaci\u00f3n con benzoca\u00edna en la parte interna, para facilitar relaciones m\u00e1s prolongadas.<\/p>\n<ul>\n<li>FORMATO: 12 uds<\/li>\n<li>MATERIAL: L\u00e1tex natural<\/li>\n<li>COLOR: Transparente<\/li>\n<li>CARACTER\u00cdSTICAS: Lubricaci\u00f3n interna con benzoca\u00edna; con relieves y estr\u00edas<\/li>\n<li>EFECTO: Estimulaci\u00f3n extra, efecto retardante<\/li>\n<li>LUBRICACI\u00d3N: Est\u00e1ndar, base silicona<\/li>\n<li>FORMA: Anat\u00f3mica Adapta<\/li>\n<li>GROSOR:  0,10 mm<\/li>\n<li>LARGO: 193 mm<\/li>\n<li>ANCHO: 53 mm\n\t <\/li>\n<\/ul>\n","protected":false},"excerpt":{"rendered":"<p>CONTROL NON STOP DOTS &#038; LINES 12 UDS Preservativos Control Non Stop. Placer para ambos. Non Stop es el preservativo<\/p>\n","protected":false},"featured_media":11317,"comment_status":"open","ping_status":"open","template":"","meta":[],"product_cat":[395],"product_tag":[604],"class_list":["post-11316","product","type-product","status-publish","has-post-thumbnail","hentry","product_cat-sensitivos","product_tag-control"],"bundled_by":[],"bundle_stock_status":"instock","bundle_stock_quantity":22,"bundle_virtual":false,"bundle_layout":"","bundle_add_to_cart_form_location":"","bundle_editable_in_cart":false,"bundle_sold_individually_context":"","bundle_item_grouping":"","bundle_min_size":"","bundle_max_size":"","bundled_items":[],"yoast_head":"<!-- This site is optimized with the Yoast SEO plugin v20.6 - https:\/\/yoast.com\/wordpress\/plugins\/seo\/ -->\n<title>CONTROL PRESERVATIVOS NON SPOT PUNTO Y ESTR\u00cdAS - 12UDS - Tienda Er\u00f3tica<\/title>\n<meta name=\"robots\" content=\"noindex, follow, max-snippet:-1, max-image-preview:large, max-video-preview:-1\" \/>\n<meta property=\"og:locale\" content=\"es_ES\" \/>\n<meta property=\"og:type\" content=\"article\" \/>\n<meta property=\"og:title\" content=\"CONTROL PRESERVATIVOS NON SPOT PUNTO Y ESTR\u00cdAS - 12UDS - Tienda Er\u00f3tica\" \/>\n<meta property=\"og:description\" content=\"CONTROL NON STOP DOTS &#038; LINES 12 UDS Preservativos Control Non Stop. Placer para ambos. Non Stop es el preservativo\" \/>\n<meta property=\"og:url\" content=\"https:\/\/demoweb.info\/sexshop001\/producto\/control-preservativos-non-spot-punto-y-estrias-12uds\/\" \/>\n<meta property=\"og:site_name\" content=\"Tienda Er\u00f3tica\" \/>\n<meta property=\"article:modified_time\" content=\"2022-01-22T08:57:18+00:00\" \/>\n<meta property=\"og:image\" content=\"https:\/\/demoweb.info\/sexshop001\/wp-content\/uploads\/2022\/01\/CONTROL-PRESERVATIVOS-NON-SPOT-PUNTO-Y-ESTRIAS-12UDS.jpg\" \/>\n\t<meta property=\"og:image:width\" content=\"550\" \/>\n\t<meta property=\"og:image:height\" content=\"550\" \/>\n\t<meta property=\"og:image:type\" content=\"image\/jpeg\" \/>\n<meta name=\"twitter:card\" content=\"summary_large_image\" \/>\n<meta name=\"twitter:label1\" content=\"Tiempo de lectura\" \/>\n\t<meta name=\"twitter:data1\" content=\"1 minuto\" \/>\n<script type=\"application\/ld+json\" class=\"yoast-schema-graph\">{\"@context\":\"https:\/\/schema.org\",\"@graph\":[{\"@type\":\"WebPage\",\"@id\":\"https:\/\/demoweb.info\/sexshop001\/producto\/control-preservativos-non-spot-punto-y-estrias-12uds\/\",\"url\":\"https:\/\/demoweb.info\/sexshop001\/producto\/control-preservativos-non-spot-punto-y-estrias-12uds\/\",\"name\":\"CONTROL PRESERVATIVOS NON SPOT PUNTO Y ESTR\u00cdAS - 12UDS - Tienda Er\u00f3tica\",\"isPartOf\":{\"@id\":\"https:\/\/demoweb.info\/sexshop001\/#website\"},\"datePublished\":\"2022-01-22T08:57:00+00:00\",\"dateModified\":\"2022-01-22T08:57:18+00:00\",\"breadcrumb\":{\"@id\":\"https:\/\/demoweb.info\/sexshop001\/producto\/control-preservativos-non-spot-punto-y-estrias-12uds\/#breadcrumb\"},\"inLanguage\":\"es\",\"potentialAction\":[{\"@type\":\"ReadAction\",\"target\":[\"https:\/\/demoweb.info\/sexshop001\/producto\/control-preservativos-non-spot-punto-y-estrias-12uds\/\"]}]},{\"@type\":\"BreadcrumbList\",\"@id\":\"https:\/\/demoweb.info\/sexshop001\/producto\/control-preservativos-non-spot-punto-y-estrias-12uds\/#breadcrumb\",\"itemListElement\":[{\"@type\":\"ListItem\",\"position\":1,\"name\":\"Portada\",\"item\":\"https:\/\/demoweb.info\/sexshop001\/\"},{\"@type\":\"ListItem\",\"position\":2,\"name\":\"Tienda\",\"item\":\"https:\/\/demoweb.info\/sexshop001\/tienda\/\"},{\"@type\":\"ListItem\",\"position\":3,\"name\":\"CONTROL PRESERVATIVOS NON SPOT PUNTO Y ESTR\u00cdAS &#8211; 12UDS\"}]},{\"@type\":\"WebSite\",\"@id\":\"https:\/\/demoweb.info\/sexshop001\/#website\",\"url\":\"https:\/\/demoweb.info\/sexshop001\/\",\"name\":\"Tienda Er\u00f3tica\",\"description\":\"DEMOWEB SL\",\"potentialAction\":[{\"@type\":\"SearchAction\",\"target\":{\"@type\":\"EntryPoint\",\"urlTemplate\":\"https:\/\/demoweb.info\/sexshop001\/?s={search_term_string}\"},\"query-input\":\"required name=search_term_string\"}],\"inLanguage\":\"es\"}]}<\/script>\n<!-- \/ Yoast SEO plugin. -->","yoast_head_json":{"title":"CONTROL PRESERVATIVOS NON SPOT PUNTO Y ESTR\u00cdAS - 12UDS - Tienda Er\u00f3tica","robots":{"index":"noindex","follow":"follow","max-snippet":"max-snippet:-1","max-image-preview":"max-image-preview:large","max-video-preview":"max-video-preview:-1"},"og_locale":"es_ES","og_type":"article","og_title":"CONTROL PRESERVATIVOS NON SPOT PUNTO Y ESTR\u00cdAS - 12UDS - Tienda Er\u00f3tica","og_description":"CONTROL NON STOP DOTS &#038; LINES 12 UDS Preservativos Control Non Stop. Placer para ambos. Non Stop es el preservativo","og_url":"https:\/\/demoweb.info\/sexshop001\/producto\/control-preservativos-non-spot-punto-y-estrias-12uds\/","og_site_name":"Tienda Er\u00f3tica","article_modified_time":"2022-01-22T08:57:18+00:00","og_image":[{"width":550,"height":550,"url":"https:\/\/demoweb.info\/sexshop001\/wp-content\/uploads\/2022\/01\/CONTROL-PRESERVATIVOS-NON-SPOT-PUNTO-Y-ESTRIAS-12UDS.jpg","type":"image\/jpeg"}],"twitter_card":"summary_large_image","twitter_misc":{"Tiempo de lectura":"1 minuto"},"schema":{"@context":"https:\/\/schema.org","@graph":[{"@type":"WebPage","@id":"https:\/\/demoweb.info\/sexshop001\/producto\/control-preservativos-non-spot-punto-y-estrias-12uds\/","url":"https:\/\/demoweb.info\/sexshop001\/producto\/control-preservativos-non-spot-punto-y-estrias-12uds\/","name":"CONTROL PRESERVATIVOS NON SPOT PUNTO Y ESTR\u00cdAS - 12UDS - Tienda Er\u00f3tica","isPartOf":{"@id":"https:\/\/demoweb.info\/sexshop001\/#website"},"datePublished":"2022-01-22T08:57:00+00:00","dateModified":"2022-01-22T08:57:18+00:00","breadcrumb":{"@id":"https:\/\/demoweb.info\/sexshop001\/producto\/control-preservativos-non-spot-punto-y-estrias-12uds\/#breadcrumb"},"inLanguage":"es","potentialAction":[{"@type":"ReadAction","target":["https:\/\/demoweb.info\/sexshop001\/producto\/control-preservativos-non-spot-punto-y-estrias-12uds\/"]}]},{"@type":"BreadcrumbList","@id":"https:\/\/demoweb.info\/sexshop001\/producto\/control-preservativos-non-spot-punto-y-estrias-12uds\/#breadcrumb","itemListElement":[{"@type":"ListItem","position":1,"name":"Portada","item":"https:\/\/demoweb.info\/sexshop001\/"},{"@type":"ListItem","position":2,"name":"Tienda","item":"https:\/\/demoweb.info\/sexshop001\/tienda\/"},{"@type":"ListItem","position":3,"name":"CONTROL PRESERVATIVOS NON SPOT PUNTO Y ESTR\u00cdAS &#8211; 12UDS"}]},{"@type":"WebSite","@id":"https:\/\/demoweb.info\/sexshop001\/#website","url":"https:\/\/demoweb.info\/sexshop001\/","name":"Tienda Er\u00f3tica","description":"DEMOWEB SL","potentialAction":[{"@type":"SearchAction","target":{"@type":"EntryPoint","urlTemplate":"https:\/\/demoweb.info\/sexshop001\/?s={search_term_string}"},"query-input":"required name=search_term_string"}],"inLanguage":"es"}]}},"_links":{"self":[{"href":"https:\/\/demoweb.info\/sexshop001\/wp-json\/wp\/v3\/product\/11316","targetHints":{"allow":["GET"]}}],"collection":[{"href":"https:\/\/demoweb.info\/sexshop001\/wp-json\/wp\/v3\/product"}],"about":[{"href":"https:\/\/demoweb.info\/sexshop001\/wp-json\/wp\/v2\/types\/product"}],"replies":[{"embeddable":true,"href":"https:\/\/demoweb.info\/sexshop001\/wp-json\/wp\/v2\/comments?post=11316"}],"wp:featuredmedia":[{"embeddable":true,"href":"https:\/\/demoweb.info\/sexshop001\/wp-json\/wp\/v2\/media\/11317"}],"wp:attachment":[{"href":"https:\/\/demoweb.info\/sexshop001\/wp-json\/wp\/v2\/media?parent=11316"}],"wp:term":[{"taxonomy":"product_cat","embeddable":true,"href":"https:\/\/demoweb.info\/sexshop001\/wp-json\/wp\/v2\/product_cat?post=11316"},{"taxonomy":"product_tag","embeddable":true,"href":"https:\/\/demoweb.info\/sexshop001\/wp-json\/wp\/v2\/product_tag?post=11316"}],"curies":[{"name":"wp","href":"https:\/\/api.w.org\/{rel}","templated":true}]}}