{"id":11307,"date":"2022-01-22T09:57:00","date_gmt":"2022-01-22T08:57:00","guid":{"rendered":"https:\/\/demoweb.info\/sexshop001\/producto\/fetish-fantasy-extreme-cinturon-de-castidad-extremo\/"},"modified":"2022-01-22T09:57:15","modified_gmt":"2022-01-22T08:57:15","slug":"fetish-fantasy-extreme-cinturon-de-castidad-extremo","status":"publish","type":"product","link":"https:\/\/demoweb.info\/sexshop001\/producto\/fetish-fantasy-extreme-cinturon-de-castidad-extremo\/","title":{"rendered":"FETISH FANTASY EXTREME CINTURON DE CASTIDAD EXTREMO"},"content":{"rendered":"<p><font size=&quot;1&quot;><b>FETISH FANTASY EXTREME EXTREME CHASTITY BELT.<\/b><\/p>\n<p>Guarde bajo llave a los chicos malos con este cintur\u00f3n de castidad extremo. Hecho de metal de alta calidad y se cierra con un cierre de seguridad, esta jaula mantendr\u00e1 el pene de tu sujeto tras las rejas hasta que decidas cu\u00e1ndo es un buen momento para liberarlo. La cinturilla que va unida a la jaula se puede ajustar para adaptarse a la mayor\u00eda de los tama\u00f1os. \u00a1Empieza a explorar tus fantas\u00edas de dominaci\u00f3n m\u00e1s salvajes!<br \/>\n<\/font><\/p>\n","protected":false},"excerpt":{"rendered":"<p>FETISH FANTASY EXTREME EXTREME CHASTITY BELT. Guarde bajo llave a los chicos malos con este cintur\u00f3n de castidad extremo. Hecho<\/p>\n","protected":false},"featured_media":11308,"comment_status":"open","ping_status":"open","template":"","meta":[],"product_cat":[305],"product_tag":[581,259],"class_list":["post-11307","product","type-product","status-publish","has-post-thumbnail","hentry","product_cat-castidad","product_tag-fetish-fantasy-extreme","product_tag-pipedream"],"bundled_by":[],"bundle_stock_status":"instock","bundle_stock_quantity":2,"bundle_virtual":false,"bundle_layout":"","bundle_add_to_cart_form_location":"","bundle_editable_in_cart":false,"bundle_sold_individually_context":"","bundle_item_grouping":"","bundle_min_size":"","bundle_max_size":"","bundled_items":[],"yoast_head":"<!-- This site is optimized with the Yoast SEO plugin v20.6 - https:\/\/yoast.com\/wordpress\/plugins\/seo\/ -->\n<title>FETISH FANTASY EXTREME CINTURON DE CASTIDAD EXTREMO - Tienda Er\u00f3tica<\/title>\n<meta name=\"robots\" content=\"noindex, follow, max-snippet:-1, max-image-preview:large, max-video-preview:-1\" \/>\n<meta property=\"og:locale\" content=\"es_ES\" \/>\n<meta property=\"og:type\" content=\"article\" \/>\n<meta property=\"og:title\" content=\"FETISH FANTASY EXTREME CINTURON DE CASTIDAD EXTREMO - Tienda Er\u00f3tica\" \/>\n<meta property=\"og:description\" content=\"FETISH FANTASY EXTREME EXTREME CHASTITY BELT. Guarde bajo llave a los chicos malos con este cintur\u00f3n de castidad extremo. Hecho\" \/>\n<meta property=\"og:url\" content=\"https:\/\/demoweb.info\/sexshop001\/producto\/fetish-fantasy-extreme-cinturon-de-castidad-extremo\/\" \/>\n<meta property=\"og:site_name\" content=\"Tienda Er\u00f3tica\" \/>\n<meta property=\"article:modified_time\" content=\"2022-01-22T08:57:15+00:00\" \/>\n<meta property=\"og:image\" content=\"https:\/\/demoweb.info\/sexshop001\/wp-content\/uploads\/2022\/01\/FETISH-FANTASY-EXTREME-CINTURON-DE-CASTIDAD-EXTREMO.jpg\" \/>\n\t<meta property=\"og:image:width\" content=\"550\" \/>\n\t<meta property=\"og:image:height\" content=\"550\" \/>\n\t<meta property=\"og:image:type\" content=\"image\/jpeg\" \/>\n<meta name=\"twitter:card\" content=\"summary_large_image\" \/>\n<script type=\"application\/ld+json\" class=\"yoast-schema-graph\">{\"@context\":\"https:\/\/schema.org\",\"@graph\":[{\"@type\":\"WebPage\",\"@id\":\"https:\/\/demoweb.info\/sexshop001\/producto\/fetish-fantasy-extreme-cinturon-de-castidad-extremo\/\",\"url\":\"https:\/\/demoweb.info\/sexshop001\/producto\/fetish-fantasy-extreme-cinturon-de-castidad-extremo\/\",\"name\":\"FETISH FANTASY EXTREME CINTURON DE CASTIDAD EXTREMO - Tienda Er\u00f3tica\",\"isPartOf\":{\"@id\":\"https:\/\/demoweb.info\/sexshop001\/#website\"},\"datePublished\":\"2022-01-22T08:57:00+00:00\",\"dateModified\":\"2022-01-22T08:57:15+00:00\",\"breadcrumb\":{\"@id\":\"https:\/\/demoweb.info\/sexshop001\/producto\/fetish-fantasy-extreme-cinturon-de-castidad-extremo\/#breadcrumb\"},\"inLanguage\":\"es\",\"potentialAction\":[{\"@type\":\"ReadAction\",\"target\":[\"https:\/\/demoweb.info\/sexshop001\/producto\/fetish-fantasy-extreme-cinturon-de-castidad-extremo\/\"]}]},{\"@type\":\"BreadcrumbList\",\"@id\":\"https:\/\/demoweb.info\/sexshop001\/producto\/fetish-fantasy-extreme-cinturon-de-castidad-extremo\/#breadcrumb\",\"itemListElement\":[{\"@type\":\"ListItem\",\"position\":1,\"name\":\"Portada\",\"item\":\"https:\/\/demoweb.info\/sexshop001\/\"},{\"@type\":\"ListItem\",\"position\":2,\"name\":\"Tienda\",\"item\":\"https:\/\/demoweb.info\/sexshop001\/tienda\/\"},{\"@type\":\"ListItem\",\"position\":3,\"name\":\"FETISH FANTASY EXTREME CINTURON DE CASTIDAD EXTREMO\"}]},{\"@type\":\"WebSite\",\"@id\":\"https:\/\/demoweb.info\/sexshop001\/#website\",\"url\":\"https:\/\/demoweb.info\/sexshop001\/\",\"name\":\"Tienda Er\u00f3tica\",\"description\":\"DEMOWEB SL\",\"potentialAction\":[{\"@type\":\"SearchAction\",\"target\":{\"@type\":\"EntryPoint\",\"urlTemplate\":\"https:\/\/demoweb.info\/sexshop001\/?s={search_term_string}\"},\"query-input\":\"required name=search_term_string\"}],\"inLanguage\":\"es\"}]}<\/script>\n<!-- \/ Yoast SEO plugin. -->","yoast_head_json":{"title":"FETISH FANTASY EXTREME CINTURON DE CASTIDAD EXTREMO - Tienda Er\u00f3tica","robots":{"index":"noindex","follow":"follow","max-snippet":"max-snippet:-1","max-image-preview":"max-image-preview:large","max-video-preview":"max-video-preview:-1"},"og_locale":"es_ES","og_type":"article","og_title":"FETISH FANTASY EXTREME CINTURON DE CASTIDAD EXTREMO - Tienda Er\u00f3tica","og_description":"FETISH FANTASY EXTREME EXTREME CHASTITY BELT. Guarde bajo llave a los chicos malos con este cintur\u00f3n de castidad extremo. Hecho","og_url":"https:\/\/demoweb.info\/sexshop001\/producto\/fetish-fantasy-extreme-cinturon-de-castidad-extremo\/","og_site_name":"Tienda Er\u00f3tica","article_modified_time":"2022-01-22T08:57:15+00:00","og_image":[{"width":550,"height":550,"url":"https:\/\/demoweb.info\/sexshop001\/wp-content\/uploads\/2022\/01\/FETISH-FANTASY-EXTREME-CINTURON-DE-CASTIDAD-EXTREMO.jpg","type":"image\/jpeg"}],"twitter_card":"summary_large_image","schema":{"@context":"https:\/\/schema.org","@graph":[{"@type":"WebPage","@id":"https:\/\/demoweb.info\/sexshop001\/producto\/fetish-fantasy-extreme-cinturon-de-castidad-extremo\/","url":"https:\/\/demoweb.info\/sexshop001\/producto\/fetish-fantasy-extreme-cinturon-de-castidad-extremo\/","name":"FETISH FANTASY EXTREME CINTURON DE CASTIDAD EXTREMO - Tienda Er\u00f3tica","isPartOf":{"@id":"https:\/\/demoweb.info\/sexshop001\/#website"},"datePublished":"2022-01-22T08:57:00+00:00","dateModified":"2022-01-22T08:57:15+00:00","breadcrumb":{"@id":"https:\/\/demoweb.info\/sexshop001\/producto\/fetish-fantasy-extreme-cinturon-de-castidad-extremo\/#breadcrumb"},"inLanguage":"es","potentialAction":[{"@type":"ReadAction","target":["https:\/\/demoweb.info\/sexshop001\/producto\/fetish-fantasy-extreme-cinturon-de-castidad-extremo\/"]}]},{"@type":"BreadcrumbList","@id":"https:\/\/demoweb.info\/sexshop001\/producto\/fetish-fantasy-extreme-cinturon-de-castidad-extremo\/#breadcrumb","itemListElement":[{"@type":"ListItem","position":1,"name":"Portada","item":"https:\/\/demoweb.info\/sexshop001\/"},{"@type":"ListItem","position":2,"name":"Tienda","item":"https:\/\/demoweb.info\/sexshop001\/tienda\/"},{"@type":"ListItem","position":3,"name":"FETISH FANTASY EXTREME CINTURON DE CASTIDAD EXTREMO"}]},{"@type":"WebSite","@id":"https:\/\/demoweb.info\/sexshop001\/#website","url":"https:\/\/demoweb.info\/sexshop001\/","name":"Tienda Er\u00f3tica","description":"DEMOWEB SL","potentialAction":[{"@type":"SearchAction","target":{"@type":"EntryPoint","urlTemplate":"https:\/\/demoweb.info\/sexshop001\/?s={search_term_string}"},"query-input":"required name=search_term_string"}],"inLanguage":"es"}]}},"_links":{"self":[{"href":"https:\/\/demoweb.info\/sexshop001\/wp-json\/wp\/v3\/product\/11307","targetHints":{"allow":["GET"]}}],"collection":[{"href":"https:\/\/demoweb.info\/sexshop001\/wp-json\/wp\/v3\/product"}],"about":[{"href":"https:\/\/demoweb.info\/sexshop001\/wp-json\/wp\/v2\/types\/product"}],"replies":[{"embeddable":true,"href":"https:\/\/demoweb.info\/sexshop001\/wp-json\/wp\/v2\/comments?post=11307"}],"wp:featuredmedia":[{"embeddable":true,"href":"https:\/\/demoweb.info\/sexshop001\/wp-json\/wp\/v2\/media\/11308"}],"wp:attachment":[{"href":"https:\/\/demoweb.info\/sexshop001\/wp-json\/wp\/v2\/media?parent=11307"}],"wp:term":[{"taxonomy":"product_cat","embeddable":true,"href":"https:\/\/demoweb.info\/sexshop001\/wp-json\/wp\/v2\/product_cat?post=11307"},{"taxonomy":"product_tag","embeddable":true,"href":"https:\/\/demoweb.info\/sexshop001\/wp-json\/wp\/v2\/product_tag?post=11307"}],"curies":[{"name":"wp","href":"https:\/\/api.w.org\/{rel}","templated":true}]}}