{"id":11292,"date":"2022-01-22T09:57:00","date_gmt":"2022-01-22T08:57:00","guid":{"rendered":"https:\/\/demoweb.info\/sexshop001\/producto\/fetish-fantasy-succionador-de-clitoris-y-pechos-con-vibrador\/"},"modified":"2022-01-22T09:57:09","modified_gmt":"2022-01-22T08:57:09","slug":"fetish-fantasy-succionador-de-clitoris-y-pechos-con-vibrador","status":"publish","type":"product","link":"https:\/\/demoweb.info\/sexshop001\/producto\/fetish-fantasy-succionador-de-clitoris-y-pechos-con-vibrador\/","title":{"rendered":"FETISH FANTASY SUCCIONADOR DE CLITORIS Y PECHOS CON VIBRADOR"},"content":{"rendered":"<p><font size=&quot;1&quot;><b>FETISH FANTASY CLIT N TIT POWER PUMP.<\/b><br \/>\n<br \/>\n<BR><br \/>\nSeduce y satisface a tu cuerpo hasta nuevos l\u00edmites con este succionador! Dise\u00f1ado para una m\u00e1xima succi\u00f3n y vibraci\u00f3n, este juguete seguro que estimular\u00e1 tu punto m\u00e1s caliente! Simplemente coloque la copa de gelatina sobre el cl\u00edtoris o sobre tus pechos y pulsa el bot\u00f3n de encendido para una potente succi\u00f3n instant\u00e1nea! A continuaci\u00f3n, encienda la bala vibradora con el pr\u00e1ctico control remoto con cable y disfruta de vibraciones con varias velocidades!<\/p>\n<p>La diversi\u00f3n comienza con la c\u00e1mara de vac\u00edo y continua con el efecto de succi\u00f3n con solo pulsar un bot\u00f3n!<\/p>\n<p>La ventosa suave y de gelatina, se ajusta herm\u00e9ticamente sobre tu vagina o pecho, succionando y vibrando exactamente donde m\u00e1s lo necesitas. Una peque\u00f1a &quot;lengua&quot; que ondear\u00e1 al son de la vibraci\u00f3n, te har\u00e1 llegar al cl\u00edmax!<bR><br \/>\nSugerencia: A\u00f1ade un mont\u00f3n de lubricante para un encuentro salvaje y extra h\u00famedo!<\/p>\n<p>Mant\u00e9n tu tiempo de juego libre de enredos con el carrete que recoger\u00e1 el cable del control remoto cuando es el momento de descansar de la diversi\u00f3n.<\/p>\n<p>Medidas de la copa: 14 x 6 cm.<\/font><\/p>\n","protected":false},"excerpt":{"rendered":"<p>FETISH FANTASY CLIT N TIT POWER PUMP. Seduce y satisface a tu cuerpo hasta nuevos l\u00edmites con este succionador! Dise\u00f1ado<\/p>\n","protected":false},"featured_media":11293,"comment_status":"open","ping_status":"open","template":"","meta":[],"product_cat":[405],"product_tag":[581,259],"class_list":["post-11292","product","type-product","status-publish","has-post-thumbnail","hentry","product_cat-succionadores","product_tag-fetish-fantasy-extreme","product_tag-pipedream"],"bundled_by":[],"bundle_stock_status":"instock","bundle_stock_quantity":1,"bundle_virtual":false,"bundle_layout":"","bundle_add_to_cart_form_location":"","bundle_editable_in_cart":false,"bundle_sold_individually_context":"","bundle_item_grouping":"","bundle_min_size":"","bundle_max_size":"","bundled_items":[],"yoast_head":"<!-- This site is optimized with the Yoast SEO plugin v20.6 - https:\/\/yoast.com\/wordpress\/plugins\/seo\/ -->\n<title>FETISH FANTASY SUCCIONADOR DE CLITORIS Y PECHOS CON VIBRADOR - Tienda Er\u00f3tica<\/title>\n<meta name=\"robots\" content=\"noindex, follow, max-snippet:-1, max-image-preview:large, max-video-preview:-1\" \/>\n<meta property=\"og:locale\" content=\"es_ES\" \/>\n<meta property=\"og:type\" content=\"article\" \/>\n<meta property=\"og:title\" content=\"FETISH FANTASY SUCCIONADOR DE CLITORIS Y PECHOS CON VIBRADOR - Tienda Er\u00f3tica\" \/>\n<meta property=\"og:description\" content=\"FETISH FANTASY CLIT N TIT POWER PUMP. Seduce y satisface a tu cuerpo hasta nuevos l\u00edmites con este succionador! Dise\u00f1ado\" \/>\n<meta property=\"og:url\" content=\"https:\/\/demoweb.info\/sexshop001\/producto\/fetish-fantasy-succionador-de-clitoris-y-pechos-con-vibrador\/\" \/>\n<meta property=\"og:site_name\" content=\"Tienda Er\u00f3tica\" \/>\n<meta property=\"article:modified_time\" content=\"2022-01-22T08:57:09+00:00\" \/>\n<meta property=\"og:image\" content=\"https:\/\/demoweb.info\/sexshop001\/wp-content\/uploads\/2022\/01\/FETISH-FANTASY-SUCCIONADOR-DE-CLITORIS-Y-PECHOS-CON-VIBRADOR.jpg\" \/>\n\t<meta property=\"og:image:width\" content=\"550\" \/>\n\t<meta property=\"og:image:height\" content=\"550\" \/>\n\t<meta property=\"og:image:type\" content=\"image\/jpeg\" \/>\n<meta name=\"twitter:card\" content=\"summary_large_image\" \/>\n<meta name=\"twitter:label1\" content=\"Tiempo de lectura\" \/>\n\t<meta name=\"twitter:data1\" content=\"1 minuto\" \/>\n<script type=\"application\/ld+json\" class=\"yoast-schema-graph\">{\"@context\":\"https:\/\/schema.org\",\"@graph\":[{\"@type\":\"WebPage\",\"@id\":\"https:\/\/demoweb.info\/sexshop001\/producto\/fetish-fantasy-succionador-de-clitoris-y-pechos-con-vibrador\/\",\"url\":\"https:\/\/demoweb.info\/sexshop001\/producto\/fetish-fantasy-succionador-de-clitoris-y-pechos-con-vibrador\/\",\"name\":\"FETISH FANTASY SUCCIONADOR DE CLITORIS Y PECHOS CON VIBRADOR - Tienda Er\u00f3tica\",\"isPartOf\":{\"@id\":\"https:\/\/demoweb.info\/sexshop001\/#website\"},\"datePublished\":\"2022-01-22T08:57:00+00:00\",\"dateModified\":\"2022-01-22T08:57:09+00:00\",\"breadcrumb\":{\"@id\":\"https:\/\/demoweb.info\/sexshop001\/producto\/fetish-fantasy-succionador-de-clitoris-y-pechos-con-vibrador\/#breadcrumb\"},\"inLanguage\":\"es\",\"potentialAction\":[{\"@type\":\"ReadAction\",\"target\":[\"https:\/\/demoweb.info\/sexshop001\/producto\/fetish-fantasy-succionador-de-clitoris-y-pechos-con-vibrador\/\"]}]},{\"@type\":\"BreadcrumbList\",\"@id\":\"https:\/\/demoweb.info\/sexshop001\/producto\/fetish-fantasy-succionador-de-clitoris-y-pechos-con-vibrador\/#breadcrumb\",\"itemListElement\":[{\"@type\":\"ListItem\",\"position\":1,\"name\":\"Portada\",\"item\":\"https:\/\/demoweb.info\/sexshop001\/\"},{\"@type\":\"ListItem\",\"position\":2,\"name\":\"Tienda\",\"item\":\"https:\/\/demoweb.info\/sexshop001\/tienda\/\"},{\"@type\":\"ListItem\",\"position\":3,\"name\":\"FETISH FANTASY SUCCIONADOR DE CLITORIS Y PECHOS CON VIBRADOR\"}]},{\"@type\":\"WebSite\",\"@id\":\"https:\/\/demoweb.info\/sexshop001\/#website\",\"url\":\"https:\/\/demoweb.info\/sexshop001\/\",\"name\":\"Tienda Er\u00f3tica\",\"description\":\"DEMOWEB SL\",\"potentialAction\":[{\"@type\":\"SearchAction\",\"target\":{\"@type\":\"EntryPoint\",\"urlTemplate\":\"https:\/\/demoweb.info\/sexshop001\/?s={search_term_string}\"},\"query-input\":\"required name=search_term_string\"}],\"inLanguage\":\"es\"}]}<\/script>\n<!-- \/ Yoast SEO plugin. -->","yoast_head_json":{"title":"FETISH FANTASY SUCCIONADOR DE CLITORIS Y PECHOS CON VIBRADOR - Tienda Er\u00f3tica","robots":{"index":"noindex","follow":"follow","max-snippet":"max-snippet:-1","max-image-preview":"max-image-preview:large","max-video-preview":"max-video-preview:-1"},"og_locale":"es_ES","og_type":"article","og_title":"FETISH FANTASY SUCCIONADOR DE CLITORIS Y PECHOS CON VIBRADOR - Tienda Er\u00f3tica","og_description":"FETISH FANTASY CLIT N TIT POWER PUMP. Seduce y satisface a tu cuerpo hasta nuevos l\u00edmites con este succionador! Dise\u00f1ado","og_url":"https:\/\/demoweb.info\/sexshop001\/producto\/fetish-fantasy-succionador-de-clitoris-y-pechos-con-vibrador\/","og_site_name":"Tienda Er\u00f3tica","article_modified_time":"2022-01-22T08:57:09+00:00","og_image":[{"width":550,"height":550,"url":"https:\/\/demoweb.info\/sexshop001\/wp-content\/uploads\/2022\/01\/FETISH-FANTASY-SUCCIONADOR-DE-CLITORIS-Y-PECHOS-CON-VIBRADOR.jpg","type":"image\/jpeg"}],"twitter_card":"summary_large_image","twitter_misc":{"Tiempo de lectura":"1 minuto"},"schema":{"@context":"https:\/\/schema.org","@graph":[{"@type":"WebPage","@id":"https:\/\/demoweb.info\/sexshop001\/producto\/fetish-fantasy-succionador-de-clitoris-y-pechos-con-vibrador\/","url":"https:\/\/demoweb.info\/sexshop001\/producto\/fetish-fantasy-succionador-de-clitoris-y-pechos-con-vibrador\/","name":"FETISH FANTASY SUCCIONADOR DE CLITORIS Y PECHOS CON VIBRADOR - Tienda Er\u00f3tica","isPartOf":{"@id":"https:\/\/demoweb.info\/sexshop001\/#website"},"datePublished":"2022-01-22T08:57:00+00:00","dateModified":"2022-01-22T08:57:09+00:00","breadcrumb":{"@id":"https:\/\/demoweb.info\/sexshop001\/producto\/fetish-fantasy-succionador-de-clitoris-y-pechos-con-vibrador\/#breadcrumb"},"inLanguage":"es","potentialAction":[{"@type":"ReadAction","target":["https:\/\/demoweb.info\/sexshop001\/producto\/fetish-fantasy-succionador-de-clitoris-y-pechos-con-vibrador\/"]}]},{"@type":"BreadcrumbList","@id":"https:\/\/demoweb.info\/sexshop001\/producto\/fetish-fantasy-succionador-de-clitoris-y-pechos-con-vibrador\/#breadcrumb","itemListElement":[{"@type":"ListItem","position":1,"name":"Portada","item":"https:\/\/demoweb.info\/sexshop001\/"},{"@type":"ListItem","position":2,"name":"Tienda","item":"https:\/\/demoweb.info\/sexshop001\/tienda\/"},{"@type":"ListItem","position":3,"name":"FETISH FANTASY SUCCIONADOR DE CLITORIS Y PECHOS CON VIBRADOR"}]},{"@type":"WebSite","@id":"https:\/\/demoweb.info\/sexshop001\/#website","url":"https:\/\/demoweb.info\/sexshop001\/","name":"Tienda Er\u00f3tica","description":"DEMOWEB SL","potentialAction":[{"@type":"SearchAction","target":{"@type":"EntryPoint","urlTemplate":"https:\/\/demoweb.info\/sexshop001\/?s={search_term_string}"},"query-input":"required name=search_term_string"}],"inLanguage":"es"}]}},"_links":{"self":[{"href":"https:\/\/demoweb.info\/sexshop001\/wp-json\/wp\/v3\/product\/11292","targetHints":{"allow":["GET"]}}],"collection":[{"href":"https:\/\/demoweb.info\/sexshop001\/wp-json\/wp\/v3\/product"}],"about":[{"href":"https:\/\/demoweb.info\/sexshop001\/wp-json\/wp\/v2\/types\/product"}],"replies":[{"embeddable":true,"href":"https:\/\/demoweb.info\/sexshop001\/wp-json\/wp\/v2\/comments?post=11292"}],"wp:featuredmedia":[{"embeddable":true,"href":"https:\/\/demoweb.info\/sexshop001\/wp-json\/wp\/v2\/media\/11293"}],"wp:attachment":[{"href":"https:\/\/demoweb.info\/sexshop001\/wp-json\/wp\/v2\/media?parent=11292"}],"wp:term":[{"taxonomy":"product_cat","embeddable":true,"href":"https:\/\/demoweb.info\/sexshop001\/wp-json\/wp\/v2\/product_cat?post=11292"},{"taxonomy":"product_tag","embeddable":true,"href":"https:\/\/demoweb.info\/sexshop001\/wp-json\/wp\/v2\/product_tag?post=11292"}],"curies":[{"name":"wp","href":"https:\/\/api.w.org\/{rel}","templated":true}]}}