{"id":11288,"date":"2022-01-22T09:57:00","date_gmt":"2022-01-22T08:57:00","guid":{"rendered":"https:\/\/demoweb.info\/sexshop001\/producto\/fetish-fantasy-set-esposas-munecas-y-tobillos\/"},"modified":"2022-01-22T09:57:07","modified_gmt":"2022-01-22T08:57:07","slug":"fetish-fantasy-set-esposas-munecas-y-tobillos","status":"publish","type":"product","link":"https:\/\/demoweb.info\/sexshop001\/producto\/fetish-fantasy-set-esposas-munecas-y-tobillos\/","title":{"rendered":"FETISH FANTASY SET ESPOSAS MU\u00d1ECAS Y TOBILLOS"},"content":{"rendered":"<p><strong>FETISH FANTASY UNIVERSAL WRIST AND ANKLE CUFFS<\/strong>.<\/p>\n<p>\u00bfEst\u00e1s buscando unas esposas que puedan hacerlo todo y est\u00e9n hechas para jugar duro? \u00a1No busques m\u00e1s, que las tienes aqu\u00ed! Estas esposas est\u00e1n unidas con una cadena resistente y dos anillas del mismo material. Son perfectas para principiantes, pero lo suficientemente fuerte para satisfacer a los entusiastas del bondage. Las esposas de neopreno son c\u00f3modas y f\u00e1ciles de ajustar con un velcro y son lo suficientemente grandes y robustas como para poderlas utilizar tanto en mu\u00f1ecas como en tobillos. Asegura a tu amante y empieza a satisfacer tus fantas\u00edas fetichistas!<\/p>\n","protected":false},"excerpt":{"rendered":"<p>FETISH FANTASY UNIVERSAL WRIST AND ANKLE CUFFS. \u00bfEst\u00e1s buscando unas esposas que puedan hacerlo todo y est\u00e9n hechas para jugar<\/p>\n","protected":false},"featured_media":11289,"comment_status":"open","ping_status":"open","template":"","meta":[],"product_cat":[507],"product_tag":[260,259],"class_list":["post-11288","product","type-product","status-publish","has-post-thumbnail","hentry","product_cat-basicas","product_tag-fetish-fantasy-series","product_tag-pipedream"],"bundled_by":[],"bundle_stock_status":"outofstock","bundle_stock_quantity":0,"bundle_virtual":false,"bundle_layout":"","bundle_add_to_cart_form_location":"","bundle_editable_in_cart":false,"bundle_sold_individually_context":"","bundle_item_grouping":"","bundle_min_size":"","bundle_max_size":"","bundled_items":[],"yoast_head":"<!-- This site is optimized with the Yoast SEO plugin v20.6 - https:\/\/yoast.com\/wordpress\/plugins\/seo\/ -->\n<title>FETISH FANTASY SET ESPOSAS MU\u00d1ECAS Y TOBILLOS - Tienda Er\u00f3tica<\/title>\n<meta name=\"robots\" content=\"noindex, follow, max-snippet:-1, max-image-preview:large, max-video-preview:-1\" \/>\n<meta property=\"og:locale\" content=\"es_ES\" \/>\n<meta property=\"og:type\" content=\"article\" \/>\n<meta property=\"og:title\" content=\"FETISH FANTASY SET ESPOSAS MU\u00d1ECAS Y TOBILLOS - Tienda Er\u00f3tica\" \/>\n<meta property=\"og:description\" content=\"FETISH FANTASY UNIVERSAL WRIST AND ANKLE CUFFS. \u00bfEst\u00e1s buscando unas esposas que puedan hacerlo todo y est\u00e9n hechas para jugar\" \/>\n<meta property=\"og:url\" content=\"https:\/\/demoweb.info\/sexshop001\/producto\/fetish-fantasy-set-esposas-munecas-y-tobillos\/\" \/>\n<meta property=\"og:site_name\" content=\"Tienda Er\u00f3tica\" \/>\n<meta property=\"article:modified_time\" content=\"2022-01-22T08:57:07+00:00\" \/>\n<meta property=\"og:image\" content=\"https:\/\/demoweb.info\/sexshop001\/wp-content\/uploads\/2022\/01\/FETISH-FANTASY-SET-ESPOSAS-MUNECAS-Y-TOBILLOS.jpg\" \/>\n\t<meta property=\"og:image:width\" content=\"550\" \/>\n\t<meta property=\"og:image:height\" content=\"550\" \/>\n\t<meta property=\"og:image:type\" content=\"image\/jpeg\" \/>\n<meta name=\"twitter:card\" content=\"summary_large_image\" \/>\n<meta name=\"twitter:label1\" content=\"Tiempo de lectura\" \/>\n\t<meta name=\"twitter:data1\" content=\"1 minuto\" \/>\n<script type=\"application\/ld+json\" class=\"yoast-schema-graph\">{\"@context\":\"https:\/\/schema.org\",\"@graph\":[{\"@type\":\"WebPage\",\"@id\":\"https:\/\/demoweb.info\/sexshop001\/producto\/fetish-fantasy-set-esposas-munecas-y-tobillos\/\",\"url\":\"https:\/\/demoweb.info\/sexshop001\/producto\/fetish-fantasy-set-esposas-munecas-y-tobillos\/\",\"name\":\"FETISH FANTASY SET ESPOSAS MU\u00d1ECAS Y TOBILLOS - Tienda Er\u00f3tica\",\"isPartOf\":{\"@id\":\"https:\/\/demoweb.info\/sexshop001\/#website\"},\"datePublished\":\"2022-01-22T08:57:00+00:00\",\"dateModified\":\"2022-01-22T08:57:07+00:00\",\"breadcrumb\":{\"@id\":\"https:\/\/demoweb.info\/sexshop001\/producto\/fetish-fantasy-set-esposas-munecas-y-tobillos\/#breadcrumb\"},\"inLanguage\":\"es\",\"potentialAction\":[{\"@type\":\"ReadAction\",\"target\":[\"https:\/\/demoweb.info\/sexshop001\/producto\/fetish-fantasy-set-esposas-munecas-y-tobillos\/\"]}]},{\"@type\":\"BreadcrumbList\",\"@id\":\"https:\/\/demoweb.info\/sexshop001\/producto\/fetish-fantasy-set-esposas-munecas-y-tobillos\/#breadcrumb\",\"itemListElement\":[{\"@type\":\"ListItem\",\"position\":1,\"name\":\"Portada\",\"item\":\"https:\/\/demoweb.info\/sexshop001\/\"},{\"@type\":\"ListItem\",\"position\":2,\"name\":\"Tienda\",\"item\":\"https:\/\/demoweb.info\/sexshop001\/tienda\/\"},{\"@type\":\"ListItem\",\"position\":3,\"name\":\"FETISH FANTASY SET ESPOSAS MU\u00d1ECAS Y TOBILLOS\"}]},{\"@type\":\"WebSite\",\"@id\":\"https:\/\/demoweb.info\/sexshop001\/#website\",\"url\":\"https:\/\/demoweb.info\/sexshop001\/\",\"name\":\"Tienda Er\u00f3tica\",\"description\":\"DEMOWEB SL\",\"potentialAction\":[{\"@type\":\"SearchAction\",\"target\":{\"@type\":\"EntryPoint\",\"urlTemplate\":\"https:\/\/demoweb.info\/sexshop001\/?s={search_term_string}\"},\"query-input\":\"required name=search_term_string\"}],\"inLanguage\":\"es\"}]}<\/script>\n<!-- \/ Yoast SEO plugin. -->","yoast_head_json":{"title":"FETISH FANTASY SET ESPOSAS MU\u00d1ECAS Y TOBILLOS - Tienda Er\u00f3tica","robots":{"index":"noindex","follow":"follow","max-snippet":"max-snippet:-1","max-image-preview":"max-image-preview:large","max-video-preview":"max-video-preview:-1"},"og_locale":"es_ES","og_type":"article","og_title":"FETISH FANTASY SET ESPOSAS MU\u00d1ECAS Y TOBILLOS - Tienda Er\u00f3tica","og_description":"FETISH FANTASY UNIVERSAL WRIST AND ANKLE CUFFS. \u00bfEst\u00e1s buscando unas esposas que puedan hacerlo todo y est\u00e9n hechas para jugar","og_url":"https:\/\/demoweb.info\/sexshop001\/producto\/fetish-fantasy-set-esposas-munecas-y-tobillos\/","og_site_name":"Tienda Er\u00f3tica","article_modified_time":"2022-01-22T08:57:07+00:00","og_image":[{"width":550,"height":550,"url":"https:\/\/demoweb.info\/sexshop001\/wp-content\/uploads\/2022\/01\/FETISH-FANTASY-SET-ESPOSAS-MUNECAS-Y-TOBILLOS.jpg","type":"image\/jpeg"}],"twitter_card":"summary_large_image","twitter_misc":{"Tiempo de lectura":"1 minuto"},"schema":{"@context":"https:\/\/schema.org","@graph":[{"@type":"WebPage","@id":"https:\/\/demoweb.info\/sexshop001\/producto\/fetish-fantasy-set-esposas-munecas-y-tobillos\/","url":"https:\/\/demoweb.info\/sexshop001\/producto\/fetish-fantasy-set-esposas-munecas-y-tobillos\/","name":"FETISH FANTASY SET ESPOSAS MU\u00d1ECAS Y TOBILLOS - Tienda Er\u00f3tica","isPartOf":{"@id":"https:\/\/demoweb.info\/sexshop001\/#website"},"datePublished":"2022-01-22T08:57:00+00:00","dateModified":"2022-01-22T08:57:07+00:00","breadcrumb":{"@id":"https:\/\/demoweb.info\/sexshop001\/producto\/fetish-fantasy-set-esposas-munecas-y-tobillos\/#breadcrumb"},"inLanguage":"es","potentialAction":[{"@type":"ReadAction","target":["https:\/\/demoweb.info\/sexshop001\/producto\/fetish-fantasy-set-esposas-munecas-y-tobillos\/"]}]},{"@type":"BreadcrumbList","@id":"https:\/\/demoweb.info\/sexshop001\/producto\/fetish-fantasy-set-esposas-munecas-y-tobillos\/#breadcrumb","itemListElement":[{"@type":"ListItem","position":1,"name":"Portada","item":"https:\/\/demoweb.info\/sexshop001\/"},{"@type":"ListItem","position":2,"name":"Tienda","item":"https:\/\/demoweb.info\/sexshop001\/tienda\/"},{"@type":"ListItem","position":3,"name":"FETISH FANTASY SET ESPOSAS MU\u00d1ECAS Y TOBILLOS"}]},{"@type":"WebSite","@id":"https:\/\/demoweb.info\/sexshop001\/#website","url":"https:\/\/demoweb.info\/sexshop001\/","name":"Tienda Er\u00f3tica","description":"DEMOWEB SL","potentialAction":[{"@type":"SearchAction","target":{"@type":"EntryPoint","urlTemplate":"https:\/\/demoweb.info\/sexshop001\/?s={search_term_string}"},"query-input":"required name=search_term_string"}],"inLanguage":"es"}]}},"_links":{"self":[{"href":"https:\/\/demoweb.info\/sexshop001\/wp-json\/wp\/v3\/product\/11288","targetHints":{"allow":["GET"]}}],"collection":[{"href":"https:\/\/demoweb.info\/sexshop001\/wp-json\/wp\/v3\/product"}],"about":[{"href":"https:\/\/demoweb.info\/sexshop001\/wp-json\/wp\/v2\/types\/product"}],"replies":[{"embeddable":true,"href":"https:\/\/demoweb.info\/sexshop001\/wp-json\/wp\/v2\/comments?post=11288"}],"wp:featuredmedia":[{"embeddable":true,"href":"https:\/\/demoweb.info\/sexshop001\/wp-json\/wp\/v2\/media\/11289"}],"wp:attachment":[{"href":"https:\/\/demoweb.info\/sexshop001\/wp-json\/wp\/v2\/media?parent=11288"}],"wp:term":[{"taxonomy":"product_cat","embeddable":true,"href":"https:\/\/demoweb.info\/sexshop001\/wp-json\/wp\/v2\/product_cat?post=11288"},{"taxonomy":"product_tag","embeddable":true,"href":"https:\/\/demoweb.info\/sexshop001\/wp-json\/wp\/v2\/product_tag?post=11288"}],"curies":[{"name":"wp","href":"https:\/\/api.w.org\/{rel}","templated":true}]}}