{"id":11205,"date":"2022-01-22T09:56:15","date_gmt":"2022-01-22T08:56:15","guid":{"rendered":"https:\/\/demoweb.info\/sexshop001\/producto\/we-vibe-chorus-morado\/"},"modified":"2022-01-22T09:56:29","modified_gmt":"2022-01-22T08:56:29","slug":"we-vibe-chorus-morado","status":"publish","type":"product","link":"https:\/\/demoweb.info\/sexshop001\/producto\/we-vibe-chorus-morado\/","title":{"rendered":"WE-VIBE CHORUS MORADO"},"content":{"rendered":"<p><strong>WE-VIBE CHORUS <\/strong><\/p>\n<p>Chorus &#8211; el vibrador para parejas m\u00e1s intuitivo de We-Vibe&#8230; la mejor opci\u00f3n para placer.<\/p>\n<p>Descarga la aplicaci\u00f3n gratuita We-Connect para disfrutar de vibraciones activadas por contacto, conectividad a distancia y mucho m\u00e1s. El sexo perfecto se basa en la intuici\u00f3n, el movimiento y la experimentaci\u00f3n hasta que encuentras la sensaci\u00f3n exacta que te hace llegar al l\u00edmite&#8230; tal como lo hace la m\u00fasica.<\/p>\n<p>Chorus fue dise\u00f1ado para ofrecerte la misma sensaci\u00f3n que la m\u00fasica, en donde todo fluye de manera natural. Chorus es intuitivo, cuenta con controles sensibles, es manos libres\u201d y ofrece vibraciones que te proporcionan una infinidad de maneras de jugar y disfrutar encontrando la vibraci\u00f3n ideal para ti y tu pareja.<\/p>\n<p>Vibra al ritmo de la m\u00fasica con Beat mode en la aplicaci\u00f3n We-Connect, deja que tu playlist controle el ritmo y la intensidad de tus vibraciones. Touch-sense te permite controlar las vibraciones de Chorus con tus movimientos. Cuando te mueves o tocas el sensor, las vibraciones cambian, creando as\u00ed subidas y ca\u00eddas naturales que te llevan de manera natural a un crescendo \u00e9pico.<\/p>\n<p>Chorus se adapta a tu cuerpo para que disfrutes de las vibraciones justo en el lugar preciso. Su forma anat\u00f3mica hace que Chorus sea muy sencillo de ajustarse y se quede en su sitio una vez que lo coloques en donde deseas sentir el placer. La aplicaci\u00f3n gratuita We-Connect les permitir\u00e1 jugar juntos aunque se encuentren en lugares distintos.<\/p>\n<p>Comparte el control de tu Chorus y deja que tu pareja te d\u00e9 placer desde donde se encuentre, creen sus propias vibraciones y descubran todas las excitante opciones que te ofrece esta aplicaci\u00f3n.<\/p>\n","protected":false},"excerpt":{"rendered":"<p>WE-VIBE CHORUS Chorus &#8211; el vibrador para parejas m\u00e1s intuitivo de We-Vibe&#8230; la mejor opci\u00f3n para placer. Descarga la aplicaci\u00f3n<\/p>\n","protected":false},"featured_media":11206,"comment_status":"open","ping_status":"open","template":"","meta":[],"product_cat":[322],"product_tag":[444],"class_list":["post-11205","product","type-product","status-publish","has-post-thumbnail","hentry","product_cat-con-mando","product_tag-we-vibe"],"bundled_by":[],"bundle_stock_status":"instock","bundle_stock_quantity":3,"bundle_virtual":false,"bundle_layout":"","bundle_add_to_cart_form_location":"","bundle_editable_in_cart":false,"bundle_sold_individually_context":"","bundle_item_grouping":"","bundle_min_size":"","bundle_max_size":"","bundled_items":[],"yoast_head":"<!-- This site is optimized with the Yoast SEO plugin v20.6 - https:\/\/yoast.com\/wordpress\/plugins\/seo\/ -->\n<title>WE-VIBE CHORUS MORADO - Tienda Er\u00f3tica<\/title>\n<meta name=\"robots\" content=\"noindex, follow, max-snippet:-1, max-image-preview:large, max-video-preview:-1\" \/>\n<meta property=\"og:locale\" content=\"es_ES\" \/>\n<meta property=\"og:type\" content=\"article\" \/>\n<meta property=\"og:title\" content=\"WE-VIBE CHORUS MORADO - Tienda Er\u00f3tica\" \/>\n<meta property=\"og:description\" content=\"WE-VIBE CHORUS Chorus &#8211; el vibrador para parejas m\u00e1s intuitivo de We-Vibe&#8230; la mejor opci\u00f3n para placer. Descarga la aplicaci\u00f3n\" \/>\n<meta property=\"og:url\" content=\"https:\/\/demoweb.info\/sexshop001\/producto\/we-vibe-chorus-morado\/\" \/>\n<meta property=\"og:site_name\" content=\"Tienda Er\u00f3tica\" \/>\n<meta property=\"article:modified_time\" content=\"2022-01-22T08:56:29+00:00\" \/>\n<meta property=\"og:image\" content=\"https:\/\/demoweb.info\/sexshop001\/wp-content\/uploads\/2022\/01\/WE-VIBE-CHORUS-MORADO.jpg\" \/>\n\t<meta property=\"og:image:width\" content=\"550\" \/>\n\t<meta property=\"og:image:height\" content=\"550\" \/>\n\t<meta property=\"og:image:type\" content=\"image\/jpeg\" \/>\n<meta name=\"twitter:card\" content=\"summary_large_image\" \/>\n<meta name=\"twitter:label1\" content=\"Tiempo de lectura\" \/>\n\t<meta name=\"twitter:data1\" content=\"1 minuto\" \/>\n<script type=\"application\/ld+json\" class=\"yoast-schema-graph\">{\"@context\":\"https:\/\/schema.org\",\"@graph\":[{\"@type\":\"WebPage\",\"@id\":\"https:\/\/demoweb.info\/sexshop001\/producto\/we-vibe-chorus-morado\/\",\"url\":\"https:\/\/demoweb.info\/sexshop001\/producto\/we-vibe-chorus-morado\/\",\"name\":\"WE-VIBE CHORUS MORADO - Tienda Er\u00f3tica\",\"isPartOf\":{\"@id\":\"https:\/\/demoweb.info\/sexshop001\/#website\"},\"datePublished\":\"2022-01-22T08:56:15+00:00\",\"dateModified\":\"2022-01-22T08:56:29+00:00\",\"breadcrumb\":{\"@id\":\"https:\/\/demoweb.info\/sexshop001\/producto\/we-vibe-chorus-morado\/#breadcrumb\"},\"inLanguage\":\"es\",\"potentialAction\":[{\"@type\":\"ReadAction\",\"target\":[\"https:\/\/demoweb.info\/sexshop001\/producto\/we-vibe-chorus-morado\/\"]}]},{\"@type\":\"BreadcrumbList\",\"@id\":\"https:\/\/demoweb.info\/sexshop001\/producto\/we-vibe-chorus-morado\/#breadcrumb\",\"itemListElement\":[{\"@type\":\"ListItem\",\"position\":1,\"name\":\"Portada\",\"item\":\"https:\/\/demoweb.info\/sexshop001\/\"},{\"@type\":\"ListItem\",\"position\":2,\"name\":\"Tienda\",\"item\":\"https:\/\/demoweb.info\/sexshop001\/tienda\/\"},{\"@type\":\"ListItem\",\"position\":3,\"name\":\"WE-VIBE CHORUS MORADO\"}]},{\"@type\":\"WebSite\",\"@id\":\"https:\/\/demoweb.info\/sexshop001\/#website\",\"url\":\"https:\/\/demoweb.info\/sexshop001\/\",\"name\":\"Tienda Er\u00f3tica\",\"description\":\"DEMOWEB SL\",\"potentialAction\":[{\"@type\":\"SearchAction\",\"target\":{\"@type\":\"EntryPoint\",\"urlTemplate\":\"https:\/\/demoweb.info\/sexshop001\/?s={search_term_string}\"},\"query-input\":\"required name=search_term_string\"}],\"inLanguage\":\"es\"}]}<\/script>\n<!-- \/ Yoast SEO plugin. -->","yoast_head_json":{"title":"WE-VIBE CHORUS MORADO - Tienda Er\u00f3tica","robots":{"index":"noindex","follow":"follow","max-snippet":"max-snippet:-1","max-image-preview":"max-image-preview:large","max-video-preview":"max-video-preview:-1"},"og_locale":"es_ES","og_type":"article","og_title":"WE-VIBE CHORUS MORADO - Tienda Er\u00f3tica","og_description":"WE-VIBE CHORUS Chorus &#8211; el vibrador para parejas m\u00e1s intuitivo de We-Vibe&#8230; la mejor opci\u00f3n para placer. Descarga la aplicaci\u00f3n","og_url":"https:\/\/demoweb.info\/sexshop001\/producto\/we-vibe-chorus-morado\/","og_site_name":"Tienda Er\u00f3tica","article_modified_time":"2022-01-22T08:56:29+00:00","og_image":[{"width":550,"height":550,"url":"https:\/\/demoweb.info\/sexshop001\/wp-content\/uploads\/2022\/01\/WE-VIBE-CHORUS-MORADO.jpg","type":"image\/jpeg"}],"twitter_card":"summary_large_image","twitter_misc":{"Tiempo de lectura":"1 minuto"},"schema":{"@context":"https:\/\/schema.org","@graph":[{"@type":"WebPage","@id":"https:\/\/demoweb.info\/sexshop001\/producto\/we-vibe-chorus-morado\/","url":"https:\/\/demoweb.info\/sexshop001\/producto\/we-vibe-chorus-morado\/","name":"WE-VIBE CHORUS MORADO - Tienda Er\u00f3tica","isPartOf":{"@id":"https:\/\/demoweb.info\/sexshop001\/#website"},"datePublished":"2022-01-22T08:56:15+00:00","dateModified":"2022-01-22T08:56:29+00:00","breadcrumb":{"@id":"https:\/\/demoweb.info\/sexshop001\/producto\/we-vibe-chorus-morado\/#breadcrumb"},"inLanguage":"es","potentialAction":[{"@type":"ReadAction","target":["https:\/\/demoweb.info\/sexshop001\/producto\/we-vibe-chorus-morado\/"]}]},{"@type":"BreadcrumbList","@id":"https:\/\/demoweb.info\/sexshop001\/producto\/we-vibe-chorus-morado\/#breadcrumb","itemListElement":[{"@type":"ListItem","position":1,"name":"Portada","item":"https:\/\/demoweb.info\/sexshop001\/"},{"@type":"ListItem","position":2,"name":"Tienda","item":"https:\/\/demoweb.info\/sexshop001\/tienda\/"},{"@type":"ListItem","position":3,"name":"WE-VIBE CHORUS MORADO"}]},{"@type":"WebSite","@id":"https:\/\/demoweb.info\/sexshop001\/#website","url":"https:\/\/demoweb.info\/sexshop001\/","name":"Tienda Er\u00f3tica","description":"DEMOWEB SL","potentialAction":[{"@type":"SearchAction","target":{"@type":"EntryPoint","urlTemplate":"https:\/\/demoweb.info\/sexshop001\/?s={search_term_string}"},"query-input":"required name=search_term_string"}],"inLanguage":"es"}]}},"_links":{"self":[{"href":"https:\/\/demoweb.info\/sexshop001\/wp-json\/wp\/v3\/product\/11205","targetHints":{"allow":["GET"]}}],"collection":[{"href":"https:\/\/demoweb.info\/sexshop001\/wp-json\/wp\/v3\/product"}],"about":[{"href":"https:\/\/demoweb.info\/sexshop001\/wp-json\/wp\/v2\/types\/product"}],"replies":[{"embeddable":true,"href":"https:\/\/demoweb.info\/sexshop001\/wp-json\/wp\/v2\/comments?post=11205"}],"wp:featuredmedia":[{"embeddable":true,"href":"https:\/\/demoweb.info\/sexshop001\/wp-json\/wp\/v2\/media\/11206"}],"wp:attachment":[{"href":"https:\/\/demoweb.info\/sexshop001\/wp-json\/wp\/v2\/media?parent=11205"}],"wp:term":[{"taxonomy":"product_cat","embeddable":true,"href":"https:\/\/demoweb.info\/sexshop001\/wp-json\/wp\/v2\/product_cat?post=11205"},{"taxonomy":"product_tag","embeddable":true,"href":"https:\/\/demoweb.info\/sexshop001\/wp-json\/wp\/v2\/product_tag?post=11205"}],"curies":[{"name":"wp","href":"https:\/\/api.w.org\/{rel}","templated":true}]}}