{"id":11160,"date":"2022-01-22T09:55:51","date_gmt":"2022-01-22T08:55:51","guid":{"rendered":"https:\/\/demoweb.info\/sexshop001\/producto\/fleshlight-guys-manuel-ferrara-pene-realistico-silicona\/"},"modified":"2022-01-22T09:56:09","modified_gmt":"2022-01-22T08:56:09","slug":"fleshlight-guys-manuel-ferrara-pene-realistico-silicona","status":"publish","type":"product","link":"https:\/\/demoweb.info\/sexshop001\/producto\/fleshlight-guys-manuel-ferrara-pene-realistico-silicona\/","title":{"rendered":"FLESHLIGHT GUYS MANUEL FERRARA PENE REAL\u00cdSTICO SILICONA"},"content":{"rendered":"<p><strong>FLESHLIGHT GUYS MANUEL FERRARA DILDO <\/strong><\/p>\n<p>Moldeado a partir del pene de Manuel Ferrara, este dildo llenar\u00e1 cualquier vac\u00edo que pueda existir en tu vida&#8230; y te dejar\u00e1 con ganas de m\u00e1s.<\/p>\n<ul>\n<li>Dildo r\u00e9plica del pene de Manuel Ferrara<\/li>\n<li>Fabricado en silicona platino de la mejor calidad.<\/li>\n<li>Longitud desde la base hasta la punta:19.7 cm incluyendo los test\u00edculos.<\/li>\n<li>Longitud insertable: 16.5 cm excluyendo los test\u00edculos.<\/li>\n<li>Circunferencia en la base del pene: 16.5 cm.<\/li>\n<\/ul>\n<p>Por fin podr\u00e1s disfrutar de una de las estrellas del porno m\u00e1s solicitadas. \u00a1Prep\u00e1rate para un viaje al lado salvaje!<\/p>\n","protected":false},"excerpt":{"rendered":"<p>FLESHLIGHT GUYS MANUEL FERRARA DILDO Moldeado a partir del pene de Manuel Ferrara, este dildo llenar\u00e1 cualquier vac\u00edo que pueda<\/p>\n","protected":false},"featured_media":11161,"comment_status":"open","ping_status":"open","template":"","meta":[],"product_cat":[545],"product_tag":[576,577],"class_list":["post-11160","product","type-product","status-publish","has-post-thumbnail","hentry","product_cat-de-actores","product_tag-fleshlight","product_tag-fleshlight-guys"],"bundled_by":[],"bundle_stock_status":"instock","bundle_stock_quantity":3,"bundle_virtual":false,"bundle_layout":"","bundle_add_to_cart_form_location":"","bundle_editable_in_cart":false,"bundle_sold_individually_context":"","bundle_item_grouping":"","bundle_min_size":"","bundle_max_size":"","bundled_items":[],"yoast_head":"<!-- This site is optimized with the Yoast SEO plugin v20.6 - https:\/\/yoast.com\/wordpress\/plugins\/seo\/ -->\n<title>FLESHLIGHT GUYS MANUEL FERRARA PENE REAL\u00cdSTICO SILICONA - Tienda Er\u00f3tica<\/title>\n<meta name=\"robots\" content=\"noindex, follow, max-snippet:-1, max-image-preview:large, max-video-preview:-1\" \/>\n<meta property=\"og:locale\" content=\"es_ES\" \/>\n<meta property=\"og:type\" content=\"article\" \/>\n<meta property=\"og:title\" content=\"FLESHLIGHT GUYS MANUEL FERRARA PENE REAL\u00cdSTICO SILICONA - Tienda Er\u00f3tica\" \/>\n<meta property=\"og:description\" content=\"FLESHLIGHT GUYS MANUEL FERRARA DILDO Moldeado a partir del pene de Manuel Ferrara, este dildo llenar\u00e1 cualquier vac\u00edo que pueda\" \/>\n<meta property=\"og:url\" content=\"https:\/\/demoweb.info\/sexshop001\/producto\/fleshlight-guys-manuel-ferrara-pene-realistico-silicona\/\" \/>\n<meta property=\"og:site_name\" content=\"Tienda Er\u00f3tica\" \/>\n<meta property=\"article:modified_time\" content=\"2022-01-22T08:56:09+00:00\" \/>\n<meta property=\"og:image\" content=\"https:\/\/demoweb.info\/sexshop001\/wp-content\/uploads\/2022\/01\/FLESHLIGHT-GUYS-MANUEL-FERRARA-PENE-REALISTICO-SILICONA.jpg\" \/>\n\t<meta property=\"og:image:width\" content=\"550\" \/>\n\t<meta property=\"og:image:height\" content=\"550\" \/>\n\t<meta property=\"og:image:type\" content=\"image\/jpeg\" \/>\n<meta name=\"twitter:card\" content=\"summary_large_image\" \/>\n<script type=\"application\/ld+json\" class=\"yoast-schema-graph\">{\"@context\":\"https:\/\/schema.org\",\"@graph\":[{\"@type\":\"WebPage\",\"@id\":\"https:\/\/demoweb.info\/sexshop001\/producto\/fleshlight-guys-manuel-ferrara-pene-realistico-silicona\/\",\"url\":\"https:\/\/demoweb.info\/sexshop001\/producto\/fleshlight-guys-manuel-ferrara-pene-realistico-silicona\/\",\"name\":\"FLESHLIGHT GUYS MANUEL FERRARA PENE REAL\u00cdSTICO SILICONA - Tienda Er\u00f3tica\",\"isPartOf\":{\"@id\":\"https:\/\/demoweb.info\/sexshop001\/#website\"},\"datePublished\":\"2022-01-22T08:55:51+00:00\",\"dateModified\":\"2022-01-22T08:56:09+00:00\",\"breadcrumb\":{\"@id\":\"https:\/\/demoweb.info\/sexshop001\/producto\/fleshlight-guys-manuel-ferrara-pene-realistico-silicona\/#breadcrumb\"},\"inLanguage\":\"es\",\"potentialAction\":[{\"@type\":\"ReadAction\",\"target\":[\"https:\/\/demoweb.info\/sexshop001\/producto\/fleshlight-guys-manuel-ferrara-pene-realistico-silicona\/\"]}]},{\"@type\":\"BreadcrumbList\",\"@id\":\"https:\/\/demoweb.info\/sexshop001\/producto\/fleshlight-guys-manuel-ferrara-pene-realistico-silicona\/#breadcrumb\",\"itemListElement\":[{\"@type\":\"ListItem\",\"position\":1,\"name\":\"Portada\",\"item\":\"https:\/\/demoweb.info\/sexshop001\/\"},{\"@type\":\"ListItem\",\"position\":2,\"name\":\"Tienda\",\"item\":\"https:\/\/demoweb.info\/sexshop001\/tienda\/\"},{\"@type\":\"ListItem\",\"position\":3,\"name\":\"FLESHLIGHT GUYS MANUEL FERRARA PENE REAL\u00cdSTICO SILICONA\"}]},{\"@type\":\"WebSite\",\"@id\":\"https:\/\/demoweb.info\/sexshop001\/#website\",\"url\":\"https:\/\/demoweb.info\/sexshop001\/\",\"name\":\"Tienda Er\u00f3tica\",\"description\":\"DEMOWEB SL\",\"potentialAction\":[{\"@type\":\"SearchAction\",\"target\":{\"@type\":\"EntryPoint\",\"urlTemplate\":\"https:\/\/demoweb.info\/sexshop001\/?s={search_term_string}\"},\"query-input\":\"required name=search_term_string\"}],\"inLanguage\":\"es\"}]}<\/script>\n<!-- \/ Yoast SEO plugin. -->","yoast_head_json":{"title":"FLESHLIGHT GUYS MANUEL FERRARA PENE REAL\u00cdSTICO SILICONA - Tienda Er\u00f3tica","robots":{"index":"noindex","follow":"follow","max-snippet":"max-snippet:-1","max-image-preview":"max-image-preview:large","max-video-preview":"max-video-preview:-1"},"og_locale":"es_ES","og_type":"article","og_title":"FLESHLIGHT GUYS MANUEL FERRARA PENE REAL\u00cdSTICO SILICONA - Tienda Er\u00f3tica","og_description":"FLESHLIGHT GUYS MANUEL FERRARA DILDO Moldeado a partir del pene de Manuel Ferrara, este dildo llenar\u00e1 cualquier vac\u00edo que pueda","og_url":"https:\/\/demoweb.info\/sexshop001\/producto\/fleshlight-guys-manuel-ferrara-pene-realistico-silicona\/","og_site_name":"Tienda Er\u00f3tica","article_modified_time":"2022-01-22T08:56:09+00:00","og_image":[{"width":550,"height":550,"url":"https:\/\/demoweb.info\/sexshop001\/wp-content\/uploads\/2022\/01\/FLESHLIGHT-GUYS-MANUEL-FERRARA-PENE-REALISTICO-SILICONA.jpg","type":"image\/jpeg"}],"twitter_card":"summary_large_image","schema":{"@context":"https:\/\/schema.org","@graph":[{"@type":"WebPage","@id":"https:\/\/demoweb.info\/sexshop001\/producto\/fleshlight-guys-manuel-ferrara-pene-realistico-silicona\/","url":"https:\/\/demoweb.info\/sexshop001\/producto\/fleshlight-guys-manuel-ferrara-pene-realistico-silicona\/","name":"FLESHLIGHT GUYS MANUEL FERRARA PENE REAL\u00cdSTICO SILICONA - Tienda Er\u00f3tica","isPartOf":{"@id":"https:\/\/demoweb.info\/sexshop001\/#website"},"datePublished":"2022-01-22T08:55:51+00:00","dateModified":"2022-01-22T08:56:09+00:00","breadcrumb":{"@id":"https:\/\/demoweb.info\/sexshop001\/producto\/fleshlight-guys-manuel-ferrara-pene-realistico-silicona\/#breadcrumb"},"inLanguage":"es","potentialAction":[{"@type":"ReadAction","target":["https:\/\/demoweb.info\/sexshop001\/producto\/fleshlight-guys-manuel-ferrara-pene-realistico-silicona\/"]}]},{"@type":"BreadcrumbList","@id":"https:\/\/demoweb.info\/sexshop001\/producto\/fleshlight-guys-manuel-ferrara-pene-realistico-silicona\/#breadcrumb","itemListElement":[{"@type":"ListItem","position":1,"name":"Portada","item":"https:\/\/demoweb.info\/sexshop001\/"},{"@type":"ListItem","position":2,"name":"Tienda","item":"https:\/\/demoweb.info\/sexshop001\/tienda\/"},{"@type":"ListItem","position":3,"name":"FLESHLIGHT GUYS MANUEL FERRARA PENE REAL\u00cdSTICO SILICONA"}]},{"@type":"WebSite","@id":"https:\/\/demoweb.info\/sexshop001\/#website","url":"https:\/\/demoweb.info\/sexshop001\/","name":"Tienda Er\u00f3tica","description":"DEMOWEB SL","potentialAction":[{"@type":"SearchAction","target":{"@type":"EntryPoint","urlTemplate":"https:\/\/demoweb.info\/sexshop001\/?s={search_term_string}"},"query-input":"required name=search_term_string"}],"inLanguage":"es"}]}},"_links":{"self":[{"href":"https:\/\/demoweb.info\/sexshop001\/wp-json\/wp\/v3\/product\/11160","targetHints":{"allow":["GET"]}}],"collection":[{"href":"https:\/\/demoweb.info\/sexshop001\/wp-json\/wp\/v3\/product"}],"about":[{"href":"https:\/\/demoweb.info\/sexshop001\/wp-json\/wp\/v2\/types\/product"}],"replies":[{"embeddable":true,"href":"https:\/\/demoweb.info\/sexshop001\/wp-json\/wp\/v2\/comments?post=11160"}],"wp:featuredmedia":[{"embeddable":true,"href":"https:\/\/demoweb.info\/sexshop001\/wp-json\/wp\/v2\/media\/11161"}],"wp:attachment":[{"href":"https:\/\/demoweb.info\/sexshop001\/wp-json\/wp\/v2\/media?parent=11160"}],"wp:term":[{"taxonomy":"product_cat","embeddable":true,"href":"https:\/\/demoweb.info\/sexshop001\/wp-json\/wp\/v2\/product_cat?post=11160"},{"taxonomy":"product_tag","embeddable":true,"href":"https:\/\/demoweb.info\/sexshop001\/wp-json\/wp\/v2\/product_tag?post=11160"}],"curies":[{"name":"wp","href":"https:\/\/api.w.org\/{rel}","templated":true}]}}