{"id":11069,"date":"2022-01-22T09:55:26","date_gmt":"2022-01-22T08:55:26","guid":{"rendered":"https:\/\/demoweb.info\/sexshop001\/producto\/bra-braguita-hard-touch-negro-4\/"},"modified":"2022-01-22T09:55:28","modified_gmt":"2022-01-22T08:55:28","slug":"bra-braguita-hard-touch-negro-4","status":"publish","type":"product","link":"https:\/\/demoweb.info\/sexshop001\/producto\/bra-braguita-hard-touch-negro-4\/","title":{"rendered":"BRA + BRAGUITA HARD TOUCH NEGRO"},"content":{"rendered":"<p><strong>BRA + BRAGUITA HARD TOUCH NEGRO<\/strong><\/p>\n<ul>\n<li>Producto: Bra + Braguita<\/li>\n<li>Color: Negro<\/li>\n<li>Varillas: sin varillas<\/li>\n<li>Cierre trasero: corchetes<\/li>\n<li>Cierre delantero: sin cierre<\/li>\n<li>Cuello: en forma de v<\/li>\n<li>Copa en el pecho: con copa<\/li>\n<li>Aros en el pecho: sin aros<\/li>\n<li>Tipo de corte: medio, hasta gl\u00fateos<\/li>\n<li>Tirantes: regulables<\/li>\n<li>Mangas: sin mangas<\/li>\n<li>Tela: transparencias, con encajes<\/li>\n<li>Detalles: otros, como se ve en la foto<\/li>\n<li>Accesoriosdos piezas: bra y braguita<\/li>\n<li>Cuidados: Lavar a mano con agua fr\u00eda. Utilizar jab\u00f3n neutro. No utilizar lej\u00eda. Aclarar sin retorcer. Planchar s\u00f3lo las partes no el\u00e1sticas<\/li>\n<\/ul>\n","protected":false},"excerpt":{"rendered":"<p>BRA + BRAGUITA HARD TOUCH NEGRO Producto: Bra + Braguita Color: Negro Varillas: sin varillas Cierre trasero: corchetes Cierre delantero:<\/p>\n","protected":false},"featured_media":11070,"comment_status":"open","ping_status":"open","template":"","meta":[],"product_cat":[349],"product_tag":[441],"class_list":["post-11069","product","type-product","status-publish","has-post-thumbnail","hentry","product_cat-conjuntos-lenceria","product_tag-intimax"],"bundled_by":[],"bundle_stock_status":"instock","bundle_stock_quantity":16,"bundle_virtual":false,"bundle_layout":"","bundle_add_to_cart_form_location":"","bundle_editable_in_cart":false,"bundle_sold_individually_context":"","bundle_item_grouping":"","bundle_min_size":"","bundle_max_size":"","bundled_items":[],"yoast_head":"<!-- This site is optimized with the Yoast SEO plugin v20.6 - https:\/\/yoast.com\/wordpress\/plugins\/seo\/ -->\n<title>BRA + BRAGUITA HARD TOUCH NEGRO - Tienda Er\u00f3tica<\/title>\n<meta name=\"robots\" content=\"noindex, follow, max-snippet:-1, max-image-preview:large, max-video-preview:-1\" \/>\n<meta property=\"og:locale\" content=\"es_ES\" \/>\n<meta property=\"og:type\" content=\"article\" \/>\n<meta property=\"og:title\" content=\"BRA + BRAGUITA HARD TOUCH NEGRO - Tienda Er\u00f3tica\" \/>\n<meta property=\"og:description\" content=\"BRA + BRAGUITA HARD TOUCH NEGRO Producto: Bra + Braguita Color: Negro Varillas: sin varillas Cierre trasero: corchetes Cierre delantero:\" \/>\n<meta property=\"og:url\" content=\"https:\/\/demoweb.info\/sexshop001\/producto\/bra-braguita-hard-touch-negro-4\/\" \/>\n<meta property=\"og:site_name\" content=\"Tienda Er\u00f3tica\" \/>\n<meta property=\"article:modified_time\" content=\"2022-01-22T08:55:28+00:00\" \/>\n<meta property=\"og:image\" content=\"https:\/\/demoweb.info\/sexshop001\/wp-content\/uploads\/2022\/01\/BRA-BRAGUITA-HARD-TOUCH-NEGRO-5.jpg\" \/>\n\t<meta property=\"og:image:width\" content=\"550\" \/>\n\t<meta property=\"og:image:height\" content=\"550\" \/>\n\t<meta property=\"og:image:type\" content=\"image\/jpeg\" \/>\n<meta name=\"twitter:card\" content=\"summary_large_image\" \/>\n<script type=\"application\/ld+json\" class=\"yoast-schema-graph\">{\"@context\":\"https:\/\/schema.org\",\"@graph\":[{\"@type\":\"WebPage\",\"@id\":\"https:\/\/demoweb.info\/sexshop001\/producto\/bra-braguita-hard-touch-negro-4\/\",\"url\":\"https:\/\/demoweb.info\/sexshop001\/producto\/bra-braguita-hard-touch-negro-4\/\",\"name\":\"BRA + BRAGUITA HARD TOUCH NEGRO - Tienda Er\u00f3tica\",\"isPartOf\":{\"@id\":\"https:\/\/demoweb.info\/sexshop001\/#website\"},\"datePublished\":\"2022-01-22T08:55:26+00:00\",\"dateModified\":\"2022-01-22T08:55:28+00:00\",\"breadcrumb\":{\"@id\":\"https:\/\/demoweb.info\/sexshop001\/producto\/bra-braguita-hard-touch-negro-4\/#breadcrumb\"},\"inLanguage\":\"es\",\"potentialAction\":[{\"@type\":\"ReadAction\",\"target\":[\"https:\/\/demoweb.info\/sexshop001\/producto\/bra-braguita-hard-touch-negro-4\/\"]}]},{\"@type\":\"BreadcrumbList\",\"@id\":\"https:\/\/demoweb.info\/sexshop001\/producto\/bra-braguita-hard-touch-negro-4\/#breadcrumb\",\"itemListElement\":[{\"@type\":\"ListItem\",\"position\":1,\"name\":\"Portada\",\"item\":\"https:\/\/demoweb.info\/sexshop001\/\"},{\"@type\":\"ListItem\",\"position\":2,\"name\":\"Tienda\",\"item\":\"https:\/\/demoweb.info\/sexshop001\/tienda\/\"},{\"@type\":\"ListItem\",\"position\":3,\"name\":\"BRA + BRAGUITA HARD TOUCH NEGRO\"}]},{\"@type\":\"WebSite\",\"@id\":\"https:\/\/demoweb.info\/sexshop001\/#website\",\"url\":\"https:\/\/demoweb.info\/sexshop001\/\",\"name\":\"Tienda Er\u00f3tica\",\"description\":\"DEMOWEB SL\",\"potentialAction\":[{\"@type\":\"SearchAction\",\"target\":{\"@type\":\"EntryPoint\",\"urlTemplate\":\"https:\/\/demoweb.info\/sexshop001\/?s={search_term_string}\"},\"query-input\":\"required name=search_term_string\"}],\"inLanguage\":\"es\"}]}<\/script>\n<!-- \/ Yoast SEO plugin. -->","yoast_head_json":{"title":"BRA + BRAGUITA HARD TOUCH NEGRO - Tienda Er\u00f3tica","robots":{"index":"noindex","follow":"follow","max-snippet":"max-snippet:-1","max-image-preview":"max-image-preview:large","max-video-preview":"max-video-preview:-1"},"og_locale":"es_ES","og_type":"article","og_title":"BRA + BRAGUITA HARD TOUCH NEGRO - Tienda Er\u00f3tica","og_description":"BRA + BRAGUITA HARD TOUCH NEGRO Producto: Bra + Braguita Color: Negro Varillas: sin varillas Cierre trasero: corchetes Cierre delantero:","og_url":"https:\/\/demoweb.info\/sexshop001\/producto\/bra-braguita-hard-touch-negro-4\/","og_site_name":"Tienda Er\u00f3tica","article_modified_time":"2022-01-22T08:55:28+00:00","og_image":[{"width":550,"height":550,"url":"https:\/\/demoweb.info\/sexshop001\/wp-content\/uploads\/2022\/01\/BRA-BRAGUITA-HARD-TOUCH-NEGRO-5.jpg","type":"image\/jpeg"}],"twitter_card":"summary_large_image","schema":{"@context":"https:\/\/schema.org","@graph":[{"@type":"WebPage","@id":"https:\/\/demoweb.info\/sexshop001\/producto\/bra-braguita-hard-touch-negro-4\/","url":"https:\/\/demoweb.info\/sexshop001\/producto\/bra-braguita-hard-touch-negro-4\/","name":"BRA + BRAGUITA HARD TOUCH NEGRO - Tienda Er\u00f3tica","isPartOf":{"@id":"https:\/\/demoweb.info\/sexshop001\/#website"},"datePublished":"2022-01-22T08:55:26+00:00","dateModified":"2022-01-22T08:55:28+00:00","breadcrumb":{"@id":"https:\/\/demoweb.info\/sexshop001\/producto\/bra-braguita-hard-touch-negro-4\/#breadcrumb"},"inLanguage":"es","potentialAction":[{"@type":"ReadAction","target":["https:\/\/demoweb.info\/sexshop001\/producto\/bra-braguita-hard-touch-negro-4\/"]}]},{"@type":"BreadcrumbList","@id":"https:\/\/demoweb.info\/sexshop001\/producto\/bra-braguita-hard-touch-negro-4\/#breadcrumb","itemListElement":[{"@type":"ListItem","position":1,"name":"Portada","item":"https:\/\/demoweb.info\/sexshop001\/"},{"@type":"ListItem","position":2,"name":"Tienda","item":"https:\/\/demoweb.info\/sexshop001\/tienda\/"},{"@type":"ListItem","position":3,"name":"BRA + BRAGUITA HARD TOUCH NEGRO"}]},{"@type":"WebSite","@id":"https:\/\/demoweb.info\/sexshop001\/#website","url":"https:\/\/demoweb.info\/sexshop001\/","name":"Tienda Er\u00f3tica","description":"DEMOWEB SL","potentialAction":[{"@type":"SearchAction","target":{"@type":"EntryPoint","urlTemplate":"https:\/\/demoweb.info\/sexshop001\/?s={search_term_string}"},"query-input":"required name=search_term_string"}],"inLanguage":"es"}]}},"_links":{"self":[{"href":"https:\/\/demoweb.info\/sexshop001\/wp-json\/wp\/v3\/product\/11069","targetHints":{"allow":["GET"]}}],"collection":[{"href":"https:\/\/demoweb.info\/sexshop001\/wp-json\/wp\/v3\/product"}],"about":[{"href":"https:\/\/demoweb.info\/sexshop001\/wp-json\/wp\/v2\/types\/product"}],"replies":[{"embeddable":true,"href":"https:\/\/demoweb.info\/sexshop001\/wp-json\/wp\/v2\/comments?post=11069"}],"wp:featuredmedia":[{"embeddable":true,"href":"https:\/\/demoweb.info\/sexshop001\/wp-json\/wp\/v2\/media\/11070"}],"wp:attachment":[{"href":"https:\/\/demoweb.info\/sexshop001\/wp-json\/wp\/v2\/media?parent=11069"}],"wp:term":[{"taxonomy":"product_cat","embeddable":true,"href":"https:\/\/demoweb.info\/sexshop001\/wp-json\/wp\/v2\/product_cat?post=11069"},{"taxonomy":"product_tag","embeddable":true,"href":"https:\/\/demoweb.info\/sexshop001\/wp-json\/wp\/v2\/product_tag?post=11069"}],"curies":[{"name":"wp","href":"https:\/\/api.w.org\/{rel}","templated":true}]}}