{"id":10904,"date":"2022-01-22T09:53:48","date_gmt":"2022-01-22T08:53:48","guid":{"rendered":"https:\/\/demoweb.info\/sexshop001\/producto\/buttplug-plug-anal-mediano-negro\/"},"modified":"2022-01-22T09:54:08","modified_gmt":"2022-01-22T08:54:08","slug":"buttplug-plug-anal-mediano-negro","status":"publish","type":"product","link":"https:\/\/demoweb.info\/sexshop001\/producto\/buttplug-plug-anal-mediano-negro\/","title":{"rendered":"BUTTPLUG PLUG ANAL MEDIANO NEGRO"},"content":{"rendered":"<p><strong>BUTTPLUG MEDIUM SIZE BLACK<\/strong>.<\/p>\n<p>Si te gusta la estimulaci\u00f3n anal, este es el juguete perfecto para ti. Este plug anal tiene suaves l\u00edneas para una estimulaci\u00f3n adicional y una copa de succi\u00f3n en la parte inferior para que lo puedas disfrutar sin utilizar las manos. Adem\u00e1s, su forma c\u00f3nica hace que sea muy sencillo de insertar.<\/p>\n<p>Medidas insertable: 10 x 6 cm (di\u00e1metro parte m\u00e1s ancha)<\/p>\n","protected":false},"excerpt":{"rendered":"<p>BUTTPLUG MEDIUM SIZE BLACK. Si te gusta la estimulaci\u00f3n anal, este es el juguete perfecto para ti. Este plug anal<\/p>\n","protected":false},"featured_media":10905,"comment_status":"open","ping_status":"open","template":"","meta":[],"product_cat":[338],"product_tag":[302,547],"class_list":["post-10904","product","type-product","status-publish","has-post-thumbnail","hentry","product_cat-silicona-plugs","product_tag-shots","product_tag-shots-toys"],"bundled_by":[],"bundle_stock_status":"outofstock","bundle_stock_quantity":0,"bundle_virtual":false,"bundle_layout":"","bundle_add_to_cart_form_location":"","bundle_editable_in_cart":false,"bundle_sold_individually_context":"","bundle_item_grouping":"","bundle_min_size":"","bundle_max_size":"","bundled_items":[],"yoast_head":"<!-- This site is optimized with the Yoast SEO plugin v20.6 - https:\/\/yoast.com\/wordpress\/plugins\/seo\/ -->\n<title>BUTTPLUG PLUG ANAL MEDIANO NEGRO - Tienda Er\u00f3tica<\/title>\n<meta name=\"robots\" content=\"noindex, follow, max-snippet:-1, max-image-preview:large, max-video-preview:-1\" \/>\n<meta property=\"og:locale\" content=\"es_ES\" \/>\n<meta property=\"og:type\" content=\"article\" \/>\n<meta property=\"og:title\" content=\"BUTTPLUG PLUG ANAL MEDIANO NEGRO - Tienda Er\u00f3tica\" \/>\n<meta property=\"og:description\" content=\"BUTTPLUG MEDIUM SIZE BLACK. Si te gusta la estimulaci\u00f3n anal, este es el juguete perfecto para ti. Este plug anal\" \/>\n<meta property=\"og:url\" content=\"https:\/\/demoweb.info\/sexshop001\/producto\/buttplug-plug-anal-mediano-negro\/\" \/>\n<meta property=\"og:site_name\" content=\"Tienda Er\u00f3tica\" \/>\n<meta property=\"article:modified_time\" content=\"2022-01-22T08:54:08+00:00\" \/>\n<meta property=\"og:image\" content=\"https:\/\/demoweb.info\/sexshop001\/wp-content\/uploads\/2022\/01\/BUTTPLUG-PLUG-ANAL-MEDIANO-NEGRO.jpg\" \/>\n\t<meta property=\"og:image:width\" content=\"550\" \/>\n\t<meta property=\"og:image:height\" content=\"550\" \/>\n\t<meta property=\"og:image:type\" content=\"image\/jpeg\" \/>\n<meta name=\"twitter:card\" content=\"summary_large_image\" \/>\n<script type=\"application\/ld+json\" class=\"yoast-schema-graph\">{\"@context\":\"https:\/\/schema.org\",\"@graph\":[{\"@type\":\"WebPage\",\"@id\":\"https:\/\/demoweb.info\/sexshop001\/producto\/buttplug-plug-anal-mediano-negro\/\",\"url\":\"https:\/\/demoweb.info\/sexshop001\/producto\/buttplug-plug-anal-mediano-negro\/\",\"name\":\"BUTTPLUG PLUG ANAL MEDIANO NEGRO - Tienda Er\u00f3tica\",\"isPartOf\":{\"@id\":\"https:\/\/demoweb.info\/sexshop001\/#website\"},\"datePublished\":\"2022-01-22T08:53:48+00:00\",\"dateModified\":\"2022-01-22T08:54:08+00:00\",\"breadcrumb\":{\"@id\":\"https:\/\/demoweb.info\/sexshop001\/producto\/buttplug-plug-anal-mediano-negro\/#breadcrumb\"},\"inLanguage\":\"es\",\"potentialAction\":[{\"@type\":\"ReadAction\",\"target\":[\"https:\/\/demoweb.info\/sexshop001\/producto\/buttplug-plug-anal-mediano-negro\/\"]}]},{\"@type\":\"BreadcrumbList\",\"@id\":\"https:\/\/demoweb.info\/sexshop001\/producto\/buttplug-plug-anal-mediano-negro\/#breadcrumb\",\"itemListElement\":[{\"@type\":\"ListItem\",\"position\":1,\"name\":\"Portada\",\"item\":\"https:\/\/demoweb.info\/sexshop001\/\"},{\"@type\":\"ListItem\",\"position\":2,\"name\":\"Tienda\",\"item\":\"https:\/\/demoweb.info\/sexshop001\/tienda\/\"},{\"@type\":\"ListItem\",\"position\":3,\"name\":\"BUTTPLUG PLUG ANAL MEDIANO NEGRO\"}]},{\"@type\":\"WebSite\",\"@id\":\"https:\/\/demoweb.info\/sexshop001\/#website\",\"url\":\"https:\/\/demoweb.info\/sexshop001\/\",\"name\":\"Tienda Er\u00f3tica\",\"description\":\"DEMOWEB SL\",\"potentialAction\":[{\"@type\":\"SearchAction\",\"target\":{\"@type\":\"EntryPoint\",\"urlTemplate\":\"https:\/\/demoweb.info\/sexshop001\/?s={search_term_string}\"},\"query-input\":\"required name=search_term_string\"}],\"inLanguage\":\"es\"}]}<\/script>\n<!-- \/ Yoast SEO plugin. -->","yoast_head_json":{"title":"BUTTPLUG PLUG ANAL MEDIANO NEGRO - Tienda Er\u00f3tica","robots":{"index":"noindex","follow":"follow","max-snippet":"max-snippet:-1","max-image-preview":"max-image-preview:large","max-video-preview":"max-video-preview:-1"},"og_locale":"es_ES","og_type":"article","og_title":"BUTTPLUG PLUG ANAL MEDIANO NEGRO - Tienda Er\u00f3tica","og_description":"BUTTPLUG MEDIUM SIZE BLACK. Si te gusta la estimulaci\u00f3n anal, este es el juguete perfecto para ti. Este plug anal","og_url":"https:\/\/demoweb.info\/sexshop001\/producto\/buttplug-plug-anal-mediano-negro\/","og_site_name":"Tienda Er\u00f3tica","article_modified_time":"2022-01-22T08:54:08+00:00","og_image":[{"width":550,"height":550,"url":"https:\/\/demoweb.info\/sexshop001\/wp-content\/uploads\/2022\/01\/BUTTPLUG-PLUG-ANAL-MEDIANO-NEGRO.jpg","type":"image\/jpeg"}],"twitter_card":"summary_large_image","schema":{"@context":"https:\/\/schema.org","@graph":[{"@type":"WebPage","@id":"https:\/\/demoweb.info\/sexshop001\/producto\/buttplug-plug-anal-mediano-negro\/","url":"https:\/\/demoweb.info\/sexshop001\/producto\/buttplug-plug-anal-mediano-negro\/","name":"BUTTPLUG PLUG ANAL MEDIANO NEGRO - Tienda Er\u00f3tica","isPartOf":{"@id":"https:\/\/demoweb.info\/sexshop001\/#website"},"datePublished":"2022-01-22T08:53:48+00:00","dateModified":"2022-01-22T08:54:08+00:00","breadcrumb":{"@id":"https:\/\/demoweb.info\/sexshop001\/producto\/buttplug-plug-anal-mediano-negro\/#breadcrumb"},"inLanguage":"es","potentialAction":[{"@type":"ReadAction","target":["https:\/\/demoweb.info\/sexshop001\/producto\/buttplug-plug-anal-mediano-negro\/"]}]},{"@type":"BreadcrumbList","@id":"https:\/\/demoweb.info\/sexshop001\/producto\/buttplug-plug-anal-mediano-negro\/#breadcrumb","itemListElement":[{"@type":"ListItem","position":1,"name":"Portada","item":"https:\/\/demoweb.info\/sexshop001\/"},{"@type":"ListItem","position":2,"name":"Tienda","item":"https:\/\/demoweb.info\/sexshop001\/tienda\/"},{"@type":"ListItem","position":3,"name":"BUTTPLUG PLUG ANAL MEDIANO NEGRO"}]},{"@type":"WebSite","@id":"https:\/\/demoweb.info\/sexshop001\/#website","url":"https:\/\/demoweb.info\/sexshop001\/","name":"Tienda Er\u00f3tica","description":"DEMOWEB SL","potentialAction":[{"@type":"SearchAction","target":{"@type":"EntryPoint","urlTemplate":"https:\/\/demoweb.info\/sexshop001\/?s={search_term_string}"},"query-input":"required name=search_term_string"}],"inLanguage":"es"}]}},"_links":{"self":[{"href":"https:\/\/demoweb.info\/sexshop001\/wp-json\/wp\/v3\/product\/10904","targetHints":{"allow":["GET"]}}],"collection":[{"href":"https:\/\/demoweb.info\/sexshop001\/wp-json\/wp\/v3\/product"}],"about":[{"href":"https:\/\/demoweb.info\/sexshop001\/wp-json\/wp\/v2\/types\/product"}],"replies":[{"embeddable":true,"href":"https:\/\/demoweb.info\/sexshop001\/wp-json\/wp\/v2\/comments?post=10904"}],"wp:featuredmedia":[{"embeddable":true,"href":"https:\/\/demoweb.info\/sexshop001\/wp-json\/wp\/v2\/media\/10905"}],"wp:attachment":[{"href":"https:\/\/demoweb.info\/sexshop001\/wp-json\/wp\/v2\/media?parent=10904"}],"wp:term":[{"taxonomy":"product_cat","embeddable":true,"href":"https:\/\/demoweb.info\/sexshop001\/wp-json\/wp\/v2\/product_cat?post=10904"},{"taxonomy":"product_tag","embeddable":true,"href":"https:\/\/demoweb.info\/sexshop001\/wp-json\/wp\/v2\/product_tag?post=10904"}],"curies":[{"name":"wp","href":"https:\/\/api.w.org\/{rel}","templated":true}]}}