{"id":10894,"date":"2022-01-22T09:53:48","date_gmt":"2022-01-22T08:53:48","guid":{"rendered":"https:\/\/demoweb.info\/sexshop001\/producto\/corset-o-hara-negro\/"},"modified":"2022-01-22T09:54:04","modified_gmt":"2022-01-22T08:54:04","slug":"corset-o-hara-negro","status":"publish","type":"product","link":"https:\/\/demoweb.info\/sexshop001\/producto\/corset-o-hara-negro\/","title":{"rendered":"CORSET O-HARA NEGRO"},"content":{"rendered":"<p>Producto: Corset <br \/>Color: Negro<br \/>Varillas: varillas pl\u00e1sticas semir\u00edgidas<br \/>Cierre trasero: corchetes<br \/>Cierre delantero: sin cierre<br \/>Cuello: ligeramente en forma de v<br \/>Copa en el pecho: con copa<br \/>Aros en el pecho: con aros<br \/>Tipo de corte: corto, hasta gl\u00fateos<br \/>Tirantes: el\u00e1sticos, regulables<br \/>Mangas: sin mangas<br \/>Tela: s\u00edmil de cuero, con transparencias y encajes<br \/>Detalles: otros, como se ve en la foto<br \/>AccesoriosTanga &#8211; ligueros incorporados al corset<br \/>Cuidados:<br \/>Lavar a mano con agua fr\u00eda.<br \/>Utilizar jab\u00f3n neutro.<br \/>No utilizar lej\u00eda.<br \/>Aclarar sin retorcer.<br \/>Planchar s\u00f3lo las partes no el\u00e1sticas<\/p>\n","protected":false},"excerpt":{"rendered":"<p>Producto: Corset Color: NegroVarillas: varillas pl\u00e1sticas semir\u00edgidasCierre trasero: corchetesCierre delantero: sin cierreCuello: ligeramente en forma de vCopa en el pecho:<\/p>\n","protected":false},"featured_media":10895,"comment_status":"open","ping_status":"open","template":"","meta":[],"product_cat":[568],"product_tag":[441],"class_list":["post-10894","product","type-product","status-publish","has-post-thumbnail","hentry","product_cat-corses-lenceria","product_tag-intimax"],"bundled_by":[],"bundle_stock_status":"instock","bundle_stock_quantity":11,"bundle_virtual":false,"bundle_layout":"","bundle_add_to_cart_form_location":"","bundle_editable_in_cart":false,"bundle_sold_individually_context":"","bundle_item_grouping":"","bundle_min_size":"","bundle_max_size":"","bundled_items":[],"yoast_head":"<!-- This site is optimized with the Yoast SEO plugin v20.6 - https:\/\/yoast.com\/wordpress\/plugins\/seo\/ -->\n<title>CORSET O-HARA NEGRO - Tienda Er\u00f3tica<\/title>\n<meta name=\"robots\" content=\"noindex, follow, max-snippet:-1, max-image-preview:large, max-video-preview:-1\" \/>\n<meta property=\"og:locale\" content=\"es_ES\" \/>\n<meta property=\"og:type\" content=\"article\" \/>\n<meta property=\"og:title\" content=\"CORSET O-HARA NEGRO - Tienda Er\u00f3tica\" \/>\n<meta property=\"og:description\" content=\"Producto: Corset Color: NegroVarillas: varillas pl\u00e1sticas semir\u00edgidasCierre trasero: corchetesCierre delantero: sin cierreCuello: ligeramente en forma de vCopa en el pecho:\" \/>\n<meta property=\"og:url\" content=\"https:\/\/demoweb.info\/sexshop001\/producto\/corset-o-hara-negro\/\" \/>\n<meta property=\"og:site_name\" content=\"Tienda Er\u00f3tica\" \/>\n<meta property=\"article:modified_time\" content=\"2022-01-22T08:54:04+00:00\" \/>\n<meta property=\"og:image\" content=\"https:\/\/demoweb.info\/sexshop001\/wp-content\/uploads\/2022\/01\/CORSET-O-HARA-NEGRO.jpg\" \/>\n\t<meta property=\"og:image:width\" content=\"550\" \/>\n\t<meta property=\"og:image:height\" content=\"550\" \/>\n\t<meta property=\"og:image:type\" content=\"image\/jpeg\" \/>\n<meta name=\"twitter:card\" content=\"summary_large_image\" \/>\n<script type=\"application\/ld+json\" class=\"yoast-schema-graph\">{\"@context\":\"https:\/\/schema.org\",\"@graph\":[{\"@type\":\"WebPage\",\"@id\":\"https:\/\/demoweb.info\/sexshop001\/producto\/corset-o-hara-negro\/\",\"url\":\"https:\/\/demoweb.info\/sexshop001\/producto\/corset-o-hara-negro\/\",\"name\":\"CORSET O-HARA NEGRO - Tienda Er\u00f3tica\",\"isPartOf\":{\"@id\":\"https:\/\/demoweb.info\/sexshop001\/#website\"},\"datePublished\":\"2022-01-22T08:53:48+00:00\",\"dateModified\":\"2022-01-22T08:54:04+00:00\",\"breadcrumb\":{\"@id\":\"https:\/\/demoweb.info\/sexshop001\/producto\/corset-o-hara-negro\/#breadcrumb\"},\"inLanguage\":\"es\",\"potentialAction\":[{\"@type\":\"ReadAction\",\"target\":[\"https:\/\/demoweb.info\/sexshop001\/producto\/corset-o-hara-negro\/\"]}]},{\"@type\":\"BreadcrumbList\",\"@id\":\"https:\/\/demoweb.info\/sexshop001\/producto\/corset-o-hara-negro\/#breadcrumb\",\"itemListElement\":[{\"@type\":\"ListItem\",\"position\":1,\"name\":\"Portada\",\"item\":\"https:\/\/demoweb.info\/sexshop001\/\"},{\"@type\":\"ListItem\",\"position\":2,\"name\":\"Tienda\",\"item\":\"https:\/\/demoweb.info\/sexshop001\/tienda\/\"},{\"@type\":\"ListItem\",\"position\":3,\"name\":\"CORSET O-HARA NEGRO\"}]},{\"@type\":\"WebSite\",\"@id\":\"https:\/\/demoweb.info\/sexshop001\/#website\",\"url\":\"https:\/\/demoweb.info\/sexshop001\/\",\"name\":\"Tienda Er\u00f3tica\",\"description\":\"DEMOWEB SL\",\"potentialAction\":[{\"@type\":\"SearchAction\",\"target\":{\"@type\":\"EntryPoint\",\"urlTemplate\":\"https:\/\/demoweb.info\/sexshop001\/?s={search_term_string}\"},\"query-input\":\"required name=search_term_string\"}],\"inLanguage\":\"es\"}]}<\/script>\n<!-- \/ Yoast SEO plugin. -->","yoast_head_json":{"title":"CORSET O-HARA NEGRO - Tienda Er\u00f3tica","robots":{"index":"noindex","follow":"follow","max-snippet":"max-snippet:-1","max-image-preview":"max-image-preview:large","max-video-preview":"max-video-preview:-1"},"og_locale":"es_ES","og_type":"article","og_title":"CORSET O-HARA NEGRO - Tienda Er\u00f3tica","og_description":"Producto: Corset Color: NegroVarillas: varillas pl\u00e1sticas semir\u00edgidasCierre trasero: corchetesCierre delantero: sin cierreCuello: ligeramente en forma de vCopa en el pecho:","og_url":"https:\/\/demoweb.info\/sexshop001\/producto\/corset-o-hara-negro\/","og_site_name":"Tienda Er\u00f3tica","article_modified_time":"2022-01-22T08:54:04+00:00","og_image":[{"width":550,"height":550,"url":"https:\/\/demoweb.info\/sexshop001\/wp-content\/uploads\/2022\/01\/CORSET-O-HARA-NEGRO.jpg","type":"image\/jpeg"}],"twitter_card":"summary_large_image","schema":{"@context":"https:\/\/schema.org","@graph":[{"@type":"WebPage","@id":"https:\/\/demoweb.info\/sexshop001\/producto\/corset-o-hara-negro\/","url":"https:\/\/demoweb.info\/sexshop001\/producto\/corset-o-hara-negro\/","name":"CORSET O-HARA NEGRO - Tienda Er\u00f3tica","isPartOf":{"@id":"https:\/\/demoweb.info\/sexshop001\/#website"},"datePublished":"2022-01-22T08:53:48+00:00","dateModified":"2022-01-22T08:54:04+00:00","breadcrumb":{"@id":"https:\/\/demoweb.info\/sexshop001\/producto\/corset-o-hara-negro\/#breadcrumb"},"inLanguage":"es","potentialAction":[{"@type":"ReadAction","target":["https:\/\/demoweb.info\/sexshop001\/producto\/corset-o-hara-negro\/"]}]},{"@type":"BreadcrumbList","@id":"https:\/\/demoweb.info\/sexshop001\/producto\/corset-o-hara-negro\/#breadcrumb","itemListElement":[{"@type":"ListItem","position":1,"name":"Portada","item":"https:\/\/demoweb.info\/sexshop001\/"},{"@type":"ListItem","position":2,"name":"Tienda","item":"https:\/\/demoweb.info\/sexshop001\/tienda\/"},{"@type":"ListItem","position":3,"name":"CORSET O-HARA NEGRO"}]},{"@type":"WebSite","@id":"https:\/\/demoweb.info\/sexshop001\/#website","url":"https:\/\/demoweb.info\/sexshop001\/","name":"Tienda Er\u00f3tica","description":"DEMOWEB SL","potentialAction":[{"@type":"SearchAction","target":{"@type":"EntryPoint","urlTemplate":"https:\/\/demoweb.info\/sexshop001\/?s={search_term_string}"},"query-input":"required name=search_term_string"}],"inLanguage":"es"}]}},"_links":{"self":[{"href":"https:\/\/demoweb.info\/sexshop001\/wp-json\/wp\/v3\/product\/10894","targetHints":{"allow":["GET"]}}],"collection":[{"href":"https:\/\/demoweb.info\/sexshop001\/wp-json\/wp\/v3\/product"}],"about":[{"href":"https:\/\/demoweb.info\/sexshop001\/wp-json\/wp\/v2\/types\/product"}],"replies":[{"embeddable":true,"href":"https:\/\/demoweb.info\/sexshop001\/wp-json\/wp\/v2\/comments?post=10894"}],"wp:featuredmedia":[{"embeddable":true,"href":"https:\/\/demoweb.info\/sexshop001\/wp-json\/wp\/v2\/media\/10895"}],"wp:attachment":[{"href":"https:\/\/demoweb.info\/sexshop001\/wp-json\/wp\/v2\/media?parent=10894"}],"wp:term":[{"taxonomy":"product_cat","embeddable":true,"href":"https:\/\/demoweb.info\/sexshop001\/wp-json\/wp\/v2\/product_cat?post=10894"},{"taxonomy":"product_tag","embeddable":true,"href":"https:\/\/demoweb.info\/sexshop001\/wp-json\/wp\/v2\/product_tag?post=10894"}],"curies":[{"name":"wp","href":"https:\/\/api.w.org\/{rel}","templated":true}]}}