{"id":10884,"date":"2022-01-22T09:53:48","date_gmt":"2022-01-22T08:53:48","guid":{"rendered":"https:\/\/demoweb.info\/sexshop001\/producto\/babydoll-asia-blanco\/"},"modified":"2022-01-22T09:53:59","modified_gmt":"2022-01-22T08:53:59","slug":"babydoll-asia-blanco","status":"publish","type":"product","link":"https:\/\/demoweb.info\/sexshop001\/producto\/babydoll-asia-blanco\/","title":{"rendered":"BABYDOLL ASIA BLANCO"},"content":{"rendered":"<p><strong>BABYDOLL ASIA BLANCO<\/strong><\/p>\n<ul>\n<li>Producto: Babydoll<\/li>\n<li>Color: Blanco<\/li>\n<li>Varillas: sin varillas<\/li>\n<li>Cierre trasero: sin cierre<\/li>\n<li>Cierre delantero: sin cierre &#8211; clip en la entrepierna<\/li>\n<li>Cuello: en forma de v<\/li>\n<li>Copa en el pecho: con copa<\/li>\n<li>Aros en el pecho: sin aros<\/li>\n<li>Tipo de corte: medio, hasta gl\u00fateos<\/li>\n<li>Tirantes: regulables<\/li>\n<li>Mangas: sin mangas<\/li>\n<li>Tela: transparencias, con encajes<\/li>\n<li>Detalles: otros, como se ve en la foto<\/li>\n<li>Accesorios: Tanga<\/li>\n<li>Cuidados: Lavar a mano con agua fr\u00eda. Utilizar jab\u00f3n neutro. No utilizar lej\u00eda. Aclarar sin retorcer. Planchar s\u00f3lo las partes no el\u00e1sticas<\/li>\n<\/ul>\n","protected":false},"excerpt":{"rendered":"<p>BABYDOLL ASIA BLANCO Producto: Babydoll Color: Blanco Varillas: sin varillas Cierre trasero: sin cierre Cierre delantero: sin cierre &#8211; clip<\/p>\n","protected":false},"featured_media":10885,"comment_status":"open","ping_status":"open","template":"","meta":[],"product_cat":[357],"product_tag":[441],"class_list":["post-10884","product","type-product","status-publish","has-post-thumbnail","hentry","product_cat-con-ligueros-bodys","product_tag-intimax"],"bundled_by":[],"bundle_stock_status":"instock","bundle_stock_quantity":25,"bundle_virtual":false,"bundle_layout":"","bundle_add_to_cart_form_location":"","bundle_editable_in_cart":false,"bundle_sold_individually_context":"","bundle_item_grouping":"","bundle_min_size":"","bundle_max_size":"","bundled_items":[],"yoast_head":"<!-- This site is optimized with the Yoast SEO plugin v20.6 - https:\/\/yoast.com\/wordpress\/plugins\/seo\/ -->\n<title>BABYDOLL ASIA BLANCO - Tienda Er\u00f3tica<\/title>\n<meta name=\"robots\" content=\"noindex, follow, max-snippet:-1, max-image-preview:large, max-video-preview:-1\" \/>\n<meta property=\"og:locale\" content=\"es_ES\" \/>\n<meta property=\"og:type\" content=\"article\" \/>\n<meta property=\"og:title\" content=\"BABYDOLL ASIA BLANCO - Tienda Er\u00f3tica\" \/>\n<meta property=\"og:description\" content=\"BABYDOLL ASIA BLANCO Producto: Babydoll Color: Blanco Varillas: sin varillas Cierre trasero: sin cierre Cierre delantero: sin cierre &#8211; clip\" \/>\n<meta property=\"og:url\" content=\"https:\/\/demoweb.info\/sexshop001\/producto\/babydoll-asia-blanco\/\" \/>\n<meta property=\"og:site_name\" content=\"Tienda Er\u00f3tica\" \/>\n<meta property=\"article:modified_time\" content=\"2022-01-22T08:53:59+00:00\" \/>\n<meta property=\"og:image\" content=\"https:\/\/demoweb.info\/sexshop001\/wp-content\/uploads\/2022\/01\/BABYDOLL-ASIA-BLANCO.jpg\" \/>\n\t<meta property=\"og:image:width\" content=\"550\" \/>\n\t<meta property=\"og:image:height\" content=\"550\" \/>\n\t<meta property=\"og:image:type\" content=\"image\/jpeg\" \/>\n<meta name=\"twitter:card\" content=\"summary_large_image\" \/>\n<script type=\"application\/ld+json\" class=\"yoast-schema-graph\">{\"@context\":\"https:\/\/schema.org\",\"@graph\":[{\"@type\":\"WebPage\",\"@id\":\"https:\/\/demoweb.info\/sexshop001\/producto\/babydoll-asia-blanco\/\",\"url\":\"https:\/\/demoweb.info\/sexshop001\/producto\/babydoll-asia-blanco\/\",\"name\":\"BABYDOLL ASIA BLANCO - Tienda Er\u00f3tica\",\"isPartOf\":{\"@id\":\"https:\/\/demoweb.info\/sexshop001\/#website\"},\"datePublished\":\"2022-01-22T08:53:48+00:00\",\"dateModified\":\"2022-01-22T08:53:59+00:00\",\"breadcrumb\":{\"@id\":\"https:\/\/demoweb.info\/sexshop001\/producto\/babydoll-asia-blanco\/#breadcrumb\"},\"inLanguage\":\"es\",\"potentialAction\":[{\"@type\":\"ReadAction\",\"target\":[\"https:\/\/demoweb.info\/sexshop001\/producto\/babydoll-asia-blanco\/\"]}]},{\"@type\":\"BreadcrumbList\",\"@id\":\"https:\/\/demoweb.info\/sexshop001\/producto\/babydoll-asia-blanco\/#breadcrumb\",\"itemListElement\":[{\"@type\":\"ListItem\",\"position\":1,\"name\":\"Portada\",\"item\":\"https:\/\/demoweb.info\/sexshop001\/\"},{\"@type\":\"ListItem\",\"position\":2,\"name\":\"Tienda\",\"item\":\"https:\/\/demoweb.info\/sexshop001\/tienda\/\"},{\"@type\":\"ListItem\",\"position\":3,\"name\":\"BABYDOLL ASIA BLANCO\"}]},{\"@type\":\"WebSite\",\"@id\":\"https:\/\/demoweb.info\/sexshop001\/#website\",\"url\":\"https:\/\/demoweb.info\/sexshop001\/\",\"name\":\"Tienda Er\u00f3tica\",\"description\":\"DEMOWEB SL\",\"potentialAction\":[{\"@type\":\"SearchAction\",\"target\":{\"@type\":\"EntryPoint\",\"urlTemplate\":\"https:\/\/demoweb.info\/sexshop001\/?s={search_term_string}\"},\"query-input\":\"required name=search_term_string\"}],\"inLanguage\":\"es\"}]}<\/script>\n<!-- \/ Yoast SEO plugin. -->","yoast_head_json":{"title":"BABYDOLL ASIA BLANCO - Tienda Er\u00f3tica","robots":{"index":"noindex","follow":"follow","max-snippet":"max-snippet:-1","max-image-preview":"max-image-preview:large","max-video-preview":"max-video-preview:-1"},"og_locale":"es_ES","og_type":"article","og_title":"BABYDOLL ASIA BLANCO - Tienda Er\u00f3tica","og_description":"BABYDOLL ASIA BLANCO Producto: Babydoll Color: Blanco Varillas: sin varillas Cierre trasero: sin cierre Cierre delantero: sin cierre &#8211; clip","og_url":"https:\/\/demoweb.info\/sexshop001\/producto\/babydoll-asia-blanco\/","og_site_name":"Tienda Er\u00f3tica","article_modified_time":"2022-01-22T08:53:59+00:00","og_image":[{"width":550,"height":550,"url":"https:\/\/demoweb.info\/sexshop001\/wp-content\/uploads\/2022\/01\/BABYDOLL-ASIA-BLANCO.jpg","type":"image\/jpeg"}],"twitter_card":"summary_large_image","schema":{"@context":"https:\/\/schema.org","@graph":[{"@type":"WebPage","@id":"https:\/\/demoweb.info\/sexshop001\/producto\/babydoll-asia-blanco\/","url":"https:\/\/demoweb.info\/sexshop001\/producto\/babydoll-asia-blanco\/","name":"BABYDOLL ASIA BLANCO - Tienda Er\u00f3tica","isPartOf":{"@id":"https:\/\/demoweb.info\/sexshop001\/#website"},"datePublished":"2022-01-22T08:53:48+00:00","dateModified":"2022-01-22T08:53:59+00:00","breadcrumb":{"@id":"https:\/\/demoweb.info\/sexshop001\/producto\/babydoll-asia-blanco\/#breadcrumb"},"inLanguage":"es","potentialAction":[{"@type":"ReadAction","target":["https:\/\/demoweb.info\/sexshop001\/producto\/babydoll-asia-blanco\/"]}]},{"@type":"BreadcrumbList","@id":"https:\/\/demoweb.info\/sexshop001\/producto\/babydoll-asia-blanco\/#breadcrumb","itemListElement":[{"@type":"ListItem","position":1,"name":"Portada","item":"https:\/\/demoweb.info\/sexshop001\/"},{"@type":"ListItem","position":2,"name":"Tienda","item":"https:\/\/demoweb.info\/sexshop001\/tienda\/"},{"@type":"ListItem","position":3,"name":"BABYDOLL ASIA BLANCO"}]},{"@type":"WebSite","@id":"https:\/\/demoweb.info\/sexshop001\/#website","url":"https:\/\/demoweb.info\/sexshop001\/","name":"Tienda Er\u00f3tica","description":"DEMOWEB SL","potentialAction":[{"@type":"SearchAction","target":{"@type":"EntryPoint","urlTemplate":"https:\/\/demoweb.info\/sexshop001\/?s={search_term_string}"},"query-input":"required name=search_term_string"}],"inLanguage":"es"}]}},"_links":{"self":[{"href":"https:\/\/demoweb.info\/sexshop001\/wp-json\/wp\/v3\/product\/10884","targetHints":{"allow":["GET"]}}],"collection":[{"href":"https:\/\/demoweb.info\/sexshop001\/wp-json\/wp\/v3\/product"}],"about":[{"href":"https:\/\/demoweb.info\/sexshop001\/wp-json\/wp\/v2\/types\/product"}],"replies":[{"embeddable":true,"href":"https:\/\/demoweb.info\/sexshop001\/wp-json\/wp\/v2\/comments?post=10884"}],"wp:featuredmedia":[{"embeddable":true,"href":"https:\/\/demoweb.info\/sexshop001\/wp-json\/wp\/v2\/media\/10885"}],"wp:attachment":[{"href":"https:\/\/demoweb.info\/sexshop001\/wp-json\/wp\/v2\/media?parent=10884"}],"wp:term":[{"taxonomy":"product_cat","embeddable":true,"href":"https:\/\/demoweb.info\/sexshop001\/wp-json\/wp\/v2\/product_cat?post=10884"},{"taxonomy":"product_tag","embeddable":true,"href":"https:\/\/demoweb.info\/sexshop001\/wp-json\/wp\/v2\/product_tag?post=10884"}],"curies":[{"name":"wp","href":"https:\/\/api.w.org\/{rel}","templated":true}]}}