{"id":10405,"date":"2022-01-22T09:50:07","date_gmt":"2022-01-22T08:50:07","guid":{"rendered":"https:\/\/demoweb.info\/sexshop001\/producto\/jordi-el-nino-pene-pene-realistico\/"},"modified":"2022-01-22T09:50:21","modified_gmt":"2022-01-22T08:50:21","slug":"jordi-el-nino-pene-pene-realistico","status":"publish","type":"product","link":"https:\/\/demoweb.info\/sexshop001\/producto\/jordi-el-nino-pene-pene-realistico\/","title":{"rendered":"JORDI EL NI\u00d1O PENE &#8211; PENE REALISTICO"},"content":{"rendered":"<p><strong>JORDI EL NI\u00d1O PENE &#8211; 8 INCH &#8211; ULTRASKYN COCK<\/strong><\/p>\n<p>Jordi el Ni\u00f1o Polla (tambi\u00e9n conocido como Jordi ENP) vino desde Espa\u00f1a para atravesar las MILFs de Am\u00e9rica, \u00a1y ahora puedes entrar en acci\u00f3n con su Signature Cock de 8 pulgadas!<\/p>\n<p>El Signature Cock de Jordi est\u00e1 moldeado directamente de su cuerpo y hecho a mano en ULTRASKYN de doble densidad para capturar cada detalle e imita la sensaci\u00f3n \u00fanica de la piel real.<\/p>\n<ul>\n<li>Dimensiones embalaje 28,90 x 11,50 x 4,90 cm<\/li>\n<li>Peso embalaje 520 gram<\/li>\n<li>Dimensiones del producto 20,9 x 4,9 x 4,9 cm<\/li>\n<li>Peso del producto 390,00 gram<\/li>\n<li>Di\u00e1metro del producto 4,9 cm<\/li>\n<li>Longitud insertable 17,8 cm<\/li>\n<li>Libre de ftalato S\u00ed<\/li>\n<li>Materiales TPE<\/li>\n<li> <\/li>\n<\/ul>\n","protected":false},"excerpt":{"rendered":"<p>JORDI EL NI\u00d1O PENE &#8211; 8 INCH &#8211; ULTRASKYN COCK Jordi el Ni\u00f1o Polla (tambi\u00e9n conocido como Jordi ENP) vino<\/p>\n","protected":false},"featured_media":10406,"comment_status":"open","ping_status":"open","template":"","meta":[],"product_cat":[386],"product_tag":[460],"class_list":["post-10405","product","type-product","status-publish","has-post-thumbnail","hentry","product_cat-realisticos","product_tag-doc-johnson"],"bundled_by":[],"bundle_stock_status":"instock","bundle_stock_quantity":1,"bundle_virtual":false,"bundle_layout":"","bundle_add_to_cart_form_location":"","bundle_editable_in_cart":false,"bundle_sold_individually_context":"","bundle_item_grouping":"","bundle_min_size":"","bundle_max_size":"","bundled_items":[],"yoast_head":"<!-- This site is optimized with the Yoast SEO plugin v20.6 - https:\/\/yoast.com\/wordpress\/plugins\/seo\/ -->\n<title>JORDI EL NI\u00d1O PENE - PENE REALISTICO - Tienda Er\u00f3tica<\/title>\n<meta name=\"robots\" content=\"noindex, follow, max-snippet:-1, max-image-preview:large, max-video-preview:-1\" \/>\n<meta property=\"og:locale\" content=\"es_ES\" \/>\n<meta property=\"og:type\" content=\"article\" \/>\n<meta property=\"og:title\" content=\"JORDI EL NI\u00d1O PENE - PENE REALISTICO - Tienda Er\u00f3tica\" \/>\n<meta property=\"og:description\" content=\"JORDI EL NI\u00d1O PENE &#8211; 8 INCH &#8211; ULTRASKYN COCK Jordi el Ni\u00f1o Polla (tambi\u00e9n conocido como Jordi ENP) vino\" \/>\n<meta property=\"og:url\" content=\"https:\/\/demoweb.info\/sexshop001\/producto\/jordi-el-nino-pene-pene-realistico\/\" \/>\n<meta property=\"og:site_name\" content=\"Tienda Er\u00f3tica\" \/>\n<meta property=\"article:modified_time\" content=\"2022-01-22T08:50:21+00:00\" \/>\n<meta property=\"og:image\" content=\"https:\/\/demoweb.info\/sexshop001\/wp-content\/uploads\/2022\/01\/JORDI-EL-NINO-PENE-PENE-REALISTICO.jpg\" \/>\n\t<meta property=\"og:image:width\" content=\"550\" \/>\n\t<meta property=\"og:image:height\" content=\"550\" \/>\n\t<meta property=\"og:image:type\" content=\"image\/jpeg\" \/>\n<meta name=\"twitter:card\" content=\"summary_large_image\" \/>\n<meta name=\"twitter:label1\" content=\"Tiempo de lectura\" \/>\n\t<meta name=\"twitter:data1\" content=\"1 minuto\" \/>\n<script type=\"application\/ld+json\" class=\"yoast-schema-graph\">{\"@context\":\"https:\/\/schema.org\",\"@graph\":[{\"@type\":\"WebPage\",\"@id\":\"https:\/\/demoweb.info\/sexshop001\/producto\/jordi-el-nino-pene-pene-realistico\/\",\"url\":\"https:\/\/demoweb.info\/sexshop001\/producto\/jordi-el-nino-pene-pene-realistico\/\",\"name\":\"JORDI EL NI\u00d1O PENE - PENE REALISTICO - Tienda Er\u00f3tica\",\"isPartOf\":{\"@id\":\"https:\/\/demoweb.info\/sexshop001\/#website\"},\"datePublished\":\"2022-01-22T08:50:07+00:00\",\"dateModified\":\"2022-01-22T08:50:21+00:00\",\"breadcrumb\":{\"@id\":\"https:\/\/demoweb.info\/sexshop001\/producto\/jordi-el-nino-pene-pene-realistico\/#breadcrumb\"},\"inLanguage\":\"es\",\"potentialAction\":[{\"@type\":\"ReadAction\",\"target\":[\"https:\/\/demoweb.info\/sexshop001\/producto\/jordi-el-nino-pene-pene-realistico\/\"]}]},{\"@type\":\"BreadcrumbList\",\"@id\":\"https:\/\/demoweb.info\/sexshop001\/producto\/jordi-el-nino-pene-pene-realistico\/#breadcrumb\",\"itemListElement\":[{\"@type\":\"ListItem\",\"position\":1,\"name\":\"Portada\",\"item\":\"https:\/\/demoweb.info\/sexshop001\/\"},{\"@type\":\"ListItem\",\"position\":2,\"name\":\"Tienda\",\"item\":\"https:\/\/demoweb.info\/sexshop001\/tienda\/\"},{\"@type\":\"ListItem\",\"position\":3,\"name\":\"JORDI EL NI\u00d1O PENE &#8211; PENE REALISTICO\"}]},{\"@type\":\"WebSite\",\"@id\":\"https:\/\/demoweb.info\/sexshop001\/#website\",\"url\":\"https:\/\/demoweb.info\/sexshop001\/\",\"name\":\"Tienda Er\u00f3tica\",\"description\":\"DEMOWEB SL\",\"potentialAction\":[{\"@type\":\"SearchAction\",\"target\":{\"@type\":\"EntryPoint\",\"urlTemplate\":\"https:\/\/demoweb.info\/sexshop001\/?s={search_term_string}\"},\"query-input\":\"required name=search_term_string\"}],\"inLanguage\":\"es\"}]}<\/script>\n<!-- \/ Yoast SEO plugin. -->","yoast_head_json":{"title":"JORDI EL NI\u00d1O PENE - PENE REALISTICO - Tienda Er\u00f3tica","robots":{"index":"noindex","follow":"follow","max-snippet":"max-snippet:-1","max-image-preview":"max-image-preview:large","max-video-preview":"max-video-preview:-1"},"og_locale":"es_ES","og_type":"article","og_title":"JORDI EL NI\u00d1O PENE - PENE REALISTICO - Tienda Er\u00f3tica","og_description":"JORDI EL NI\u00d1O PENE &#8211; 8 INCH &#8211; ULTRASKYN COCK Jordi el Ni\u00f1o Polla (tambi\u00e9n conocido como Jordi ENP) vino","og_url":"https:\/\/demoweb.info\/sexshop001\/producto\/jordi-el-nino-pene-pene-realistico\/","og_site_name":"Tienda Er\u00f3tica","article_modified_time":"2022-01-22T08:50:21+00:00","og_image":[{"width":550,"height":550,"url":"https:\/\/demoweb.info\/sexshop001\/wp-content\/uploads\/2022\/01\/JORDI-EL-NINO-PENE-PENE-REALISTICO.jpg","type":"image\/jpeg"}],"twitter_card":"summary_large_image","twitter_misc":{"Tiempo de lectura":"1 minuto"},"schema":{"@context":"https:\/\/schema.org","@graph":[{"@type":"WebPage","@id":"https:\/\/demoweb.info\/sexshop001\/producto\/jordi-el-nino-pene-pene-realistico\/","url":"https:\/\/demoweb.info\/sexshop001\/producto\/jordi-el-nino-pene-pene-realistico\/","name":"JORDI EL NI\u00d1O PENE - PENE REALISTICO - Tienda Er\u00f3tica","isPartOf":{"@id":"https:\/\/demoweb.info\/sexshop001\/#website"},"datePublished":"2022-01-22T08:50:07+00:00","dateModified":"2022-01-22T08:50:21+00:00","breadcrumb":{"@id":"https:\/\/demoweb.info\/sexshop001\/producto\/jordi-el-nino-pene-pene-realistico\/#breadcrumb"},"inLanguage":"es","potentialAction":[{"@type":"ReadAction","target":["https:\/\/demoweb.info\/sexshop001\/producto\/jordi-el-nino-pene-pene-realistico\/"]}]},{"@type":"BreadcrumbList","@id":"https:\/\/demoweb.info\/sexshop001\/producto\/jordi-el-nino-pene-pene-realistico\/#breadcrumb","itemListElement":[{"@type":"ListItem","position":1,"name":"Portada","item":"https:\/\/demoweb.info\/sexshop001\/"},{"@type":"ListItem","position":2,"name":"Tienda","item":"https:\/\/demoweb.info\/sexshop001\/tienda\/"},{"@type":"ListItem","position":3,"name":"JORDI EL NI\u00d1O PENE &#8211; PENE REALISTICO"}]},{"@type":"WebSite","@id":"https:\/\/demoweb.info\/sexshop001\/#website","url":"https:\/\/demoweb.info\/sexshop001\/","name":"Tienda Er\u00f3tica","description":"DEMOWEB SL","potentialAction":[{"@type":"SearchAction","target":{"@type":"EntryPoint","urlTemplate":"https:\/\/demoweb.info\/sexshop001\/?s={search_term_string}"},"query-input":"required name=search_term_string"}],"inLanguage":"es"}]}},"_links":{"self":[{"href":"https:\/\/demoweb.info\/sexshop001\/wp-json\/wp\/v3\/product\/10405","targetHints":{"allow":["GET"]}}],"collection":[{"href":"https:\/\/demoweb.info\/sexshop001\/wp-json\/wp\/v3\/product"}],"about":[{"href":"https:\/\/demoweb.info\/sexshop001\/wp-json\/wp\/v2\/types\/product"}],"replies":[{"embeddable":true,"href":"https:\/\/demoweb.info\/sexshop001\/wp-json\/wp\/v2\/comments?post=10405"}],"wp:featuredmedia":[{"embeddable":true,"href":"https:\/\/demoweb.info\/sexshop001\/wp-json\/wp\/v2\/media\/10406"}],"wp:attachment":[{"href":"https:\/\/demoweb.info\/sexshop001\/wp-json\/wp\/v2\/media?parent=10405"}],"wp:term":[{"taxonomy":"product_cat","embeddable":true,"href":"https:\/\/demoweb.info\/sexshop001\/wp-json\/wp\/v2\/product_cat?post=10405"},{"taxonomy":"product_tag","embeddable":true,"href":"https:\/\/demoweb.info\/sexshop001\/wp-json\/wp\/v2\/product_tag?post=10405"}],"curies":[{"name":"wp","href":"https:\/\/api.w.org\/{rel}","templated":true}]}}